{"id":79,"date":"2023-02-23T16:51:20","date_gmt":"2023-02-23T18:51:20","guid":{"rendered":"http:\/\/sites.usp.br\/giimus\/?page_id=79"},"modified":"2024-03-03T19:24:14","modified_gmt":"2024-03-03T21:24:14","slug":"pagina-inicial","status":"publish","type":"page","link":"https:\/\/sites.usp.br\/giimus\/pt\/","title":{"rendered":"P\u00e1gina Inicial \/ Sobre"},"content":{"rendered":"\t\t<div data-elementor-type=\"wp-post\" data-elementor-id=\"79\" class=\"elementor elementor-79\" data-elementor-post-type=\"page\">\n\t\t\t\t<div class=\"elementor-element elementor-element-c0e941f e-flex e-con-boxed e-con e-parent\" data-id=\"c0e941f\" data-element_type=\"container\">\n\t\t\t\t\t<div class=\"e-con-inner\">\n\t\t\t\t<div class=\"elementor-element elementor-element-7bc0c6f elementor-widget elementor-widget-image\" data-id=\"7bc0c6f\" data-element_type=\"widget\" data-widget_type=\"image.default\">\n\t\t\t\t<div class=\"elementor-widget-container\">\n\t\t\t\t\t\t\t\t\t\t\t\t\t\t<a href=\"https:\/\/sites.usp.br\/giimus\/pt\/membros\/\">\n\t\t\t\t\t\t\t<img fetchpriority=\"high\" decoding=\"async\" width=\"1280\" height=\"450\" src=\"https:\/\/sites.usp.br\/giimus\/wp-content\/uploads\/sites\/892\/2024\/01\/WhatsApp-Image-2024-01-30-at-10.20.19-e1706731714205.jpeg\" class=\"attachment-full size-full wp-image-1585\" alt=\"\" srcset=\"https:\/\/sites.usp.br\/giimus\/wp-content\/uploads\/sites\/892\/2024\/01\/WhatsApp-Image-2024-01-30-at-10.20.19-e1706731714205.jpeg 1280w, https:\/\/sites.usp.br\/giimus\/wp-content\/uploads\/sites\/892\/2024\/01\/WhatsApp-Image-2024-01-30-at-10.20.19-e1706731714205-300x105.jpeg 300w, https:\/\/sites.usp.br\/giimus\/wp-content\/uploads\/sites\/892\/2024\/01\/WhatsApp-Image-2024-01-30-at-10.20.19-e1706731714205-1024x360.jpeg 1024w, https:\/\/sites.usp.br\/giimus\/wp-content\/uploads\/sites\/892\/2024\/01\/WhatsApp-Image-2024-01-30-at-10.20.19-e1706731714205-768x270.jpeg 768w\" sizes=\"(max-width: 1280px) 100vw, 1280px\" \/>\t\t\t\t\t\t\t\t<\/a>\n\t\t\t\t\t\t\t\t\t\t\t\t\t<\/div>\n\t\t\t\t<\/div>\n\t\t\t\t\t<\/div>\n\t\t\t\t<\/div>\n\t\t<div class=\"elementor-element elementor-element-3e8c3fa e-con-full e-flex e-con e-parent\" data-id=\"3e8c3fa\" data-element_type=\"container\">\n\t\t\t\t<div class=\"elementor-element elementor-element-cab58e6 elementor-widget-divider--view-line elementor-widget elementor-widget-divider\" data-id=\"cab58e6\" data-element_type=\"widget\" data-widget_type=\"divider.default\">\n\t\t\t\t<div class=\"elementor-widget-container\">\n\t\t\t\t\t<div class=\"elementor-divider\">\n\t\t\t<span class=\"elementor-divider-separator\">\n\t\t\t\t\t\t<\/span>\n\t\t<\/div>\n\t\t\t\t<\/div>\n\t\t\t\t<\/div>\n\t\t\t\t<div class=\"elementor-element elementor-element-4886b54 elementor-widget__width-initial elementor-widget elementor-widget-text-editor\" data-id=\"4886b54\" data-element_type=\"widget\" data-widget_type=\"text-editor.default\">\n\t\t\t\t<div class=\"elementor-widget-container\">\n\t\t\t\t\t\t\t<p>Established in 2004, GIIMUS brings together individuals with diverse expertise, spanning from medical physics and biomedical engineering to biological sciences. At its core, the group focuses on advancing biomedical instrumentation and optimizing signal and image processing techniques. Noteworthy endeavors include the innovation and adaptation of ultrasonic, magnetic, and optical transducers for a multitude of biological applications, ranging from diagnostic imaging to therapeutic methods.<\/p><p>Examples of these advancements include pioneering ultrasound and photoacoustic imaging approaches, integrating ultrasound imaging with therapeutic devices into theranostic systems, exploring synergies between ultrasound and nanomedicine, and ultrasound neuromodulation techniques. Additionally, the group specializes in tissue characterization techniques such as elastography, the development of tissue-mimicking phantoms for various applications, among other pursuits.<\/p><p>Central to GIIMUS&#8217;s mission is the development of non-invasive technologies leveraging non-ionizing energy, all with the overarching goal of enhancing human health and well-being. See a summary of our <a href=\"https:\/\/sites.usp.br\/giimus\/pt\/pesquisa\/\">research fields and infrastructure<\/a>.<\/p>\t\t\t\t\t\t<\/div>\n\t\t\t\t<\/div>\n\t\t\t\t<div class=\"elementor-element elementor-element-d78bffe elementor-widget-divider--view-line elementor-widget elementor-widget-divider\" data-id=\"d78bffe\" data-element_type=\"widget\" data-widget_type=\"divider.default\">\n\t\t\t\t<div class=\"elementor-widget-container\">\n\t\t\t\t\t<div class=\"elementor-divider\">\n\t\t\t<span class=\"elementor-divider-separator\">\n\t\t\t\t\t\t<\/span>\n\t\t<\/div>\n\t\t\t\t<\/div>\n\t\t\t\t<\/div>\n\t\t\t\t<\/div>\n\t\t<div class=\"elementor-element elementor-element-275d5e7 e-flex e-con-boxed e-con e-parent\" data-id=\"275d5e7\" data-element_type=\"container\">\n\t\t\t\t\t<div class=\"e-con-inner\">\n\t\t\t\t<div class=\"elementor-element elementor-element-d1f3e42 elementor-hidden-mobile elementor-widget elementor-widget-spacer\" data-id=\"d1f3e42\" data-element_type=\"widget\" data-widget_type=\"spacer.default\">\n\t\t\t\t<div class=\"elementor-widget-container\">\n\t\t\t\t\t<div class=\"elementor-spacer\">\n\t\t\t<div class=\"elementor-spacer-inner\"><\/div>\n\t\t<\/div>\n\t\t\t\t<\/div>\n\t\t\t\t<\/div>\n\t\t\t\t<div class=\"elementor-element elementor-element-dccfa73 elementor-widget-mobile__width-initial elementor-widget elementor-widget-heading\" data-id=\"dccfa73\" data-element_type=\"widget\" data-widget_type=\"heading.default\">\n\t\t\t\t<div class=\"elementor-widget-container\">\n\t\t\t<h2 class=\"elementor-heading-title elementor-size-default\">Financial support for our research has been provided\u00a0by<\/h2>\t\t<\/div>\n\t\t\t\t<\/div>\n\t\t\t\t\t<\/div>\n\t\t\t\t<\/div>\n\t\t<div class=\"elementor-element elementor-element-8a36dee e-flex e-con-boxed e-con e-parent\" data-id=\"8a36dee\" data-element_type=\"container\">\n\t\t\t\t\t<div class=\"e-con-inner\">\n\t\t\t\t<div class=\"elementor-element elementor-element-30eeb5f elementor-widget-mobile__width-initial elementor-widget elementor-widget-image\" data-id=\"30eeb5f\" data-element_type=\"widget\" data-widget_type=\"image.default\">\n\t\t\t\t<div class=\"elementor-widget-container\">\n\t\t\t\t\t\t\t\t\t\t\t\t\t\t<a href=\"https:\/\/fapesp.br\/\">\n\t\t\t\t\t\t\t<img decoding=\"async\" width=\"500\" height=\"300\" src=\"https:\/\/sites.usp.br\/giimus\/wp-content\/uploads\/sites\/892\/2024\/02\/logo_fapesp.png\" class=\"attachment-large size-large wp-image-2387\" alt=\"\" srcset=\"https:\/\/sites.usp.br\/giimus\/wp-content\/uploads\/sites\/892\/2024\/02\/logo_fapesp.png 500w, https:\/\/sites.usp.br\/giimus\/wp-content\/uploads\/sites\/892\/2024\/02\/logo_fapesp-300x180.png 300w\" sizes=\"(max-width: 500px) 100vw, 500px\" \/>\t\t\t\t\t\t\t\t<\/a>\n\t\t\t\t\t\t\t\t\t\t\t\t\t<\/div>\n\t\t\t\t<\/div>\n\t\t\t\t<div class=\"elementor-element elementor-element-1d5a737 elementor-widget elementor-widget-image\" data-id=\"1d5a737\" data-element_type=\"widget\" data-widget_type=\"image.default\">\n\t\t\t\t<div class=\"elementor-widget-container\">\n\t\t\t\t\t\t\t\t\t\t\t\t\t\t<a href=\"https:\/\/faepa.br\/\">\n\t\t\t\t\t\t\t<img decoding=\"async\" width=\"1024\" height=\"272\" src=\"https:\/\/sites.usp.br\/giimus\/wp-content\/uploads\/sites\/892\/2024\/02\/logo-faepa-1024x272.png\" class=\"attachment-large size-large wp-image-2388\" alt=\"\" srcset=\"https:\/\/sites.usp.br\/giimus\/wp-content\/uploads\/sites\/892\/2024\/02\/logo-faepa-1024x272.png 1024w, https:\/\/sites.usp.br\/giimus\/wp-content\/uploads\/sites\/892\/2024\/02\/logo-faepa-300x80.png 300w, https:\/\/sites.usp.br\/giimus\/wp-content\/uploads\/sites\/892\/2024\/02\/logo-faepa-768x204.png 768w, https:\/\/sites.usp.br\/giimus\/wp-content\/uploads\/sites\/892\/2024\/02\/logo-faepa-1536x407.png 1536w, https:\/\/sites.usp.br\/giimus\/wp-content\/uploads\/sites\/892\/2024\/02\/logo-faepa-2048x543.png 2048w\" sizes=\"(max-width: 1024px) 100vw, 1024px\" \/>\t\t\t\t\t\t\t\t<\/a>\n\t\t\t\t\t\t\t\t\t\t\t\t\t<\/div>\n\t\t\t\t<\/div>\n\t\t\t\t<div class=\"elementor-element elementor-element-bd2609d elementor-widget elementor-widget-image\" data-id=\"bd2609d\" data-element_type=\"widget\" data-widget_type=\"image.default\">\n\t\t\t\t<div class=\"elementor-widget-container\">\n\t\t\t\t\t\t\t\t\t\t\t\t\t\t<a href=\"https:\/\/www.gov.br\/cnpq\/pt-br\">\n\t\t\t\t\t\t\t<img loading=\"lazy\" decoding=\"async\" width=\"1024\" height=\"315\" src=\"https:\/\/sites.usp.br\/giimus\/wp-content\/uploads\/sites\/892\/2024\/02\/CNPq_v2017_rgb-1024x315.png\" class=\"attachment-large size-large wp-image-2389\" alt=\"\" srcset=\"https:\/\/sites.usp.br\/giimus\/wp-content\/uploads\/sites\/892\/2024\/02\/CNPq_v2017_rgb-1024x315.png 1024w, https:\/\/sites.usp.br\/giimus\/wp-content\/uploads\/sites\/892\/2024\/02\/CNPq_v2017_rgb-300x92.png 300w, https:\/\/sites.usp.br\/giimus\/wp-content\/uploads\/sites\/892\/2024\/02\/CNPq_v2017_rgb-768x236.png 768w, https:\/\/sites.usp.br\/giimus\/wp-content\/uploads\/sites\/892\/2024\/02\/CNPq_v2017_rgb-1536x473.png 1536w, https:\/\/sites.usp.br\/giimus\/wp-content\/uploads\/sites\/892\/2024\/02\/CNPq_v2017_rgb-2048x631.png 2048w\" sizes=\"(max-width: 1024px) 100vw, 1024px\" \/>\t\t\t\t\t\t\t\t<\/a>\n\t\t\t\t\t\t\t\t\t\t\t\t\t<\/div>\n\t\t\t\t<\/div>\n\t\t\t\t<div class=\"elementor-element elementor-element-d272413 elementor-widget elementor-widget-image\" data-id=\"d272413\" data-element_type=\"widget\" data-widget_type=\"image.default\">\n\t\t\t\t<div class=\"elementor-widget-container\">\n\t\t\t\t\t\t\t\t\t\t\t\t\t\t<a href=\"https:\/\/www.gov.br\/capes\/pt-br\">\n\t\t\t\t\t\t\t<img loading=\"lazy\" decoding=\"async\" width=\"1024\" height=\"948\" src=\"https:\/\/sites.usp.br\/giimus\/wp-content\/uploads\/sites\/892\/2024\/02\/Identidade_Visual_CAPES-1024x948.png\" class=\"attachment-large size-large wp-image-2390\" alt=\"\" srcset=\"https:\/\/sites.usp.br\/giimus\/wp-content\/uploads\/sites\/892\/2024\/02\/Identidade_Visual_CAPES-1024x948.png 1024w, https:\/\/sites.usp.br\/giimus\/wp-content\/uploads\/sites\/892\/2024\/02\/Identidade_Visual_CAPES-300x278.png 300w, https:\/\/sites.usp.br\/giimus\/wp-content\/uploads\/sites\/892\/2024\/02\/Identidade_Visual_CAPES-768x711.png 768w, https:\/\/sites.usp.br\/giimus\/wp-content\/uploads\/sites\/892\/2024\/02\/Identidade_Visual_CAPES-1536x1422.png 1536w, https:\/\/sites.usp.br\/giimus\/wp-content\/uploads\/sites\/892\/2024\/02\/Identidade_Visual_CAPES-2048x1896.png 2048w\" sizes=\"(max-width: 1024px) 100vw, 1024px\" \/>\t\t\t\t\t\t\t\t<\/a>\n\t\t\t\t\t\t\t\t\t\t\t\t\t<\/div>\n\t\t\t\t<\/div>\n\t\t\t\t<div class=\"elementor-element elementor-element-430bac1 elementor-widget elementor-widget-image\" data-id=\"430bac1\" data-element_type=\"widget\" data-widget_type=\"image.default\">\n\t\t\t\t<div class=\"elementor-widget-container\">\n\t\t\t\t\t\t\t\t\t\t\t\t\t\t<a href=\"http:\/\/www.finep.gov.br\/\">\n\t\t\t\t\t\t\t<img loading=\"lazy\" decoding=\"async\" width=\"512\" height=\"237\" src=\"https:\/\/sites.usp.br\/giimus\/wp-content\/uploads\/sites\/892\/2024\/02\/logo-finep.png\" class=\"attachment-large size-large wp-image-2391\" alt=\"\" srcset=\"https:\/\/sites.usp.br\/giimus\/wp-content\/uploads\/sites\/892\/2024\/02\/logo-finep.png 512w, https:\/\/sites.usp.br\/giimus\/wp-content\/uploads\/sites\/892\/2024\/02\/logo-finep-300x139.png 300w\" sizes=\"(max-width: 512px) 100vw, 512px\" \/>\t\t\t\t\t\t\t\t<\/a>\n\t\t\t\t\t\t\t\t\t\t\t\t\t<\/div>\n\t\t\t\t<\/div>\n\t\t\t\t\t<\/div>\n\t\t\t\t<\/div>\n\t\t<div class=\"elementor-element elementor-element-af37f37 e-flex e-con-boxed e-con e-parent\" data-id=\"af37f37\" data-element_type=\"container\">\n\t\t\t\t\t<div class=\"e-con-inner\">\n\t\t\t\t<div class=\"elementor-element elementor-element-d710853 elementor-widget-mobile__width-initial elementor-widget elementor-widget-image\" data-id=\"d710853\" data-element_type=\"widget\" data-widget_type=\"image.default\">\n\t\t\t\t<div class=\"elementor-widget-container\">\n\t\t\t\t\t\t\t\t\t\t\t\t\t\t<a href=\"https:\/\/petrobras.com.br\/\">\n\t\t\t\t\t\t\t<img loading=\"lazy\" decoding=\"async\" width=\"1024\" height=\"204\" src=\"https:\/\/sites.usp.br\/giimus\/wp-content\/uploads\/sites\/892\/2024\/02\/Petrobras_horizontal_logo-1024x204.png\" class=\"attachment-large size-large wp-image-2463\" alt=\"\" srcset=\"https:\/\/sites.usp.br\/giimus\/wp-content\/uploads\/sites\/892\/2024\/02\/Petrobras_horizontal_logo-1024x204.png 1024w, https:\/\/sites.usp.br\/giimus\/wp-content\/uploads\/sites\/892\/2024\/02\/Petrobras_horizontal_logo-300x60.png 300w, https:\/\/sites.usp.br\/giimus\/wp-content\/uploads\/sites\/892\/2024\/02\/Petrobras_horizontal_logo-768x153.png 768w, https:\/\/sites.usp.br\/giimus\/wp-content\/uploads\/sites\/892\/2024\/02\/Petrobras_horizontal_logo-1536x306.png 1536w, https:\/\/sites.usp.br\/giimus\/wp-content\/uploads\/sites\/892\/2024\/02\/Petrobras_horizontal_logo-2048x408.png 2048w\" sizes=\"(max-width: 1024px) 100vw, 1024px\" \/>\t\t\t\t\t\t\t\t<\/a>\n\t\t\t\t\t\t\t\t\t\t\t\t\t<\/div>\n\t\t\t\t<\/div>\n\t\t\t\t<div class=\"elementor-element elementor-element-cb7b756 elementor-widget-mobile__width-initial elementor-widget elementor-widget-image\" data-id=\"cb7b756\" data-element_type=\"widget\" data-widget_type=\"image.default\">\n\t\t\t\t<div class=\"elementor-widget-container\">\n\t\t\t\t\t\t\t\t\t\t\t\t\t\t<a href=\"https:\/\/www.bayer.com.br\/pt\/\">\n\t\t\t\t\t\t\t<img loading=\"lazy\" decoding=\"async\" width=\"1024\" height=\"1024\" src=\"https:\/\/sites.usp.br\/giimus\/wp-content\/uploads\/sites\/892\/2024\/02\/Logo_Bayer-1024x1024.png\" class=\"attachment-large size-large wp-image-2464\" alt=\"\" srcset=\"https:\/\/sites.usp.br\/giimus\/wp-content\/uploads\/sites\/892\/2024\/02\/Logo_Bayer-1024x1024.png 1024w, https:\/\/sites.usp.br\/giimus\/wp-content\/uploads\/sites\/892\/2024\/02\/Logo_Bayer-300x300.png 300w, https:\/\/sites.usp.br\/giimus\/wp-content\/uploads\/sites\/892\/2024\/02\/Logo_Bayer-150x150.png 150w, https:\/\/sites.usp.br\/giimus\/wp-content\/uploads\/sites\/892\/2024\/02\/Logo_Bayer-768x768.png 768w, https:\/\/sites.usp.br\/giimus\/wp-content\/uploads\/sites\/892\/2024\/02\/Logo_Bayer-45x45.png 45w, https:\/\/sites.usp.br\/giimus\/wp-content\/uploads\/sites\/892\/2024\/02\/Logo_Bayer.png 1200w\" sizes=\"(max-width: 1024px) 100vw, 1024px\" \/>\t\t\t\t\t\t\t\t<\/a>\n\t\t\t\t\t\t\t\t\t\t\t\t\t<\/div>\n\t\t\t\t<\/div>\n\t\t\t\t\t<\/div>\n\t\t\t\t<\/div>\n\t\t\t\t<\/div>\n\t\t","protected":false},"excerpt":{"rendered":"<p>Established in 2004, GIIMUS brings together individuals with diverse expertise, spanning from medical physics and biomedical engineering to biological sciences. At its core, the group focuses on advancing biomedical instrumentation and optimizing signal and image processing techniques. Noteworthy endeavors include the innovation and adaptation of ultrasonic, magnetic, and optical transducers for a multitude of biological&hellip;<\/p>\n","protected":false},"author":22154,"featured_media":0,"parent":0,"menu_order":1,"comment_status":"closed","ping_status":"closed","template":"","meta":{"footnotes":"","_links_to":"","_links_to_target":""},"class_list":["post-79","page","type-page","status-publish","hentry","post"],"yoast_head":"<!-- This site is optimized with the Yoast SEO plugin v27.5 - https:\/\/yoast.com\/product\/yoast-seo-wordpress\/ -->\n<title>P\u00e1gina Inicial \/ Sobre - GIIMUS - Grupo de Inova\u00e7\u00e3o em Instrumenta\u00e7\u00e3o M\u00e9dica e Ultrassom<\/title>\n<meta name=\"robots\" content=\"index, follow, max-snippet:-1, max-image-preview:large, max-video-preview:-1\" \/>\n<link rel=\"canonical\" href=\"https:\/\/sites.usp.br\/giimus\/\" \/>\n<meta name=\"twitter:label1\" content=\"Est. tempo de leitura\" \/>\n\t<meta name=\"twitter:data1\" content=\"1 minuto\" \/>\n<script type=\"application\/ld+json\" class=\"yoast-schema-graph\">{\"@context\":\"https:\\\/\\\/schema.org\",\"@graph\":[{\"@type\":\"WebPage\",\"@id\":\"https:\\\/\\\/sites.usp.br\\\/giimus\\\/\",\"url\":\"https:\\\/\\\/sites.usp.br\\\/giimus\\\/\",\"name\":\"P\u00e1gina Inicial \\\/ Sobre - GIIMUS - Grupo de Inova\u00e7\u00e3o em Instrumenta\u00e7\u00e3o M\u00e9dica e Ultrassom\",\"isPartOf\":{\"@id\":\"https:\\\/\\\/sites.usp.br\\\/giimus\\\/pt\\\/#website\"},\"primaryImageOfPage\":{\"@id\":\"https:\\\/\\\/sites.usp.br\\\/giimus\\\/#primaryimage\"},\"image\":{\"@id\":\"https:\\\/\\\/sites.usp.br\\\/giimus\\\/#primaryimage\"},\"thumbnailUrl\":\"https:\\\/\\\/sites.usp.br\\\/giimus\\\/wp-content\\\/uploads\\\/sites\\\/892\\\/2024\\\/01\\\/WhatsApp-Image-2024-01-30-at-10.20.19-e1706731714205.jpeg\",\"datePublished\":\"2023-02-23T18:51:20+00:00\",\"dateModified\":\"2024-03-03T21:24:14+00:00\",\"inLanguage\":\"pt-BR\",\"potentialAction\":[{\"@type\":\"ReadAction\",\"target\":[\"https:\\\/\\\/sites.usp.br\\\/giimus\\\/\"]}]},{\"@type\":\"ImageObject\",\"inLanguage\":\"pt-BR\",\"@id\":\"https:\\\/\\\/sites.usp.br\\\/giimus\\\/#primaryimage\",\"url\":\"https:\\\/\\\/sites.usp.br\\\/giimus\\\/wp-content\\\/uploads\\\/sites\\\/892\\\/2024\\\/01\\\/WhatsApp-Image-2024-01-30-at-10.20.19-e1706731714205.jpeg\",\"contentUrl\":\"https:\\\/\\\/sites.usp.br\\\/giimus\\\/wp-content\\\/uploads\\\/sites\\\/892\\\/2024\\\/01\\\/WhatsApp-Image-2024-01-30-at-10.20.19-e1706731714205.jpeg\"},{\"@type\":\"WebSite\",\"@id\":\"https:\\\/\\\/sites.usp.br\\\/giimus\\\/pt\\\/#website\",\"url\":\"https:\\\/\\\/sites.usp.br\\\/giimus\\\/pt\\\/\",\"name\":\"GIIMUS - Grupo de Inova\u00e7\u00e3o em Instrumenta\u00e7\u00e3o M\u00e9dica e Ultrassom\",\"description\":\"Grupo de Inova\u00e7\u00e3o em Instrumenta\u00e7\u00e3o M\u00e9dica e Ultrassom - Universidade de S\u00e3o Paulo\",\"potentialAction\":[{\"@type\":\"SearchAction\",\"target\":{\"@type\":\"EntryPoint\",\"urlTemplate\":\"https:\\\/\\\/sites.usp.br\\\/giimus\\\/pt\\\/?s={search_term_string}\"},\"query-input\":{\"@type\":\"PropertyValueSpecification\",\"valueRequired\":true,\"valueName\":\"search_term_string\"}}],\"inLanguage\":\"pt-BR\"}]}<\/script>\n<!-- \/ Yoast SEO plugin. -->","yoast_head_json":{"title":"P\u00e1gina Inicial \/ Sobre - GIIMUS - Grupo de Inova\u00e7\u00e3o em Instrumenta\u00e7\u00e3o M\u00e9dica e Ultrassom","robots":{"index":"index","follow":"follow","max-snippet":"max-snippet:-1","max-image-preview":"max-image-preview:large","max-video-preview":"max-video-preview:-1"},"canonical":"https:\/\/sites.usp.br\/giimus\/","twitter_misc":{"Est. tempo de leitura":"1 minuto"},"schema":{"@context":"https:\/\/schema.org","@graph":[{"@type":"WebPage","@id":"https:\/\/sites.usp.br\/giimus\/","url":"https:\/\/sites.usp.br\/giimus\/","name":"P\u00e1gina Inicial \/ Sobre - GIIMUS - Grupo de Inova\u00e7\u00e3o em Instrumenta\u00e7\u00e3o M\u00e9dica e Ultrassom","isPartOf":{"@id":"https:\/\/sites.usp.br\/giimus\/pt\/#website"},"primaryImageOfPage":{"@id":"https:\/\/sites.usp.br\/giimus\/#primaryimage"},"image":{"@id":"https:\/\/sites.usp.br\/giimus\/#primaryimage"},"thumbnailUrl":"https:\/\/sites.usp.br\/giimus\/wp-content\/uploads\/sites\/892\/2024\/01\/WhatsApp-Image-2024-01-30-at-10.20.19-e1706731714205.jpeg","datePublished":"2023-02-23T18:51:20+00:00","dateModified":"2024-03-03T21:24:14+00:00","inLanguage":"pt-BR","potentialAction":[{"@type":"ReadAction","target":["https:\/\/sites.usp.br\/giimus\/"]}]},{"@type":"ImageObject","inLanguage":"pt-BR","@id":"https:\/\/sites.usp.br\/giimus\/#primaryimage","url":"https:\/\/sites.usp.br\/giimus\/wp-content\/uploads\/sites\/892\/2024\/01\/WhatsApp-Image-2024-01-30-at-10.20.19-e1706731714205.jpeg","contentUrl":"https:\/\/sites.usp.br\/giimus\/wp-content\/uploads\/sites\/892\/2024\/01\/WhatsApp-Image-2024-01-30-at-10.20.19-e1706731714205.jpeg"},{"@type":"WebSite","@id":"https:\/\/sites.usp.br\/giimus\/pt\/#website","url":"https:\/\/sites.usp.br\/giimus\/pt\/","name":"GIIMUS - Grupo de Inova\u00e7\u00e3o em Instrumenta\u00e7\u00e3o M\u00e9dica e Ultrassom","description":"Grupo de Inova\u00e7\u00e3o em Instrumenta\u00e7\u00e3o M\u00e9dica e Ultrassom - Universidade de S\u00e3o Paulo","potentialAction":[{"@type":"SearchAction","target":{"@type":"EntryPoint","urlTemplate":"https:\/\/sites.usp.br\/giimus\/pt\/?s={search_term_string}"},"query-input":{"@type":"PropertyValueSpecification","valueRequired":true,"valueName":"search_term_string"}}],"inLanguage":"pt-BR"}]}},"_links":{"self":[{"href":"https:\/\/sites.usp.br\/giimus\/pt\/wp-json\/wp\/v2\/pages\/79","targetHints":{"allow":["GET"]}}],"collection":[{"href":"https:\/\/sites.usp.br\/giimus\/pt\/wp-json\/wp\/v2\/pages"}],"about":[{"href":"https:\/\/sites.usp.br\/giimus\/pt\/wp-json\/wp\/v2\/types\/page"}],"author":[{"embeddable":true,"href":"https:\/\/sites.usp.br\/giimus\/pt\/wp-json\/wp\/v2\/users\/22154"}],"replies":[{"embeddable":true,"href":"https:\/\/sites.usp.br\/giimus\/pt\/wp-json\/wp\/v2\/comments?post=79"}],"version-history":[{"count":4,"href":"https:\/\/sites.usp.br\/giimus\/pt\/wp-json\/wp\/v2\/pages\/79\/revisions"}],"predecessor-version":[{"id":2808,"href":"https:\/\/sites.usp.br\/giimus\/pt\/wp-json\/wp\/v2\/pages\/79\/revisions\/2808"}],"wp:attachment":[{"href":"https:\/\/sites.usp.br\/giimus\/pt\/wp-json\/wp\/v2\/media?parent=79"}],"curies":[{"name":"wp","href":"https:\/\/api.w.org\/{rel}","templated":true}]}}