{"id":1128,"date":"2022-10-09T10:13:26","date_gmt":"2022-10-09T12:13:26","guid":{"rendered":"https:\/\/sites.usp.br\/gimn\/?page_id=1128"},"modified":"2022-10-09T12:03:17","modified_gmt":"2022-10-09T14:03:17","slug":"cylindrical_pet","status":"publish","type":"page","link":"https:\/\/sites.usp.br\/gimn\/cylindrical_pet\/","title":{"rendered":"Cylindrical PET"},"content":{"rendered":"\t\t<div data-elementor-type=\"wp-page\" data-elementor-id=\"1128\" class=\"elementor elementor-1128\" data-elementor-post-type=\"page\">\n\t\t\t\t\t\t<section class=\"elementor-section elementor-top-section elementor-element elementor-element-bb5a3bd elementor-section-content-middle elementor-section-stretched elementor-section-boxed elementor-section-height-default elementor-section-height-default\" data-id=\"bb5a3bd\" data-element_type=\"section\" data-settings=\"{&quot;stretch_section&quot;:&quot;section-stretched&quot;,&quot;background_background&quot;:&quot;classic&quot;}\">\n\t\t\t\t\t\t<div class=\"elementor-container elementor-column-gap-no\">\n\t\t\t\t\t<div class=\"elementor-column elementor-col-100 elementor-top-column elementor-element elementor-element-b4940b3\" data-id=\"b4940b3\" data-element_type=\"column\">\n\t\t\t<div class=\"elementor-widget-wrap elementor-element-populated\">\n\t\t\t\t\t\t<div class=\"elementor-element elementor-element-0a12f93 elementor-widget elementor-widget-text-editor\" data-id=\"0a12f93\" data-element_type=\"widget\" data-widget_type=\"text-editor.default\">\n\t\t\t\t<div class=\"elementor-widget-container\">\n\t\t\t\t\t\t\t<p dir=\"ltr\" style=\"line-height: 1.38; text-indent: 36pt; margin-top: 0pt; margin-bottom: 0pt;\"><span style=\"font-size: 11pt; font-family: Verdana; color: #000000; background-color: transparent; font-weight: 400; font-style: normal; font-variant: normal; text-decoration: none; vertical-align: baseline; white-space: pre-wrap;\">Este material tem como prop\u00f3sito oferecer um guia b\u00e1sico sobre o uso do software Gate com foco na simula\u00e7\u00e3o aplicada \u00e0 imagem em medicina nuclear, analisando dois m\u00e9todos de aquisi\u00e7\u00e3o de imagens de MN, SPECT e PET. Para esta se\u00e7\u00e3o exploraremos a estrutura do c\u00f3digo do Gate para simula\u00e7\u00e3o da t\u00e9cnica chamada CylindricalPET.<\/span><\/p><p dir=\"ltr\" style=\"line-height: 1.38; text-indent: 36pt; margin-top: 0pt; margin-bottom: 0pt;\"><span style=\"color: #000000; font-family: Verdana;\"><span style=\"font-size: 14.6667px; white-space: pre-wrap;\">O c\u00f3digo que ir\u00e1 nos auxiliar a construir o entendimento da estrutura do c\u00f3digo Gate para o sistema cylindricalPET foi desenvolvido no laborat\u00f3rio GIMN pelo docente \u00c9der Rezande.<\/span><\/span><\/p><p dir=\"ltr\" style=\"line-height: 1.38; text-indent: 36pt; margin-top: 0pt; margin-bottom: 0pt;\"><span style=\"background-color: transparent; color: #000000; font-family: Verdana; font-size: 11pt; white-space: pre-wrap; text-indent: 36pt; word-spacing: 0.1em;\">O sistema de detec\u00e7\u00e3o de interesse apresentar\u00e1 um formato cil\u00edndrico com raio externo de 50cm, com raio interno de 39 cm e comprimento de 21,9 cm.O cristal cintilador empregado ser\u00e1 o LSO com dimens\u00f5es de 20,0 x 4,1428 x 4,1428 mm. O fantoma utilizado se trata de uma estrutura maci\u00e7a de polietileno, posicionado na regi\u00e3o central do sistema de detec\u00e7\u00e3o, com dimens\u00f5es do raio m\u00e1ximo de 10,15 cm e comprimento 70,00 cm.<\/span><\/p><p dir=\"ltr\" style=\"line-height: 1.38; text-indent: 36pt; margin-top: 0pt; margin-bottom: 0pt;\"><span style=\"font-size: 11pt; font-family: Verdana; color: #000000; background-color: transparent; font-weight: 400; font-style: normal; font-variant: normal; text-decoration: none; vertical-align: baseline; white-space: pre-wrap;\">\u00a0<\/span><\/p><p dir=\"ltr\" style=\"line-height: 1.38; text-indent: 36pt; margin-top: 0pt; margin-bottom: 0pt;\"><span style=\"font-size: 11pt; font-family: Verdana; color: #000000; background-color: transparent; font-weight: 400; font-style: normal; font-variant: normal; text-decoration: none; vertical-align: baseline; white-space: pre-wrap;\">\u00a0<\/span><\/p><p dir=\"ltr\" style=\"line-height: 1.38; margin-top: 0pt; margin-bottom: 0pt;\"><span style=\"font-size: 11pt; font-family: Verdana; color: #000000; background-color: transparent; font-weight: bold; font-variant: normal; text-decoration: none; vertical-align: baseline; white-space: pre-wrap;\"> 1. <\/span><span style=\"font-size: 11pt; font-family: Verdana; color: #000000; background-color: transparent; font-weight: bold; font-variant: normal; text-decoration: none; vertical-align: baseline; white-space: pre-wrap;\">Linguagem Macro<\/span><\/p><p dir=\"ltr\" style=\"line-height: 1.38; text-indent: 36pt; margin-top: 0pt; margin-bottom: 0pt;\"><span style=\"font-size: 11pt; font-family: Verdana; color: #000000; background-color: transparent; font-weight: 400; font-style: normal; font-variant: normal; text-decoration: none; vertical-align: baseline; white-space: pre-wrap;\"><b style=\"font-weight: normal;\">\u00a0<\/b><\/span><\/p><p dir=\"ltr\" style=\"line-height: 1.38; text-indent: 36pt; margin-top: 0pt; margin-bottom: 0pt;\"><span style=\"font-size: 11pt; font-family: Verdana; color: #000000; background-color: transparent; font-weight: 400; font-style: normal; font-variant: normal; text-decoration: none; vertical-align: baseline; white-space: pre-wrap;\">Os macros s\u00e3o arquivos ASCII (com extens\u00e3o \u201c.mac\u201d) em que cada linha cont\u00e9m um comando ou um coment\u00e1rio (acrescentar o sinal \u201c#\u201d no in\u00edcio do coment\u00e1rio). Os macros podem ser executados de dentro do interpretador de comandos do Gate, ou passando-o como um par\u00e2metro de linha de comando para o Gate, ou chamando-o de outro macro. Um macro ou um conjunto de macros devem incluir os comandos de diferentes componentes de uma simula\u00e7\u00e3o na ordem correta estabelecida pelo Gate. Estes componentes, normalmente, definem a parte de visualiza\u00e7\u00e3o, da geometria, sistema, digitizer, f\u00edsica, inicializa\u00e7\u00e3o, fonte, sa\u00edda e o in\u00edcio (como ser\u00e1 apresentada nos t\u00f3picos em 2 e tamb\u00e9m pode ser observada no esquema abaixo).<\/span><\/p><p dir=\"ltr\" style=\"line-height: 1.38; text-indent: 36pt; margin-top: 0pt; margin-bottom: 0pt;\"><span style=\"font-size: 11pt; font-family: Verdana; color: #000000; background-color: transparent; font-weight: 400; font-style: normal; font-variant: normal; text-decoration: none; vertical-align: baseline; white-space: pre-wrap;\"><b style=\"font-weight: normal;\">\u00a0<\/b><\/span><\/p><p dir=\"ltr\" style=\"line-height: 1.38; text-indent: 36pt; margin-top: 0pt; margin-bottom: 0pt;\"><span style=\"color: #000000; font-family: Verdana;\"><span style=\"font-size: 14.6667px; white-space: pre-wrap;\">Para executar um macro dentro do ambiente Gate deve-se digitar ap\u00f3s prompt &#8220;Idle&gt;&#8221;<\/span><\/span><\/p><p dir=\"ltr\" style=\"line-height: 1.38; text-indent: 36pt; margin-top: 0pt; margin-bottom: 0pt;\"><span style=\"font-size: 11pt; font-family: Verdana; color: #000000; background-color: transparent; font-weight: 400; font-style: normal; font-variant: normal; text-decoration: none; vertical-align: baseline; white-space: pre-wrap;\"><b style=\"font-weight: normal;\">\u00a0<\/b><\/span><\/p><div dir=\"ltr\" style=\"margin-left: 0pt;\" align=\"left\"><table style=\"border: none; border-collapse: collapse; table-layout: fixed; width: 451.27559055118115pt;\"><colgroup> <col \/><\/colgroup><tbody><tr style=\"height: 0pt;\"><td style=\"vertical-align: top; padding: 5pt 5pt 5pt 5pt; overflow: hidden; overflow-wrap: break-word; border: solid #000000 1pt;\"><p dir=\"ltr\" style=\"line-height: 1.2; margin-top: 0pt; margin-bottom: 0pt;\"><span style=\"font-size: 11pt; font-family: Verdana; color: #000000; background-color: transparent; font-weight: 400; font-style: normal; font-variant: normal; text-decoration: none; vertical-align: baseline; white-space: pre-wrap;\">Idle&gt;\/control\/execute mymacro.mac<\/span><\/p><\/td><\/tr><\/tbody><\/table><\/div><p>\u00a0<\/p><p><span style=\"background-color: transparent; color: #000000; font-family: Verdana; font-size: 11pt; white-space: pre-wrap; word-spacing: 0.1em;\">Para executar um macro de dentro de um outro macro, simplesmente se escreve o seguinte comando no macro mestre:<\/span><\/p><p dir=\"ltr\" style=\"line-height: 1.38; text-indent: 36pt; margin-top: 0pt; margin-bottom: 0pt;\"><span style=\"font-size: 11pt; font-family: Verdana; color: #000000; background-color: transparent; font-weight: 400; font-style: normal; font-variant: normal; text-decoration: none; vertical-align: baseline; white-space: pre-wrap;\"><b style=\"font-weight: normal;\">\u00a0<\/b><\/span><\/p><div dir=\"ltr\" style=\"margin-left: 0pt;\" align=\"left\"><table style=\"border: none; border-collapse: collapse; table-layout: fixed; width: 451.27559055118115pt;\"><colgroup> <col \/><\/colgroup><tbody><tr style=\"height: 0pt;\"><td style=\"vertical-align: top; padding: 5pt 5pt 5pt 5pt; overflow: hidden; overflow-wrap: break-word; border: solid #000000 1pt;\"><p dir=\"ltr\" style=\"line-height: 1.2; margin-top: 0pt; margin-bottom: 0pt;\"><span style=\"font-size: 11pt; font-family: Verdana; color: #000000; background-color: transparent; font-weight: 400; font-style: normal; font-variant: normal; text-decoration: none; vertical-align: baseline; white-space: pre-wrap;\">\/control\/execute mymacro.mac<\/span><\/p><\/td><\/tr><\/tbody><\/table><\/div><p dir=\"ltr\" style=\"line-height: 1.38; text-indent: 36pt; margin-top: 0pt; margin-bottom: 0pt;\"><span style=\"font-size: 11pt; font-family: Verdana; color: #000000; background-color: transparent; font-weight: 400; font-style: normal; font-variant: normal; text-decoration: none; vertical-align: baseline; white-space: pre-wrap;\">\u00a0<\/span><\/p><p dir=\"ltr\" style=\"line-height: 1.38; margin-top: 0pt; margin-bottom: 0pt;\"><span style=\"font-size: 10pt; font-family: Verdana; color: #000000; background-color: transparent; font-weight: bold; font-style: italic; font-variant: normal; text-decoration: underline; -webkit-text-decoration-skip: none; text-decoration-skip-ink: none; vertical-align: baseline; white-space: pre-wrap;\">Refer\u00eancia:<\/span> <a style=\"text-decoration: none;\" href=\"https:\/\/opengate.readthedocs.io\/en\/latest\/getting_started.html#\"><span style=\"font-size: 10pt; font-family: Verdana; color: #1155cc; background-color: transparent; font-weight: 400; font-style: italic; font-variant: normal; text-decoration: underline; -webkit-text-decoration-skip: none; text-decoration-skip-ink: none; vertical-align: baseline; white-space: pre-wrap;\">https:\/\/opengate.readthedocs.io\/en\/latest\/getting_started.html#<\/span><\/a><\/p><p dir=\"ltr\" style=\"line-height: 1.38; margin-top: 0pt; margin-bottom: 0pt;\"><span style=\"word-spacing: 0.1em; background-color: transparent; font-size: 11pt; font-family: Verdana; color: #000000; font-weight: bold; font-variant-numeric: normal; font-variant-east-asian: normal; vertical-align: baseline; white-space: pre-wrap;\">\u00a0<\/span><\/p><p dir=\"ltr\" style=\"line-height: 1.38; margin-top: 0pt; margin-bottom: 0pt;\"><span style=\"word-spacing: 0.1em; background-color: transparent; font-size: 11pt; font-family: Verdana; color: #000000; font-weight: bold; font-variant-numeric: normal; font-variant-east-asian: normal; vertical-align: baseline; white-space: pre-wrap;\">\u00a0<\/span><\/p><p dir=\"ltr\" style=\"line-height: 1.38; margin-top: 0pt; margin-bottom: 0pt;\"><span style=\"word-spacing: 0.1em; background-color: transparent; font-size: 11pt; font-family: Verdana; color: #000000; font-weight: bold; font-variant-numeric: normal; font-variant-east-asian: normal; vertical-align: baseline; white-space: pre-wrap;\">\u00a0<\/span><\/p><p dir=\"ltr\" style=\"line-height: 1.38; margin-top: 0pt; margin-bottom: 0pt;\"><span style=\"word-spacing: 0.1em; background-color: transparent; font-size: 11pt; font-family: Verdana; color: #000000; font-weight: bold; font-variant-numeric: normal; font-variant-east-asian: normal; vertical-align: baseline; white-space: pre-wrap;\">2. <\/span><span style=\"word-spacing: 0.1em; background-color: transparent; font-size: 11pt; font-family: Verdana; color: #000000; font-weight: bold; font-variant-numeric: normal; font-variant-east-asian: normal; vertical-align: baseline; white-space: pre-wrap;\">Estrutura dos c\u00f3digo GATE<\/span><\/p><p dir=\"ltr\" style=\"line-height: 1.38; margin-left: 36pt; margin-top: 0pt; margin-bottom: 0pt;\"><span style=\"font-size: 11pt; font-family: Verdana; color: #000000; background-color: transparent; font-weight: bold; font-variant: normal; text-decoration: none; vertical-align: baseline; white-space: pre-wrap;\">\u00a0<\/span><\/p><p dir=\"ltr\" style=\"line-height: 1.38; text-indent: 36pt; margin-top: 0pt; margin-bottom: 0pt;\"><span style=\"font-size: 11pt; font-family: Verdana; color: #000000; background-color: transparent; font-weight: bold; font-variant: normal; text-decoration: none; vertical-align: baseline; white-space: pre-wrap;\">i. World:<\/span><span style=\"font-size: 11pt; font-family: Verdana; color: #000000; background-color: transparent; font-weight: 400; font-style: normal; font-variant: normal; text-decoration: none; vertical-align: baseline; white-space: pre-wrap;\"> \/control\/execute worldBmCT.mac\u00a0 &gt;&gt;&gt; <\/span><a style=\"word-spacing: 0.1em;\" href=\"https:\/\/drive.google.com\/file\/d\/1mItetToTWiAIi4eFzwtoNN6p_XMyQyrg\/view\" target=\"_blank\" rel=\"noopener\">WordBmCT<\/a><\/p><p dir=\"ltr\" style=\"line-height: 1.38; margin-top: 0pt; margin-bottom: 0pt;\"><b style=\"font-weight: normal;\">\u00a0<\/b><\/p><p dir=\"ltr\" style=\"line-height: 1.38; text-indent: 36pt; margin-top: 0pt; margin-bottom: 0pt;\"><span style=\"font-size: 11pt; font-family: Verdana; color: #000000; background-color: transparent; font-weight: bold; font-variant: normal; text-decoration: none; vertical-align: baseline; white-space: pre-wrap;\">ii. Defini\u00e7\u00e3o do sistema:<\/span>\u00a0 &gt;&gt;&gt;\u00a0\u00a0<a style=\"word-spacing: 0.1em;\" href=\"https:\/\/drive.google.com\/file\/d\/10NK0kJkV1i9XYzoijAeR2XhQq4yzCoOa\/view\" target=\"_blank\" rel=\"noopener\">Cylindrical_PET<\/a><\/p><p dir=\"ltr\" style=\"line-height: 1.38; margin-top: 0pt; margin-bottom: 0pt;\"><b style=\"font-weight: normal;\">\u00a0<\/b><\/p><p dir=\"ltr\" style=\"line-height: 1.38; text-indent: 36pt; margin-top: 0pt; margin-bottom: 0pt;\"><span style=\"font-size: 11pt; font-family: Verdana; color: #000000; background-color: transparent; font-weight: bold; font-variant: normal; text-decoration: none; vertical-align: baseline; white-space: pre-wrap;\">iii. Defini\u00e7\u00e3o do fantoma:<\/span>\u00a0 &gt;&gt;&gt;\u00a0\u00a0<a style=\"word-spacing: 0.1em;\" href=\"https:\/\/drive.google.com\/file\/d\/183Jun9HEy6ZyIoQC54gVfClqIEDCABcJ\/view\" target=\"_blank\" rel=\"noopener\">Fantoma<\/a><\/p><p dir=\"ltr\" style=\"line-height: 1.38; margin-top: 0pt; margin-bottom: 0pt;\"><b style=\"font-weight: normal;\">\u00a0<\/b><\/p><p dir=\"ltr\" style=\"line-height: 1.38; text-indent: 36pt; margin-top: 0pt; margin-bottom: 0pt;\"><span style=\"font-size: 11pt; font-family: Verdana; color: #000000; background-color: transparent; font-weight: bold; font-variant: normal; text-decoration: none; vertical-align: baseline; white-space: pre-wrap;\">iv. Defini\u00e7\u00e3o da f\u00edsica:<\/span>\u00a0 &gt;&gt;&gt;\u00a0\u00a0<a style=\"word-spacing: 0.1em;\" href=\"https:\/\/drive.google.com\/file\/d\/1odRrs4t_d4wF_v5HqJlJzrs6hFbHa6Dc\/view\" target=\"_blank\" rel=\"noopener\">F\u00edsica<\/a><\/p><p dir=\"ltr\" style=\"line-height: 1.38; margin-top: 0pt; margin-bottom: 0pt;\"><b style=\"font-weight: normal;\">\u00a0<\/b><\/p><p dir=\"ltr\" style=\"line-height: 1.38; text-indent: 36pt; margin-top: 0pt; margin-bottom: 0pt;\"><span style=\"font-size: 11pt; font-family: Verdana; color: #000000; background-color: transparent; font-weight: bold; font-variant: normal; text-decoration: none; vertical-align: baseline; white-space: pre-wrap;\">v. Modo pr\u00e9-inicializa\u00e7\u00e3o: <\/span><span style=\"font-size: 11pt; font-family: Verdana; color: #000000; background-color: transparent; font-variant: normal; text-decoration: none; vertical-align: baseline; white-space: pre-wrap;\">&gt;&gt;&gt; <\/span><a style=\"word-spacing: 0.1em;\" href=\"https:\/\/drive.google.com\/file\/d\/1JrQe5fyMorw7n7pMsn8T5udhv6KHT8n3\/view\" target=\"_blank\" rel=\"noopener\">Modo_pr\u00e9_inicializa\u00e7\u00e3o<\/a><\/p><p dir=\"ltr\" style=\"line-height: 1.38; margin-top: 0pt; margin-bottom: 0pt;\"><b style=\"font-weight: normal;\">\u00a0<\/b><\/p><p dir=\"ltr\" style=\"line-height: 1.38; text-indent: 36pt; margin-top: 0pt; margin-bottom: 0pt;\"><span style=\"font-size: 11pt; font-family: Verdana; color: #000000; background-color: transparent; font-weight: bold; font-variant: normal; text-decoration: none; vertical-align: baseline; white-space: pre-wrap;\">vi. Visualization:<\/span>\u00a0 &gt;&gt;&gt;\u00a0\u00a0<a style=\"word-spacing: 0.1em;\" href=\"https:\/\/drive.google.com\/file\/d\/1XT35A9e4ORCQsEQkfY1ijIlXMQ6oMaFK\/view\" target=\"_blank\" rel=\"noopener\">Visualization<\/a><\/p><p dir=\"ltr\" style=\"line-height: 1.38; margin-top: 0pt; margin-bottom: 0pt;\"><b style=\"font-weight: normal;\">\u00a0<\/b><\/p><p dir=\"ltr\" style=\"line-height: 1.38; text-indent: 36pt; margin-top: 0pt; margin-bottom: 0pt;\"><span style=\"font-size: 11pt; font-family: Verdana; color: #000000; background-color: transparent; font-weight: bold; font-variant: normal; text-decoration: none; vertical-align: baseline; white-space: pre-wrap;\">vii. Digitizer:<\/span><span style=\"font-size: 11pt; font-family: Verdana; color: #000000; background-color: transparent; font-variant: normal; text-decoration: none; vertical-align: baseline; white-space: pre-wrap;\"> &gt;&gt;&gt; <\/span><a style=\"word-spacing: 0.1em;\" href=\"https:\/\/drive.google.com\/file\/d\/1b-lTEFiMYXRoseiNshLutDeqy-mYgDVH\/view\" target=\"_blank\" rel=\"noopener\">Digitizer<\/a><\/p><p dir=\"ltr\" style=\"line-height: 1.38; margin-top: 0pt; margin-bottom: 0pt;\"><b style=\"font-weight: normal;\">\u00a0<\/b><\/p><p dir=\"ltr\" style=\"line-height: 1.38; text-indent: 36pt; margin-top: 0pt; margin-bottom: 0pt;\"><span style=\"font-size: 11pt; font-family: Verdana; color: #000000; background-color: transparent; font-weight: bold; font-variant: normal; text-decoration: none; vertical-align: baseline; white-space: pre-wrap;\">viii. Defini\u00e7\u00e3o da fonte<\/span><span style=\"font-size: 11pt; font-family: Verdana; color: #000000; background-color: transparent; font-weight: 400; font-style: normal; font-variant: normal; text-decoration: none; vertical-align: baseline; white-space: pre-wrap;\">: SourceF18ScatterFraction10.mac<\/span><\/p><p dir=\"ltr\" style=\"line-height: 1.38; margin-top: 0pt; margin-bottom: 0pt;\"><b style=\"font-weight: normal;\">\u00a0<\/b><\/p><p dir=\"ltr\" style=\"line-height: 1.38; text-indent: 36pt; margin-top: 0pt; margin-bottom: 0pt;\"><span style=\"font-size: 11pt; font-family: Verdana; color: #000000; background-color: transparent; font-weight: bold; font-variant: normal; text-decoration: none; vertical-align: baseline; white-space: pre-wrap;\">ix. Dado de sa\u00edda:<\/span>\u00a0 &gt;&gt;&gt;\u00a0\u00a0<a style=\"word-spacing: 0.1em;\" href=\"https:\/\/drive.google.com\/file\/d\/1V8I3BWysIm0zEvNFauqp4gKHh-lYMx_a\/view\" target=\"_blank\" rel=\"noopener\">Dados_sa\u00edda<\/a><\/p><p dir=\"ltr\" style=\"line-height: 1.38; margin-top: 0pt; margin-bottom: 0pt;\"><b style=\"font-weight: normal;\">\u00a0<\/b><\/p><p dir=\"ltr\" style=\"line-height: 1.38; text-indent: 36pt; margin-top: 0pt; margin-bottom: 0pt;\"><span style=\"font-size: 11pt; font-family: Verdana; color: #000000; background-color: transparent; font-weight: bold; font-variant: normal; text-decoration: none; vertical-align: baseline; white-space: pre-wrap;\">x. In\u00edcio de uma <\/span><span style=\"font-size: 11pt; font-family: Verdana; color: #000000; background-color: transparent; font-weight: bold; font-variant: normal; text-decoration: none; vertical-align: baseline; white-space: pre-wrap;\">aquisi\u00e7\u00e3o:<\/span>\u00a0 &gt;&gt;&gt;\u00a0\u00a0<a style=\"word-spacing: 0.1em;\" href=\"https:\/\/drive.google.com\/file\/d\/1RN_q-66PyWKBLA4y7N40_UnSrR9QaPp2\/view\" target=\"_blank\" rel=\"noopener\">In\u00edcio_aquisi\u00e7\u00e3o<\/a><\/p><p dir=\"ltr\">\u00a0<\/p><p dir=\"ltr\" style=\"line-height: 1.38; text-indent: 36pt; margin-top: 0pt; margin-bottom: 0pt;\"><span style=\"font-size: 11pt; font-family: Verdana; color: #000000; background-color: transparent; font-weight: bold; font-variant: normal; text-decoration: none; vertical-align: baseline; white-space: pre-wrap;\">xi. Verbosity: <\/span><span style=\"font-size: 11pt; font-family: Verdana; color: #000000; background-color: transparent; font-variant: normal; text-decoration: none; vertical-align: baseline; white-space: pre-wrap;\">&gt;&gt;&gt; <\/span><a style=\"word-spacing: 0.1em;\" href=\"https:\/\/drive.google.com\/file\/d\/1gwfXr1lJrE_tBdny6XW6MYE_losCLoqe\/view\" target=\"_blank\" rel=\"noopener\">Verbosity<\/a><\/p><p>\u00a0<\/p><p><span style=\"text-indent: 36pt; word-spacing: 0.1em;\">\u00a0<\/span><\/p><p><span style=\"text-indent: 36pt; word-spacing: 0.1em;\"><strong>3. Esquema da arquitetura de simula\u00e7\u00e3o GATE<\/strong>\u00a0 &gt;&gt;&gt;\u00a0\u00a0<\/span><a style=\"word-spacing: 0.1em;\" href=\"https:\/\/drive.google.com\/file\/d\/1GffKq-ey-bHRI9lRAMfubB98q6mu8GRX\/view\" target=\"_blank\" rel=\"noopener\">Figura_GAT<\/a><\/p><p>\u00a0<\/p>\t\t\t\t\t\t<\/div>\n\t\t\t\t<\/div>\n\t\t\t\t\t<\/div>\n\t\t<\/div>\n\t\t\t\t\t<\/div>\n\t\t<\/section>\n\t\t\t\t<\/div>\n\t\t","protected":false},"excerpt":{"rendered":"<p>Este material tem como prop\u00f3sito oferecer um guia b\u00e1sico sobre o uso do software Gate com foco na simula\u00e7\u00e3o aplicada \u00e0 imagem em medicina nuclear, analisando dois m\u00e9todos de aquisi\u00e7\u00e3o de imagens de MN, SPECT e PET. Para esta se\u00e7\u00e3o exploraremos a estrutura do c\u00f3digo do Gate para simula\u00e7\u00e3o da t\u00e9cnica chamada CylindricalPET. O c\u00f3digo [&hellip;]<\/p>\n","protected":false},"author":22586,"featured_media":0,"parent":0,"menu_order":0,"comment_status":"closed","ping_status":"closed","template":"","meta":{"footnotes":"","_links_to":"","_links_to_target":""},"class_list":["post-1128","page","type-page","status-publish","hentry"],"_links":{"self":[{"href":"https:\/\/sites.usp.br\/gimn\/wp-json\/wp\/v2\/pages\/1128","targetHints":{"allow":["GET"]}}],"collection":[{"href":"https:\/\/sites.usp.br\/gimn\/wp-json\/wp\/v2\/pages"}],"about":[{"href":"https:\/\/sites.usp.br\/gimn\/wp-json\/wp\/v2\/types\/page"}],"author":[{"embeddable":true,"href":"https:\/\/sites.usp.br\/gimn\/wp-json\/wp\/v2\/users\/22586"}],"replies":[{"embeddable":true,"href":"https:\/\/sites.usp.br\/gimn\/wp-json\/wp\/v2\/comments?post=1128"}],"version-history":[{"count":4,"href":"https:\/\/sites.usp.br\/gimn\/wp-json\/wp\/v2\/pages\/1128\/revisions"}],"predecessor-version":[{"id":1156,"href":"https:\/\/sites.usp.br\/gimn\/wp-json\/wp\/v2\/pages\/1128\/revisions\/1156"}],"wp:attachment":[{"href":"https:\/\/sites.usp.br\/gimn\/wp-json\/wp\/v2\/media?parent=1128"}],"curies":[{"name":"wp","href":"https:\/\/api.w.org\/{rel}","templated":true}]}}