{"id":634,"date":"2022-03-02T13:22:14","date_gmt":"2022-03-02T15:22:14","guid":{"rendered":"https:\/\/sites.usp.br\/gimn\/?page_id=634"},"modified":"2024-07-17T21:14:51","modified_gmt":"2024-07-17T23:14:51","slug":"home","status":"publish","type":"page","link":"https:\/\/sites.usp.br\/gimn\/","title":{"rendered":"Home"},"content":{"rendered":"\t\t<div data-elementor-type=\"wp-page\" data-elementor-id=\"634\" class=\"elementor elementor-634\" data-elementor-post-type=\"page\">\n\t\t\t\t\t\t<section class=\"elementor-section elementor-top-section elementor-element elementor-element-61c9c75 elementor-section-boxed elementor-section-height-default elementor-section-height-default\" data-id=\"61c9c75\" data-element_type=\"section\">\n\t\t\t\t\t\t<div class=\"elementor-container elementor-column-gap-default\">\n\t\t\t\t\t<div class=\"elementor-column elementor-col-50 elementor-top-column elementor-element elementor-element-2189a9d\" data-id=\"2189a9d\" data-element_type=\"column\">\n\t\t\t<div class=\"elementor-widget-wrap elementor-element-populated\">\n\t\t\t\t\t\t<div class=\"elementor-element elementor-element-53c9935 elementor-widget elementor-widget-heading\" data-id=\"53c9935\" data-element_type=\"widget\" data-widget_type=\"heading.default\">\n\t\t\t\t<div class=\"elementor-widget-container\">\n\t\t\t<h4 class=\"elementor-heading-title elementor-size-default\">Hist\u00f3ria do Grupo<\/h4>\t\t<\/div>\n\t\t\t\t<\/div>\n\t\t\t\t<div class=\"elementor-element elementor-element-dc7772d elementor-widget__width-inherit elementor-widget elementor-widget-text-editor\" data-id=\"dc7772d\" data-element_type=\"widget\" data-widget_type=\"text-editor.default\">\n\t\t\t\t<div class=\"elementor-widget-container\">\n\t\t\t\t\t\t\t<p><span style=\"color: #000000; text-align: justify; word-spacing: 0px; font-family: var( --e-global-typography-text-font-family ), Sans-serif;\">O GIMN tem como miss\u00e3o contribuir para a forma\u00e7\u00e3o cient\u00edfica e de recursos humanos para a \u00e1rea de pesquisa e rotina no \u00e2mbito da f\u00edsica na medicina nuclear. Para isso, atua na realiza\u00e7\u00e3o de simula\u00e7\u00f5es de Monte Carlo de sistemas de imagens e metodologia de dosimetria por imagens para planejamento espec\u00edfico de terapia radioisot\u00f3pica. Al\u00e9m disso, atuar no desenvolvimento de Instrumenta\u00e7\u00e3o para imageamento pr\u00e9-cl\u00ednico por emiss\u00e3o de f\u00f3ton \u00fanico (SPECT) e p\u00f3sitron (PET). O GIMN iniciou suas atividades no Departamento de F\u00edsica da Faculdade de Filosofia, Ci\u00eancias e Letras de Ribeir\u00e3o Preto da Universidade de S\u00e3o Paulo.<\/span><\/p>\t\t\t\t\t\t<\/div>\n\t\t\t\t<\/div>\n\t\t\t\t\t<\/div>\n\t\t<\/div>\n\t\t\t\t<div class=\"elementor-column elementor-col-50 elementor-top-column elementor-element elementor-element-236ac47\" data-id=\"236ac47\" data-element_type=\"column\">\n\t\t\t<div class=\"elementor-widget-wrap elementor-element-populated\">\n\t\t\t\t\t\t<div class=\"elementor-element elementor-element-9a7e1dc elementor-widget elementor-widget-image\" data-id=\"9a7e1dc\" data-element_type=\"widget\" data-widget_type=\"image.default\">\n\t\t\t\t<div class=\"elementor-widget-container\">\n\t\t\t\t\t\t\t\t\t\t\t\t\t<img fetchpriority=\"high\" decoding=\"async\" width=\"452\" height=\"358\" src=\"https:\/\/sites.usp.br\/gimn\/wp-content\/uploads\/sites\/988\/2024\/07\/gimn.jpeg\" class=\"attachment-medium_large size-medium_large wp-image-1220\" alt=\"\" srcset=\"https:\/\/sites.usp.br\/gimn\/wp-content\/uploads\/sites\/988\/2024\/07\/gimn.jpeg 452w, https:\/\/sites.usp.br\/gimn\/wp-content\/uploads\/sites\/988\/2024\/07\/gimn-300x238.jpeg 300w, https:\/\/sites.usp.br\/gimn\/wp-content\/uploads\/sites\/988\/2024\/07\/gimn-400x317.jpeg 400w\" sizes=\"(max-width: 452px) 100vw, 452px\" \/>\t\t\t\t\t\t\t\t\t\t\t\t\t<\/div>\n\t\t\t\t<\/div>\n\t\t\t\t\t<\/div>\n\t\t<\/div>\n\t\t\t\t\t<\/div>\n\t\t<\/section>\n\t\t\t\t<\/div>\n\t\t","protected":false},"excerpt":{"rendered":"<p>Hist\u00f3ria do Grupo O GIMN tem como miss\u00e3o contribuir para a forma\u00e7\u00e3o cient\u00edfica e de recursos humanos para a \u00e1rea de pesquisa e rotina no \u00e2mbito da f\u00edsica na medicina nuclear. Para isso, atua na realiza\u00e7\u00e3o de simula\u00e7\u00f5es de Monte Carlo de sistemas de imagens e metodologia de dosimetria por imagens para planejamento espec\u00edfico de [&hellip;]<\/p>\n","protected":false},"author":22586,"featured_media":0,"parent":0,"menu_order":0,"comment_status":"closed","ping_status":"closed","template":"elementor_header_footer","meta":{"footnotes":"","_links_to":"","_links_to_target":""},"class_list":["post-634","page","type-page","status-publish","hentry"],"_links":{"self":[{"href":"https:\/\/sites.usp.br\/gimn\/wp-json\/wp\/v2\/pages\/634","targetHints":{"allow":["GET"]}}],"collection":[{"href":"https:\/\/sites.usp.br\/gimn\/wp-json\/wp\/v2\/pages"}],"about":[{"href":"https:\/\/sites.usp.br\/gimn\/wp-json\/wp\/v2\/types\/page"}],"author":[{"embeddable":true,"href":"https:\/\/sites.usp.br\/gimn\/wp-json\/wp\/v2\/users\/22586"}],"replies":[{"embeddable":true,"href":"https:\/\/sites.usp.br\/gimn\/wp-json\/wp\/v2\/comments?post=634"}],"version-history":[{"count":4,"href":"https:\/\/sites.usp.br\/gimn\/wp-json\/wp\/v2\/pages\/634\/revisions"}],"predecessor-version":[{"id":1227,"href":"https:\/\/sites.usp.br\/gimn\/wp-json\/wp\/v2\/pages\/634\/revisions\/1227"}],"wp:attachment":[{"href":"https:\/\/sites.usp.br\/gimn\/wp-json\/wp\/v2\/media?parent=634"}],"curies":[{"name":"wp","href":"https:\/\/api.w.org\/{rel}","templated":true}]}}