{"id":835,"date":"2022-05-26T09:07:05","date_gmt":"2022-05-26T11:07:05","guid":{"rendered":"https:\/\/sites.usp.br\/gimn\/?page_id=835"},"modified":"2024-07-20T21:08:31","modified_gmt":"2024-07-20T23:08:31","slug":"materiais-didaticos","status":"publish","type":"page","link":"https:\/\/sites.usp.br\/gimn\/materiais-didaticos\/","title":{"rendered":"Materiais Did\u00e1ticos"},"content":{"rendered":"\t\t<div data-elementor-type=\"wp-page\" data-elementor-id=\"835\" class=\"elementor elementor-835\" data-elementor-post-type=\"page\">\n\t\t\t\t\t\t<section class=\"elementor-section elementor-top-section elementor-element elementor-element-47aafa06 elementor-section-content-middle elementor-section-stretched elementor-section-boxed elementor-section-height-default elementor-section-height-default\" data-id=\"47aafa06\" data-element_type=\"section\" data-settings=\"{&quot;stretch_section&quot;:&quot;section-stretched&quot;,&quot;background_background&quot;:&quot;classic&quot;}\">\n\t\t\t\t\t\t<div class=\"elementor-container elementor-column-gap-no\">\n\t\t\t\t\t<div class=\"elementor-column elementor-col-100 elementor-top-column elementor-element elementor-element-15f0af1b\" data-id=\"15f0af1b\" data-element_type=\"column\">\n\t\t\t<div class=\"elementor-widget-wrap elementor-element-populated\">\n\t\t\t\t\t\t<div class=\"elementor-element elementor-element-77b9a635 elementor-widget elementor-widget-heading\" data-id=\"77b9a635\" data-element_type=\"widget\" data-widget_type=\"heading.default\">\n\t\t\t\t<div class=\"elementor-widget-container\">\n\t\t\t<h1 class=\"elementor-heading-title elementor-size-default\">Simula\u00e7\u00f5es<\/h1>\t\t<\/div>\n\t\t\t\t<\/div>\n\t\t\t\t<div class=\"elementor-element elementor-element-5fd5ac8 elementor-widget__width-initial elementor-widget elementor-widget-text-editor\" data-id=\"5fd5ac8\" data-element_type=\"widget\" data-widget_type=\"text-editor.default\">\n\t\t\t\t<div class=\"elementor-widget-container\">\n\t\t\t\t\t\t\t<ol><li>Simula\u00e7\u00e3o SPECT com dupla janela de energia:<\/li><\/ol>\t\t\t\t\t\t<\/div>\n\t\t\t\t<\/div>\n\t\t\t\t<div class=\"elementor-element elementor-element-19c45cc elementor-widget__width-initial elementor-widget elementor-widget-text-editor\" data-id=\"19c45cc\" data-element_type=\"widget\" data-widget_type=\"text-editor.default\">\n\t\t\t\t<div class=\"elementor-widget-container\">\n\t\t\t\t\t\t\t<ul><li style=\"text-align: left;\">C\u00f3digo da Simula\u00e7\u00e3o:<\/li><\/ul>\t\t\t\t\t\t<\/div>\n\t\t\t\t<\/div>\n\t\t\t\t<div class=\"elementor-element elementor-element-29a2fec elementor-widget__width-initial elementor-widget elementor-widget-text-editor\" data-id=\"29a2fec\" data-element_type=\"widget\" data-widget_type=\"text-editor.default\">\n\t\t\t\t<div class=\"elementor-widget-container\">\n\t\t\t\t\t\t\t<p>Revis\u00e3o dos c\u00f3digos em linguagem de programa\u00e7\u00e3o MatLab para linguagem Python do projeto de mestrado apresentado por Jo\u00e3o Pedro Firolli <a href=\"https:\/\/www.teses.usp.br\/teses\/disponiveis\/59\/59135\/tde-17062020-180451\/pt-br.php\">&#8220;Avalia\u00e7\u00e3o Quantitativa e Qualitativa do efeito das Corre\u00e7\u00f5es de Atenua\u00e7\u00e3o e Espalhamento em regi\u00f5es profundas e perif\u00e9ricas em imagens de SPECT&#8221;<\/a>.<\/p>\t\t\t\t\t\t<\/div>\n\t\t\t\t<\/div>\n\t\t\t\t<div class=\"elementor-element elementor-element-0008ab6 elementor-align-center elementor-widget__width-initial elementor-widget elementor-widget-button\" data-id=\"0008ab6\" data-element_type=\"widget\" data-widget_type=\"button.default\">\n\t\t\t\t<div class=\"elementor-widget-container\">\n\t\t\t\t\t\t\t<div class=\"elementor-button-wrapper\">\n\t\t\t\t\t<a class=\"elementor-button elementor-button-link elementor-size-xs elementor-animation-grow\" href=\"https:\/\/sites.usp.br\/gimn\/ambiente-de-direcionamento-a-reconstrucao-de-imagem-de-tomografia-por-emissao\/\" target=\"_blank\">\n\t\t\t\t\t\t<span class=\"elementor-button-content-wrapper\">\n\t\t\t\t\t\t<span class=\"elementor-button-icon\">\n\t\t\t\t<i aria-hidden=\"true\" class=\"far fa-folder\"><\/i>\t\t\t<\/span>\n\t\t\t\t\t\t\t\t\t<span class=\"elementor-button-text\">DESCRI\u00c7\u00c3O<\/span>\n\t\t\t\t\t<\/span>\n\t\t\t\t\t<\/a>\n\t\t\t\t<\/div>\n\t\t\t\t\t\t<\/div>\n\t\t\t\t<\/div>\n\t\t\t\t<div class=\"elementor-element elementor-element-26ab99a elementor-widget__width-initial elementor-widget elementor-widget-text-editor\" data-id=\"26ab99a\" data-element_type=\"widget\" data-widget_type=\"text-editor.default\">\n\t\t\t\t<div class=\"elementor-widget-container\">\n\t\t\t\t\t\t\t<ul><li style=\"text-align: left;\">Descri\u00e7\u00e3o do c\u00f3digo:<\/li><\/ul>\t\t\t\t\t\t<\/div>\n\t\t\t\t<\/div>\n\t\t\t\t<div class=\"elementor-element elementor-element-aa438d7 elementor-widget__width-initial elementor-widget elementor-widget-text-editor\" data-id=\"aa438d7\" data-element_type=\"widget\" data-widget_type=\"text-editor.default\">\n\t\t\t\t<div class=\"elementor-widget-container\">\n\t\t\t\t\t\t\t<p>A constru\u00e7\u00e3o do c\u00f3digo para simula\u00e7\u00e3o da c\u00e2mara gama no <i>software<\/i> Gate requer a inclus\u00e3o de informa\u00e7\u00f5es detalhadas a respeito da m\u00e1quina. A m\u00e2quina gama escolhida na simula\u00e7\u00e3o \u00e9 a m\u00e1quina <i>BrightView XCT<\/i>(Philips Medical Systems Inc., Cleveland, OH, USA) com o prop\u00f3sito de simular a rotina cl\u00ednica do setor de Medicina Nuclear do Hospital das Cl\u00ednicas da Faculdade de Medicina de Ribeir\u00e3o Preto, suas informa\u00e7\u00f5es foram obtidas no site do fabricante (Medical Expo, 2019).<\/p>\t\t\t\t\t\t<\/div>\n\t\t\t\t<\/div>\n\t\t\t\t<div class=\"elementor-element elementor-element-37170b6 elementor-align-center elementor-widget__width-initial elementor-widget elementor-widget-button\" data-id=\"37170b6\" data-element_type=\"widget\" data-widget_type=\"button.default\">\n\t\t\t\t<div class=\"elementor-widget-container\">\n\t\t\t\t\t\t\t<div class=\"elementor-button-wrapper\">\n\t\t\t\t\t<a class=\"elementor-button elementor-button-link elementor-size-xs elementor-animation-grow\" href=\"https:\/\/sites.usp.br\/gimn\/apoio_do_ensino_de_fisica_da_medicina_nuclear_com_base_em_simulacao\/\" target=\"_blank\">\n\t\t\t\t\t\t<span class=\"elementor-button-content-wrapper\">\n\t\t\t\t\t\t<span class=\"elementor-button-icon\">\n\t\t\t\t<i aria-hidden=\"true\" class=\"far fa-folder\"><\/i>\t\t\t<\/span>\n\t\t\t\t\t\t\t\t\t<span class=\"elementor-button-text\">DESCRI\u00c7\u00c3O<\/span>\n\t\t\t\t\t<\/span>\n\t\t\t\t\t<\/a>\n\t\t\t\t<\/div>\n\t\t\t\t\t\t<\/div>\n\t\t\t\t<\/div>\n\t\t\t\t<div class=\"elementor-element elementor-element-8a1131b elementor-widget elementor-widget-spacer\" data-id=\"8a1131b\" data-element_type=\"widget\" data-widget_type=\"spacer.default\">\n\t\t\t\t<div class=\"elementor-widget-container\">\n\t\t\t\t\t<div class=\"elementor-spacer\">\n\t\t\t<div class=\"elementor-spacer-inner\"><\/div>\n\t\t<\/div>\n\t\t\t\t<\/div>\n\t\t\t\t<\/div>\n\t\t\t\t<div class=\"elementor-element elementor-element-a929c94 elementor-widget__width-initial elementor-widget elementor-widget-text-editor\" data-id=\"a929c94\" data-element_type=\"widget\" data-widget_type=\"text-editor.default\">\n\t\t\t\t<div class=\"elementor-widget-container\">\n\t\t\t\t\t\t\t<p>2. Simula\u00e7\u00e3o PET:<\/p>\t\t\t\t\t\t<\/div>\n\t\t\t\t<\/div>\n\t\t\t\t<div class=\"elementor-element elementor-element-608df6d elementor-widget__width-initial elementor-widget elementor-widget-text-editor\" data-id=\"608df6d\" data-element_type=\"widget\" data-widget_type=\"text-editor.default\">\n\t\t\t\t<div class=\"elementor-widget-container\">\n\t\t\t\t\t\t\t<ul><li style=\"text-align: left;\">C\u00f3digo da Simula\u00e7\u00e3o:<\/li><\/ul>\t\t\t\t\t\t<\/div>\n\t\t\t\t<\/div>\n\t\t\t\t<div class=\"elementor-element elementor-element-5b61fb2 elementor-widget__width-initial elementor-widget elementor-widget-text-editor\" data-id=\"5b61fb2\" data-element_type=\"widget\" data-widget_type=\"text-editor.default\">\n\t\t\t\t<div class=\"elementor-widget-container\">\n\t\t\t\t\t\t\t<p><span id=\"docs-internal-guid-3652a453-7fff-52f2-2cd3-d69a6c006d9c\"><span style=\"font-size: 11pt; font-family: Verdana; color: #000000; background-color: transparent; font-variant-numeric: normal; font-variant-east-asian: normal; vertical-align: baseline; white-space: pre-wrap;\">Este material tem como prop\u00f3sito oferecer um guia b\u00e1sico sobre o uso do software Gate com foco na simula\u00e7\u00e3o aplicada \u00e0 imagem em medicina nuclear, analisando dois m\u00e9todos de aquisi\u00e7\u00e3o de imagens de MN, SPECT e PET. Para esta se\u00e7\u00e3o exploraremos a estrutura do c\u00f3digo do Gate para simula\u00e7\u00e3o da t\u00e9cnica chamada CylindricalPET.<\/span> <\/span><\/p>\t\t\t\t\t\t<\/div>\n\t\t\t\t<\/div>\n\t\t\t\t<div class=\"elementor-element elementor-element-073bc98 elementor-align-center elementor-widget__width-initial elementor-widget elementor-widget-button\" data-id=\"073bc98\" data-element_type=\"widget\" data-widget_type=\"button.default\">\n\t\t\t\t<div class=\"elementor-widget-container\">\n\t\t\t\t\t\t\t<div class=\"elementor-button-wrapper\">\n\t\t\t\t\t<a class=\"elementor-button elementor-button-link elementor-size-xs elementor-animation-grow\" href=\"https:\/\/sites.usp.br\/gimn\/cylindrical_pet\/\" target=\"_blank\">\n\t\t\t\t\t\t<span class=\"elementor-button-content-wrapper\">\n\t\t\t\t\t\t<span class=\"elementor-button-icon\">\n\t\t\t\t<i aria-hidden=\"true\" class=\"far fa-folder\"><\/i>\t\t\t<\/span>\n\t\t\t\t\t\t\t\t\t<span class=\"elementor-button-text\">DESCRI\u00c7\u00c3O<\/span>\n\t\t\t\t\t<\/span>\n\t\t\t\t\t<\/a>\n\t\t\t\t<\/div>\n\t\t\t\t\t\t<\/div>\n\t\t\t\t<\/div>\n\t\t\t\t\t<\/div>\n\t\t<\/div>\n\t\t\t\t\t<\/div>\n\t\t<\/section>\n\t\t\t\t<section class=\"elementor-section elementor-top-section elementor-element elementor-element-42b58b7 elementor-section-content-middle elementor-section-stretched elementor-section-boxed elementor-section-height-default elementor-section-height-default\" data-id=\"42b58b7\" data-element_type=\"section\" data-settings=\"{&quot;stretch_section&quot;:&quot;section-stretched&quot;,&quot;background_background&quot;:&quot;classic&quot;}\">\n\t\t\t\t\t\t<div class=\"elementor-container elementor-column-gap-no\">\n\t\t\t\t\t<div class=\"elementor-column elementor-col-100 elementor-top-column elementor-element elementor-element-9809fd7\" data-id=\"9809fd7\" data-element_type=\"column\">\n\t\t\t<div class=\"elementor-widget-wrap elementor-element-populated\">\n\t\t\t\t\t\t<div class=\"elementor-element elementor-element-986c208 elementor-widget elementor-widget-heading\" data-id=\"986c208\" data-element_type=\"widget\" data-widget_type=\"heading.default\">\n\t\t\t\t<div class=\"elementor-widget-container\">\n\t\t\t<h1 class=\"elementor-heading-title elementor-size-default\">Informa\u00e7\u00f5es<br><\/h1>\t\t<\/div>\n\t\t\t\t<\/div>\n\t\t\t\t\t<\/div>\n\t\t<\/div>\n\t\t\t\t\t<\/div>\n\t\t<\/section>\n\t\t\t\t<\/div>\n\t\t","protected":false},"excerpt":{"rendered":"<p>Simula\u00e7\u00f5es Simula\u00e7\u00e3o SPECT com dupla janela de energia: C\u00f3digo da Simula\u00e7\u00e3o: Revis\u00e3o dos c\u00f3digos em linguagem de programa\u00e7\u00e3o MatLab para linguagem Python do projeto de mestrado apresentado por Jo\u00e3o Pedro Firolli &#8220;Avalia\u00e7\u00e3o Quantitativa e Qualitativa do efeito das Corre\u00e7\u00f5es de Atenua\u00e7\u00e3o e Espalhamento em regi\u00f5es profundas e perif\u00e9ricas em imagens de SPECT&#8221;. DESCRI\u00c7\u00c3O Descri\u00e7\u00e3o do [&hellip;]<\/p>\n","protected":false},"author":22586,"featured_media":0,"parent":0,"menu_order":0,"comment_status":"closed","ping_status":"closed","template":"elementor_header_footer","meta":{"footnotes":"","_links_to":"","_links_to_target":""},"class_list":["post-835","page","type-page","status-publish","hentry"],"_links":{"self":[{"href":"https:\/\/sites.usp.br\/gimn\/wp-json\/wp\/v2\/pages\/835","targetHints":{"allow":["GET"]}}],"collection":[{"href":"https:\/\/sites.usp.br\/gimn\/wp-json\/wp\/v2\/pages"}],"about":[{"href":"https:\/\/sites.usp.br\/gimn\/wp-json\/wp\/v2\/types\/page"}],"author":[{"embeddable":true,"href":"https:\/\/sites.usp.br\/gimn\/wp-json\/wp\/v2\/users\/22586"}],"replies":[{"embeddable":true,"href":"https:\/\/sites.usp.br\/gimn\/wp-json\/wp\/v2\/comments?post=835"}],"version-history":[{"count":4,"href":"https:\/\/sites.usp.br\/gimn\/wp-json\/wp\/v2\/pages\/835\/revisions"}],"predecessor-version":[{"id":1244,"href":"https:\/\/sites.usp.br\/gimn\/wp-json\/wp\/v2\/pages\/835\/revisions\/1244"}],"wp:attachment":[{"href":"https:\/\/sites.usp.br\/gimn\/wp-json\/wp\/v2\/media?parent=835"}],"curies":[{"name":"wp","href":"https:\/\/api.w.org\/{rel}","templated":true}]}}