{"id":79,"date":"2014-02-24T16:51:20","date_gmt":"2014-02-24T18:51:20","guid":{"rendered":"http:\/\/sites.usp.br\/gipec\/?page_id=79"},"modified":"2025-05-07T16:22:29","modified_gmt":"2025-05-07T18:22:29","slug":"pagina-inicial","status":"publish","type":"page","link":"https:\/\/sites.usp.br\/gipec\/","title":{"rendered":"Apresenta\u00e7\u00e3o"},"content":{"rendered":"<p><span style=\"font-weight: 400;\">O Grupo de Pesquisa em Investiga\u00e7\u00f5es e Pr\u00e1ticas Educativas em Ci\u00eancias possui enfoque na cria\u00e7\u00e3o, no desenvolvimento e na an\u00e1lise de propostas did\u00e1ticas, inova\u00e7\u00f5es curriculares e did\u00e1ticas, al\u00e9m da forma\u00e7\u00e3o de professores. A iniciativa visa contribuir para o avan\u00e7o do ensino de Ci\u00eancias da Natureza no Brasil, desde a Educa\u00e7\u00e3o B\u00e1sica at\u00e9 a constru\u00e7\u00e3o e avalia\u00e7\u00e3o de propostas e projetos interdisciplinares na USP.<\/span><\/p>\n<p><span style=\"font-weight: 400;\">Tamb\u00e9m estamos envolvidos com um resgate hist\u00f3rico da \u00e1rea de ensino de f\u00edsica no IFUSP, bem como seu papel na constru\u00e7\u00e3o da \u00e1rea no Brasil. V\u00e1rios estudos t\u00eam sido realizados, em especial, sobre os 30 anos da Licenciatura em F\u00edsica, os 50 anos da P\u00f3s-gradua\u00e7\u00e3o Interunidades, os 45 anos da Revista Brasileira de Ensino de F\u00edsica e os 40 anos do projeto GREF.<\/span><\/p>\n<p><span style=\"font-weight: 400;\">O grupo \u00e9 coordenado pela Profa. Dra Cristina Leite (IFUSP) e \u00e9 composto por v\u00e1rios estudantes de licenciatura em F\u00edsica, al\u00e9m de mestradandos e doutorandos em Ensino de Ci\u00eancias.<\/span><\/p>\n<p><a href=\"https:\/\/orcid.org\/0000-0001-8177-4603\">Orcid<\/a><\/p>\n<p><a href=\"https:\/\/scholar.google.com\/citations?view_op=list_works&amp;hl=pt-BR&amp;hl=pt-BR&amp;user=5Uyko1UAAAAJ\">Google Scholar<\/a><\/p>\n<p><a href=\"https:\/\/bv.fapesp.br\/pt\/pesquisador\/104841\/cristina-leite\/\">Biblioteca Virtual Fapesp<\/a><\/p>\n<p><a href=\"http:\/\/dgp.cnpq.br\/dgp\/espelhogrupo\/18911\">Diret\u00f3rio de Grupo de Pesquisa no CNPq<\/a><\/p>\n<p><a href=\"https:\/\/www.researchgate.net\/profile\/Cristina-Leite?ev=hdr_xprf\">Researchgate<\/a><\/p>\n<p><a href=\"http:\/\/lattes.cnpq.br\/0768330863653455\">Curr\u00edculo Lattes<\/a><\/p>\n<p>&nbsp;<\/p>\n","protected":false},"excerpt":{"rendered":"<p>O Grupo de Pesquisa em Investiga\u00e7\u00f5es e Pr\u00e1ticas Educativas em Ci\u00eancias possui enfoque na cria\u00e7\u00e3o, no desenvolvimento e na an\u00e1lise de propostas did\u00e1ticas, inova\u00e7\u00f5es curriculares e did\u00e1ticas, al\u00e9m da forma\u00e7\u00e3o de professores. A iniciativa visa contribuir para o avan\u00e7o do ensino de Ci\u00eancias da Natureza no Brasil, desde a Educa\u00e7\u00e3o B\u00e1sica at\u00e9 a constru\u00e7\u00e3o e [&hellip;]<\/p>\n","protected":false},"author":1,"featured_media":0,"parent":0,"menu_order":0,"comment_status":"closed","ping_status":"closed","template":"","meta":{"footnotes":"","_links_to":"","_links_to_target":""},"class_list":["post-79","page","type-page","status-publish","hentry"],"_links":{"self":[{"href":"https:\/\/sites.usp.br\/gipec\/wp-json\/wp\/v2\/pages\/79","targetHints":{"allow":["GET"]}}],"collection":[{"href":"https:\/\/sites.usp.br\/gipec\/wp-json\/wp\/v2\/pages"}],"about":[{"href":"https:\/\/sites.usp.br\/gipec\/wp-json\/wp\/v2\/types\/page"}],"author":[{"embeddable":true,"href":"https:\/\/sites.usp.br\/gipec\/wp-json\/wp\/v2\/users\/1"}],"replies":[{"embeddable":true,"href":"https:\/\/sites.usp.br\/gipec\/wp-json\/wp\/v2\/comments?post=79"}],"version-history":[{"count":4,"href":"https:\/\/sites.usp.br\/gipec\/wp-json\/wp\/v2\/pages\/79\/revisions"}],"predecessor-version":[{"id":255,"href":"https:\/\/sites.usp.br\/gipec\/wp-json\/wp\/v2\/pages\/79\/revisions\/255"}],"wp:attachment":[{"href":"https:\/\/sites.usp.br\/gipec\/wp-json\/wp\/v2\/media?parent=79"}],"curies":[{"name":"wp","href":"https:\/\/api.w.org\/{rel}","templated":true}]}}