{"id":39,"date":"2022-05-05T11:53:50","date_gmt":"2022-05-05T14:53:50","guid":{"rendered":"https:\/\/sites.usp.br\/gipsbn\/?page_id=39"},"modified":"2024-09-03T08:19:04","modified_gmt":"2024-09-03T11:19:04","slug":"sobre","status":"publish","type":"page","link":"https:\/\/sites.usp.br\/gipsbn\/en\/sobre\/","title":{"rendered":"SOBRE"},"content":{"rendered":"\t\t<div data-elementor-type=\"wp-page\" data-elementor-id=\"39\" class=\"elementor elementor-39\" data-elementor-post-type=\"page\">\n\t\t\t\t\t\t<section class=\"elementor-section elementor-top-section elementor-element elementor-element-ad4bf74 elementor-section-boxed elementor-section-height-default elementor-section-height-default\" data-id=\"ad4bf74\" data-element_type=\"section\">\n\t\t\t\t\t\t<div class=\"elementor-container elementor-column-gap-default\">\n\t\t\t\t\t<div class=\"elementor-column elementor-col-100 elementor-top-column elementor-element elementor-element-70b4a10\" data-id=\"70b4a10\" data-element_type=\"column\">\n\t\t\t<div class=\"elementor-widget-wrap elementor-element-populated\">\n\t\t\t\t\t\t<section class=\"elementor-section elementor-inner-section elementor-element elementor-element-e7ae8ef elementor-section-boxed elementor-section-height-default elementor-section-height-default\" data-id=\"e7ae8ef\" data-element_type=\"section\">\n\t\t\t\t\t\t<div class=\"elementor-container elementor-column-gap-default\">\n\t\t\t\t\t<div class=\"elementor-column elementor-col-50 elementor-inner-column elementor-element elementor-element-22a30db\" data-id=\"22a30db\" data-element_type=\"column\">\n\t\t\t<div class=\"elementor-widget-wrap elementor-element-populated\">\n\t\t\t\t\t\t<div class=\"elementor-element elementor-element-ff0c484 elementor-widget elementor-widget-heading\" data-id=\"ff0c484\" data-element_type=\"widget\" data-widget_type=\"heading.default\">\n\t\t\t\t<div class=\"elementor-widget-container\">\n\t\t\t<h2 class=\"elementor-heading-title elementor-size-default\">Sobre<\/h2>\t\t<\/div>\n\t\t\t\t<\/div>\n\t\t\t\t\t<\/div>\n\t\t<\/div>\n\t\t\t\t<div class=\"elementor-column elementor-col-50 elementor-inner-column elementor-element elementor-element-1f3efbb\" data-id=\"1f3efbb\" data-element_type=\"column\">\n\t\t\t<div class=\"elementor-widget-wrap elementor-element-populated\">\n\t\t\t\t\t\t<div class=\"elementor-element elementor-element-b5f410c elementor-widget-divider--view-line elementor-widget elementor-widget-divider\" data-id=\"b5f410c\" data-element_type=\"widget\" data-widget_type=\"divider.default\">\n\t\t\t\t<div class=\"elementor-widget-container\">\n\t\t\t\t\t<div class=\"elementor-divider\">\n\t\t\t<span class=\"elementor-divider-separator\">\n\t\t\t\t\t\t<\/span>\n\t\t<\/div>\n\t\t\t\t<\/div>\n\t\t\t\t<\/div>\n\t\t\t\t\t<\/div>\n\t\t<\/div>\n\t\t\t\t\t<\/div>\n\t\t<\/section>\n\t\t\t\t\t<\/div>\n\t\t<\/div>\n\t\t\t\t\t<\/div>\n\t\t<\/section>\n\t\t\t\t<section class=\"elementor-section elementor-top-section elementor-element elementor-element-1ee6750 elementor-section-boxed elementor-section-height-default elementor-section-height-default\" data-id=\"1ee6750\" data-element_type=\"section\">\n\t\t\t\t\t\t<div class=\"elementor-container elementor-column-gap-default\">\n\t\t\t\t\t<div class=\"elementor-column elementor-col-100 elementor-top-column elementor-element elementor-element-b50eb0c\" data-id=\"b50eb0c\" data-element_type=\"column\">\n\t\t\t<div class=\"elementor-widget-wrap elementor-element-populated\">\n\t\t\t\t\t\t<section class=\"elementor-section elementor-inner-section elementor-element elementor-element-54266df elementor-section-boxed elementor-section-height-default elementor-section-height-default\" data-id=\"54266df\" data-element_type=\"section\">\n\t\t\t\t\t\t<div class=\"elementor-container elementor-column-gap-default\">\n\t\t\t\t\t<div class=\"elementor-column elementor-col-50 elementor-inner-column elementor-element elementor-element-5f03817\" data-id=\"5f03817\" data-element_type=\"column\">\n\t\t\t<div class=\"elementor-widget-wrap elementor-element-populated\">\n\t\t\t\t\t\t<div class=\"elementor-element elementor-element-391bdd2 elementor-widget elementor-widget-heading\" data-id=\"391bdd2\" data-element_type=\"widget\" data-widget_type=\"heading.default\">\n\t\t\t\t<div class=\"elementor-widget-container\">\n\t\t\t<h2 class=\"elementor-heading-title elementor-size-medium\"><b>objetivo<\/b><\/h2>\t\t<\/div>\n\t\t\t\t<\/div>\n\t\t\t\t\t<\/div>\n\t\t<\/div>\n\t\t\t\t<div class=\"elementor-column elementor-col-50 elementor-inner-column elementor-element elementor-element-d34f49b\" data-id=\"d34f49b\" data-element_type=\"column\">\n\t\t\t<div class=\"elementor-widget-wrap elementor-element-populated\">\n\t\t\t\t\t\t<div class=\"elementor-element elementor-element-a5f87a7 elementor-widget elementor-widget-text-editor\" data-id=\"a5f87a7\" data-element_type=\"widget\" data-widget_type=\"text-editor.default\">\n\t\t\t\t<div class=\"elementor-widget-container\">\n\t\t\t\t\t\t\t<p>O Grupo de Intera\u00e7\u00e3o \u00e0 Pesquisa em Solu\u00e7\u00f5es Baseadas na Natureza (GIP-SbN) \u00e9 organizado por pesquisadora, alunos e professores da Universidade de S\u00e3o Paulo (USP), tento como eixo central a Escola Polit\u00e9cnica (POLI) e vinculado aos departamentos de engenharia hidr\u00e1ulica e ambiental (PHA) e engenharia de constru\u00e7\u00e3o civil (PCC). A organiza\u00e7\u00e3o do grupo tamb\u00e9m conta com aluna da p\u00f3s-gradua\u00e7\u00e3o do IAG e pesquisadora da UNB. Tem como miss\u00e3o a dissemina\u00e7\u00e3o e interc\u00e2mbio na produ\u00e7\u00e3o de pesquisa cient\u00edfica e desenvolvimento tecnol\u00f3gico em Solu\u00e7\u00f5es Baseadas na Natureza (SbN), de forma a fomentar a intera\u00e7\u00e3o entre pesquisadores que j\u00e1 atuam ou que se interessam <span style=\"font-weight: 400;\">pelas solu\u00e7\u00f5es baseadas na natureza<\/span> em um ambiente colaborativo\u00a0<span style=\"font-size: 16px; font-weight: 400; letter-spacing: 0.1px; word-spacing: 0.2em;\">em busca de compartilhar conte\u00fado, experi\u00eancias e aprendizados e para pensar coletivamente como organizar e difundir pesquisa na \u00e1rea.<\/span><\/p>\t\t\t\t\t\t<\/div>\n\t\t\t\t<\/div>\n\t\t\t\t\t<\/div>\n\t\t<\/div>\n\t\t\t\t\t<\/div>\n\t\t<\/section>\n\t\t\t\t\t<\/div>\n\t\t<\/div>\n\t\t\t\t\t<\/div>\n\t\t<\/section>\n\t\t\t\t<section class=\"elementor-section elementor-top-section elementor-element elementor-element-635f139 elementor-section-boxed elementor-section-height-default elementor-section-height-default\" data-id=\"635f139\" data-element_type=\"section\">\n\t\t\t\t\t\t<div class=\"elementor-container elementor-column-gap-default\">\n\t\t\t\t\t<div class=\"elementor-column elementor-col-100 elementor-top-column elementor-element elementor-element-6971e68\" data-id=\"6971e68\" data-element_type=\"column\">\n\t\t\t<div class=\"elementor-widget-wrap elementor-element-populated\">\n\t\t\t\t\t\t<section class=\"elementor-section elementor-inner-section elementor-element elementor-element-ed2c43c elementor-section-boxed elementor-section-height-default elementor-section-height-default\" data-id=\"ed2c43c\" data-element_type=\"section\">\n\t\t\t\t\t\t<div class=\"elementor-container elementor-column-gap-default\">\n\t\t\t\t\t<div class=\"elementor-column elementor-col-50 elementor-inner-column elementor-element elementor-element-29ebc55\" data-id=\"29ebc55\" data-element_type=\"column\">\n\t\t\t<div class=\"elementor-widget-wrap elementor-element-populated\">\n\t\t\t\t\t\t<div class=\"elementor-element elementor-element-9ba232b elementor-widget elementor-widget-heading\" data-id=\"9ba232b\" data-element_type=\"widget\" data-widget_type=\"heading.default\">\n\t\t\t\t<div class=\"elementor-widget-container\">\n\t\t\t<h2 class=\"elementor-heading-title elementor-size-medium\"><b>VIS\u00c3O<\/b><\/h2>\t\t<\/div>\n\t\t\t\t<\/div>\n\t\t\t\t\t<\/div>\n\t\t<\/div>\n\t\t\t\t<div class=\"elementor-column elementor-col-50 elementor-inner-column elementor-element elementor-element-38c9251\" data-id=\"38c9251\" data-element_type=\"column\">\n\t\t\t<div class=\"elementor-widget-wrap elementor-element-populated\">\n\t\t\t\t\t\t<div class=\"elementor-element elementor-element-29307b1 elementor-widget elementor-widget-text-editor\" data-id=\"29307b1\" data-element_type=\"widget\" data-widget_type=\"text-editor.default\">\n\t\t\t\t<div class=\"elementor-widget-container\">\n\t\t\t\t\t\t\t<p>A SbN, para engenharia, s\u00e3o tecnologias ou interven\u00e7\u00f5es que buscam verificar a natureza a inspira\u00e7\u00e3o e a valida\u00e7\u00e3o de maneira sist\u00eamica e sistem\u00e1tica, de forma a dar suporte aos processos naturais nos meio urbanos. As SbN s\u00e3o essenciais para apresentar propostas aos desafios locais, como: mitiga\u00e7\u00e3o de altera\u00e7\u00f5es clim\u00e1ticas, gerenciamento de \u00e1guas urbanas, cria\u00e7\u00e3o e restaura\u00e7\u00e3o de habitat para esp\u00e9cies, produ\u00e7\u00e3o de alimentos na cidade, entre muitos outros.<\/p><p>Portanto, a pesquisa em SbN \u00e9 <span style=\"font-weight: 400;\">intrinsecamente<\/span> transdisciplinar. Diferente de uma pesquisa multidisciplinar em que pessoas de diferentes \u00e1reas do conhecimento trabalham em conjunto, mas cada uma usando como base apenas o conhecimento da sua pr\u00f3pria \u00e1rea, a pesquisa transdisciplinar procura criar a integra\u00e7\u00e3o e o arcabou\u00e7o de conhecimento que rompe a setoriza\u00e7\u00e3o em disciplinas. Para isso, incentivamos pesquisadores e pesquisadoras <span style=\"font-weight: 400;\">interessados<\/span> em fazer ci\u00eancia a partir de m\u00e9todos que envolvem a investiga\u00e7\u00e3o de \u00e1reas dependentes e o di\u00e1logo entre diferentes atores para agir sobre os desafios ambientais que nossas cidades apresentam hoje.<\/p>\t\t\t\t\t\t<\/div>\n\t\t\t\t<\/div>\n\t\t\t\t\t<\/div>\n\t\t<\/div>\n\t\t\t\t\t<\/div>\n\t\t<\/section>\n\t\t\t\t\t<\/div>\n\t\t<\/div>\n\t\t\t\t\t<\/div>\n\t\t<\/section>\n\t\t\t\t<section class=\"elementor-section elementor-top-section elementor-element elementor-element-618f6a5 elementor-section-boxed elementor-section-height-default elementor-section-height-default\" data-id=\"618f6a5\" data-element_type=\"section\">\n\t\t\t\t\t\t<div class=\"elementor-container elementor-column-gap-default\">\n\t\t\t\t\t<div class=\"elementor-column elementor-col-100 elementor-top-column elementor-element elementor-element-635b272\" data-id=\"635b272\" data-element_type=\"column\">\n\t\t\t<div class=\"elementor-widget-wrap elementor-element-populated\">\n\t\t\t\t\t\t<section class=\"elementor-section elementor-inner-section elementor-element elementor-element-42c8248 elementor-section-boxed elementor-section-height-default elementor-section-height-default\" data-id=\"42c8248\" data-element_type=\"section\">\n\t\t\t\t\t\t<div class=\"elementor-container elementor-column-gap-default\">\n\t\t\t\t\t<div class=\"elementor-column elementor-col-50 elementor-inner-column elementor-element elementor-element-f4d79ba\" data-id=\"f4d79ba\" data-element_type=\"column\">\n\t\t\t<div class=\"elementor-widget-wrap elementor-element-populated\">\n\t\t\t\t\t\t<div class=\"elementor-element elementor-element-2217b12 elementor-widget elementor-widget-heading\" data-id=\"2217b12\" data-element_type=\"widget\" data-widget_type=\"heading.default\">\n\t\t\t\t<div class=\"elementor-widget-container\">\n\t\t\t<h2 class=\"elementor-heading-title elementor-size-medium\"><b>\u00c1REAS DE INTERESSE<\/b><\/h2>\t\t<\/div>\n\t\t\t\t<\/div>\n\t\t\t\t\t<\/div>\n\t\t<\/div>\n\t\t\t\t<div class=\"elementor-column elementor-col-50 elementor-inner-column elementor-element elementor-element-807250a\" data-id=\"807250a\" data-element_type=\"column\">\n\t\t\t<div class=\"elementor-widget-wrap elementor-element-populated\">\n\t\t\t\t\t\t<div class=\"elementor-element elementor-element-2efe1b1 elementor-widget elementor-widget-text-editor\" data-id=\"2efe1b1\" data-element_type=\"widget\" data-widget_type=\"text-editor.default\">\n\t\t\t\t<div class=\"elementor-widget-container\">\n\t\t\t\t\t\t\t<p>As principais \u00e1reas de interesse do grupo s\u00e3o: Solu\u00e7\u00f5es Baseadas na Natureza (SbN); Sistemas de Drenagem Urbana Sustent\u00e1vel; Infraestruturas Verdes; Desempenho de edifica\u00e7\u00f5es; Biomim\u00e9tica; \u00c1reas urbanas; Mudan\u00e7as clim\u00e1ticas; Nexus (water-food-energy).<\/p>\t\t\t\t\t\t<\/div>\n\t\t\t\t<\/div>\n\t\t\t\t\t<\/div>\n\t\t<\/div>\n\t\t\t\t\t<\/div>\n\t\t<\/section>\n\t\t\t\t\t<\/div>\n\t\t<\/div>\n\t\t\t\t\t<\/div>\n\t\t<\/section>\n\t\t\t\t<section class=\"elementor-section elementor-top-section elementor-element elementor-element-1385262 elementor-section-boxed elementor-section-height-default elementor-section-height-default\" data-id=\"1385262\" data-element_type=\"section\">\n\t\t\t\t\t\t<div class=\"elementor-container elementor-column-gap-default\">\n\t\t\t\t\t<div class=\"elementor-column elementor-col-100 elementor-top-column elementor-element elementor-element-27a2228\" data-id=\"27a2228\" data-element_type=\"column\">\n\t\t\t<div class=\"elementor-widget-wrap elementor-element-populated\">\n\t\t\t\t\t\t<div class=\"elementor-element elementor-element-5f4830d elementor-widget elementor-widget-image\" data-id=\"5f4830d\" data-element_type=\"widget\" data-widget_type=\"image.default\">\n\t\t\t\t<div class=\"elementor-widget-container\">\n\t\t\t\t\t\t\t\t\t\t\t\t\t\t<a href=\"https:\/\/tinyurl.com\/y8bk4tu8\">\n\t\t\t\t\t\t\t<img fetchpriority=\"high\" decoding=\"async\" width=\"1440\" height=\"789\" src=\"https:\/\/sites.usp.br\/gipsbn\/wp-content\/uploads\/sites\/1084\/2022\/04\/VOSviewer-screenshot-1.png\" class=\"attachment-2048x2048 size-2048x2048 wp-image-497\" alt=\"\" srcset=\"https:\/\/sites.usp.br\/gipsbn\/wp-content\/uploads\/sites\/1084\/2022\/04\/VOSviewer-screenshot-1.png 1440w, https:\/\/sites.usp.br\/gipsbn\/wp-content\/uploads\/sites\/1084\/2022\/04\/VOSviewer-screenshot-1-300x164.png 300w, https:\/\/sites.usp.br\/gipsbn\/wp-content\/uploads\/sites\/1084\/2022\/04\/VOSviewer-screenshot-1-1024x561.png 1024w, https:\/\/sites.usp.br\/gipsbn\/wp-content\/uploads\/sites\/1084\/2022\/04\/VOSviewer-screenshot-1-768x421.png 768w\" sizes=\"(max-width: 1440px) 100vw, 1440px\" \/>\t\t\t\t\t\t\t\t<\/a>\n\t\t\t\t\t\t\t\t\t\t\t\t\t<\/div>\n\t\t\t\t<\/div>\n\t\t\t\t\t<\/div>\n\t\t<\/div>\n\t\t\t\t\t<\/div>\n\t\t<\/section>\n\t\t\t\t<\/div>\n\t\t","protected":false},"excerpt":{"rendered":"<p>Sobre objetivo O Grupo de Intera\u00e7\u00e3o \u00e0 Pesquisa em Solu\u00e7\u00f5es Baseadas na Natureza (GIP-SbN) \u00e9 organizado por pesquisadora, alunos e professores da Universidade de S\u00e3o Paulo (USP), tento como eixo central a Escola Polit\u00e9cnica (POLI) e vinculado aos departamentos de engenharia hidr\u00e1ulica e ambiental (PHA) e engenharia de constru\u00e7\u00e3o civil (PCC). A organiza\u00e7\u00e3o do grupo [&hellip;]<\/p>\n","protected":false},"author":22764,"featured_media":0,"parent":0,"menu_order":0,"comment_status":"closed","ping_status":"closed","template":"elementor_header_footer","meta":{"_monsterinsights_skip_tracking":false,"_monsterinsights_sitenote_active":false,"_monsterinsights_sitenote_note":"","_monsterinsights_sitenote_category":0,"ocean_post_layout":"","ocean_both_sidebars_style":"","ocean_both_sidebars_content_width":0,"ocean_both_sidebars_sidebars_width":0,"ocean_sidebar":"0","ocean_second_sidebar":"0","ocean_disable_margins":"enable","ocean_add_body_class":"","ocean_shortcode_before_top_bar":"","ocean_shortcode_after_top_bar":"","ocean_shortcode_before_header":"","ocean_shortcode_after_header":"","ocean_has_shortcode":"","ocean_shortcode_after_title":"","ocean_shortcode_before_footer_widgets":"","ocean_shortcode_after_footer_widgets":"","ocean_shortcode_before_footer_bottom":"","ocean_shortcode_after_footer_bottom":"","ocean_display_top_bar":"default","ocean_display_header":"default","ocean_header_style":"","ocean_center_header_left_menu":"0","ocean_custom_header_template":"0","ocean_custom_logo":0,"ocean_custom_retina_logo":0,"ocean_custom_logo_max_width":0,"ocean_custom_logo_tablet_max_width":0,"ocean_custom_logo_mobile_max_width":0,"ocean_custom_logo_max_height":0,"ocean_custom_logo_tablet_max_height":0,"ocean_custom_logo_mobile_max_height":0,"ocean_header_custom_menu":"0","ocean_menu_typo_font_family":"0","ocean_menu_typo_font_subset":"","ocean_menu_typo_font_size":0,"ocean_menu_typo_font_size_tablet":0,"ocean_menu_typo_font_size_mobile":0,"ocean_menu_typo_font_size_unit":"px","ocean_menu_typo_font_weight":"","ocean_menu_typo_font_weight_tablet":"","ocean_menu_typo_font_weight_mobile":"","ocean_menu_typo_transform":"","ocean_menu_typo_transform_tablet":"","ocean_menu_typo_transform_mobile":"","ocean_menu_typo_line_height":0,"ocean_menu_typo_line_height_tablet":0,"ocean_menu_typo_line_height_mobile":0,"ocean_menu_typo_line_height_unit":"","ocean_menu_typo_spacing":0,"ocean_menu_typo_spacing_tablet":0,"ocean_menu_typo_spacing_mobile":0,"ocean_menu_typo_spacing_unit":"","ocean_menu_link_color":"","ocean_menu_link_color_hover":"","ocean_menu_link_color_active":"","ocean_menu_link_background":"","ocean_menu_link_hover_background":"","ocean_menu_link_active_background":"","ocean_menu_social_links_bg":"","ocean_menu_social_hover_links_bg":"","ocean_menu_social_links_color":"","ocean_menu_social_hover_links_color":"","ocean_disable_title":"on","ocean_disable_heading":"default","ocean_post_title":"","ocean_post_subheading":"","ocean_post_title_style":"","ocean_post_title_background_color":"","ocean_post_title_background":0,"ocean_post_title_bg_image_position":"","ocean_post_title_bg_image_attachment":"","ocean_post_title_bg_image_repeat":"","ocean_post_title_bg_image_size":"","ocean_post_title_height":0,"ocean_post_title_bg_overlay":0.5,"ocean_post_title_bg_overlay_color":"","ocean_disable_breadcrumbs":"default","ocean_breadcrumbs_color":"","ocean_breadcrumbs_separator_color":"","ocean_breadcrumbs_links_color":"","ocean_breadcrumbs_links_hover_color":"","ocean_display_footer_widgets":"default","ocean_display_footer_bottom":"default","ocean_custom_footer_template":"0","footnotes":"","_links_to":"","_links_to_target":""},"class_list":["post-39","page","type-page","status-publish","hentry","entry"],"_links":{"self":[{"href":"https:\/\/sites.usp.br\/gipsbn\/en\/wp-json\/wp\/v2\/pages\/39","targetHints":{"allow":["GET"]}}],"collection":[{"href":"https:\/\/sites.usp.br\/gipsbn\/en\/wp-json\/wp\/v2\/pages"}],"about":[{"href":"https:\/\/sites.usp.br\/gipsbn\/en\/wp-json\/wp\/v2\/types\/page"}],"author":[{"embeddable":true,"href":"https:\/\/sites.usp.br\/gipsbn\/en\/wp-json\/wp\/v2\/users\/22764"}],"replies":[{"embeddable":true,"href":"https:\/\/sites.usp.br\/gipsbn\/en\/wp-json\/wp\/v2\/comments?post=39"}],"version-history":[{"count":4,"href":"https:\/\/sites.usp.br\/gipsbn\/en\/wp-json\/wp\/v2\/pages\/39\/revisions"}],"predecessor-version":[{"id":2558,"href":"https:\/\/sites.usp.br\/gipsbn\/en\/wp-json\/wp\/v2\/pages\/39\/revisions\/2558"}],"wp:attachment":[{"href":"https:\/\/sites.usp.br\/gipsbn\/en\/wp-json\/wp\/v2\/media?parent=39"}],"curies":[{"name":"wp","href":"https:\/\/api.w.org\/{rel}","templated":true}]}}