{"id":116,"date":"2022-06-02T12:32:54","date_gmt":"2022-06-02T15:32:54","guid":{"rendered":"https:\/\/sites.usp.br\/gipsbn\/?page_id=116"},"modified":"2022-09-12T14:26:37","modified_gmt":"2022-09-12T17:26:37","slug":"mapeamentos","status":"publish","type":"page","link":"https:\/\/sites.usp.br\/gipsbn\/mapeamentos\/","title":{"rendered":"MAPA"},"content":{"rendered":"\t\t<div data-elementor-type=\"wp-page\" data-elementor-id=\"116\" class=\"elementor elementor-116\" data-elementor-post-type=\"page\">\n\t\t\t\t\t\t<section class=\"elementor-section elementor-top-section elementor-element elementor-element-a17e6b9 elementor-section-boxed elementor-section-height-default elementor-section-height-default\" data-id=\"a17e6b9\" data-element_type=\"section\">\n\t\t\t\t\t\t<div class=\"elementor-container elementor-column-gap-default\">\n\t\t\t\t\t<div class=\"elementor-column elementor-col-100 elementor-top-column elementor-element elementor-element-fe36e7c\" data-id=\"fe36e7c\" data-element_type=\"column\">\n\t\t\t<div class=\"elementor-widget-wrap elementor-element-populated\">\n\t\t\t\t\t\t<section class=\"elementor-section elementor-inner-section elementor-element elementor-element-5b91f35 elementor-section-boxed elementor-section-height-default elementor-section-height-default\" data-id=\"5b91f35\" data-element_type=\"section\">\n\t\t\t\t\t\t<div class=\"elementor-container elementor-column-gap-default\">\n\t\t\t\t\t<div class=\"elementor-column elementor-col-50 elementor-inner-column elementor-element elementor-element-16df143\" data-id=\"16df143\" data-element_type=\"column\">\n\t\t\t<div class=\"elementor-widget-wrap elementor-element-populated\">\n\t\t\t\t\t\t<div class=\"elementor-element elementor-element-15beda9 elementor-widget elementor-widget-heading\" data-id=\"15beda9\" data-element_type=\"widget\" data-widget_type=\"heading.default\">\n\t\t\t\t<div class=\"elementor-widget-container\">\n\t\t\t<h2 class=\"elementor-heading-title elementor-size-default\">mapa\n\n<\/h2>\t\t<\/div>\n\t\t\t\t<\/div>\n\t\t\t\t\t<\/div>\n\t\t<\/div>\n\t\t\t\t<div class=\"elementor-column elementor-col-50 elementor-inner-column elementor-element elementor-element-8ca76b8\" data-id=\"8ca76b8\" data-element_type=\"column\">\n\t\t\t<div class=\"elementor-widget-wrap elementor-element-populated\">\n\t\t\t\t\t\t<div class=\"elementor-element elementor-element-073fb28 elementor-widget-divider--view-line elementor-widget elementor-widget-divider\" data-id=\"073fb28\" data-element_type=\"widget\" data-widget_type=\"divider.default\">\n\t\t\t\t<div class=\"elementor-widget-container\">\n\t\t\t\t\t<div class=\"elementor-divider\">\n\t\t\t<span class=\"elementor-divider-separator\">\n\t\t\t\t\t\t<\/span>\n\t\t<\/div>\n\t\t\t\t<\/div>\n\t\t\t\t<\/div>\n\t\t\t\t\t<\/div>\n\t\t<\/div>\n\t\t\t\t\t<\/div>\n\t\t<\/section>\n\t\t\t\t\t<\/div>\n\t\t<\/div>\n\t\t\t\t\t<\/div>\n\t\t<\/section>\n\t\t\t\t<section class=\"elementor-section elementor-top-section elementor-element elementor-element-158964a elementor-section-boxed elementor-section-height-default elementor-section-height-default\" data-id=\"158964a\" data-element_type=\"section\">\n\t\t\t\t\t\t<div class=\"elementor-container elementor-column-gap-default\">\n\t\t\t\t\t<div class=\"elementor-column elementor-col-100 elementor-top-column elementor-element elementor-element-cb4055c\" data-id=\"cb4055c\" data-element_type=\"column\">\n\t\t\t<div class=\"elementor-widget-wrap elementor-element-populated\">\n\t\t\t\t\t\t<section class=\"elementor-section elementor-inner-section elementor-element elementor-element-aa2a5ce elementor-section-boxed elementor-section-height-default elementor-section-height-default\" data-id=\"aa2a5ce\" data-element_type=\"section\">\n\t\t\t\t\t\t<div class=\"elementor-container elementor-column-gap-default\">\n\t\t\t\t\t<div class=\"elementor-column elementor-col-100 elementor-inner-column elementor-element elementor-element-7e1ddc3\" data-id=\"7e1ddc3\" data-element_type=\"column\">\n\t\t\t<div class=\"elementor-widget-wrap elementor-element-populated\">\n\t\t\t\t\t\t<div class=\"elementor-element elementor-element-bef8c2d elementor-widget elementor-widget-heading\" data-id=\"bef8c2d\" data-element_type=\"widget\" data-widget_type=\"heading.default\">\n\t\t\t\t<div class=\"elementor-widget-container\">\n\t\t\t<h2 class=\"elementor-heading-title elementor-size-default\">A infra verde e voc\u00ea<\/h2>\t\t<\/div>\n\t\t\t\t<\/div>\n\t\t\t\t\t<\/div>\n\t\t<\/div>\n\t\t\t\t\t<\/div>\n\t\t<\/section>\n\t\t\t\t\t<\/div>\n\t\t<\/div>\n\t\t\t\t\t<\/div>\n\t\t<\/section>\n\t\t\t\t<section class=\"elementor-section elementor-top-section elementor-element elementor-element-1895e1a elementor-section-boxed elementor-section-height-default elementor-section-height-default\" data-id=\"1895e1a\" data-element_type=\"section\">\n\t\t\t\t\t\t<div class=\"elementor-container elementor-column-gap-default\">\n\t\t\t\t\t<div class=\"elementor-column elementor-col-100 elementor-top-column elementor-element elementor-element-5683f76\" data-id=\"5683f76\" data-element_type=\"column\">\n\t\t\t<div class=\"elementor-widget-wrap elementor-element-populated\">\n\t\t\t\t\t\t<div class=\"elementor-element elementor-element-a36981d elementor-widget elementor-widget-text-editor\" data-id=\"a36981d\" data-element_type=\"widget\" data-widget_type=\"text-editor.default\">\n\t\t\t\t<div class=\"elementor-widget-container\">\n\t\t\t\t\t\t\t<p><span style=\"font-size: 14px; color: var( --e-global-color-text ); letter-spacing: 0.1px; word-spacing: 0.2em;\">Voc\u00ea sabia que a Infraestrutura Verde (IEV) \u00e9 uma <\/span><a style=\"font-size: 14px; letter-spacing: 0.1px; word-spacing: 0.2em; background-color: #ffffff;\" href=\"https:\/\/sites.usp.br\/gipsbn\/solucoes-baseadas-na-natureza\/\">Solu\u00e7\u00e3o baseada na Natureza (SbN)<\/a><span style=\"font-size: 14px; color: var( --e-global-color-text ); letter-spacing: 0.1px; word-spacing: 0.2em;\">?<\/span><\/p><p>A IEV consiste em uma rede multifuncional verde-azul, que pode ser definida como uma \u201crede interconectada de \u00e1reas naturais e espa\u00e7os projetados que conserva valores e fun\u00e7\u00f5es do ecossistema natural, sustenta o ar e a \u00e1gua limpos e prov\u00ea uma gama de benef\u00edcios para as pessoas e seres vivos. Nesse contexto, a IEV \u00e9 um quadro ecol\u00f3gico para demandas ambientais, sociais e econ\u00f4micas; em suma, nosso sistema natural de suporte \u00e0 vida\u201d (BENEDICT; MACMAHON, 2006).<\/p><p>\u00c9 nessa atmosfera de rede e conex\u00e3o que surge mais este projeto: \u201cEu, voc\u00ea e a Infraestrutura Verde\u201d.<\/p><p>Estamos desenvolvendo um mapa dessas infraestruturas pelo mundo. \u00c9 uma forma de compartilhar imagens que representam como o verde-azul nos afeta na esfera pessoal e nos conecta. Isso tudo distribu\u00eddo espacialmente e identificado por meio do mapeamento. E convidamos voc\u00ea a nos ajudar a desenvolver o Mapa das Infraestruturas Verdes pelo Mundo.<\/p><p>Com o material produzido, por ser georreferenciado, al\u00e9m de encontrar os projetos pr\u00f3ximos a voc\u00ea, tamb\u00e9m vai ser poss\u00edvel exportar para outros formatos e, assim, construir um banco de dados que contribua com a intera\u00e7\u00e3o \u00e0 pesquisa no \u00e2mbito das SbNs.<\/p><p>Ent\u00e3o vamos fotografar e trazer imagens para esse mapa compartilhado!<\/p><p><span style=\"font-family: Raleway, RALEWAY; font-size: 14px; font-style: normal; font-variant-ligatures: normal; font-variant-caps: normal; font-weight: 400; letter-spacing: 0.1px; word-spacing: 2.8px;\">Para colaborar, basta acessar o My Maps ou Meus Mapas, que \u00e9 uma ferramenta do Google na qual \u00e9 poss\u00edvel customizar e compartilhar mapas personalizados do Google Maps. \u00c9 um mapa de escala mundial e, para editar, \u00e9 necess\u00e1rio acessar com uma conta do Gmail. A TechTudo preparou um tutorial de como usar o My Maps; para saber mais, clique\u00a0<\/span><a style=\"font-variant-ligatures: normal; font-variant-caps: normal; font-family: Raleway, RALEWAY; font-size: 14px; font-style: normal; font-weight: 400; background-color: #ffffff; letter-spacing: 0.1px; word-spacing: 2.8px;\" href=\"https:\/\/www.techtudo.com.br\/noticias\/2014\/09\/como-usar-o-my-maps-para-criar-mapas-pessoais-e-guias-de-viagem.ghtml\">aqui.<\/a><\/p>\t\t\t\t\t\t<\/div>\n\t\t\t\t<\/div>\n\t\t\t\t\t<\/div>\n\t\t<\/div>\n\t\t\t\t\t<\/div>\n\t\t<\/section>\n\t\t\t\t<section class=\"elementor-section elementor-top-section elementor-element elementor-element-43603135 elementor-section-boxed elementor-section-height-default elementor-section-height-default\" data-id=\"43603135\" data-element_type=\"section\">\n\t\t\t\t\t\t<div class=\"elementor-container elementor-column-gap-default\">\n\t\t\t\t\t<div class=\"elementor-column elementor-col-50 elementor-top-column elementor-element elementor-element-dce11e3\" data-id=\"dce11e3\" data-element_type=\"column\">\n\t\t\t<div class=\"elementor-widget-wrap elementor-element-populated\">\n\t\t\t\t\t\t<div class=\"elementor-element elementor-element-cc5a535 elementor-widget elementor-widget-text-editor\" data-id=\"cc5a535\" data-element_type=\"widget\" data-widget_type=\"text-editor.default\">\n\t\t\t\t<div class=\"elementor-widget-container\">\n\t\t\t\t\t\t\t<p><span style=\"font-size: 14px; color: var( --e-global-color-text ); letter-spacing: 0.1px; word-spacing: 0.2em;\">Conhe\u00e7a e colabore com o mapa que \u00e9 parte da pesquisa da Maria Cristina S. Pereira doutoranda\u00a0 da EPUSP e fundadora do GIP-SbN. Para entrar no modo edit\u00e1vel basta clicar <\/span><a style=\"font-size: 14px; letter-spacing: 0.1px; word-spacing: 0.2em; background-color: #ffffff;\" href=\"https:\/\/www.google.com\/maps\/d\/u\/0\/edit?mid=1NTa9YY2ne6uH_dfTeb1TVnvXvRDnkqEw&amp;ll=2.7817564289455348%2C0&amp;z=2\">aqui<\/a><span style=\"font-size: 14px; color: var( --e-global-color-text ); letter-spacing: 0.1px; word-spacing: 0.2em;\"> ou no \u00edcone ao lado.<\/span><\/p>\t\t\t\t\t\t<\/div>\n\t\t\t\t<\/div>\n\t\t\t\t\t<\/div>\n\t\t<\/div>\n\t\t\t\t<div class=\"elementor-column elementor-col-50 elementor-top-column elementor-element elementor-element-3c5d8d97\" data-id=\"3c5d8d97\" data-element_type=\"column\">\n\t\t\t<div class=\"elementor-widget-wrap elementor-element-populated\">\n\t\t\t\t\t\t<div class=\"elementor-element elementor-element-73c8b3b elementor-view-framed elementor-shape-circle elementor-widget elementor-widget-icon\" data-id=\"73c8b3b\" data-element_type=\"widget\" data-widget_type=\"icon.default\">\n\t\t\t\t<div class=\"elementor-widget-container\">\n\t\t\t\t\t<div class=\"elementor-icon-wrapper\">\n\t\t\t<a class=\"elementor-icon\" href=\"https:\/\/www.google.com\/maps\/d\/edit?mid=1NTa9YY2ne6uH_dfTeb1TVnvXvRDnkqEw&#038;usp=sharing\">\n\t\t\t<i aria-hidden=\"true\" class=\"fas fa-map-marked-alt\"><\/i>\t\t\t<\/a>\n\t\t<\/div>\n\t\t\t\t<\/div>\n\t\t\t\t<\/div>\n\t\t\t\t\t<\/div>\n\t\t<\/div>\n\t\t\t\t\t<\/div>\n\t\t<\/section>\n\t\t\t\t<section class=\"elementor-section elementor-top-section elementor-element elementor-element-4472606 elementor-section-boxed elementor-section-height-default elementor-section-height-default\" data-id=\"4472606\" data-element_type=\"section\">\n\t\t\t\t\t\t<div class=\"elementor-container elementor-column-gap-default\">\n\t\t\t\t\t<div class=\"elementor-column elementor-col-100 elementor-top-column elementor-element elementor-element-1c50537\" data-id=\"1c50537\" data-element_type=\"column\">\n\t\t\t<div class=\"elementor-widget-wrap elementor-element-populated\">\n\t\t\t\t\t\t<div class=\"elementor-element elementor-element-e188609 elementor-widget elementor-widget-text-editor\" data-id=\"e188609\" data-element_type=\"widget\" data-widget_type=\"text-editor.default\">\n\t\t\t\t<div class=\"elementor-widget-container\">\n\t\t\t\t\t\t\t<iframe src=\"https:\/\/www.google.com\/maps\/d\/embed?mid=1NTa9YY2ne6uH_dfTeb1TVnvXvRDnkqEw&#038;ehbc=2E312F\" width=\"640\" height=\"480\"><\/iframe> \t\t\t\t\t\t<\/div>\n\t\t\t\t<\/div>\n\t\t\t\t\t<\/div>\n\t\t<\/div>\n\t\t\t\t\t<\/div>\n\t\t<\/section>\n\t\t\t\t<\/div>\n\t\t","protected":false},"excerpt":{"rendered":"<p>mapa A infra verde e voc\u00ea Voc\u00ea sabia que a Infraestrutura Verde (IEV) \u00e9 uma Solu\u00e7\u00e3o baseada na Natureza (SbN)? A IEV consiste em uma rede multifuncional verde-azul, que pode ser definida como uma \u201crede interconectada de \u00e1reas naturais e espa\u00e7os projetados que conserva valores e fun\u00e7\u00f5es do ecossistema natural, sustenta o ar e a [&hellip;]<\/p>\n","protected":false},"author":22764,"featured_media":0,"parent":0,"menu_order":0,"comment_status":"closed","ping_status":"closed","template":"elementor_header_footer","meta":{"_monsterinsights_skip_tracking":false,"_monsterinsights_sitenote_active":false,"_monsterinsights_sitenote_note":"","_monsterinsights_sitenote_category":0,"ocean_post_layout":"","ocean_both_sidebars_style":"","ocean_both_sidebars_content_width":0,"ocean_both_sidebars_sidebars_width":0,"ocean_sidebar":"0","ocean_second_sidebar":"0","ocean_disable_margins":"enable","ocean_add_body_class":"","ocean_shortcode_before_top_bar":"","ocean_shortcode_after_top_bar":"","ocean_shortcode_before_header":"","ocean_shortcode_after_header":"","ocean_has_shortcode":"","ocean_shortcode_after_title":"","ocean_shortcode_before_footer_widgets":"","ocean_shortcode_after_footer_widgets":"","ocean_shortcode_before_footer_bottom":"","ocean_shortcode_after_footer_bottom":"","ocean_display_top_bar":"default","ocean_display_header":"default","ocean_header_style":"","ocean_center_header_left_menu":"0","ocean_custom_header_template":"0","ocean_custom_logo":0,"ocean_custom_retina_logo":0,"ocean_custom_logo_max_width":0,"ocean_custom_logo_tablet_max_width":0,"ocean_custom_logo_mobile_max_width":0,"ocean_custom_logo_max_height":0,"ocean_custom_logo_tablet_max_height":0,"ocean_custom_logo_mobile_max_height":0,"ocean_header_custom_menu":"0","ocean_menu_typo_font_family":"0","ocean_menu_typo_font_subset":"","ocean_menu_typo_font_size":0,"ocean_menu_typo_font_size_tablet":0,"ocean_menu_typo_font_size_mobile":0,"ocean_menu_typo_font_size_unit":"px","ocean_menu_typo_font_weight":"","ocean_menu_typo_font_weight_tablet":"","ocean_menu_typo_font_weight_mobile":"","ocean_menu_typo_transform":"","ocean_menu_typo_transform_tablet":"","ocean_menu_typo_transform_mobile":"","ocean_menu_typo_line_height":0,"ocean_menu_typo_line_height_tablet":0,"ocean_menu_typo_line_height_mobile":0,"ocean_menu_typo_line_height_unit":"","ocean_menu_typo_spacing":0,"ocean_menu_typo_spacing_tablet":0,"ocean_menu_typo_spacing_mobile":0,"ocean_menu_typo_spacing_unit":"","ocean_menu_link_color":"","ocean_menu_link_color_hover":"","ocean_menu_link_color_active":"","ocean_menu_link_background":"","ocean_menu_link_hover_background":"","ocean_menu_link_active_background":"","ocean_menu_social_links_bg":"","ocean_menu_social_hover_links_bg":"","ocean_menu_social_links_color":"","ocean_menu_social_hover_links_color":"","ocean_disable_title":"on","ocean_disable_heading":"enable","ocean_post_title":"","ocean_post_subheading":"","ocean_post_title_style":"","ocean_post_title_background_color":"","ocean_post_title_background":0,"ocean_post_title_bg_image_position":"","ocean_post_title_bg_image_attachment":"","ocean_post_title_bg_image_repeat":"","ocean_post_title_bg_image_size":"","ocean_post_title_height":0,"ocean_post_title_bg_overlay":0.5,"ocean_post_title_bg_overlay_color":"","ocean_disable_breadcrumbs":"default","ocean_breadcrumbs_color":"","ocean_breadcrumbs_separator_color":"","ocean_breadcrumbs_links_color":"","ocean_breadcrumbs_links_hover_color":"","ocean_display_footer_widgets":"default","ocean_display_footer_bottom":"default","ocean_custom_footer_template":"0","footnotes":"","_links_to":"","_links_to_target":""},"class_list":["post-116","page","type-page","status-publish","hentry","entry"],"_links":{"self":[{"href":"https:\/\/sites.usp.br\/gipsbn\/wp-json\/wp\/v2\/pages\/116","targetHints":{"allow":["GET"]}}],"collection":[{"href":"https:\/\/sites.usp.br\/gipsbn\/wp-json\/wp\/v2\/pages"}],"about":[{"href":"https:\/\/sites.usp.br\/gipsbn\/wp-json\/wp\/v2\/types\/page"}],"author":[{"embeddable":true,"href":"https:\/\/sites.usp.br\/gipsbn\/wp-json\/wp\/v2\/users\/22764"}],"replies":[{"embeddable":true,"href":"https:\/\/sites.usp.br\/gipsbn\/wp-json\/wp\/v2\/comments?post=116"}],"version-history":[{"count":4,"href":"https:\/\/sites.usp.br\/gipsbn\/wp-json\/wp\/v2\/pages\/116\/revisions"}],"predecessor-version":[{"id":1782,"href":"https:\/\/sites.usp.br\/gipsbn\/wp-json\/wp\/v2\/pages\/116\/revisions\/1782"}],"wp:attachment":[{"href":"https:\/\/sites.usp.br\/gipsbn\/wp-json\/wp\/v2\/media?parent=116"}],"curies":[{"name":"wp","href":"https:\/\/api.w.org\/{rel}","templated":true}]}}