{"id":111,"date":"2017-03-27T00:01:13","date_gmt":"2017-03-27T02:01:13","guid":{"rendered":"http:\/\/sites.usp.br\/gmec\/?page_id=111"},"modified":"2022-10-06T00:57:18","modified_gmt":"2022-10-06T02:57:18","slug":"quem-somos","status":"publish","type":"page","link":"https:\/\/sites.usp.br\/gmec\/quem-somos\/","title":{"rendered":"Quem Somos"},"content":{"rendered":"<div id=\"pl-111\"  class=\"panel-layout\" ><div id=\"pg-111-0\"  class=\"panel-grid panel-no-style\" ><div id=\"pgc-111-0-0\"  class=\"panel-grid-cell\" ><div id=\"panel-111-0-0-0\" class=\"so-panel widget widget_sow-editor panel-first-child\" data-index=\"0\" ><div\n\t\t\t\n\t\t\tclass=\"so-widget-sow-editor so-widget-sow-editor-base\"\n\t\t\t\n\t\t>\n<div class=\"siteorigin-widget-tinymce textwidget\">\n\t<p>O GMEC - Grupo de Modelagem de Estruturas de Concreto \u00e9 um grupo de pesquisa criado em 1999 pelo Prof. Dr. T\u00falio Nogueira Bittencourt com o apoio dos seus colaboradores \u00e0 \u00e9poca.<\/p>\n<p>O grupo se dedica ao estudo de sistemas e materiais estruturais com \u00eanfase em estruturas de concreto armado e protendido, estruturas met\u00e1licas e estruturas mistas.<\/p>\n<p>Atualmente, os membros do grupo v\u00eam se dedicando ao estudo dos processos de inspe\u00e7\u00e3o, manuten\u00e7\u00e3o e monitoramento da integridade estrutural de pontes rodovi\u00e1rias e ferrovi\u00e1rias.<\/p>\n<p><a href=\"https:\/\/sites.usp.br\/gmec\/wp-content\/uploads\/sites\/579\/2019\/08\/foto_metalica2.jpg\"><img loading=\"lazy\" decoding=\"async\" class=\"aligncenter wp-image-305 size-full\" src=\"https:\/\/sites.usp.br\/gmec\/wp-content\/uploads\/sites\/579\/2019\/08\/foto_metalica2.jpg\" alt=\"\" width=\"451\" height=\"310\" srcset=\"https:\/\/sites.usp.br\/gmec\/wp-content\/uploads\/sites\/579\/2019\/08\/foto_metalica2.jpg 451w, https:\/\/sites.usp.br\/gmec\/wp-content\/uploads\/sites\/579\/2019\/08\/foto_metalica2-300x206.jpg 300w, https:\/\/sites.usp.br\/gmec\/wp-content\/uploads\/sites\/579\/2019\/08\/foto_metalica2-400x275.jpg 400w\" sizes=\"auto, (max-width: 451px) 100vw, 451px\" \/><\/a><\/p>\n<p>Al\u00e9m disso, os membros do grupo possuem forte participa\u00e7\u00e3o no <a href=\"http:\/\/www.iabmas.org\/\">IABMAS<\/a> - International Association for Bridge Maintenance And Safety, no <a href=\"https:\/\/www.iabse.org\/\">IABSE<\/a> - International Association for Bridge and Structural Engineering, no <a href=\"http:\/\/www.ibracon.com.br\/\">IBRACON<\/a> - Instituto Brasileiro do Concreto e na <a href=\"https:\/\/site.abece.com.br\/\">ABECE<\/a> - Associa\u00e7\u00e3o Brasileira de Engenharia e Consultoria Estrutural.<\/p>\n<p><a href=\"https:\/\/sites.usp.br\/gmec\/wp-content\/uploads\/sites\/579\/2019\/08\/sorraia.png\"><img loading=\"lazy\" decoding=\"async\" class=\"aligncenter wp-image-312 size-full\" src=\"https:\/\/sites.usp.br\/gmec\/wp-content\/uploads\/sites\/579\/2019\/08\/sorraia.png\" alt=\"\" width=\"456\" height=\"210\" srcset=\"https:\/\/sites.usp.br\/gmec\/wp-content\/uploads\/sites\/579\/2019\/08\/sorraia.png 456w, https:\/\/sites.usp.br\/gmec\/wp-content\/uploads\/sites\/579\/2019\/08\/sorraia-300x138.png 300w, https:\/\/sites.usp.br\/gmec\/wp-content\/uploads\/sites\/579\/2019\/08\/sorraia-400x184.png 400w\" sizes=\"auto, (max-width: 456px) 100vw, 456px\" \/><\/a><\/p>\n<p>&nbsp;<\/p>\n<p>&nbsp;<\/p>\n<\/div>\n<\/div><\/div><div id=\"panel-111-0-0-1\" class=\"so-panel widget widget_media_video panel-last-child\" data-index=\"1\" ><h3 class=\"widget-title\">Apresenta\u00e7\u00e3o GMEC<\/h3><div style=\"width:100%;\" class=\"wp-video\"><video class=\"wp-video-shortcode\" id=\"video-111-1\" preload=\"metadata\" controls=\"controls\"><source type=\"video\/youtube\" src=\"https:\/\/www.youtube.com\/watch?v=nUGvulxfO7k&#038;_=1\" \/><a href=\"https:\/\/www.youtube.com\/watch?v=nUGvulxfO7k\">https:\/\/www.youtube.com\/watch?v=nUGvulxfO7k<\/a><\/video><\/div><\/div><\/div><\/div><\/div>","protected":false},"excerpt":{"rendered":"<p>O GMEC &#8211; Grupo de Modelagem de Estruturas de Concreto \u00e9 um grupo de pesquisa criado em 1999 pelo Prof. Dr. T\u00falio Nogueira Bittencourt com o apoio dos seus colaboradores \u00e0 \u00e9poca. O grupo se dedica ao estudo de sistemas e materiais estruturais com \u00eanfase em estruturas de concreto armado e protendido, estruturas met\u00e1licas e<a href=\"https:\/\/sites.usp.br\/gmec\/quem-somos\/\">[&#8230;]<\/a><\/p>\n","protected":false},"author":309,"featured_media":0,"parent":0,"menu_order":0,"comment_status":"closed","ping_status":"closed","template":"","meta":{"footnotes":"","_links_to":"","_links_to_target":""},"class_list":["post-111","page","type-page","status-publish","hentry"],"_links":{"self":[{"href":"https:\/\/sites.usp.br\/gmec\/wp-json\/wp\/v2\/pages\/111","targetHints":{"allow":["GET"]}}],"collection":[{"href":"https:\/\/sites.usp.br\/gmec\/wp-json\/wp\/v2\/pages"}],"about":[{"href":"https:\/\/sites.usp.br\/gmec\/wp-json\/wp\/v2\/types\/page"}],"author":[{"embeddable":true,"href":"https:\/\/sites.usp.br\/gmec\/wp-json\/wp\/v2\/users\/309"}],"replies":[{"embeddable":true,"href":"https:\/\/sites.usp.br\/gmec\/wp-json\/wp\/v2\/comments?post=111"}],"version-history":[{"count":7,"href":"https:\/\/sites.usp.br\/gmec\/wp-json\/wp\/v2\/pages\/111\/revisions"}],"predecessor-version":[{"id":551,"href":"https:\/\/sites.usp.br\/gmec\/wp-json\/wp\/v2\/pages\/111\/revisions\/551"}],"wp:attachment":[{"href":"https:\/\/sites.usp.br\/gmec\/wp-json\/wp\/v2\/media?parent=111"}],"curies":[{"name":"wp","href":"https:\/\/api.w.org\/{rel}","templated":true}]}}