{"id":278,"date":"2019-08-19T18:20:56","date_gmt":"2019-08-19T20:20:56","guid":{"rendered":"https:\/\/sites.usp.br\/gmec\/?page_id=278"},"modified":"2022-10-26T11:26:20","modified_gmt":"2022-10-26T13:26:20","slug":"publicacoes","status":"publish","type":"page","link":"https:\/\/sites.usp.br\/gmec\/publicacoes\/","title":{"rendered":"Publica\u00e7\u00f5es"},"content":{"rendered":"<div id=\"pl-278\"  class=\"panel-layout\" ><div id=\"pg-278-0\"  class=\"panel-grid panel-no-style\" ><div id=\"pgc-278-0-0\"  class=\"panel-grid-cell\" ><div id=\"panel-278-0-0-0\" class=\"so-panel widget widget_sow-editor panel-first-child\" data-index=\"0\" ><div\n\t\t\t\n\t\t\tclass=\"so-widget-sow-editor so-widget-sow-editor-base\"\n\t\t\t\n\t\t><h3 class=\"widget-title\">Teses de Doutorado<\/h3>\n<div class=\"siteorigin-widget-tinymce textwidget\">\n\t<p><span style=\"color: #000000;\">Boriolo, G. R., <a href=\"https:\/\/www.teses.usp.br\/teses\/disponiveis\/3\/3144\/tde-11012022-105913\/pt-br.php\">Light steel framing fa\u00e7ades: mechanical behavior of cementitious boards and numerical structural modeling for high building applications<\/a>,\u00a0 Tese de Doutorado, Escola Polit\u00e9cnica da Universidade de S\u00e3o Paulo, POLI, USP, 2021.<\/span><\/p>\n<p>Carneiro, A. L., <a href=\"https:\/\/www.teses.usp.br\/teses\/disponiveis\/3\/3144\/tde-30062021-103113\/\">Avalia\u00e7\u00e3o do n\u00edvel de seguran\u00e7a \u00e0 fadiga proporcionado pelas normas brasileiras de projeto em rela\u00e7\u00e3o \u00e0s longarinas de pontes rodovi\u00e1rias de concreto,<\/a> Tese de Doutorado, Escola Polit\u00e9cnica da Universidade de S\u00e3o Paulo, POLI, USP, 2020.<\/p>\n<p>Portela, E. L., <a href=\"http:\/\/www.teses.usp.br\/teses\/disponiveis\/3\/3144\/tde-11122018-151658\/pt-br.php\">Analysis and development of a live load model for brazilian concrete bridges based on WIM data<\/a>, Tese de Doutorado, Escola Polit\u00e9cnica da Universidade de S\u00e3o Paulo, POLI, USP, 2018.<\/p>\n<p class=\"author\">Colombo, A. B., <a href=\"http:\/\/www.teses.usp.br\/teses\/disponiveis\/3\/3144\/tde-02122016-092514\/pt-br.php\" target=\"_blank\" rel=\"noopener\">Aplica\u00e7\u00e3o de monitoramento estrutural e ensaios de campo \u00e0 an\u00e1lise probabil\u00edstica de ciclo de vida<\/a>, Tese de Doutorado, Escola Polit\u00e9cnica da Universidade de S\u00e3o Paulo, POLI, USP, 2016.<\/p>\n<p class=\"author\">Ticona Melo, L. R., <a href=\"http:\/\/www.teses.usp.br\/teses\/disponiveis\/3\/3144\/tde-02122016-100030\/pt-br.php\" target=\"_blank\" rel=\"noopener\">Estudo de efeitos din\u00e2micos em pontes ferrovi\u00e1rias considerando intera\u00e7\u00e3o ve\u00edculo-estrutura<\/a>, Tese de Doutorado, Escola Polit\u00e9cnica da Universidade de S\u00e3o Paulo, POLI, USP, 2016.<\/p>\n<p class=\"author\">Teixeira, R. M.,\u00a0 <a href=\"http:\/\/www.teses.usp.br\/teses\/disponiveis\/3\/3144\/tde-20072016-095317\/pt-br.php\" target=\"_blank\" rel=\"noopener\">Metodologias para Modelagem e An\u00e1lise da Fadiga em Liga\u00e7\u00f5es Rebitadas com Aplica\u00e7\u00e3o em Pontes Met\u00e1licas Ferrovi\u00e1rias<\/a>, Tese de Doutorado, Escola Polit\u00e9cnica da Universidade de S\u00e3o Paulo, POLI, USP, 2015.<\/p>\n<p class=\"author\">Rodrigues, E. A., <a href=\"http:\/\/www.teses.usp.br\/teses\/disponiveis\/3\/3144\/tde-10052016-113532\/pt-br.php\" target=\"_blank\" rel=\"noopener\">Um modelo multiescala concorrente para representar o processo de fissura\u00e7\u00e3o do concreto<\/a>, Tese de Doutorado, Escola Polit\u00e9cnica da Universidade de S\u00e3o Paulo, POLI, USP, 2015.<\/p>\n<\/div>\n<\/div><\/div><div id=\"panel-278-0-0-1\" class=\"so-panel widget widget_sow-editor\" data-index=\"1\" ><div\n\t\t\t\n\t\t\tclass=\"so-widget-sow-editor so-widget-sow-editor-base\"\n\t\t\t\n\t\t><h3 class=\"widget-title\">Disserta\u00e7\u00f5es de Mestrado<\/h3>\n<div class=\"siteorigin-widget-tinymce textwidget\">\n\t<p>Welter, N. V. C,. Estudo do refor\u00e7o estrutural com o concreto de altura-alto desempenho refor\u00e7ado com fibras., <em>Disserta\u00e7\u00e3o de Mestrado,<\/em> (Engenharia Civil) - Escola Polit\u00e9cnica da Universidade de S\u00e3o Paulo, POLI, USP, 2022.<\/p>\n<p>Silva,<span style=\"color: #000000;\"> T. D., <a href=\"https:\/\/www.teses.usp.br\/teses\/disponiveis\/3\/3144\/tde-17092021-110423\/en.php\">Identifica\u00e7\u00e3o e localiza\u00e7\u00e3o de danos estruturais mediante respostas din\u00e2micas<\/a>.,<\/span> <em>Disserta\u00e7\u00e3o de Mestrado<\/em>, Escola Polit\u00e9cnica da Universidade de S\u00e3o Paulo, POLI, USP, 2021.<\/p>\n<p>Ramos, F. S., <a href=\"https:\/\/www.teses.usp.br\/teses\/disponiveis\/3\/3144\/tde-04062021-165105\/pt-br.php\">Modelagem computacional do refor\u00e7o estrutural em obra de arte especial: Ponte Imperial Dom Pedro II.<\/a>, <em>Disserta\u00e7\u00e3o de Mestrado<\/em>, Escola Polit\u00e9cnica da Universidade de S\u00e3o Paulo, POLI, USP, 2020.<\/p>\n<p>Barbosa, F. A. S., <a href=\"https:\/\/www.teses.usp.br\/teses\/disponiveis\/3\/3144\/tde-14012021-123256\/en.php\">Numerical Assessment of Concrete Flexural Members Reinforced by FRP Rebars<\/a>,, <em>Disserta\u00e7\u00e3o de Mestrado<\/em>, Escola Polit\u00e9cnica da Universidade de S\u00e3o Paulo, POLI, USP, 2020.<\/p>\n<p>Ramos, D. H., <span style=\"color: #000000;\"><a href=\"https:\/\/teses.usp.br\/teses\/disponiveis\/3\/3144\/tde-26112019-082145\/en.php\">Avalia\u00e7\u00e3o de ensaios n\u00e3o destrutivos aplicados ao concreto armado<\/a>.,<\/span> <em>Disserta\u00e7\u00e3o de Mestrado<\/em>, Escola Polit\u00e9cnica da Universidade de S\u00e3o Paulo, POLI, USP, 2019.<\/p>\n<p>Orlando, I. D. G., <a href=\"http:\/\/www.teses.usp.br\/teses\/disponiveis\/3\/3144\/tde-17072019-143439\/pt-br.php\">Projeto de estruturas de concreto armado refor\u00e7adas com comp\u00f3sitos FRP: dimensionamento \u00e0\u00a0 flex\u00e3o e \u00e0 for\u00e7a cortante.<\/a>, <em>Disserta\u00e7\u00e3o de Mestrado<\/em>, Escola Polit\u00e9cnica da Universidade de S\u00e3o Paulo, POLI, USP, 2019.<\/p>\n<p>Penachio Junior, J.,<span style=\"color: #000000;\"><a href=\"https:\/\/teses.usp.br\/teses\/disponiveis\/3\/3144\/tde-28082019-134625\/en.php\"> Avalia\u00e7\u00e3o da capacidade de carga no arrancamento de al\u00e7as de i\u00e7amento e na flex\u00e3o pura de emendas em lajes pr\u00e9-moldadas<\/a>., <\/span><em><span style=\"color: #000000;\">Disserta\u00e7\u00e3o de Mestrad<\/span>o<\/em>, Escola Polit\u00e9cnica da Universidade de S\u00e3o Paulo, POLI, USP, 2019.<\/p>\n<p>Gama, P. V. C. N., <a href=\"http:\/\/www.teses.usp.br\/teses\/disponiveis\/3\/3144\/tde-19072016-085023\/pt-br.php\">Contribui\u00e7\u00f5es ao dimensionamento de torres e\u00f3licas de concreto.<\/a>, <em>Disserta\u00e7\u00e3o de Mestrado<\/em>, Escola Polit\u00e9cnica da Universidade de S\u00e3o Paulo, POLI, USP, 2015.<\/p>\n<p>Braguim, T. C., <a href=\"http:\/\/www.teses.usp.br\/teses\/disponiveis\/3\/3144\/tde-18082014-144751\/pt-br.php\">Utiliza\u00e7\u00e3o de modelos de c\u00e1lculo para projetos de edif\u00edcios de paredes de concreto moldadas no local.<\/a>, <em>Disserta\u00e7\u00e3o de Mestrado<\/em>, Escola Polit\u00e9cnica da Universidade de S\u00e3o Paulo, POLI, USP, 2013.<\/p>\n<\/div>\n<\/div><\/div><div id=\"panel-278-0-0-2\" class=\"so-panel widget widget_sow-editor\" data-index=\"2\" ><div\n\t\t\t\n\t\t\tclass=\"so-widget-sow-editor so-widget-sow-editor-base\"\n\t\t\t\n\t\t><h3 class=\"widget-title\">Inicia\u00e7\u00e3o Cient\u00edfica<\/h3>\n<div class=\"siteorigin-widget-tinymce textwidget\">\n\t<p>Gasparroni, V. A. M., D<strong>esenvolvimento de aplicativos educacionais para concreto armado.<\/strong> <em>Inicia\u00e7\u00e3o cient\u00edfica (Engenhaira Civil),<\/em> - Escola Polit\u00e9cnica da Universidade de S\u00e3o Paulo, POLI, USP, 2019.<\/p>\n<p>Leonel, J. F. L., <strong>Desenvolvimento de recursos multim\u00eddia para c\u00e1lculo e detalhamento de estruturas de concreto armado de alto desempenho.<\/strong>\u00a0<em>Inicia\u00e7\u00e3o cient\u00edfica (Engenharia Civil)<\/em> - Escola Polit\u00e9cnica da Universidade de S\u00e3o Paulo, POLI, USP, 2018.<\/p>\n<\/div>\n<\/div><\/div><div id=\"panel-278-0-0-3\" class=\"so-panel widget widget_sow-editor\" data-index=\"3\" ><div\n\t\t\t\n\t\t\tclass=\"so-widget-sow-editor so-widget-sow-editor-base\"\n\t\t\t\n\t\t><h3 class=\"widget-title\">Livros e CD's<\/h3>\n<div class=\"siteorigin-widget-tinymce textwidget\">\n\t<p>J. Marques Filho (Org.) ;\u00a0BITTENCOURT, T. N.\u00a0(Org.) . <span style=\"color: #008080;\">Third International Dam World Conference.<\/span> 1. ed. S\u00e3o Paulo: IBRACON, 2018. v. 1. 1580p .<\/p>\n<p class=\"author\">Bittencourt, Tulio\u037e M.Frangopol, D. (Org.) \u037e Andr\u00e9 Beck (Org.)\u00a0<span style=\"color: #008080;\">\u201cMaintenance, Monitoring,Safety, Risk and Resilience of Bridges and Bridge Networks.\u201d<\/span>,\u00a0CRC Press Taylor and Francis, 2016. v. 1. 616p.<\/p>\n<p class=\"author\">A.E.P.G. Jacintho, J.L.A.O. Sousa, J. Marques Filho, L.C.P. Silva Filho, R.Stramandinoli , T.N. Bittencourt,\u00a0<span style=\"color: #008080;\">\u201c51\u00ba Congresso Brasileiro do Concreto e VII Simp\u00f3sio EPUSP sobre Estruturas de Concreto\u201d<\/span>, IBRACON, Livro de Resumos e CD-ROM com artigos completos, 2009. ISSN: 2175-8174 e 2175-8182<\/p>\n<\/div>\n<\/div><\/div><div id=\"panel-278-0-0-4\" class=\"so-panel widget widget_sow-editor\" data-index=\"4\" ><div\n\t\t\t\n\t\t\tclass=\"so-widget-sow-editor so-widget-sow-editor-base\"\n\t\t\t\n\t\t><h3 class=\"widget-title\">Cap\u00edtulos em Livros<\/h3>\n<div class=\"siteorigin-widget-tinymce textwidget\">\n\t<p>Bitencourt, Lu\u00eds A. G. ; Trindade, Y.T. ; Bittencourt, T\u00falio N. ; Manzoli, O. L ; Rodrigues, E. A.\u00a0<span style=\"color: #008080;\">Multiscale modeling of steel fiber reinforced concrete based on the use of coupling finite elementd and mesh fragmentation technique.<\/span>, In: Gunther Meschke; Bernhard Pichler; Jan G. Rots. (Org.). Computational Modeling of Concrete Structures. 1ed.London: CRC Press, 2018, v. 1, p. 877-888.<\/p>\n<p>Manzoli, Osvaldo L. ; Rodrigues, E. A. ; Bitencourt, Lu\u00eds A. G. ; Bittencourt, T\u00falio N. ; M. Sanchez .\u00a0<span style=\"color: #008080;\">An adaptive concurrent two-scale FE model to predicting crack propagation in concrete.<\/span>, In: Gunther Meschke; Bernhard Pichler; Jan G. Rots. (Org.). Computational Modeling of Concrete Structures. 1ed.London: CRC Press, 2018, v. 1, p. 127-136.<\/p>\n<p>T.N. Bittencourt, J. Pellegrino Neto, J.C. Della Bella,\u00a0<span style=\"color: #008080;\">Exemplos de aplica\u00e7\u00e3o dos conceitos da se\u00e7\u00e3o 19; Exemplos de Lajes.<\/span>, In: Suely Bueno\u037e Alio Kimura. (Org.). ABNT NBR 6118:2014 Coment\u00e1rios e Exemplos de Aplica\u00e7\u00e3o. 1ed.S\u00e3o Paulo: IBRACON, 2015, v. 1, p. 328-346.<\/p>\n<p>T.N. Bittencourt, J. Pellegrino Neto, J.C. Della Bella,\u00a0<span style=\"color: #008080;\">Exemplos de aplica\u00e7\u00e3o dos conceitos da se\u00e7\u00e3o 17 e 18; Exemplos de Vigas; cisalhamento e flex\u00e3o.<\/span>, In: Suely Bueno\u037e Alio Kimura. (Org.). ABNT NBR 6118:2014 Coment\u00e1rios e Exemplos de Aplica\u00e7\u00e3o. 1ed.S\u00e3o Paulo: IBRACON, 2015, v. 1, p. 328-346.<\/p>\n<\/div>\n<\/div><\/div><div id=\"panel-278-0-0-5\" class=\"so-panel widget widget_sow-editor\" data-index=\"5\" ><div\n\t\t\t\n\t\t\tclass=\"so-widget-sow-editor so-widget-sow-editor-base\"\n\t\t\t\n\t\t><h3 class=\"widget-title\">Artigos em Peri\u00f3dicos Internacionais<\/h3>\n<div class=\"siteorigin-widget-tinymce textwidget\">\n\t<p>Santos, Ademir F; Bonatte,\u00a0Maur\u00edcio S; Sousa, H\u00e9lder\u00a0S; Bittencourt, T\u00falio Nogueira; Matos, Jos\u00e9 C.,<a href=\"https:\/\/www.mdpi.com\/2075-5309\/12\/2\/124\"> \"Improvement of the Inspection Interval of Highway Bridges through Predictive Models of Deterioration.\"<\/a> Buildings., v.12, p.124 - 22, 2022.<\/p>\n<p>Buttignol, T. E. T.; Bittencourt, T.N;<a href=\"https:\/\/onlinelibrary.wiley.com\/doi\/10.1002\/suco.202000582\"> \"On the effect of the boundary conditions of plain concrete exposed to high temperatures under uniaxial compression.\"<\/a> Structural Concrete., v.1, p.1 - 11, 2021.<\/p>\n<p>Carneiro, A.L. ; Portela, E. L.; Bittencourt, T. N.; Beck, A. T. ; H. Carvalho .<a href=\"http:\/\/dx.doi.org\/10.1080\/15732479.2021.1924798\"> \"Fatigue safety assessment of longitudinal and transverse reinforcements for concrete girder bridge designs.\"<\/a>. Structure and Infrastructure Engineering, v. 17, p. 1-21, 2021.<\/p>\n<p>Ramos, F.S. ; Bittencourt, T.N. ; A.P. Concei\u00e7\u00e3o Neto ; Colombo, A. B. ; H. Carvalho ; Hune, R. P.,<a href=\"http:\/\/dx.doi.org\/10.1061\/(ASCE)CF.1943-5509.0001612\"> \"Numerical Modeling of a Tensioned Diagonals Replacement at a Historic Puddled Iron Bridge\"<\/a>. Journal of Performance of Constructed Facilities, v. 35, p. 04021045-1-04021045-9, 2021.<\/p>\n<p>Antonio, M. A. P. M. ; P.A. Montenegro ; H. Carvalho ; D. Ribeito ; Bittencourt, T. ; R. Cal\u00e7ada,<a href=\"https:\/\/www.sciencedirect.com\/science\/article\/pii\/S1350630720316575?via%3Dihub\">\u201cRunning Safety Evaluation Of A Train Moving Over A High-Speed Railway Viaduct Under Different Track Conditions\"<\/a>. Engineering Failure Analysis, Vol. 121, pp. 105133, 2021.<\/p>\n<p>Thomaz, E. T. B., BUTTIGNOL; Bittencourt, T\u00falio Nogueira . <a href=\"https:\/\/www.sciencedirect.com\/science\/article\/abs\/pii\/S014102962101213X?via%3Dihub\">\"Simplified design procedures for the structural analysis of reinforced concrete columns in fire\"<\/a>. Engineering Stuctures, v. 246, p. 113076, 2021.<\/p>\n<p>Antonio, M. A. P. M. ; H. Carvalho ; P.A. Montenegro ; J.A. Correia ; Bittencourt, T. N. ; R. Cal\u00e7ada ; T. Guo, <a href=\"http:\/\/dx.doi.org\/10.1061\/(ASCE)BE.1943-5592.0001563\">\u201cInfluence Of The Double Composite Action Solution In The Behavior Of A High-Speed Railway Viaduct\"<\/a>. Journal Of Bridge Engineering, Vol. 25, pp. 05020002-1-05020002-13, 2020.<\/p>\n<p>Ticona Melo, L.R. ; Malveiro, J. ; Ribeiro, D. ; Cal\u00e7ada, R. ; Bittencourt, T.,<a href=\"http:\/\/dx.doi.org\/10.1061\/(ASCE)BE.1943-5592.0001563\"> \u201cDynamic Analysis Of The Train-Bridge System Considering The Non-Linear Behaviour Of The Track-Deck Interface.\"<\/a>. Engineering Structures, Vol. 220, pp. 110980, 2020.<\/p>\n<p>Bitencourt, Lu\u00eds A.G. ; Manzoli, Osvaldo L. ; Bittencourt, T\u00falio N. ; Vecchio, Frank J.,<a href=\"http:\/\/dx.doi.org\/10.1016\/j.ijsolstr.2018.09.028\"> \u201cNumerical Modeling Of Steel Fiber Reinforced Concrete With A Discrete And Explicit Representation Of Steel Fibers\"<\/a>. International Journal Of Solids And Structures, Vol. 159, pp. 171-190, 2019.<\/p>\n<p>Ticona Melo, Ladislao R. ; Ribeiro, Diogo ; Cal\u00e7ada, Rui ; Bittencourt, T\u00falio N., <a href=\"http:\/\/dx.doi.org\/10.1080\/15732479.2019.1605394\">\u201cValidation Of A Vertical Train-Track-Bridge Dynamic Interaction Model Based On Limited Experimental Data\"<\/a>. Structure And Infrastructure Engineering, Vol. 1, pp. 1-21, 2019.<\/p>\n<p>E.A. Rodrigues, O.L. Manzoli, L.A.G. Bitencourt Jr, T.N. Bittencourt, M. S\u00e1nchez, <a href=\"https:\/\/www.sciencedirect.com\/science\/article\/pii\/S0045782517306369\">\u201cAn adaptive concurrent multiscale model for concrete based on coupling finite elements\"<\/a>.\u00a0Methods in Applied Mechanics and Engineering,Vol. 328, pp. 26-46, 2018. ISSN: 0045-7825.<\/p>\n<p>T.N. Bittencourt, D.M. Frangopol, A.T. Beck, Y. Tsompanakis, <a href=\"https:\/\/www.tandfonline.com\/doi\/full\/10.1080\/15732479.2017.1405048\">\u201cBridge analysis, design, assessment, monitoring and management\"<\/a>.\u00a0Structure and Infrastructure Engineering,\u00a0Vol. 14, No. 4, pp. 411-411, 2018. ISSN: 1744-8980.<\/p>\n<p>L.R. Ticona Melo, T.N. Bittencourt, D. Ribeiro, R. Cal\u00e7ada, <a href=\"https:\/\/www.worldscientific.com\/doi\/10.1142\/S0219455418500104\">\u201cDynamic response of a railway bridge to heavy axle-load trains considering vehicle-bridge interaction\"<\/a>.\u00a0International Journal of Structural Stability and Dynamics,\u00a0Vol. 18, No. 1, pp. 1850010-1850036, 2018. ISSN: 1793-6764.<\/p>\n<p>E.A. Rodrigues, O.L. Manzoli, L.A.G. Bitencourt Jr, T.N. Bittencourt, <a href=\"https:\/\/www.sciencedirect.com\/science\/article\/pii\/S0020768316300749\">\u201c2D mesoscale model for concrete based on the use of interface element with a high aspect ratio\"<\/a>.\u00a0International Journal of Solids and Structures,\u00a0Vol. 94-95, pp. 112-124, 2016. ISSN: 0020-7683.<\/p>\n<p>L.R.\u00a0Ticona Melo, R.S.Y.R.C. Silva, T.N. Bittencourt, L.M. Bezerra, <a href=\"https:\/\/www.worldscientific.com\/doi\/10.1142\/S0219455415500595\">\u201cIdentification of modal parameters in a scale model for a railway bridge\"<\/a>.\u00a0International Journal of Structural Stability and Dynamics,\u00a0Vol. 16, No. 9, pp. 1550059-1550081, 2016. ISSN: 1793-6764.<\/p>\n<p>E.A.\u00a0Rodrigues, O.L. Manzoli, L.A.G. Bitencourt Jr., P.G. Prazeres, T.N. Bittencourt,\u00a0<a href=\"https:\/\/www.lajss.org\/index.php\/LAJSS\/article\/view\/1224\">\u201cFailure behavior modeling of slender reinforced concrete columns subjected to eccentric load\"<\/a>.\u00a0Latin American Journal of Solids and Structures,Vol. 12, No. 3, pp. 520-541, 2015. ISSN: 1679-7825.<\/p>\n<p>L.A.G.\u00a0Bitencourt Jr., O.L. Manzoli, P.G.C. Prazeres, E.A. Rodrigues, T.N. Bittencourt,<a href=\"https:\/\/www.sciencedirect.com\/science\/article\/pii\/S0045782515000870\">\u00a0\u201cA coupling technique for non-matching finite element meshes\"<\/a>.\u00a0Computer Methods in Applied Mechanics and Engineering,\u00a0Vol. 290, pp. 19-44, 2015. ISSN: 0045-7825.<\/p>\n<\/div>\n<\/div><\/div><div id=\"panel-278-0-0-6\" class=\"so-panel widget widget_sow-editor panel-last-child\" data-index=\"6\" ><div\n\t\t\t\n\t\t\tclass=\"so-widget-sow-editor so-widget-sow-editor-base\"\n\t\t\t\n\t\t><h3 class=\"widget-title\">Artigos em Peri\u00f3dicos Nacionais<\/h3>\n<div class=\"siteorigin-widget-tinymce textwidget\">\n\t<p>D G Orlando; Bittencourt, T.N.; Meneghtti, Leila Cristina., <a href=\"https:\/\/www.scielo.br\/j\/riem\/a\/5jPJxJt3yrNsgNtjt8Dypdn\/?lang=en\">\"Reinforced concrete structures strengthened with CFRP(ACI x FIB) - Recommendations for bending design criteria.\"<\/a> Revista IBRACON de Estruturas e Materiais., v.15, p.e.15204-15, 2022.<\/p>\n<p>Trentini, Eduardo Vicente Wolf; Parsekian, Guilherme Aris; Bittencourt, T\u00falio Nogueira., <a href=\"https:\/\/www.scielo.br\/j\/riem\/a\/NCyT6vTvxBJy93jRKy3pV9j\/?lang=en\">\"A method for considering the influence of distinct casting stages in the flexural design of prestressed concrete cross sections.\"<\/a> Revista IBRACON de Estruturas e Materiais., v.15, p.e.15410, 2022.<\/p>\n<p>de Barros, V. P. ; Beck, A. T. ; Bittencourt, Tulio N.,<a href=\"http:\/\/dx.doi.org\/10.1590\/s1983-41952021000100012\">Shear Failure In Reinforced Concrete Members Without Transverse Reinforcement: Analysis Of Model Error Of Nbr6118:2014<\/a>.\u201d, Revista IBRACON de Estruturas e Materiais , Vol. 14,\u00a0 pp. 1-11, 2021. ISSN: 1983-4195.<\/p>\n<p>Craveiro, M. V. ; Bittencourt, T. N. ; Della Bella, J. C., <a href=\"https:\/\/www.scielo.br\/j\/riem\/a\/xHwtZNt4GL85DtSyTDYxQrv\/?lang=en\">\"Design and verification of reinforced concrete shell elements.\"<\/a>. Revista IBRACON de Estruturas e Materiais , v. 14, p. 1-23, 2021.<\/p>\n<p>Carneiro, A.L. ; Portela, Enson ; Bittencourt, T.N. ; Beck, A. T.,<a href=\"https:\/\/www.scielo.br\/j\/riem\/a\/7ZTsfLysgB7KLVqjnWQkMcc\/?lang=en\">Fatigue safety level provided by Brazilian design standards for a prestressed girder highway bridge.<\/a>\". Revista IBRACON de Estruturas e Materiais , v. 14, p. 1-12, 2021.<\/p>\n<p>Carneiro, A.L. ; Portela, Enson ; Bittencourt, T\u00falio Nogueira, <a href=\"http:\/\/dx.doi.org\/10.1590\/s1983-41952020000400007\">\u201cDevelopment Of Brazilian Highway Live Load Model For Unlimited Fatigue Life.\u201d<\/a>, Revista IBRACON de Estruturas e Materiais , Vol. 13,\u00a0 pp. 1-20, 2020. ISSN: 1983-4195.<\/p>\n<p>Andrade, R. C. ; Bittencourt, T. N., \u201cConcrete Beam Subjected To Shear And Torsion: A Comparison Between The Brazilian Standard Code Nbr 6118, Aci And Aashto Provisions\u201d, Revista IBRACON de Estruturas e Materiais , Vol. 13,\u00a0 pp. 160-170, 2020. ISSN: 1983-4195.<\/p>\n<p>Oliveira, C. B. L. ; Greco, M. ; Bittencourt, T. N., <a href=\"http:\/\/dx.doi.org\/10.1590\/s1983-41952019000100002\">\u201cAnalysis Of The Brazilian Federal Bridge Inventory.\u201d<\/a>, Revista IBRACON de Estruturas e Materiais , Vol. 12,\u00a0 pp. 1-3, 2019. ISSN: 1983-4195.<\/p>\n<p>Pires, K. O. ; Beck, A. T. ; Bittencourt, T. N. ; M.M. Futai, <a href=\"http:\/\/dx.doi.org\/10.1590\/s1983-41952019000300007\">\u201cReliability Analysis Of Built Concrete Dam.\u201d<\/a>, Revista IBRACON de Estruturas e Materiais , Vol. 12,\u00a0 pp. 551-579, 2019. ISSN: 1983-4195.<\/p>\n<p>Rodrigues, R. A. ; Mazzilli, C. E. N. ; Bittencourt, T. N., <a href=\"http:\/\/dx.doi.org\/10.1590\/s1983-41952019000500013\">\u201cComparative Analysis Of Normative Provisions For Seismic Design And Detailing Of Reinforced Concrete Structures\u201d<\/a>, Revista IBRACON de Estruturas e Materiais , Vol. 12,\u00a0 pp. 1220-1247, 2019. ISSN: 1983-4195.<\/p>\n<p>Oliveira, C. B. L. ; A. Santos ; Bittencourt, T\u00falio Nogueira, \"Sistemas De Gerenciamento De Pontes: Fun\u00e7\u00f5es, Vantagens E Desafios Brasileiros.\", Concreto &amp; Contru\u00e7\u00e3o, V. 94, P. 31-36, 2019.<\/p>\n<p>Buttignol, T. E. T. ; Fernandes, J. F. ; Bittencourt, T. N. ; Sousa, J. L. A. O.,<a href=\"http:\/\/dx.doi.org\/10.1590\/s1983-41952018000500006\"> \u201cDesign Of Reinforced Concrete Beams With Steel Fibers In The Ultimate Limit State.\u201d<\/a>, Revista IBRACON de Estruturas e Materiais , Vol. 11,\u00a0 pp. 997-1024, 2018. ISSN: 1983-4195.<\/p>\n<p>P.V.C.N. Gama, T.N. Bittencourt, <a href=\"http:\/\/www.revistas.ibracon.org.br\/index.php\/riem\/article\/view\/671\">\u201cEconomic viability of ultra high-performance fiber reinforced concrete in prestressed concrete wind towers to support a 5 MW turbine\u201d<\/a>, Revista IBRACON de Estruturas e Materiais , Vol. 10, No. 1, pp. 1-14, 2017. ISSN: 1983-4195.<\/p>\n<p>T.E.T. Buttignol, J.L.A.O. Sousa, T.N. Bittencourt, <a href=\"http:\/\/www.revistas.ibracon.org.br\/index.php\/riem\/article\/view\/1024\">\u201cUltra High-Performance Fiber-Reinforced Concrete (UHPFRC): a review of material properties and design procedures\u201d<\/a>, Revista IBRACON de Estruturas e Materiais , Vol. 10, No. 4, pp. 957-971, 2017. ISSN: 1983-4195.<\/p>\n<p>P.G.C. Prazeres, L.A.G. Bitencourt, T.N. Bittencourt, O.L. Manzoli, \u201cA modified implicit-explicit integration scheme: an application to elastoplasticity problems\". <a href=\"https:\/\/link.springer.com\/article\/10.1007\/s40430-015-0343-3\">Journal of the Brazilian Society of Mechanical Sciences and Engineering (Printed)<\/a>, Vol. 38, No. 1, pp. 151-161, 2016. ISSN: 1806-3691.<\/p>\n<p>T.C. Braguim, T.N. Bittencourt, <a href=\"http:\/\/www.revistas.ibracon.org.br\/index.php\/riem\/article\/view\/490\">\u201cDesign of reinforced concrete walls casted in place for the maximum normal stress of compression\u201d<\/a>, Revista IBRACON de Estruturas e Materiais , Vol. 7, No. 3, pp. 498-533, 2014. ISSN: 1983-4195.<\/p>\n<p>L.T. Kataoka, T.N. Bittencourt, <a href=\"http:\/\/www.revistas.ibracon.org.br\/index.php\/riem\/article\/view\/388\">\u201cNumerical and experimental analysis of time-dependent load transfer in reinforced concrete columns\u201d<\/a>, Revista IBRACON de Estruturas e Materiais , Vol. 7, No. 5, pp. 747-774, 2014. ISSN: 1983-4195.<\/p>\n<p>A.B. Colombo, J.C. Della Bella, T.N. Bittencourt, <a href=\"http:\/\/www.revistas.ibracon.org.br\/index.php\/riem\/article\/view\/432\">\u201cAn algorithm for the automatic design of concrete shell reinforcement\u201d<\/a>, Revista IBRACON de Estruturas e Materiais , Vol. 7, No. 1, pp. 53-67, 2014. ISSN: 1983-4195.<\/p>\n<p>A.J. Tavares, M.P. Barbosa, T.N. Bittencourt, M. Lorain, <a href=\"http:\/\/www.revistas.ibracon.org.br\/index.php\/riem\/article\/view\/445\">\u201cBond steel-concrete: simulation analysis of the pull-out tests and APULOUT using the program ATENA\u201d<\/a>, Revista IBRACON de Estruturas e Materiais , Vol. 7 No. 1, pp. 138-157, 2014. ISSN: 1983-4195.<\/p>\n<\/div>\n<\/div><\/div><\/div><\/div><\/div>","protected":false},"excerpt":{"rendered":"<p>Boriolo, G. R., Light steel framing fa\u00e7ades: mechanical behavior of cementitious boards and numerical structural modeling for high building applications,\u00a0 Tese de Doutorado, Escola Polit\u00e9cnica da Universidade de S\u00e3o Paulo, POLI, USP, 2021. Carneiro, A. L., Avalia\u00e7\u00e3o do n\u00edvel de seguran\u00e7a \u00e0 fadiga proporcionado pelas normas brasileiras de projeto em rela\u00e7\u00e3o \u00e0s longarinas de pontes<a href=\"https:\/\/sites.usp.br\/gmec\/publicacoes\/\">[&#8230;]<\/a><\/p>\n","protected":false},"author":1124,"featured_media":0,"parent":0,"menu_order":0,"comment_status":"closed","ping_status":"closed","template":"","meta":{"footnotes":"","_links_to":"","_links_to_target":""},"class_list":["post-278","page","type-page","status-publish","hentry"],"_links":{"self":[{"href":"https:\/\/sites.usp.br\/gmec\/wp-json\/wp\/v2\/pages\/278","targetHints":{"allow":["GET"]}}],"collection":[{"href":"https:\/\/sites.usp.br\/gmec\/wp-json\/wp\/v2\/pages"}],"about":[{"href":"https:\/\/sites.usp.br\/gmec\/wp-json\/wp\/v2\/types\/page"}],"author":[{"embeddable":true,"href":"https:\/\/sites.usp.br\/gmec\/wp-json\/wp\/v2\/users\/1124"}],"replies":[{"embeddable":true,"href":"https:\/\/sites.usp.br\/gmec\/wp-json\/wp\/v2\/comments?post=278"}],"version-history":[{"count":5,"href":"https:\/\/sites.usp.br\/gmec\/wp-json\/wp\/v2\/pages\/278\/revisions"}],"predecessor-version":[{"id":712,"href":"https:\/\/sites.usp.br\/gmec\/wp-json\/wp\/v2\/pages\/278\/revisions\/712"}],"wp:attachment":[{"href":"https:\/\/sites.usp.br\/gmec\/wp-json\/wp\/v2\/media?parent=278"}],"curies":[{"name":"wp","href":"https:\/\/api.w.org\/{rel}","templated":true}]}}