{"id":284,"date":"2019-08-19T18:44:32","date_gmt":"2019-08-19T20:44:32","guid":{"rendered":"https:\/\/sites.usp.br\/gmec\/?page_id=284"},"modified":"2022-09-30T19:30:35","modified_gmt":"2022-09-30T21:30:35","slug":"projetos","status":"publish","type":"page","link":"https:\/\/sites.usp.br\/gmec\/projetos\/","title":{"rendered":"Projetos"},"content":{"rendered":"<div id=\"pl-284\"  class=\"panel-layout\" ><div id=\"pg-284-0\"  class=\"panel-grid panel-no-style\" ><div id=\"pgc-284-0-0\"  class=\"panel-grid-cell\" ><div id=\"panel-284-0-0-0\" class=\"so-panel widget widget_sow-editor panel-first-child panel-last-child\" data-index=\"0\" ><div\n\t\t\t\n\t\t\tclass=\"so-widget-sow-editor so-widget-sow-editor-base\"\n\t\t\t\n\t\t><h3 class=\"widget-title\">EM DESENVOLVIMENTO<\/h3>\n<div class=\"siteorigin-widget-tinymce textwidget\">\n\t<p>Pesquisador CNPq N\u00edvel 1 A: <strong>\"Inspe\u00e7\u00e3o e Monitoramento de Obras de Arte Especiais por meio de T\u00e9cnicas Remotas e n\u00e3o Invasivas\"<\/strong>, Laborat\u00f3rio de Ensaios, Inspe\u00e7\u00e3o, Manuten\u00e7\u00e3o, Monitoramento e An\u00e1lise de Obras de Infraestrutura, Escola Polit\u00e9cnica da Universidade de S\u00e3o Paulo, 2022-Atual.<\/p>\n<p>Projeto de Pesquisa; <strong>\"Tunnel 4.0: Aplica\u00e7\u00e3o da transforma\u00e7\u00e3o digital na inspe\u00e7\u00e3o, monitoramento, an\u00e1lise e diagn\u00f3stico de t\u00faneis ferrovi\u00e1rios\"<\/strong>, C\u00e1tedra Under Rail - VALE. Laborat\u00f3rio de Ensaios, Inspe\u00e7\u00e3o, Manuten\u00e7\u00e3o, Monitoramento e An\u00e1lise de Obras de Infraestrutura, Escola Polit\u00e9cnica da Universidade de S\u00e3o Paulo, 2022-Atual.<\/p>\n<p>Projeto de Pesquisa: <strong>\"Inspe\u00e7\u00e3o e Monitoramento de Obras de Arte Especiais por meio de T\u00e9cnicas Remotas e n\u00e3o Invasivas\",<\/strong> C\u00e1tedra Under Rail - C\u00e1tedra Under Rail - VALE. Laborat\u00f3rio de Ensaios, Inspe\u00e7\u00e3o, Manuten\u00e7\u00e3o, Monitoramento e An\u00e1lise de Obras de Infraestrutura, Escola Polit\u00e9cnica da Universidade de S\u00e3o Paulo, 2019-Atual.<\/p>\n<p>Projeto de Pesquisa: <strong>\"Avalia\u00e7\u00e3o do estado das Funda\u00e7\u00f5es de pontes Ferrovi\u00e1rias atrav\u00e9s de monitoramento e m\u00e9todos n\u00e3o destrutivos\"<\/strong>, C\u00e1tedra Under Rail - VALE. Laborat\u00f3rio de Ensaios, Inspe\u00e7\u00e3o, Manuten\u00e7\u00e3o, Monitoramento e An\u00e1lise de Obras de Infraestrutura, Escola Polit\u00e9cnica da Universidade de S\u00e3o Paulo, 2019-Atual.<\/p>\n<\/div>\n<\/div><\/div><\/div><\/div><div id=\"pg-284-1\"  class=\"panel-grid panel-no-style\" ><div id=\"pgc-284-1-0\"  class=\"panel-grid-cell\" ><div id=\"panel-284-1-0-0\" class=\"so-panel widget widget_sow-editor panel-first-child panel-last-child\" data-index=\"1\" ><div\n\t\t\t\n\t\t\tclass=\"so-widget-sow-editor so-widget-sow-editor-base\"\n\t\t\t\n\t\t><h3 class=\"widget-title\">CONCLU\u00cdDOS<\/h3>\n<div class=\"siteorigin-widget-tinymce textwidget\">\n\t<p>Pesquisador CNPq N\u00edvel 1 B: \"<strong>Monitoramento e Modelagem de Obras de Infraestrutura: Aplica\u00e7\u00f5es ao Estudo de Pontes Ferrovi\u00e1rias e Rodovi\u00e1rias<\/strong>\", Laborat\u00f3rio de Estruturas e Materiais Estruturais, Escola Polit\u00e9cnica da Universidade de S\u00e3o Paulo, 2018-2022.<\/p>\n<p>Projeto de Pesquisa: <strong>Avalia\u00e7\u00e3o da Integridade Estrutural e da Capacidade de Carga de Pontes Ferrovi\u00e1rias da Estrada de Ferro Vit\u00f3ria a Minas: Fase II\"<\/strong>, C\u00e1tedra Under Rail - VALE.\u00a0Laborat\u00f3rio de Estruturas e Materiais Estruturais, Escola Polit\u00e9cnica da Universidade de S\u00e3o Paulo, 2018-2022.<\/p>\n<p>Projeto de Pesquisa:<strong> \"Aplica\u00e7\u00e3o de T\u00e9cnicas de Monitoramento Cont\u00ednuo para Avalia\u00e7\u00e3o Estrutural da Ponte Imperial Dom Pedro II\"<\/strong>,\u00a0 Laborat\u00f3rio de Estruturas e Materiais Estruturais, Escola Polit\u00e9cnica da Universidade de S\u00e3o Paulo, 2017-2020.<\/p>\n<p>Projeto de Pesquisa:<strong> \"Desenvolvimento do Modelo de Deteriora\u00e7\u00e3o de Pavimentos Asf\u00e1lticos com uso de Instrumenta\u00e7\u00e3o e Sistema Weigh In Motion: Fase II\"<\/strong>, Autopista Fern\u00e3o Dias. Laborat\u00f3rio de Estruturas e Materiais Estruturais, Escola Polit\u00e9cnica da Universidade de S\u00e3o Paulo, 2016-2018.<\/p>\n<p>Pesquisador CNPq N\u00edvel 1 B:<strong> \"Investiga\u00e7\u00e3o sobre os Mecanismos de Degrada\u00e7\u00e3o de Pontes Ferrovi\u00e1rias\"<\/strong>, Laborat\u00f3rio de Estruturas e Materiais Estruturais, Escola Polit\u00e9cnica da Universidade de S\u00e3o Paulo, 2014-2018.<\/p>\n<p>Projeto de Pesquisa: <strong>\"Avalia\u00e7\u00e3o da Integridade Estrutural e da Capacidade de Carga de Pontes Ferrovi\u00e1rias da Estrada de Ferro Vit\u00f3ria a Minas\"<\/strong>, C\u00e1tedra Under Rail - VALE. Laborat\u00f3rio de Estruturas e Materiais Estruturais, Escola Polit\u00e9cnica da Universidade de S\u00e3o Paulo, 2014-2018.<\/p>\n<p>Projeto de Pesquisa: <strong>\"Avalia\u00e7\u00e3o de comportamento mec\u00e2nico e durabilidade de segmentos para an\u00e9is pr\u00e9-moldados de concreto para t\u00faneis em shield\"<\/strong>, Companhia do Metropolitano de S\u00e3o Paulo. Laborat\u00f3rio de Estruturas e Materiais Estruturais, Escola Polit\u00e9cnica da Universidade de S\u00e3o Paulo, 2014-2015.<\/p>\n<p>Projeto de Pesquisa: <strong>\"Desenvolvimento do Modelo de Deteriora\u00e7ao de Pavimentos Asfalticos com uso de Instrumenta\u00e7\u00e3o e Sistema Weight In Motion\"<\/strong>, Autopista Fern\u00e3o Dias. Laborat\u00f3rio de Estruturas e Materiais Estruturais, Escola Polit\u00e9cnica da Universidade de S\u00e3o Paulo, 2013-2016.<\/p>\n<p>Projeto de Pesquisa:<strong> \"Concreto Fibroso de Alta Performance em Estruturas de Usinas Hidrel\u00e9tricas: Modelagem, Experimenta\u00e7\u00e3o e Recomenda\u00e7\u00f5es para Projeto\"<\/strong>, FURNAS, Laborat\u00f3rio de Estruturas e Materiais Estruturais, Escola Polit\u00e9cnica da Universidade de S\u00e3o Paulo, 2012-2016.<\/p>\n<p>Projeto de Pesquisa: <strong>\"Desenvolvimento e Aplica\u00e7\u00e3o de T\u00e9cnicas de \u201cStructural Health Monitoring\u201d para Avalia\u00e7\u00e3o Estrutural de Pontes Rodovi\u00e1rias\"<\/strong>, Autopista Fern\u00e3o Dias, Laborat\u00f3rio de Estruturas e Materiais Estruturais, Escola Polit\u00e9cnica da Universidade de S\u00e3o Paulo, 2011-2015.<\/p>\n<p>Pesquisador CNPq, N\u00edvel 1B, <strong>\"Monitora\u00e7\u00e3o Estrutural de Pontes Ferrovi\u00e1rias\"<\/strong>, Escola Polit\u00e9cnica da Universidade de S\u00e3o Paulo, 2010-2014.<\/p>\n<p>Projeto de Pesquisa: <strong>\"Investiga\u00e7\u00e3o sobre os Mecanismos de Degrada\u00e7\u00e3o de Pontes da Ferrovia Centro-Atl\u00e2ntica\"<\/strong>, VALE FCA, Laborat\u00f3rio de Estruturas e Materiais Estruturais, Escola Polit\u00e9cnica da Universidade de S\u00e3o Paulo, 2011-2015.<\/p>\n<p>Projeto de Pesquisa: <strong>\"Avalia\u00e7\u00e3o Estrutural das Pontes da Estrada de Ferro Vit\u00f3ria a Minas\"<\/strong>, VALE, Laborat\u00f3rio de Mec\u00e2nica Computacional, Laborat\u00f3rio de Estruturas e Materiais Estruturais, Escola Polit\u00e9cnica da Universidade de S\u00e3o Paulo, 2008-2013.<\/p>\n<p>Projeto de Pesquisa: <strong>\"Centro de Diagn\u00f3stico de Seguran\u00e7a de Barragens da Gera\u00e7\u00e3o AES Brasil\"<\/strong>, ANEEL AES, Laborat\u00f3rio de Estruturas e Materiais Estruturais, Escola Polit\u00e9cnica da Universidade de S\u00e3o Paulo, 2010-2012.<\/p>\n<p>Pesquisador CNPq, N\u00edvel 1B,<strong> \"Monitora\u00e7\u00e3o de Estruturas de Concreto\"<\/strong>, Escola Polit\u00e9cnica da Universidade de S\u00e3o Paulo, 2007-2010.<\/p>\n<p>Projeto de Pesquisa: <strong>\"Desenvolvimento de Metodologia de Projeto de Monitora\u00e7\u00e3o Estrutural para Pontes Rodovi\u00e1rias\"<\/strong>, Autopista Fern\u00e3o Dias, Laborat\u00f3rio de Estruturas e Materiais Estruturais, Escola Polit\u00e9cnica da Universidade de S\u00e3o Paulo, 2010-2011.<\/p>\n<p>Projeto Tem\u00e1tico:<strong> \"Monitora\u00e7\u00e3o e Avalia\u00e7\u00e3o da Deformabilidade, da Fissura\u00e7\u00e3o e da Seguran\u00e7a de Estruturas de Concreto\"<\/strong>, FAPESP, Laborat\u00f3rio de Estruturas e Materiais Estruturais, Laborat\u00f3rio de Mec\u00e2nica Computacional, Escola Polit\u00e9cnica da Universidade de S\u00e3o Paulo, 2005-2010.<\/p>\n<p>Projeto de Pesquisa: <strong>\"Estudo Experimental de Par\u00e2metros de Fratura Coesiva para Modelagem F\u00edsica e Num\u00e9rica de Estruturas de Concreto em Escala Reduzida\"<\/strong>, CNPq-Universal, Laborat\u00f3rio de Mec\u00e2nica Computacional, Laborat\u00f3rio de Estruturas e Materiais Estruturais, Escola Polit\u00e9cnica da Universidade de S\u00e3o Paulo, 2008-2010.<\/p>\n<p>Projeto de Pesquisa: <strong>\"Avalia\u00e7\u00e3o do Desempenho Estrutural de Dormentes de Concreto e Pl\u00e1stico\"<\/strong>, VALE, Laborat\u00f3rio de Mec\u00e2nica Computacional, Laborat\u00f3rio de Estruturas e Materiais Estruturais, Escola Polit\u00e9cnica da Universidade de S\u00e3o Paulo, 2008-2009.<\/p>\n<p>Projeto de Pesquisa: <strong>\"Avalia\u00e7\u00e3o do Desempenho Estrutural de Dormentes de Concreto\"<\/strong>, VALE, Laborat\u00f3rio de Mec\u00e2nica Computacional, Laborat\u00f3rio de Estruturas e Materiais Estruturais, Escola Polit\u00e9cnica da Universidade de S\u00e3o Paulo, 2007-2008.<\/p>\n<p>Projeto de Coopera\u00e7\u00e3o Internacional CAPES\/DGU entre a Escola Polit\u00e9cnica da USP e a Universidad de Castilla-La Mancha, da Espanha: <strong>\"Investiga\u00e7\u00e3o sobre o Processo de Fraturamento de Estruturas de Concreto: Aspectos Experimentais e Num\u00e9ricos\"<\/strong>, 2007-2009.<\/p>\n<p>Projeto de Pesquisa: <strong>\"Monitora\u00e7\u00e3o de Estruturas de Concreto Enterradas\"<\/strong>, CNPq-Universal, Laborat\u00f3rio de Mec\u00e2nica Computacional, Laborat\u00f3rio de Estruturas e Materiais Estruturais, Escola Polit\u00e9cnica da Universidade de S\u00e3o Paulo, Universidade Estadual de Campinas, 2006-2008.<\/p>\n<p>Projeto de Aux\u00edlio \u00e0 Pesquisa: <strong>\"Modelagem F\u00edsica em Escala Reduzida de Estruturas, Utilizando Recursos de Monitora\u00e7\u00e3o, Interpreta\u00e7\u00e3o e An\u00e1lise Num\u00e9rica, em um Ambiente Integrado\"<\/strong>, FAPESP, Laborat\u00f3rio de Estruturas e Materiais de Constru\u00e7\u00e3o, Laborat\u00f3rio de Mec\u00e2nica Computacional, Laborat\u00f3rio de Estruturas e Materiais Estruturais, Universidade Estadual de Campinas,Escola Polit\u00e9cnica da Universidade de S\u00e3o Paulo, 2005-2007.<\/p>\n<p>Pesquisador CNPq, N\u00edvel 1B, <strong>\"Modelagem Computacional de Estruturas de Concreto Armado\"<\/strong>, Escola Polit\u00e9cnica da Universidade de S\u00e3o Paulo, 2003-2007.<\/p>\n<p>Projeto GIGA\/RNP 2473 -<strong> \"Subprojeto Femoop GRID. Coordena\u00e7\u00f5es Tem\u00e1ticas RNP\"<\/strong>. Laborat\u00f3rio de Mec\u00e2nica Computacional (LMC\/USP), Grupo de Tecnologia em Computa\u00e7\u00e3o Gr\u00e1fica (Tecgraf\/PUC-Rio), Centro de Estudos de Engenharia Civl (CESEC\/UFPR), 2006-2007.<\/p>\n<p>Projeto de Aux\u00edlio \u00e0 Pesquisa: <strong>\"Estruturas de Concreto Refor\u00e7adas com Pol\u00edmeros Refor\u00e7ados com Fibras\"<\/strong>, FAPESP, Laborat\u00f3rio de Estruturas e Materiais Estruturais, Escola Polit\u00e9cnica da Universidade de S\u00e3o Paulo, 2004-2006.<\/p>\n<p>Projeto de Coopera\u00e7\u00e3o Internacional CAPES\/GRICES entre a Escola Polit\u00e9cnica da USP e a Faculdade de Engenharia da Universidade do Porto: <strong>\"Comportamento das Estruturas de Bet\u00e3o: da Fase Inicial \u00e0 Fase de Explora\u00e7\u00e3o das Obras\"<\/strong>, 2002-2005.<\/p>\n<p>Projeto de Coopera\u00e7\u00e3o Internacional CAPES\/MECD entre a Escola Polit\u00e9cnica da USP e da Universidade de Campinas -UNICAMP com a Universidade Polit\u00e9cnica da Catalunha: <strong>\"Desenvolvimento, Caracteriza\u00e7\u00e3o e Utiliza\u00e7\u00e3o de Materiais Ciment\u00edcios Refor\u00e7ados com Fibras: Concretos Convencionais, Projetados e Auto-Adens\u00e1veis\"<\/strong>, 2003-2004.<\/p>\n<p>Pesquisador CNPq, N\u00edvel 2A, <strong>\u201cAn\u00e1lise do Comportamento de Estruturas de Concreto de Alto Desempenho Baseada nos Conceitos da Mec\u00e2nica do Fraturamento\u201d<\/strong>, Escola Polit\u00e9cnica da Universidade de S\u00e3o Paulo, 2001-2003.<\/p>\n<p>Projeto de Aux\u00edlio \u00e0 Pesquisa: <strong>\"Investiga\u00e7\u00e3o sobre a Utiliza\u00e7\u00e3o de Recursos de Multim\u00eddia Interativa para o Ensino de Engenharia de Estruturas\"<\/strong>, FAPESP, Laborat\u00f3rio de Mec\u00e2nica Computacional, Escola Polit\u00e9cnica da Universidade de S\u00e3o Paulo, 2000-2002.<\/p>\n<p>Pesquisador CNPq, N\u00edvel 2B,<strong> \u201cEstudo Experimental do Fraturamento do Concreto Estrutural por meio de Corpos de Prova Cil\u00edndricos\u201d<\/strong>, Escola Polit\u00e9cnica da Universidade de S\u00e3o Paulo, 1999-2001.<\/p>\n<p>Projeto de Aux\u00edlio \u00e0 Pesquisa: <strong>\u201cEstudo Experimental do Fraturamento do Concreto Estrutural por meio de Corpos de Prova Cil\u00edndricos\u201d<\/strong>, FAPESP, Laborat\u00f3rio de Estruturas e Materiais Estruturais, Escola Polit\u00e9cnica da Universidade de S\u00e3o Paulo, 1998-2000.<\/p>\n<p>Projeto PRODENGE-RECOPE, FINEP, <strong>\"Simula\u00e7\u00e3o e Visualiza\u00e7\u00e3o de Processos de Fraturamento\" <\/strong>Laborat\u00f3rio de Mec\u00e2nica Computacional, Escola Polit\u00e9cnica da Universidade de S\u00e3o Paulo, 1997-2000.<\/p>\n<p>Pesquisador CNPq, N\u00edvel 2C, <strong>\u201cInvestiga\u00e7\u00e3o Num\u00e9rica e Experimental do Comportamento de Concretos Estruturais pela Mec\u00e2nica do Fraturamento\u201d<\/strong>, Escola Polit\u00e9cnica da Universidade de S\u00e3o Paulo, 1997-1999.<\/p>\n<p>Projeto Tem\u00e1tico<strong> \"An\u00e1lise n\u00e3o-linear de estruturas\"<\/strong>, FAPESP, Laborat\u00f3rio de Mec\u00e2nica Computacional, Escola Polit\u00e9cnica da Universidade de S\u00e3o Paulo, 1995-1998.<\/p>\n<p>Mec\u00e2nica de Materiais - fundamentos e t\u00f3picos diversos - Projeto desenvolvido dentro do programa SIAE.<\/p>\n<\/div>\n<\/div><\/div><\/div><\/div><\/div>","protected":false},"excerpt":{"rendered":"<p>Pesquisador CNPq N\u00edvel 1 A: &#8220;Inspe\u00e7\u00e3o e Monitoramento de Obras de Arte Especiais por meio de T\u00e9cnicas Remotas e n\u00e3o Invasivas&#8221;, Laborat\u00f3rio de Ensaios, Inspe\u00e7\u00e3o, Manuten\u00e7\u00e3o, Monitoramento e An\u00e1lise de Obras de Infraestrutura, Escola Polit\u00e9cnica da Universidade de S\u00e3o Paulo, 2022-Atual. Projeto de Pesquisa; &#8220;Tunnel 4.0: Aplica\u00e7\u00e3o da transforma\u00e7\u00e3o digital na inspe\u00e7\u00e3o, monitoramento, an\u00e1lise e<a href=\"https:\/\/sites.usp.br\/gmec\/projetos\/\">[&#8230;]<\/a><\/p>\n","protected":false},"author":1124,"featured_media":0,"parent":0,"menu_order":0,"comment_status":"closed","ping_status":"closed","template":"","meta":{"footnotes":"","_links_to":"","_links_to_target":""},"class_list":["post-284","page","type-page","status-publish","hentry"],"_links":{"self":[{"href":"https:\/\/sites.usp.br\/gmec\/wp-json\/wp\/v2\/pages\/284","targetHints":{"allow":["GET"]}}],"collection":[{"href":"https:\/\/sites.usp.br\/gmec\/wp-json\/wp\/v2\/pages"}],"about":[{"href":"https:\/\/sites.usp.br\/gmec\/wp-json\/wp\/v2\/types\/page"}],"author":[{"embeddable":true,"href":"https:\/\/sites.usp.br\/gmec\/wp-json\/wp\/v2\/users\/1124"}],"replies":[{"embeddable":true,"href":"https:\/\/sites.usp.br\/gmec\/wp-json\/wp\/v2\/comments?post=284"}],"version-history":[{"count":5,"href":"https:\/\/sites.usp.br\/gmec\/wp-json\/wp\/v2\/pages\/284\/revisions"}],"predecessor-version":[{"id":537,"href":"https:\/\/sites.usp.br\/gmec\/wp-json\/wp\/v2\/pages\/284\/revisions\/537"}],"wp:attachment":[{"href":"https:\/\/sites.usp.br\/gmec\/wp-json\/wp\/v2\/media?parent=284"}],"curies":[{"name":"wp","href":"https:\/\/api.w.org\/{rel}","templated":true}]}}