{"id":165,"date":"2023-08-02T10:52:56","date_gmt":"2023-08-02T12:52:56","guid":{"rendered":"https:\/\/sites.usp.br\/govamb\/?page_id=165"},"modified":"2024-01-25T12:39:25","modified_gmt":"2024-01-25T14:39:25","slug":"linhas-de-pesquisa","status":"publish","type":"page","link":"https:\/\/sites.usp.br\/govamb\/linhas-de-pesquisa\/","title":{"rendered":"Linhas de Pesquisa"},"content":{"rendered":"<ul>\n<li>Governan\u00e7a da \u00e1gua<\/li>\n<li>Seguran\u00e7a h\u00eddrica<\/li>\n<li>Emerg\u00eancia clim\u00e1tica e preven\u00e7\u00e3o de desastres<\/li>\n<li>Gest\u00e3o sustent\u00e1vel de res\u00edduos s\u00f3lidos e organiza\u00e7\u00f5es de catadores<\/li>\n<li>Educa\u00e7\u00e3o para sustentabilidade e aprendizagem social<\/li>\n<li>Transpar\u00eancia e acesso \u00e0 informa\u00e7\u00e3o<\/li>\n<\/ul>\n","protected":false},"excerpt":{"rendered":"<p>Governan\u00e7a da \u00e1gua Seguran\u00e7a h\u00eddrica Emerg\u00eancia clim\u00e1tica e preven\u00e7\u00e3o de desastres Gest\u00e3o sustent\u00e1vel de res\u00edduos s\u00f3lidos e organiza\u00e7\u00f5es de catadores&#46;&#46;&#46;<\/p>\n","protected":false},"author":23646,"featured_media":0,"parent":0,"menu_order":2,"comment_status":"closed","ping_status":"closed","template":"","meta":{"footnotes":"","_links_to":"","_links_to_target":""},"class_list":["post-165","page","type-page","status-publish","hentry"],"_links":{"self":[{"href":"https:\/\/sites.usp.br\/govamb\/wp-json\/wp\/v2\/pages\/165","targetHints":{"allow":["GET"]}}],"collection":[{"href":"https:\/\/sites.usp.br\/govamb\/wp-json\/wp\/v2\/pages"}],"about":[{"href":"https:\/\/sites.usp.br\/govamb\/wp-json\/wp\/v2\/types\/page"}],"author":[{"embeddable":true,"href":"https:\/\/sites.usp.br\/govamb\/wp-json\/wp\/v2\/users\/23646"}],"replies":[{"embeddable":true,"href":"https:\/\/sites.usp.br\/govamb\/wp-json\/wp\/v2\/comments?post=165"}],"version-history":[{"count":2,"href":"https:\/\/sites.usp.br\/govamb\/wp-json\/wp\/v2\/pages\/165\/revisions"}],"predecessor-version":[{"id":341,"href":"https:\/\/sites.usp.br\/govamb\/wp-json\/wp\/v2\/pages\/165\/revisions\/341"}],"wp:attachment":[{"href":"https:\/\/sites.usp.br\/govamb\/wp-json\/wp\/v2\/media?parent=165"}],"curies":[{"name":"wp","href":"https:\/\/api.w.org\/{rel}","templated":true}]}}