{"id":212,"date":"2023-08-18T09:08:45","date_gmt":"2023-08-18T11:08:45","guid":{"rendered":"https:\/\/sites.usp.br\/govamb\/?page_id=212"},"modified":"2024-03-01T18:25:31","modified_gmt":"2024-03-01T20:25:31","slug":"artigos","status":"publish","type":"page","link":"https:\/\/sites.usp.br\/govamb\/artigos\/","title":{"rendered":"Artigos"},"content":{"rendered":"<h3><strong>Artigos em revistas cient\u00edficas indexadas;<\/strong><\/h3>\n<p><strong>Publicados<\/strong><\/p>\n<ol>\n<li>Colla\u00e7o, Fl\u00e1via Mendes de Almeida; Dias, Lu\u00eds Pereira; Simoes, Sofia G.; Puk\u0161ec, Tomislav; Seixas, J\u00falia; Bermann, C\u00e9lio. The dawn of urban energy planning \u2013 Synergies between energy and urban planning for S\u00e3o Paulo (Brazil) megacity.Journal of Cleaner Production,Volume 215, 2019, Pages 458-479, ISSN 0959-6526.\u00a0<a href=\"https:\/\/doi.org\/10.1016\/j.jclepro.2019.01.013\">https:\/\/doi.org\/10.1016\/j.jclepro.2019.01.013<\/a>.\u00a0\u00a0<em>(categoria: energia; RMSP)<\/em><\/li>\n<li>Colla\u00e7o, Fl\u00e1via Mendes de Almeida; Simoes, Sofia G.; Dias, Lu\u00eds Pereira; Duic, Neve; Seixas, J\u00falia; Bermann, C\u00e9lio. What if S\u00e3o Paulo (Brazil) would like to become a renewable and endogenous energy-based megacity?Renewable Energy,Volume 138,2019, Pages 416-433, ISSN 0960-1481. ,<a href=\"https:\/\/doi.org\/10.1016\/j.renene.2019.01.073\">https:\/\/doi.org\/10.1016\/j.renene.2019.01.073<\/a>.\u00a0<em>(categoria: energia; RMSP)<\/em><\/li>\n<li>GON\u00c7ALVES, LEANDRA REGINA. (2018). GOVERNANCE FOR A PLANET UNDER PRESSURE. Ambiente &amp; Sociedade, 21, e00911. Epub November 29, 2018.<a href=\"https:\/\/dx.doi.org\/10.1590\/1809-4422asoc0091r1vu18l3rw\">https:\/\/dx.doi.org\/10.1590\/1809-4422asoc0091r1vu18l3rw<\/a>\u00a0<em>(categoria: governan\u00e7a)<\/em><\/li>\n<li>C\u00f4rtes, P.L. A S\u00fabita relut\u00e2ncia em atestar a seguran\u00e7a das barragens. Di\u00e1logos Socioambientais da Macrometr\u00f3pole Paulista. ISSN 2596-2183. Vol.2, N 2, abril, 2019.\u00a0<em>(categoria: risco)<\/em><\/li>\n<li>Canil, K. Riscos de inunda\u00e7\u00e3o em munic\u00edpios situados \u00e0 jusante de barragens na RMSP. Di\u00e1logos Socioambientais da Macrometr\u00f3pole Paulista. ISSN 2596-2183. Vol.2, N 2, abril, 2019.\u00a0<em>(categoria: risco)<\/em><\/li>\n<li>Milz, B., Campos, C., Barragens de \u00e1gua na Macrometr\u00f3pole Paulista. Di\u00e1logos Socioambientais da Macrometr\u00f3pole Paulista. ISSN 2596-2183. Vol.2, N 2, abril, 2019.\u00a0<em>(categoria: risco)<\/em><\/li>\n<li><strong>CORTE, GUILHERME<\/strong>; YOKOYAMA, LEONARDO Q. ; DENADAI, M\u00c1RCIA R. ; BESSA, E. ; SALLES, M. C. Z. ; TURRA, ALEXANDER . Egg capsule deposition by the marine gastropod\u00a0<em>Olivella minuta<\/em>: the importance of an interspecific relationship with the soft-bottom bivalve\u00a0<em>Tivela mactroides<\/em>. Journal of Molluscan Studies, v. 85, p. 126-132, 2019. Processo FAPESP 2017\/17071-9\u00a0<em>(categoria: litoral)<\/em><\/li>\n<li>TURRA, ALEXANDER ;\u00a0<strong>CORTE, GUILHERME N.<\/strong>\u00a0; AMARAL, ANTONIA CEC\u00cdLIA Z.; YOKOYAMA, LEONARDO Q. ; DENADAI, M\u00c1RCIA R. . Non-linear curve adjustments widen biological interpretation of relative growth analyses of the clam\u00a0<em>Tivela mactroides<\/em>\u00a0(Bivalvia, Veneridae). PeerJ, v. 6, p. e5070, 2018. Processo FAPESP 2017\/17071-9\u00a0<em>(categoria: litoral)<\/em><\/li>\n<li><strong>CORTE, GUILHERME NASCIMENTO<\/strong>; GONCALVES-SOUZA, THIAGO ; CHECON, HELIO H. ; SIEGLE, EDUARDO ; COLEMAN, ROSS A. ; AMARAL, A. CEC\u00cdLIA Z. . When time affects space: Dispersal ability and extreme weather events determine metacommunity organization in marine sediments. MARINE ENVIRONMENTAL RESEARCH, v. 136, p. 139-152, 2018. Processo FAPESP 2017\/17071-9.\u00a0<em>(categoria: litoral)<\/em><\/li>\n<li>ABOU RAFEE, S. A., UVO, C. B., MARTINS, J. A., DOMINGUES, L. M., RUDKE, A. P., FUJITA, T., and FREITAS, E. D. (2019). Large-Scale Hydrological Modelling of the Upper Paran\u00e1 River Basin.\u00a0<em>Water<\/em>, 11(5), p 882, DOI:10.3390\/w11050882. Processo FAPESP 2015\/03804-9.\u00a0<em>(categoria: saneamento)<\/em><\/li>\n<\/ol>\n<h3><strong>Artigos em revistas cient\u00edficas n\u00e3o indexadas;<\/strong><\/h3>\n<ol>\n<li>Passarelli, S. Paranapiacaba: de onde se avista o mar, as matas e a mem\u00f3ria ferrovi\u00e1ria. Di\u00e1logos Socioambientais na Macrometr\u00f3pole. Edi\u00e7\u00e3o 0. 2018.\u00a0<em>(categoria: territ\u00f3rio)<\/em><\/li>\n<li>Sulaiman, S. Vulnerabilidade das cidades frente \u00e0s mudan\u00e7as clim\u00e1ticas e a nega\u00e7\u00e3o do direito \u00e0 moradia digna. Di\u00e1logos Socioambientais na Macrometr\u00f3pole Paulista. Vol. 1. N1. Dez. 2018.\u00a0<em>(categoria: territ\u00f3rio; risco; vulnerabilidade)<\/em><\/li>\n<li>Turra, A. A pol\u00eamica das leis anti-canudos e sua liga\u00e7\u00e3o com a polui\u00e7\u00e3o dos oceanos. Di\u00e1logos Socioambientais na Macrometr\u00f3pole Paulista. Vol. 1. N1. Dez. 2018.\u00a0<em>(categoria: litoral)<\/em><\/li>\n<li>Lampis, A. Vulnerabilidade social, risco e desastres: a objetiva\u00e7\u00e3o do Risco nos Enfoques Institucionais.\u00a0 Di\u00e1logos Socioambientais na Macrometr\u00f3pole Paulista. Vol. 1. N1. Dez. 2018.\u00a0<em>(categoria: risco; vulnerabilidade)<\/em><\/li>\n<li>Soares, R, Moreira, M., Lampis, A, Bermann, C. O Consumo energ\u00e9tico na Macrometr\u00f3pole Paulista. Di\u00e1logos Socioambientais na Macrometr\u00f3pole Paulista. Vol. 1. N1. Dez. 2018.\u00a0<em>(categoria: energia)<\/em><\/li>\n<li>Lopes, K. Problematiza\u00e7\u00f5es acerca da cadeia de valor dos REEE nos pa\u00edses do Sul Global: o caso da Macrometr\u00f3pole de S\u00e3o Paulo (Brasil) e da Grande Regi\u00e3o de Acra (Gana). Di\u00e1logos Socioambientais na Macrometr\u00f3pole Paulista. Vol. 1. N1. Dez. 2018.\u00a0<em>(categoria: saneamento)<\/em><\/li>\n<\/ol>\n<h3><strong>Trabalhos apresentados em confer\u00eancias internacionais;<\/strong><\/h3>\n<ol>\n<li>Gon\u00e7alves, L.R.; Torres, P.H. &amp; Sinisgalli, P.A. (2018). Ecosystem Services: are we going beyond panaceas? Trabalho apresentado no Ecosystem Services Partnership Latin America. Campinas. Unicamp.\u00a0<em>(categoria: servi\u00e7os ecossist\u00eamicos)<\/em><\/li>\n<li>Torres, P. Right to the City and Water Crisis in S\u00e3o Paulo (Brazil): Challenges and Opportunities for Urban Environmental Governance Strategies. XIX ISA WORLD CONGRESS OF SOCIOLOGY. Toronto, Canada. 2018.\u00a0<em>(categoria: litoral)<\/em><\/li>\n<li>Gon\u00e7alves, Leandra Regina; Gerhardinger, L. C. ; Polette, M. &amp; Turra, A. (2018) Actors strategies on marine and coastal governance in Brazil. Trabalho apresentado no Earth System Governance Annual Conference, 2018, Utrecht. Earth System Governance Annual Conference, 2018.\u00a0<em>(categoria: litoral)<\/em><\/li>\n<li>Lampis, A. \u2018Justicia Socio-ambiental Derechos y Precariedad\u2019. Encuentro Internacional \u201cAproximaciones Sobre La Relacio\u0301n Entre Los Estudios Urbanos y el Cambio Clima\u0301tico con Enfoque de Ge\u0301nero\u201d, CITE \u2013 FLACSO y FES-ILDIS ECUADOR, Quito, Equador. 4\/5 de octubre de 2018.\u00a0<em>(categoria: vulnerabilidade)<\/em><\/li>\n<li>Soares, R. S; Tarelho, T. A. R; Bermann, C. Distributed Power Generation in S\u00e3o Paulo \u2013 impacts on the tariffs and cross-subsidy. In: 7<sup>th<\/sup>Latin American Energy Economics, Buenos Aires, AR. Anais do 7<sup>th<\/sup>Latin American Energy Economics, 2019.\u00a0<em>(categoria: energia)<\/em><\/li>\n<\/ol>\n<h2><strong>Trabalhos apresentados em confer\u00eancias nacionais<\/strong><\/h2>\n<ol>\n<li>Gon\u00e7alves, L.R.; Torres, P.H.C; Xavier, L.Y.; Zioni, S.; Jacobi, P. &amp; Turra, A. (2018). Gest\u00e3o costeira em um contexto de macrometr\u00f3pole. Trabalho apresentado no II Simp\u00f3sio Brasileiro sobre Praias Arenosas \u2013 II SBPA XI Encontro Nacional de Gerenciamento Costeiro \u2013 XI ENCOGERCO. Pp. 208-211.\u00a0<em>(categoria: governan\u00e7a, litoral)<\/em><\/li>\n<li>Gon\u00e7alves, L.R. &amp; Gerhardinger, L.C. (2018). Promovendo a governabilidade do oceano brasileiro por meio das redes de conhecimento-a\u00e7\u00e3o. Trabalho apresentado no II Simp\u00f3sio Brasileiro sobre Praias Arenosas \u2013 II SBPA XI Encontro Nacional de Gerenciamento Costeiro \u2013 XI ENCOGERCO. Pp. 422-424.\u00a0<em>(categoria: governan\u00e7a, litoral)<\/em><\/li>\n<li>Xavier, L.Y.; Andrade, M.M.; Checon, H.H.; Correa, M.R.; Corte, G.N.; Shah-esmaeili, Y.; Grilli, N.M.; Laurino, I.R.A.; Oliveira, M.; Ottoni, I.M.; Ragagnin, M.N.; Rech, T.F.; Soto, G.A.T.; Gon\u00e7alves, L.R.; Turra, A. (2018) Gest\u00e3o de Praias: O que \u00e9 preciso considerar? Trabalho apresentado no II Simp\u00f3sio Brasileiro sobre Praias Arenosas \u2013 II SBPA XI Encontro Nacional de Gerenciamento Costeiro \u2013 XI ENCOGERCO. Pp. 396-398\u00a0<em>(categoria: governan\u00e7a, litoral)<\/em><\/li>\n<li>Correa, M.R.; Andrade, M.M.; Oliveira, M.; Checon, H.H.; Corte, G.N.; Shah-esmaeili, Y.; Grilli, N.M.; Laurino, I.R.A.; Ottoni, I.M.; Ragagnin, M.N.; Rech, T.F.; Soto, G.A.T.; Gon\u00e7alves, L.R.; Xavier, L.Y.; Turra, A. (2018) Gest\u00e3o de Praias: quem deve participar. Trabalho apresentado no II Simp\u00f3sio Brasileiro sobre Praias Arenosas \u2013 II SBPA XI Encontro Nacional de Gerenciamento Costeiro \u2013 XI ENCOGERCO. Pp. 402-403.\u00a0<em>(categoria: governan\u00e7a, litoral)<\/em><\/li>\n<li>Gon\u00e7alves, L.R. (2019). O litoral da metr\u00f3pole. Uma reflex\u00e3o sobre a inclus\u00e3o da zona costeira na governan\u00e7a da macrometr\u00f3pole paulista. Trabalho apresentado no I F\u00f3rum de Governan\u00e7a Ambiental da Macrometr\u00f3pole Paulista. S\u00e3o Paulo. Abril 2019.\u00a0<em>(categoria: governan\u00e7a, litoral)<\/em><\/li>\n<li>Siqueira, G. D.P (2019). A Governan\u00e7a Metropolitana de transportes e as particularidades da Regi\u00e3o Metropolitana do Vale do Para\u00edba e Litoral Norte. Trabalho apresentado no I F\u00f3rum de Governan\u00e7a Ambiental da Macrometr\u00f3pole Paulista. S\u00e3o Paulo. Abril 2019.\u00a0<em>(categoria: governan\u00e7a, RMVPLN, Territ\u00f3rio)<\/em><\/li>\n<li>Xavier, L.Y. (2019) Gest\u00e3o de praias: Caracteriza\u00e7\u00e3o da produ\u00e7\u00e3o cient\u00edfica brasileira sobre o tema. Trabalho apresentado no I F\u00f3rum de Governan\u00e7a Ambiental da Macrometr\u00f3pole Paulista. S\u00e3o Paulo. Abril 2019.\u00a0<em>(categoria: governan\u00e7a, litoral)<\/em><\/li>\n<li>ARAUJO, G.M. &amp; TRAVASSOS, L.R.F.C. (2019). Homogeneiza\u00e7\u00e3o e fragmenta\u00e7\u00e3o: os buracos da Macrometr\u00f3pole Paulista. Trabalho apresentado no I F\u00f3rum de Governan\u00e7a Ambiental da Macrometr\u00f3pole Paulista. S\u00e3o Paulo. Abril 2019.\u00a0<em>(categoria: territ\u00f3rio, vulnerabilidade)<\/em><\/li>\n<li>Colla\u00e7o, Fl\u00e1via Mendes de Almeida &amp; Bermann, C\u00e9lio. \u00c9 poss\u00edvel ter uma S\u00e3o Paulo menos desigual? \u2013 uma an\u00e1lise segundo a \u00f3tica do Sistema Energ\u00e9tico e Urbano (SEU) da megacidade de S\u00e3o Paulo. Trabalho apresentado no I F\u00f3rum de Governan\u00e7a Ambiental da Macrometr\u00f3pole Paulista. S\u00e3o Paulo. Abril 2019.\u00a0<em>(categoria: energia)<\/em><\/li>\n<li>CORREIA, A.M. (2019). Tempos de crise e a din\u00e2mica relacional dos atores no contexto de governan\u00e7a multin\u00edvel da \u00e1gua: uma an\u00e1lise das delibera\u00e7\u00f5es do Conselho Estadual de Recursos H\u00eddricos de S\u00e3o Paulo.. Trabalho apresentado no I F\u00f3rum de Governan\u00e7a Ambiental da Macrometr\u00f3pole Paulista. S\u00e3o Paulo. Abril 2019.\u00a0<em>(categoria: governan\u00e7a, saneamento)<\/em><\/li>\n<li>MOURA, Rodolfo Ba\u00easso; CANIL, K\u00e1tia. Vulnerabilidade social e suscetibilidade a deslizamentos na Regi\u00e3o Metropolitana de S\u00e3o Paulo. Trabalho apresentado no I F\u00f3rum de Governan\u00e7a Ambiental da Macrometr\u00f3pole Paulista. Abril 2019.\u00a0<em>(categoria: risco, RMSP)<\/em><\/li>\n<li>ANJOS, L.A.P. A utiliza\u00e7\u00e3o do m\u00e9todo path dependence no estudo da governan\u00e7a ambiental e de recursos h\u00eddricos. Trabalho apresentado no I F\u00f3rum de Governan\u00e7a Ambiental da Macrometr\u00f3pole Paulista. S\u00e3o Paulo. Abril 2019.\u00a0<em>(categoria: governan\u00e7a, saneamento)<\/em><\/li>\n<li>Leonel, A. L.; Zioni, S.; Momm, S. Macrometr\u00f3pole Paulista: apontamentos sobre uma nova unidade de planejamento. Trabalho apresentado no XVIII Enanpur. Natal. Maio, 2019\u00a0<em>(categoria: territ\u00f3rio, planejamento)<\/em><\/li>\n<li>Leonel, A. L.; Fernandes, B. de S.; Silva, R. L. Espacializa\u00e7\u00e3o e levantamento de dados na Macrometr\u00f3pole Paulista. P\u00f4ster apresentado no I F\u00f3rum de Governan\u00e7a Ambiental da Macrometr\u00f3pole Paulista. S\u00e3o Paulo. Abril 2019.\u00a0<em>(categoria: territ\u00f3rio)<\/em><\/li>\n<li>ROSSETO, L. S. Elementos da cultura do planejamento: uma breve an\u00e1lise do planejamento urbano no Brasil de 1930 a 1990. Trabalho apresentado no XVIII Enanpur. Natal. Maio, 2019\u00a0<em>(categoria: planejamento)<\/em><\/li>\n<li>BARRETO, A. P.; QUERIDO, F. M.; ROSSETO, L. S.;\u00a0 SIQUEIRA, G. D. P.\u00a0 O planejamento das cidades e o papel da governan\u00e7a e m\u00faltiplas escalas no enfrentamento das mudan\u00e7as clim\u00e1ticas: uma an\u00e1lise dos munic\u00edpios da macrometr\u00f3pole paulista atrav\u00e9s da pesquisa MUNIC 2017. Poster apresentado no I F\u00f3rum de Governan\u00e7a Ambiental da Macrometr\u00f3pole Paulista. S\u00e3o Paulo. Abril\u00a0 2019.\u00a0<em>(categoria: planejamento, mudan\u00e7as clim\u00e1ticas)<\/em><\/li>\n<li>Soares, R. C; Bermann, C. Panorama da gera\u00e7\u00e3o distribu\u00edda no contexto da Macrometr\u00f3pole Paulista. Trabalho apresentado no I F\u00f3rum de Governan\u00e7a Ambiental da Macrometr\u00f3pole Paulista. S\u00e3o Paulo. Abril 2019\u00a0<em>(categoria: energia)<\/em><\/li>\n<li>MACHADO, C. B., FREITAS, E. D. (2019). Urbaniza\u00e7\u00e3o e efeitos na precipita\u00e7\u00e3o da Macrometr\u00f3pole Paulista. Trabalho apresentado no I F\u00f3rum de Governan\u00e7a Ambiental da Macrometr\u00f3pole Paulista, Abril de 2019.\u00a0<em>(categoria: clima)<\/em><\/li>\n<li>Frey, Klaus; Ramos, Ruth Ferreira; Moraes, Aldeniso; S\u00e1, Ginesio Justino de Gome. Desafios contempor\u00e2neos para governan\u00e7a democr\u00e1tica a \u00e1gua: o caso da Macrometr\u00f3pole Paulista. XVIII Enanpur, Sess\u00e3o Tem\u00e1tica ST7 \u2013 A quest\u00e3o ambiental.\u00a0 Apresenta\u00e7\u00e3o oral e publica\u00e7\u00e3o em Anais. 27 a 31 de maio de 2019.\u00a0<em>(categoria: governan\u00e7a, saneamento)<\/em><\/li>\n<li>Cortez, Rayssa .S.; Empinotti, Vanessa .L. Conflitos entre a agenda habitacional e a ambiental na cidade de S\u00e3o Paulo: o desafio de superar a leitura setorial a partir da perspectiva da Ecologia Pol\u00edtica Urbana, Anais do XVIII Enanpur, Sess\u00e3o Tem\u00e1tica ST7 \u2013 A quest\u00e3o ambiental, Natal, 27 a 31 de maio de 2019.\u00a0<em>(categoria: territ\u00f3rio, saneamento)<\/em><\/li>\n<li>Ramos, Ruth Ferreira; Frey, Klaus. Crise, interdepend\u00eancia e transforma\u00e7\u00e3o: governan\u00e7a democr\u00e1tica da \u00e1gua no contexto da Macrometr\u00f3pole Paulista. Um estudo de caso na Baixada Santista e no Grande ABC, SP. Apresenta\u00e7\u00e3o oral na Oficina de P\u00f3s-gradua\u00e7\u00e3o. XVIII Enanpur. 27 a 31 de maio de 2019.\u00a0<em>(categoria: governan\u00e7a, saneamento, RMBS, RMSP)<\/em><\/li>\n<li>Ramos, Ruth Ferreira; Frey, Klaus. Governan\u00e7a Ambiental no contexto da Macrometr\u00f3pole Paulista. Apresenta\u00e7\u00e3o oral e publica\u00e7\u00e3o no caderno de resumos da Sess\u00e3o Livre Conflitos Ambientais e Desenvolvimento. Conflitos, saberes e possibilidades de desenvolvimento na Macrometr\u00f3pole Paulista. XVIII Enanpur. 27 a 31 de maio de 2019.\u00a0<em>(categoria: governan\u00e7a)<\/em><\/li>\n<li>Anjos, Lidiane Alonso Paix\u00e3o dos. A utiliza\u00e7\u00e3o do m\u00e9todo path dependence no estudo da governan\u00e7a ambiental e de recursos h\u00eddricos. Aceito para apresenta\u00e7\u00e3o oral no Painel: Nexus (\u00c1gua, energia e alimentos) na Macrometr\u00f3pole Paulista, do I F\u00f3rum de Governan\u00e7a Ambiental da Macrometr\u00f3pole Paulista. 24 e 25 de abril de 2019.\u00a0<em>(categoria: governan\u00e7a, saneamento)<\/em><\/li>\n<li>Correia, Alden\u00edsio M. (2019). Tempos de crise e a din\u00e2mica relacional dos atores no contexto de governan\u00e7a multin\u00edvel da \u00e1gua: uma an\u00e1lise das delibera\u00e7\u00f5es do Conselho Estadual de Recursos H\u00eddricos de S\u00e3o Paulo. Trabalho apresentado no I F\u00f3rum de Governan\u00e7a Ambiental da Macrometr\u00f3pole Paulista. S\u00e3o Paulo. Abril 2019.\u00a0<em>(categoria: governan\u00e7a, saneamento)<\/em><\/li>\n<li>Milz, Beatriz; Jacobi, Pedro Roberto. Levantamento explorat\u00f3rio de estudos sobre a Governan\u00e7a ambiental na Macrometr\u00f3pole Paulista. I F\u00f3rum de Governan\u00e7a Ambiental da Macrometr\u00f3pole Paulista, Painel 1 \u2013 Governan\u00e7a Ambiental: novas agendas de pesquisas, discuss\u00f5es te\u00f3ricas e metodol\u00f3gicas. Apresenta\u00e7\u00e3o oral e publica\u00e7\u00e3o em anais. 24 e 25 de abril de 2019.\u00a0<em>(categoria: governan\u00e7a)<\/em><\/li>\n<li>Santos, Kau\u00ea .L. Os res\u00edduos de equipamentos eletroeletr\u00f4nicos na Macrometr\u00f3pole Paulista: normas e t\u00e9cnicas \u00e0 servi\u00e7o da log\u00edstica reversa.\u00a0 I F\u00f3rum de Governan\u00e7a Ambiental da Macrometr\u00f3pole Paulista, Painel 1 \u2013 Governan\u00e7a Ambiental: novas agendas de pesquisas, discuss\u00f5es te\u00f3ricas e metodol\u00f3gicas. Apresenta\u00e7\u00e3o oral e publica\u00e7\u00e3o em anais. 24 e 25 de abril de 2019.\u00a0<em>(categoria: governan\u00e7a, saneamento)<\/em><\/li>\n<li>Torres, Pedro Henrique C.; Ramos, Ruth Ferreira; Jacobi, Pedro R.; Frey, Klaus. ODS 6 e a Macrometr\u00f3pole Paulista: uma an\u00e1lise das a\u00e7\u00f5es de governan\u00e7a ambiental da \u00e1gua no p\u00f3s-crise h\u00eddrica (2014-2015). Apresenta\u00e7\u00e3o oral e publica\u00e7\u00e3o em anais. I Encontro Regional ANPPAS Sudeste. 26 a 28 de setembro de 2018.\u00a0<em>(categoria: governan\u00e7a, saneamento, mudan\u00e7as clim\u00e1ticas)<\/em><\/li>\n<li>Pedro Torres. Planejamento, Escala e Conflitos Ambientais na Macrometr\u00f3pole Expandida: Dois casos na Macrometr\u00f3pole Paulista.. ST 10 \u201cQuest\u00e3o Metropolitana e Cidades em Rede. XVIII Encontro Nacional da ANPUR. 27 a 31 de maio de 2019\u00a0<em>(categoria: planejamento, territ\u00f3rio)<\/em><\/li>\n<li>Pedro Torres. Quest\u00e3o Ambiental e Megarregi\u00e3o: o caso da Macrometr\u00f3pole Paulista. GT Megarregi\u00e3o. Congresso Observat\u00f3rio das Metr\u00f3poles vinte anos | As metr\u00f3poles e o direito \u00e0 cidade: dilemas, desafios e esperan\u00e7a. Rio de Janeiro, 2018\u00a0<em>(categoria: territ\u00f3rio)<\/em><\/li>\n<li>Ana Lia Leonel. Espacializa\u00e7\u00e3o e levantamento de dados na Macrometr\u00f3pole Paulista (p\u00f4ster). I F\u00f3rum de Governan\u00e7a Ambiental da Macrometr\u00f3pole Paulista, 2019.\u00a0<em>(categoria: territ\u00f3rio)<\/em><\/li>\n<li>Paula Ciminelli Ramalho. PLANEJAMENTO URBANO E AVALIA\u00c7\u00c3O DE IMPACTO AMBIENTAL NAS \u00c1REAS DE PROTE\u00c7\u00c3O E RECUPERA\u00c7\u00c3O DE MANANCIAIS DA RMSP: Interfaces, conflitos e perspectivas.Enanpur, 2019\u00a0<em>(categoria: planejamento, territ\u00f3rio, saneamento)<\/em><\/li>\n<li>Moreno, Robson; Momm, Sandra. INFRAESTRUTURA\u00a0 VERDE E A GEST\u00c3O DE \u00c1GUAS PLUVIAIS. A aplica\u00e7\u00e3o do conceito de vaz\u00e3o de base em projetos na Regi\u00e3o Metropolitana de S\u00e3o Paulo (Brasil).\u00a0<strong>XVIII Encontro Nacional da ANPUR<\/strong>. 27 a 31 de maio de 2019.\u00a0<em>(categoria: territ\u00f3rio, saneamento)<\/em><\/li>\n<li>Graziana SIqueira, Silvana Zioni. A Governan\u00e7a metropolitana de transportes e as particularidades da RMVPLN.\u00a0 I F\u00f3rum de Governan\u00e7a Ambiental da Macrometr\u00f3pole Paulista, 2019\u00a0<em>(categoria: governan\u00e7a, territ\u00f3rio, RMVPLN)<\/em><\/li>\n<li>O emprego da carta geot\u00e9cnica de aptid\u00e3o \u00e0 urbaniza\u00e7\u00e3o: debate sobre o licenciamento do Centro Log\u00edstico Campo Grande, Santo Andr\u00e9, SP \u2013 Fernando Rocha Nogueira, Silvia Passarelli, Rodolfo Ba\u00easso Moura, Leonardo Santos Salles Varallo \u2013 Apresenta\u00e7\u00e3o (trabalho completo): XVIII ENANPUR\u00a0<em>(categoria: risco, governan\u00e7a)<\/em><\/li>\n<li>Bruna de Souza Fernandes, Luciana Travassos. Produ\u00e7\u00e3o do espa\u00e7o no macrometr\u00f3pole paulista: Constru\u00e7\u00e3o de sistema de grade estat\u00edstica para elabora\u00e7\u00e3o de um gradiente rural-urbano (p\u00f4ster). 1\u00ba ANPPAS Sudeste \u2013 Sustentabilidade e interdisciplinaridade: Avan\u00e7os e desafios para o desenvolvimento, 2018, S\u00e3o Paulo.\u00a0<em>(categoria: territ\u00f3rio)<\/em><\/li>\n<li>Bruna de Souza Fernandes, Luciana Travassos. Dimensionamento dos espa\u00e7os rurais na Macrometr\u00f3pole Paulista (p\u00f4ster). I F\u00f3rum de Governan\u00e7a Ambiental da Macrometr\u00f3pole Paulista, 2019, S\u00e3o Paulo.\u00a0<em>(categoria: territ\u00f3rio)<\/em><\/li>\n<li>MACHADO, C. B., FREITAS, E. D. (2019). Urbaniza\u00e7\u00e3o e efeitos na precipita\u00e7\u00e3o da Macrometr\u00f3pole Paulista. I F\u00f3rum de Governan\u00e7a Ambiental da Macrometr\u00f3pole Paulista, Painel 1 \u2013 Governan\u00e7a Ambiental: novas agendas de pesquisas, discuss\u00f5es te\u00f3ricas e metodol\u00f3gicas. Apresenta\u00e7\u00e3o oral e publica\u00e7\u00e3o em anais. 24 e 25 de abril de 2019.\u00a0<em>(categoria: clima)<\/em><\/li>\n<\/ol>\n<p>&nbsp;<\/p>\n","protected":false},"excerpt":{"rendered":"<p>Artigos em revistas cient\u00edficas indexadas; Publicados Colla\u00e7o, Fl\u00e1via Mendes de Almeida; Dias, Lu\u00eds Pereira; Simoes, Sofia G.; Puk\u0161ec, Tomislav; Seixas,&#46;&#46;&#46;<\/p>\n","protected":false},"author":23646,"featured_media":0,"parent":0,"menu_order":2,"comment_status":"closed","ping_status":"closed","template":"","meta":{"footnotes":"","_links_to":"","_links_to_target":""},"class_list":["post-212","page","type-page","status-publish","hentry"],"_links":{"self":[{"href":"https:\/\/sites.usp.br\/govamb\/wp-json\/wp\/v2\/pages\/212","targetHints":{"allow":["GET"]}}],"collection":[{"href":"https:\/\/sites.usp.br\/govamb\/wp-json\/wp\/v2\/pages"}],"about":[{"href":"https:\/\/sites.usp.br\/govamb\/wp-json\/wp\/v2\/types\/page"}],"author":[{"embeddable":true,"href":"https:\/\/sites.usp.br\/govamb\/wp-json\/wp\/v2\/users\/23646"}],"replies":[{"embeddable":true,"href":"https:\/\/sites.usp.br\/govamb\/wp-json\/wp\/v2\/comments?post=212"}],"version-history":[{"count":4,"href":"https:\/\/sites.usp.br\/govamb\/wp-json\/wp\/v2\/pages\/212\/revisions"}],"predecessor-version":[{"id":354,"href":"https:\/\/sites.usp.br\/govamb\/wp-json\/wp\/v2\/pages\/212\/revisions\/354"}],"wp:attachment":[{"href":"https:\/\/sites.usp.br\/govamb\/wp-json\/wp\/v2\/media?parent=212"}],"curies":[{"name":"wp","href":"https:\/\/api.w.org\/{rel}","templated":true}]}}