{"id":350,"date":"2024-03-01T18:22:46","date_gmt":"2024-03-01T20:22:46","guid":{"rendered":"https:\/\/sites.usp.br\/govamb\/?page_id=350"},"modified":"2026-04-10T15:11:00","modified_gmt":"2026-04-10T17:11:00","slug":"teses-e-dissertacoes","status":"publish","type":"page","link":"https:\/\/sites.usp.br\/govamb\/teses-e-dissertacoes\/","title":{"rendered":"Teses e Disserta\u00e7\u00f5es"},"content":{"rendered":"<h2>Teses<\/h2>\n<p>ARRUDA FILHO, Marcos Tavares de. <strong>Justi\u00e7a clim\u00e1tica e pol\u00edticas p\u00fablicas em contexto de vulnerabilidade socioambiental: estudo de caso da cidade de Recife, Pernambuco. <\/strong>2025. Tese (Doutorado em Ci\u00eancia Ambiental) &#8211; Instituto de Energia e Ambiente, Universidade de S\u00e3o Paulo, S\u00e3o Paulo, 2024. \u00a0<a href=\"https:\/\/www.teses.usp.br\/teses\/disponiveis\/106\/106132\/tde-06062025-224737\/pt-br.php\">Link<\/a>.<\/p>\n<p>MILZ, Beatriz. <b>Transpar\u00eancia ativa na gest\u00e3o de recursos h\u00eddricos na Macrometr\u00f3pole Paulista<\/b>. 2024. Tese (Doutorado em Ci\u00eancia Ambiental) &#8211; Instituto de Energia e Ambiente, Universidade de S\u00e3o Paulo, S\u00e3o Paulo, 2024.\u00a0<a href=\"https:\/\/www.teses.usp.br\/teses\/disponiveis\/106\/106132\/tde-06062025-224737\/pt-br.php\">Link<\/a>.<\/p>\n<p>&nbsp;<\/p>\n<p>&nbsp;<\/p>\n","protected":false},"excerpt":{"rendered":"<p>Teses ARRUDA FILHO, Marcos Tavares de. Justi\u00e7a clim\u00e1tica e pol\u00edticas p\u00fablicas em contexto de vulnerabilidade socioambiental: estudo de caso da&#46;&#46;&#46;<\/p>\n","protected":false},"author":23646,"featured_media":0,"parent":0,"menu_order":0,"comment_status":"closed","ping_status":"closed","template":"","meta":{"footnotes":"","_links_to":"","_links_to_target":""},"class_list":["post-350","page","type-page","status-publish","hentry"],"_links":{"self":[{"href":"https:\/\/sites.usp.br\/govamb\/wp-json\/wp\/v2\/pages\/350","targetHints":{"allow":["GET"]}}],"collection":[{"href":"https:\/\/sites.usp.br\/govamb\/wp-json\/wp\/v2\/pages"}],"about":[{"href":"https:\/\/sites.usp.br\/govamb\/wp-json\/wp\/v2\/types\/page"}],"author":[{"embeddable":true,"href":"https:\/\/sites.usp.br\/govamb\/wp-json\/wp\/v2\/users\/23646"}],"replies":[{"embeddable":true,"href":"https:\/\/sites.usp.br\/govamb\/wp-json\/wp\/v2\/comments?post=350"}],"version-history":[{"count":4,"href":"https:\/\/sites.usp.br\/govamb\/wp-json\/wp\/v2\/pages\/350\/revisions"}],"predecessor-version":[{"id":739,"href":"https:\/\/sites.usp.br\/govamb\/wp-json\/wp\/v2\/pages\/350\/revisions\/739"}],"wp:attachment":[{"href":"https:\/\/sites.usp.br\/govamb\/wp-json\/wp\/v2\/media?parent=350"}],"curies":[{"name":"wp","href":"https:\/\/api.w.org\/{rel}","templated":true}]}}