{"id":64,"date":"2014-02-12T11:28:54","date_gmt":"2014-02-12T13:28:54","guid":{"rendered":"http:\/\/sites.usp.br\/govamb\/?page_id=64"},"modified":"2024-12-01T14:15:29","modified_gmt":"2024-12-01T16:15:29","slug":"integrantes","status":"publish","type":"page","link":"https:\/\/sites.usp.br\/govamb\/integrantes\/","title":{"rendered":"Integrantes"},"content":{"rendered":"<h2>Pesquisadores(as)<\/h2>\n<ul>\n<li>Alexander Turra<\/li>\n<li>Dayana Karla Melo da Silva<\/li>\n<li>Estela Macedo Alves<\/li>\n<li>Fl\u00e1via Mendes de Almeida Colla\u00e7o<\/li>\n<li>Gina Rizpah Besen<\/li>\n<li>Jos\u00e9 Irivaldo Alves de Oliveira Silva<\/li>\n<li>Klaus Frey<\/li>\n<li>Leandra Regina Gon\u00e7alves Torres<\/li>\n<li>Leandro Luiz Giatti<\/li>\n<li>Lira Benitez Lazaro<\/li>\n<li>Luciana Rodrigues Fagnoni Costa Travassos<\/li>\n<li>Luciana Yokoyama Xavier<\/li>\n<li>Marcelo Aversa<\/li>\n<li>Paulo Antonio de Almeida Sinisgalli<\/li>\n<li>Pedro Henrique Campello Torres<\/li>\n<li>Pedro Luiz C\u00f4rtes<\/li>\n<li>Pedro Roberto Jacobi<\/li>\n<li>Renata Ferraz de Toledo<\/li>\n<li>Ricardo C\u00e9sar da Silva Guabiroba<\/li>\n<li>Rosa Maria de Oliveira Machado Mancini<\/li>\n<li>Samia Nascimento Sulaiman<\/li>\n<li>Sandra Momm<\/li>\n<li>Vanessa Lucena Empinotti<\/li>\n<li>Victor Uehara Kanashiro<\/li>\n<li>Vivian Aparecida Blaso Souza Soares Cesar<\/li>\n<li>Zenaida Luisa Lauda Rodriguez<\/li>\n<\/ul>\n<h2>Estudantes<\/h2>\n<ul>\n<li>Anna Luisa Abreu Netto &#8211; Doutorado<\/li>\n<li>Beatriz Milz &#8211; Doutorado<\/li>\n<li>Bruno de Pierro &#8211; Doutorado<\/li>\n<li>Giovanna Pereira Rosseto &#8211; Mestrado<\/li>\n<li>Igor Matheus Santana Chaves &#8211; Doutorado<\/li>\n<li>Isabela Carmo Cavaco &#8211; Mestrado<\/li>\n<li>Leila Maria Vendrametto &#8211; Doutorado<\/li>\n<li>Leonardo Callori Kefal\u00e1s &#8211; Gradua\u00e7\u00e3o<\/li>\n<li>Luiza Muccillo Bica de Barcellos &#8211; Doutorado<\/li>\n<li>Marcos Tavares de Arruda Filho &#8211; Doutorado<\/li>\n<li>Monica Pilz Borba &#8211; Mestrado<\/li>\n<li>Nathalia Bassoli Minari &#8211; Doutorado<\/li>\n<li>Rodolfo Pereira Medeiros &#8211; Doutorado<\/li>\n<li>Rodrigo de Oliveira Perp\u00e9tuo &#8211; Doutorado<\/li>\n<li>Rodrigo Corradi &#8211; Doutorado<\/li>\n<\/ul>\n<h2>Colaboradores(as)<\/h2>\n<ul>\n<li>Andrea Lampis<\/li>\n<li>Denise de La Corte Bacci<\/li>\n<li>Di\u00f3genes Valdanha Neto<\/li>\n<li>Edmilson Dias de Freitas<\/li>\n<li>Edson Abreu de Castro Grandisoli<\/li>\n<li>Jacques Demajorovic<\/li>\n<li>Pedro Henrique Martins Pereira<\/li>\n<li>Rafael de Araujo Arosa Monteiro<\/li>\n<li>Riciane Maria Reis Pombo<\/li>\n<li>Solange Santos Silva S\u00e1nchez<\/li>\n<li>Sophia Bujnicki Neves Picarelli<\/li>\n<li>Wilson Cabral de Sousa J\u00fanior<\/li>\n<\/ul>\n<h2>Colaboradores(as) internacionais<\/h2>\n<ul>\n<li>Antonio Jose Aledo Tur &#8211; Reino da Espanha<\/li>\n<li>Daniele Tubino Pante de Souza &#8211; Holanda<\/li>\n<li>Eduardo Gon\u00e7alves Gresse &#8211; Alemanha<\/li>\n<li>Jeroen Frank Warner &#8211; Reino dos Pa\u00edses Baixos<\/li>\n<li>Kristen Lyons &#8211; Austr\u00e1lia<\/li>\n<li>Lu\u00edsa Schmidt &#8211; Rep\u00fablica Portuguesa<\/li>\n<li>Micaela Trimble Nunez &#8211; Uruguai<\/li>\n<\/ul>\n","protected":false},"excerpt":{"rendered":"<p>Pesquisadores(as) Alexander Turra Dayana Karla Melo da Silva Estela Macedo Alves Fl\u00e1via Mendes de Almeida Colla\u00e7o Gina Rizpah Besen Jos\u00e9&#46;&#46;&#46;<\/p>\n","protected":false},"author":1,"featured_media":0,"parent":0,"menu_order":2,"comment_status":"closed","ping_status":"closed","template":"","meta":{"footnotes":"","_links_to":"","_links_to_target":""},"class_list":["post-64","page","type-page","status-publish","hentry"],"_links":{"self":[{"href":"https:\/\/sites.usp.br\/govamb\/wp-json\/wp\/v2\/pages\/64","targetHints":{"allow":["GET"]}}],"collection":[{"href":"https:\/\/sites.usp.br\/govamb\/wp-json\/wp\/v2\/pages"}],"about":[{"href":"https:\/\/sites.usp.br\/govamb\/wp-json\/wp\/v2\/types\/page"}],"author":[{"embeddable":true,"href":"https:\/\/sites.usp.br\/govamb\/wp-json\/wp\/v2\/users\/1"}],"replies":[{"embeddable":true,"href":"https:\/\/sites.usp.br\/govamb\/wp-json\/wp\/v2\/comments?post=64"}],"version-history":[{"count":4,"href":"https:\/\/sites.usp.br\/govamb\/wp-json\/wp\/v2\/pages\/64\/revisions"}],"predecessor-version":[{"id":583,"href":"https:\/\/sites.usp.br\/govamb\/wp-json\/wp\/v2\/pages\/64\/revisions\/583"}],"wp:attachment":[{"href":"https:\/\/sites.usp.br\/govamb\/wp-json\/wp\/v2\/media?parent=64"}],"curies":[{"name":"wp","href":"https:\/\/api.w.org\/{rel}","templated":true}]}}