{"id":291,"date":"2020-10-08T00:09:11","date_gmt":"2020-10-08T02:09:11","guid":{"rendered":"https:\/\/sites.usp.br\/governancaflorestal\/publicacoes\/dissertacoes-e-teses\/"},"modified":"2021-10-21T12:55:13","modified_gmt":"2021-10-21T14:55:13","slug":"dissertacoes-e-teses","status":"publish","type":"page","link":"https:\/\/sites.usp.br\/governancaflorestal\/publicacoes\/dissertacoes-e-teses\/","title":{"rendered":"Disserta\u00e7\u00f5es e Teses"},"content":{"rendered":"<h3>Disserta\u00e7\u00f5es conclu\u00eddas<\/h3>\n<ul>\n<li><strong>Victor Bassetti Martinho<\/strong>. A forma\u00e7\u00e3o da agenda de concess\u00e3o nas \u00e1reas protegidas do Estado de S\u00e3o Paulo. Ano de Obten\u00e7\u00e3o: 2021.<\/li>\n<li><strong>Vitor Hirata Sanches<\/strong>. Modelagem Baseada em Agentes para o estudo da Agrobiodiversidade em Sistemas Agr\u00edcolas Tradicionais. Ano de Obten\u00e7\u00e3o: 2019. Dispon\u00edvel em:<a href=\"https:\/\/www.teses.usp.br\/teses\/disponiveis\/100\/100132\/tde-13122019-195850\/pt-br.php\"> https:\/\/www.teses.usp.br\/teses\/disponiveis\/100\/100132\/tde-13122019-195850\/pt-br.php<\/a><\/li>\n<\/ul>\n<h3>Teses conclu\u00eddas<\/h3>\n<ul>\n<li><strong>Lucia Chamlian Munari<\/strong>. Modelagem Baseada em Agentes das Intera\u00e7\u00f5es S\u00f3cio-Ecol\u00f3gicas em um Sistema Agr\u00edcola Familiar da Mata Atl\u00e2ntica (Vale do Ribeira, SP, Brasil). Dispon\u00edvel em: <a href=\"http:\/\/opus.uni-hohenheim.de\/volltexte\/2021\/1941\/pdf\/Diss_Lucia_Munari.pdf\">http:\/\/opus.uni-hohenheim.de\/volltexte\/2021\/1941\/pdf\/Diss_Lucia_Munari.pdf<\/a><\/li>\n<li><strong>Raquel Rodrigues dos Santos<\/strong>. Produtos Florestais N\u00e3o-Madeireiros, Modos De Vida E Conserva\u00e7\u00e3o Florestal: Uma Avalia\u00e7\u00e3o S\u00f3cio-Ecol\u00f3gica (Ses) Da Sustentabilidade Do Extrativismo De Castanha-Do-Brasil (Bertholletia excelsa Bonpl.) na Terra do Meio (PA). Dispon\u00edvel em: <a href=\"https:\/\/www.teses.usp.br\/teses\/disponiveis\/91\/91131\/tde-26052021-134927\/pt-br.php\">https:\/\/www.teses.usp.br\/teses\/disponiveis\/91\/91131\/tde-26052021-134927\/pt-br.php<\/a><\/li>\n<li><strong>Liviam Cordeiro Beduschi. <\/strong>A Governan\u00e7a Para A Gest\u00e3o Sustent\u00e1vel Das Florestas Nativas Em Duas Regi\u00f5es Da Am\u00e9rica Do Sul., Ano de obten\u00e7\u00e3o: 2019. Dispon\u00edvel em: <a href=\"https:\/\/teses.usp.br\/teses\/disponiveis\/106\/106132\/tde-29042019-133159\/pt-br.php\">https:\/\/teses.usp.br\/teses\/disponiveis\/106\/106132\/tde-29042019-133159\/pt-br.php<\/a><\/li>\n<\/ul>\n<h3>Teses em andamento<\/h3>\n<ul>\n<li tabindex=\"0\"><strong>Aur\u00e9lio Padovezi<\/strong><\/li>\n<li class=\"nome\" tabindex=\"0\"><strong>Marcus Vin\u00edcius Chamon Schmidt<\/strong>. Gente da floresta. A import\u00e2ncia da mata atl\u00e2ntica na vida e na identidade cai\u00e7ara das comunidades da Jureia-Itatins, litoral sul de S\u00e3o Paulo<\/li>\n<li><strong>Jordano Roma Buzati.<\/strong> Implementa\u00e7\u00e3o de Instrumentos de Pol\u00edticas P\u00fablicas para o Desenvolvimento Rural: Redes de Assist\u00eancia T\u00e9cnica para Restaura\u00e7\u00e3o Florestal e de Paisagens Rurais do Vale do Para\u00edba paulista<\/li>\n<\/ul>\n","protected":false},"excerpt":{"rendered":"<p>Disserta\u00e7\u00f5es conclu\u00eddas Victor Bassetti Martinho. A forma\u00e7\u00e3o da agenda de concess\u00e3o nas \u00e1reas protegidas do Estado de S\u00e3o Paulo. Ano de Obten\u00e7\u00e3o: 2021. Vitor Hirata Sanches. Modelagem Baseada em Agentes para o estudo da Agrobiodiversidade em Sistemas Agr\u00edcolas Tradicionais. Ano de Obten\u00e7\u00e3o: 2019. Dispon\u00edvel em: https:\/\/www.teses.usp.br\/teses\/disponiveis\/100\/100132\/tde-13122019-195850\/pt-br.php Teses conclu\u00eddas Lucia Chamlian Munari. Modelagem Baseada em Agentes das Intera\u00e7\u00f5es S\u00f3cio-Ecol\u00f3gicas em um Sistema Agr\u00edcola Familiar da Mata Atl\u00e2ntica (Vale do Ribeira, SP, Brasil). Dispon\u00edvel em: http:\/\/opus.uni-hohenheim.de\/volltexte\/2021\/1941\/pdf\/Diss_Lucia_Munari.pdf Raquel Rodrigues dos Santos. Produtos Florestais N\u00e3o-Madeireiros, Modos De Vida E Conserva\u00e7\u00e3o Florestal: Uma Avalia\u00e7\u00e3o S\u00f3cio-Ecol\u00f3gica (Ses) Da Sustentabilidade Do Extrativismo De Castanha-Do-Brasil (Bertholletia excelsa Bonpl.) na Terra do Meio (PA). Dispon\u00edvel em: https:\/\/www.teses.usp.br\/teses\/disponiveis\/91\/91131\/tde-26052021-134927\/pt-br.php Liviam Cordeiro Beduschi. A Governan\u00e7a Para A Gest\u00e3o Sustent\u00e1vel Das Florestas Nativas Em Duas Regi\u00f5es Da Am\u00e9rica Do Sul., Ano de obten\u00e7\u00e3o: 2019. Dispon\u00edvel em: https:\/\/teses.usp.br\/teses\/disponiveis\/106\/106132\/tde-29042019-133159\/pt-br.php Teses em andamento Aur\u00e9lio Padovezi Marcus Vin\u00edcius Chamon Schmidt. Gente da floresta. A import\u00e2ncia da mata atl\u00e2ntica na vida e na identidade cai\u00e7ara das comunidades da Jureia-Itatins, litoral sul de S\u00e3o Paulo Jordano Roma Buzati. Implementa\u00e7\u00e3o de Instrumentos de Pol\u00edticas P\u00fablicas para o Desenvolvimento Rural: Redes de Assist\u00eancia T\u00e9cnica para Restaura\u00e7\u00e3o Florestal e de Paisagens Rurais do Vale do Para\u00edba paulista<\/p>\n","protected":false},"author":22067,"featured_media":0,"parent":135,"menu_order":2,"comment_status":"closed","ping_status":"closed","template":"","meta":{"footnotes":"","_links_to":"","_links_to_target":""},"class_list":["post-291","page","type-page","status-publish","hentry"],"_links":{"self":[{"href":"https:\/\/sites.usp.br\/governancaflorestal\/wp-json\/wp\/v2\/pages\/291","targetHints":{"allow":["GET"]}}],"collection":[{"href":"https:\/\/sites.usp.br\/governancaflorestal\/wp-json\/wp\/v2\/pages"}],"about":[{"href":"https:\/\/sites.usp.br\/governancaflorestal\/wp-json\/wp\/v2\/types\/page"}],"author":[{"embeddable":true,"href":"https:\/\/sites.usp.br\/governancaflorestal\/wp-json\/wp\/v2\/users\/22067"}],"replies":[{"embeddable":true,"href":"https:\/\/sites.usp.br\/governancaflorestal\/wp-json\/wp\/v2\/comments?post=291"}],"version-history":[{"count":4,"href":"https:\/\/sites.usp.br\/governancaflorestal\/wp-json\/wp\/v2\/pages\/291\/revisions"}],"predecessor-version":[{"id":567,"href":"https:\/\/sites.usp.br\/governancaflorestal\/wp-json\/wp\/v2\/pages\/291\/revisions\/567"}],"up":[{"embeddable":true,"href":"https:\/\/sites.usp.br\/governancaflorestal\/wp-json\/wp\/v2\/pages\/135"}],"wp:attachment":[{"href":"https:\/\/sites.usp.br\/governancaflorestal\/wp-json\/wp\/v2\/media?parent=291"}],"curies":[{"name":"wp","href":"https:\/\/api.w.org\/{rel}","templated":true}]}}