{"id":517,"date":"2021-04-18T21:19:45","date_gmt":"2021-04-18T23:19:45","guid":{"rendered":"https:\/\/sites.usp.br\/governancaflorestal\/?page_id=517"},"modified":"2021-04-25T20:37:29","modified_gmt":"2021-04-25T22:37:29","slug":"linhas-teoricas","status":"publish","type":"page","link":"https:\/\/sites.usp.br\/governancaflorestal\/linhas-teoricas\/","title":{"rendered":"Linhas Te\u00f3ricas"},"content":{"rendered":"<h3><a href=\"https:\/\/sites.usp.br\/governancaflorestal\/wp-content\/uploads\/sites\/810\/2021\/04\/Linhas-Teoricas.png\"><img loading=\"lazy\" decoding=\"async\" class=\"aligncenter size-full wp-image-553\" src=\"https:\/\/sites.usp.br\/governancaflorestal\/wp-content\/uploads\/sites\/810\/2021\/04\/Linhas-Teoricas.png\" alt=\"\" width=\"737\" height=\"506\" srcset=\"https:\/\/sites.usp.br\/governancaflorestal\/wp-content\/uploads\/sites\/810\/2021\/04\/Linhas-Teoricas.png 737w, https:\/\/sites.usp.br\/governancaflorestal\/wp-content\/uploads\/sites\/810\/2021\/04\/Linhas-Teoricas-300x206.png 300w, https:\/\/sites.usp.br\/governancaflorestal\/wp-content\/uploads\/sites\/810\/2021\/04\/Linhas-Teoricas-400x275.png 400w\" sizes=\"auto, (max-width: 737px) 100vw, 737px\" \/><\/a><\/h3>\n<h3><\/h3>\n<h3><strong>Ecologia Humana\/Antropologia Ambiental<\/strong><\/h3>\n<p>BROND\u00cdZIO E. S., ADAMS R. T., FIORINI S. 2017. History and Scope of Environmental Anthropology. In: Helen Kopnina and Eleanor Shoreman-Ouimet (Eds.), Routledge Handbook of Environmental Anthropology. New York: Routledge. pp. 10-30. (<a href=\"https:\/\/www.routledgehandbooks.com\/doi\/10.4324\/9781315768946.ch2\">https:\/\/www.routledgehandbooks.com\/doi\/10.4324\/9781315768946.ch2<\/a>)<\/p>\n<p>BROND\u00cdZIO, E. S. Foundations of environmental anthropology (<a href=\"https:\/\/www.youtube.com\/watch?v=9kOdvJeeiNc&amp;ab_channel=TheNationalSocio-EnvironmentalSynthesisCenter\">https:\/\/www.youtube.com\/watch?v=9kOdvJeeiNc&amp;ab_channel=TheNationalSocio-EnvironmentalSynthesisCenter<\/a>)<\/p>\n<p><iframe loading=\"lazy\" title=\"Foundations of environmental anthropology\" width=\"650\" height=\"366\" src=\"https:\/\/www.youtube.com\/embed\/9kOdvJeeiNc?feature=oembed\" frameborder=\"0\" allow=\"accelerometer; autoplay; clipboard-write; encrypted-media; gyroscope; picture-in-picture; web-share\" referrerpolicy=\"strict-origin-when-cross-origin\" allowfullscreen><\/iframe><\/p>\n<h3><strong>Agricultura itinerante<\/strong><\/h3>\n<p>CONKLIN, H. C. 1961. The Study of Shifting Cultivation. Current Anthropology 2(1): 27-61. (<a href=\"https:\/\/www.jstor.org\/stable\/2739597?seq=1#metadata_info_tab_contents\">https:\/\/www.jstor.org\/stable\/2739597?seq=1#metadata_info_tab_contents<\/a>)<\/p>\n<p>MERTZ, O. 2002. The relationship between length of fallow and crop yields in shifting cultivation: a rethinking. Agroforestry Systems 55: 149\u2013159. (<a href=\"https:\/\/link.springer.com\/article\/10.1023\/A:1020507631848\">https:\/\/link.springer.com\/article\/10.1023\/A:1020507631848<\/a>)<\/p>\n<h3><strong>Commons &#8211; Bloomington (EUA)<\/strong><\/h3>\n<p>SCHLAGER E., OSTROM E. 1992. Property-Rights Regimes and Natural Resources: A Conceptual Analysis. Land Economics, Vol. 68, No. 3 (Aug., 1992), pp. 249-262. (<a href=\"https:\/\/www.jstor.org\/stable\/3146375?seq=1#metadata_info_tab_contents\">https:\/\/www.jstor.org\/stable\/3146375?seq=1#metadata_info_tab_contents<\/a>)<\/p>\n<p>ANDERSSON K. P., OSTROM E. Analyzing decentralized resource regimes from a polycentric perspective. Policy Sci (2008) 41:71\u201393. (<a href=\"http:\/\/dx.doi.org\/10.1007\/s11077-007-9055-6\">http:\/\/dx.doi.org\/10.1007\/s11077-007-9055-6<\/a>)<\/p>\n<p>OSTROM E. 2009. Design Principles of Robust Property Rights Institutions: What Have We Learned? In: Gregory K. Ingram and Yu-Hung Hong (Eds.), Property Rights and Land Policies. Proceedings of the 2008 Land Policy Conference. Cambridge, Massachusetts: Lincoln Institute of Land Policy. (<a href=\"https:\/\/www.lincolninst.edu\/sites\/default\/files\/pubfiles\/2076_1399_LP2008-ch02-Design-Principles-of-Robust-Property-Rights-Institutions_0.pdf\">https:\/\/www.lincolninst.edu\/sites\/default\/files\/pubfiles\/2076_1399_LP2008-ch02-Design-Principles-of-Robust-Property-Rights-Institutions_0.pdf<\/a>)<\/p>\n<p>OSTROM E. 2011. Background on the Institutional Analysis and Development Framework. The Policy Studies Journal, 39(1): 7-27. (<a href=\"https:\/\/onlinelibrary.wiley.com\/doi\/abs\/10.1111\/j.1541-0072.2010.00394.x\">https:\/\/onlinelibrary.wiley.com\/doi\/abs\/10.1111\/j.1541-0072.2010.00394.x<\/a>)<\/p>\n<p>McGINNIS, M. D., OSTROM E. 2014. Social-ecological system framework: initial changes and continuing challenges. Ecology and Society 19(2): 30. (<a href=\"http:\/\/dx.doi.org\/10.5751\/ES-06387-190230\">http:\/\/dx.doi.org\/10.5751\/ES-06387-190230<\/a>)<\/p>\n<h3><strong>Gest\u00e3o de Commons\u00a0<\/strong><\/h3>\n<p>Armitage, D., F. Berkes, and N. Doubleday, editors. 2007. Adaptive Co-Management: Collaboration, Learning, and Multi-Level Governance. University of British Columbia Press, Vancouver<\/p>\n<p>Berkes, F., Feeny, D. McCay, B.F., Acheson, J.M. 1989. The Benefits of the Commons. Nature, 340:91-93.<\/p>\n<p>Berkes, F. 1994. Co-management: bridging the two solitudes. Northern Perspectives, 22(2-3): 18-20.<\/p>\n<p>Berkes, F. 1999. Sacred Ecology. New York: Taylor and Francis.<\/p>\n<p>Berkes, F. 2002. Cross-scale institutional linkages for commons management: Perspectives from the bottom up. In: Drama of the Commons (E. Ostrom et al., eds.) National Academy Press, Washington DC, pp. 293-321.<\/p>\n<p>Berkes, F. 2006. From community-based resource management to complex systems. Ecology and Society, 11(1): 45. [online] URL: http:\/\/www.ecologyandsociety.org\/vol11\/iss1\/art45\/<\/p>\n<p>Berkes, F. 2007. Community-based conservation in a globalized world. Proceedings of the National Academy of Sciences 104: 15188\u201315193.<\/p>\n<p>Berkes F, Folke C. 1992. A systems perspective on the interrelations between natural, human-made and cultural capital. Ecol. Econ. 5:1\u20138<\/p>\n<p>Berkes, F. and C. Folke, 1998. Linking social and ecological systems: management practices and social mechanisms for building resilience. Cambridge University Press, Cambridge, UK.<\/p>\n<p>Berkes F, Colding J, Folke C, eds. 2003. Navigating Social-Ecological Systems: Building Resilience for Complexity and Change. Cambridge, UK: Cambridge Univ. Press<\/p>\n<p>Charles, A., Loucks, L., Berkes, F., Armitage, D. (2020). \u2018Community science: A typology and its implications for governance of social-ecological systems\u2019. Environmental Science &amp; Policy 106:77\u201386. Available at: <a href=\"https:\/\/doi\">https:\/\/doi<\/a>. org\/10.1016\/j.envsci.2020.01.019<\/p>\n<p>Holling CS, Berkes F, Folke C. 1998. Science, sustainability, and resource management. See Ref. 40, pp. 342\u201362<\/p>\n<p>Lee, K. N. 1999. Appraising adaptive management. Conservation Ecology 3(2): 3. [online] URL: http:\/\/www.ecologyandsociety.org\/vol3\/iss2\/art3\/http:\/\/dx.doi.org\/10.1201\/9781420042597.sec1<\/p>\n<p>Walters, C. J. 1986. Adaptive management of renewable resources. Macmillan, New York, New York, USA.<\/p>\n<h3>Ecologia Hist\u00f3rica<\/h3>\n<p>BAL\u00c9E, W. 2006. The Research Program of Historical Ecology. Annu. Rev. Anthropol. 2006. 35:75\u201398. (<a href=\"https:\/\/www.annualreviews.org\/doi\/abs\/10.1146\/annurev.anthro.35.081705.123231?journalCode=anthro\">https:\/\/www.annualreviews.org\/doi\/abs\/10.1146\/annurev.anthro.35.081705.123231?journalCode=anthro<\/a>)<\/p>\n<h3><strong>Resili\u00eancia, Adaptabilidade e Transforma\u00e7\u00e3o de Sistemas Socioecol\u00f3gicos<\/strong><\/h3>\n<p>Folke C, Carpenter S, Walker B, Scheffer M, Elmqvist T, et al. 2004. Regime shifts, resilience, and biodiversity in ecosystem management. Annu. Rev. Ecol. Evol. Syst. 35:557\u201381<\/p>\n<p>Folke, C. 2006. Resilience: The Emergence of a Perspective for Social-Ecological Systems Analyses. Global Environmental Change 16: 253-267.<\/p>\n<p>Holling, C.S. 1973. Resilience and stability of ecological systems. Annual Review of Ecology and Systematics 4:1-23.<\/p>\n<p>Holling CS. 1978. Adaptive Environmental Assessment and Management. London: Wiley<\/p>\n<p>Holling, C. S. 1996. Surprise for Science, Resilience for Ecosystems, and Incentives for People. Ecological Applications 6, no. 3: 733-35.<\/p>\n<p>Walker, B., C. S. Holling, S. R. Carpenter, and A. Kinzig. 2004. Resilience, adaptability and transformability in social-ecological systems. Ecology and Society 9(2): 5. [online] URL: <a href=\"http:\/\/www.ecologyandsociety.org\/vol9\/iss2\/art5\">http:\/\/www.ecologyandsociety.org\/vol9\/iss2\/art5<\/a><\/p>\n<h3><strong>Abordagens de Governan\u00e7a<\/strong><\/h3>\n<p>Folke, C., T. Hahn, P. Olsson, and J. Norberg, 2005. Adaptive governance of social-ecological systems. Annual Review of Environment and Resources, 30:441-473.<\/p>\n<p>Kooiman, J. 2005. Governing as governance. Rotterdam: Sage, 2005, 249 pp.<\/p>\n<p>Kooiman, J., M. Bavinck, S. Jentoft, and R. Pulin, editors. 2005. Fish for Life: Interactive Governance for Fisheries. Amsterdam University Press, Amsterdam.<\/p>\n<p>Lemos, M. C., and A. Agrawal. 2006. Environmental governance. Annual Review of Environment and Resources 31:297-325. <a href=\"http:\/\/dx.doi.org\/10.1146\/annurev.energy.31.042605.135621\">http:\/\/dx.doi.org\/10.1146\/annurev.energy.31.042605.135621<\/a><\/p>\n","protected":false},"excerpt":{"rendered":"<p>Ecologia Humana\/Antropologia Ambiental BROND\u00cdZIO E. S., ADAMS R. T., FIORINI S. 2017. History and Scope of Environmental Anthropology. In: Helen Kopnina and Eleanor Shoreman-Ouimet (Eds.), Routledge Handbook of Environmental Anthropology. New York: Routledge. pp. 10-30. (https:\/\/www.routledgehandbooks.com\/doi\/10.4324\/9781315768946.ch2) BROND\u00cdZIO, E. S. Foundations of environmental anthropology (https:\/\/www.youtube.com\/watch?v=9kOdvJeeiNc&amp;ab_channel=TheNationalSocio-EnvironmentalSynthesisCenter) Agricultura itinerante CONKLIN, H. C. 1961. The Study of Shifting Cultivation. Current Anthropology 2(1): 27-61. (https:\/\/www.jstor.org\/stable\/2739597?seq=1#metadata_info_tab_contents) MERTZ, O. 2002. The relationship between length of fallow and crop yields in shifting cultivation: a rethinking. Agroforestry Systems 55: 149\u2013159. (https:\/\/link.springer.com\/article\/10.1023\/A:1020507631848) Commons &#8211; Bloomington (EUA) SCHLAGER E., OSTROM E. 1992. Property-Rights Regimes and Natural Resources: A Conceptual Analysis. Land Economics, Vol. 68, No. 3 (Aug., 1992), pp. 249-262. (https:\/\/www.jstor.org\/stable\/3146375?seq=1#metadata_info_tab_contents) ANDERSSON K. P., OSTROM E. Analyzing decentralized resource regimes from a polycentric perspective. Policy Sci (2008) 41:71\u201393. (http:\/\/dx.doi.org\/10.1007\/s11077-007-9055-6) OSTROM E. 2009. Design Principles of Robust Property Rights Institutions: What Have We Learned? In: Gregory K. Ingram and Yu-Hung Hong (Eds.), Property Rights and Land Policies. Proceedings of the 2008 Land Policy Conference. Cambridge, Massachusetts: Lincoln Institute of Land Policy. (https:\/\/www.lincolninst.edu\/sites\/default\/files\/pubfiles\/2076_1399_LP2008-ch02-Design-Principles-of-Robust-Property-Rights-Institutions_0.pdf) OSTROM E. 2011. Background on the Institutional Analysis and Development Framework. The Policy Studies Journal, 39(1): 7-27. (https:\/\/onlinelibrary.wiley.com\/doi\/abs\/10.1111\/j.1541-0072.2010.00394.x) McGINNIS, M. D., OSTROM E. 2014. Social-ecological system framework: initial changes and [&#8230;]<\/p>\n","protected":false},"author":22067,"featured_media":0,"parent":0,"menu_order":2,"comment_status":"closed","ping_status":"closed","template":"","meta":{"footnotes":"","_links_to":"","_links_to_target":""},"class_list":["post-517","page","type-page","status-publish","hentry"],"_links":{"self":[{"href":"https:\/\/sites.usp.br\/governancaflorestal\/wp-json\/wp\/v2\/pages\/517","targetHints":{"allow":["GET"]}}],"collection":[{"href":"https:\/\/sites.usp.br\/governancaflorestal\/wp-json\/wp\/v2\/pages"}],"about":[{"href":"https:\/\/sites.usp.br\/governancaflorestal\/wp-json\/wp\/v2\/types\/page"}],"author":[{"embeddable":true,"href":"https:\/\/sites.usp.br\/governancaflorestal\/wp-json\/wp\/v2\/users\/22067"}],"replies":[{"embeddable":true,"href":"https:\/\/sites.usp.br\/governancaflorestal\/wp-json\/wp\/v2\/comments?post=517"}],"version-history":[{"count":4,"href":"https:\/\/sites.usp.br\/governancaflorestal\/wp-json\/wp\/v2\/pages\/517\/revisions"}],"predecessor-version":[{"id":555,"href":"https:\/\/sites.usp.br\/governancaflorestal\/wp-json\/wp\/v2\/pages\/517\/revisions\/555"}],"wp:attachment":[{"href":"https:\/\/sites.usp.br\/governancaflorestal\/wp-json\/wp\/v2\/media?parent=517"}],"curies":[{"name":"wp","href":"https:\/\/api.w.org\/{rel}","templated":true}]}}