{"id":64,"date":"2014-02-12T11:28:54","date_gmt":"2014-02-12T13:28:54","guid":{"rendered":"http:\/\/sites.usp.br\/governancaflorestal\/?page_id=64"},"modified":"2020-12-04T10:42:48","modified_gmt":"2020-12-04T12:42:48","slug":"eventos","status":"publish","type":"page","link":"https:\/\/sites.usp.br\/governancaflorestal\/eventos\/","title":{"rendered":"Eventos"},"content":{"rendered":"<h1 style=\"text-align: center;\">Web-Semin\u00e1rio Internacional Construindo Di\u00e1logos sobre Governan\u00e7a Florestal: Conserva\u00e7\u00e3o, Manejo Sustent\u00e1vel e Restaura\u00e7\u00e3o de Paisagens<\/h1>\n<div class=\"region region-content\">\n<div id=\"block-system-main\" class=\"block block-system\">\n<div class=\"content\">\n<div class=\"content node-evento\">\n<div class=\"field field-name-body field-type-text-with-summary field-label-hidden\">\n<div class=\"field-items\">\n<div class=\"field-item even\">\n<h2 style=\"text-align: center;\">22\/10, 29\/10, 05\/11 e 12\/11 de 2020<\/h2>\n<p>\u00a0<\/p>\n<p>A governan\u00e7a ambiental constru\u00edda ao longo das \u00faltimas d\u00e9cadas no pa\u00eds vem sendo fragilizada atrav\u00e9s da desconstru\u00e7\u00e3o de importantes marcos institucionais, o que coloca novos desafios que se somam aos problemas hist\u00f3ricos para o manejo, conserva\u00e7\u00e3o e restaura\u00e7\u00e3o das florestas. Esta agenda \u00e9 potencializada, em alguns casos, no n\u00edvel estadual, e agravada pela dificuldade de mobiliza\u00e7\u00e3o da sociedade devido \u00e0 pandemia da covid-19.<\/p>\n<p>\u00c9 neste contexto que o\u00a0Semin\u00e1rio Internacional &#8211; Construindo Di\u00e1logos sobre Governan\u00e7a Florestal: Conserva\u00e7\u00e3o, Manejo Sustent\u00e1vel e Restaura\u00e7\u00e3o de Paisagens &#8211; se insere. Programado para ser realizado em mar\u00e7o de 2020, o evento foi adiado e adaptado para o formato web-semin\u00e1rio.<\/p>\n<p>O objetivo central do Semin\u00e1rio \u00e9 discutir as tend\u00eancias atuais sobre governan\u00e7a florestal, considerando perspectivas te\u00f3ricas e experi\u00eancias de pesquisa e de pr\u00e1ticas internacionais, nacionais, regionais e locais. Com isso, esperamos compartilhar conhecimentos, gerar reflex\u00f5es e despertar propostas capazes de superar os desafios de implementa\u00e7\u00e3o de programas e projetos de conserva\u00e7\u00e3o, manejo e restaura\u00e7\u00e3o de florestas em diferentes paisagens brasileiras.<\/p>\n<p>O semin\u00e1rio \u00e9 organizado pelo Grupo de Pesquisa em Governan\u00e7a Florestal da USP, com apoio do PROCAM\/IEE-USP, EACH-USP, Center for the Analysis of Social-Ecological Landscapes (CASEL, Universidade de Indiana), University of the Sunshine Coast (Austr\u00e1lia), Universit\u00e0 degli Studi di Padova (It\u00e1lia) e da Wageningen University &amp; Research (Holanda).<\/p>\n<\/div>\n<\/div>\n<\/div>\n<div>\u00a0<\/div>\n<div class=\"field field-name-body field-type-text-with-summary field-label-hidden\">\n<div class=\"field-items\">\n<p style=\"text-align: center;\"><strong>PROGRAMA\u00c7\u00c3O<\/strong><\/p>\n<div>\n<p style=\"text-align: center;\"><strong>A GOVERNAN\u00c7A EM PAISAGENS FLORESTAIS \u2013 CONSERVA\u00c7\u00c3O, MANEJO, RESTAURA\u00c7\u00c3O E PRODU\u00c7\u00c3O<\/strong><\/p>\n<\/div>\n<p>O primeiro encontro discutiu as diferentes dimens\u00f5es do conhecimento e experi\u00eancias de governan\u00e7a das florestas nativas no \u00e2mbito da Amaz\u00f4nia brasileira e Am\u00e9rica Latina, e como as florestas nativas podem contribuir para que os ODSs sejam alcan\u00e7ados. Neste sentido, foi destacada a contribui\u00e7\u00e3o dos povos ind\u00edgenas e comunidades tradicionais para a conserva\u00e7\u00e3o da biodiversidade e a oferta de servi\u00e7os ecossist\u00eamicos em paisagens florestais, e os caminhos para a constru\u00e7\u00e3o de uma nova economia para a Amaz\u00f4nia, baseada no conhecimento da sociodiversidade brasileira.<\/p>\n<p>\u00a0<\/p>\n<div>\n<h4 style=\"text-align: center;\"><strong>22\/10\/2020 &#8211; DIA 1: GOVERNAN\u00c7A FLORESTAL: PERSPECTIVAS CONTEMPOR\u00c2NEAS\u00a0<\/strong><\/h4>\n<p>Abertura &#8211; Cristina Adams (EACH e IEE-USP) \/ T\u00e9rcio Ambrizzi, Vice-diretor IEE-USP<\/p>\n<p>Governing the Commons +30 &#8211; Eduardo Brond\u00edzio, Universidade de Indiana<\/p>\n<p>Painel 1 &#8211; Governan\u00e7a Florestal: Perspectivas Contempor\u00e2neas<\/p>\n<p>Moderador: Ricardo Abramovay (IEE-USP) [5 min.]\n<p>Luiz Carlos Beduschi Filho (FAO Chile) &#8211; Fortalecer a governan\u00e7a florestal nos processos de transforma\u00e7\u00e3o rural na Am\u00e9rica Latina: experi\u00eancias,aprendizados e desafios.<\/p>\n<p>Manuela Carneiro da Cunha (Universidade de Chicago) &#8211;\u00a0 Governan\u00e7a Florestal Comunit\u00e1ria: contribui\u00e7\u00f5es de povos ind\u00edgenas e comunidades tradicionais para a biodiversidade e os servi\u00e7os ecossist\u00eamicos.<\/p>\n<p>Ricardo Abramovay (IEE-USP) &#8211; Amaz\u00f4nia: por uma economia do conhecimento da natureza.<\/p>\n<p>V\u00eddeo do dia 22\/10\/2020<\/p>\n<p><iframe loading=\"lazy\" title=\"GOVERNAN\u00c7A FLORESTAL: PERSPECTIVAS CONTEMPOR\u00c2NEAS - 22\/10\/2020 - 1\u00ba Dia\" width=\"650\" height=\"366\" src=\"https:\/\/www.youtube.com\/embed\/LSW-0EW-Fzc?feature=oembed\" frameborder=\"0\" allow=\"accelerometer; autoplay; clipboard-write; encrypted-media; gyroscope; picture-in-picture; web-share\" referrerpolicy=\"strict-origin-when-cross-origin\" allowfullscreen><\/iframe><\/p>\n<h4>\u00a0<\/h4>\n<h4 style=\"text-align: center;\"><strong>29\/10\/2020 &#8211; DIA 2: GOVERNAN\u00c7A FLORESTAL: CONECTANDO O GLOBAL E O LOCAL<\/strong><\/h4>\n<\/div>\n<div>\n<p>9:00-9:25\u00a0\u00a0\u00a0\u00a0\u00a0\u00a0\u00a0\u00a0\u00a0\u00a0\u00a0\u00a0\u00a0\u00a0\u00a0\u00a0\u00a0\u00a0\u00a0\u00a0 Abertura &#8211; Cristina Adams (EACH e IEE-USP)<\/p>\n<p>9:15-10:00 \u00a0\u00a0\u00a0\u00a0\u00a0\u00a0\u00a0\u00a0\u00a0\u00a0\u00a0\u00a0\u00a0\u00a0\u00a0\u00a0\u00a0 Nexus Global local: desafios multi-n\u00edvel da governan\u00e7a florestal &#8211; Jelle Behagel (Universidade de Wageningen)<\/p>\n<p>10:00-12:30\u00a0\u00a0\u00a0\u00a0\u00a0\u00a0\u00a0\u00a0\u00a0\u00a0\u00a0\u00a0\u00a0\u00a0\u00a0\u00a0 Painel 2 &#8211; Governan\u00e7a Florestal: Conectando o Global e o Local<\/p>\n<p>Moderador: Pedro Brancalion (ESALQ-USP)<\/p>\n<p>Yakuna Ullillo Ikpeng (Lideran\u00e7a Ind\u00edgena, Xingu) &#8211; Irwa, Tukto aw\u00eftketpor: Manejo da Floresta e da Ro\u00e7a<\/p>\n<p>Adriana Souza Lima (Uni\u00e3o dos Moradores da Jur\u00e9ia) &#8211; Plano tradicional de governan\u00e7a florestal<\/p>\n<p>Isabel Garcia Drigo (IMAFLORA) &#8211; Governan\u00e7a, manejo sustent\u00e1vel e certifica\u00e7\u00e3o florestal<\/p>\n<p>Guilherme Amado (Nespresso) &#8211; Da cadeia de cust\u00f3dia \u00e0 paisagem sustent\u00e1vel<\/p>\n<p>Perguntas do p\u00fablico \/ fechamento pelo moderador<\/p>\n<\/div>\n<p>V\u00eddeo do dia 29\/10\/2020<\/p>\n<p><iframe loading=\"lazy\" title=\"A GOVERNAN\u00c7A EM PAISAGENS FLORESTAIS \u2013 CONSERVA\u00c7\u00c3O, MANEJO, RESTAURA\u00c7\u00c3O E PRODU\u00c7\u00c3O 29\/10\/2020 2\u00b0Dia\" width=\"650\" height=\"366\" src=\"https:\/\/www.youtube.com\/embed\/d_f3ykSF83Y?feature=oembed\" frameborder=\"0\" allow=\"accelerometer; autoplay; clipboard-write; encrypted-media; gyroscope; picture-in-picture; web-share\" referrerpolicy=\"strict-origin-when-cross-origin\" allowfullscreen><\/iframe><\/p>\n<\/div>\n<\/div>\n<\/div>\n<div class=\"content node-evento\">\n<div class=\"field field-name-body field-type-text-with-summary field-label-hidden\">\n<div class=\"field-items\">\n<div>\n<div>\n<h3>\u00a0<\/h3>\n<h3 style=\"text-align: center;\"><strong>A GOVERNAN\u00c7A DA RESTAURA\u00c7\u00c3O FLORESTAL<\/strong><\/h3>\n<h4 style=\"text-align: center;\"><strong>05\/11\/2020 &#8211; DIA 3: GOVERNAN\u00c7A DA RESTAURA\u00c7\u00c3O FLORESTAL: OPORTUNIDADES E DESAFIOS<\/strong><\/h4>\n<p>9:00-9:15\u00a0\u00a0\u00a0\u00a0\u00a0\u00a0\u00a0\u00a0\u00a0\u00a0\u00a0\u00a0\u00a0\u00a0\u00a0\u00a0\u00a0\u00a0\u00a0\u00a0 Abertura &#8211; Cristina Adams (IEE-USP)<\/p>\n<p>9:15-10:00\u00a0\u00a0\u00a0\u00a0\u00a0\u00a0\u00a0\u00a0\u00a0\u00a0\u00a0\u00a0\u00a0\u00a0\u00a0\u00a0\u00a0\u00a0 A D\u00e9cada da Restaura\u00e7\u00e3o e o Papel da Governan\u00e7a da Paisagem &#8211; Robin Chazdon (PARTNERS, University of the Sunshine Coast)<\/p>\n<p>10:00-12:30\u00a0\u00a0\u00a0\u00a0\u00a0\u00a0\u00a0\u00a0\u00a0\u00a0\u00a0\u00a0\u00a0\u00a0\u00a0\u00a0 Painel 3 &#8211; Governan\u00e7a da Restaura\u00e7\u00e3o Florestal: Oportunidades e Desafios<\/p>\n<p>Moderador: Ricardo Ribeiro Rodrigues (ESALQ-USP)<\/p>\n<p>Miguel Calmon (WRI Brasil e Coaliz\u00e3o Brasil, Clima, Floresta e Agricultura) &#8211; Financiando a Restaura\u00e7\u00e3o Florestal: o papel da governan\u00e7a<\/p>\n<p>Rafael Chaves (Sociedade Brasileira de Restaura\u00e7\u00e3o Ecol\u00f3gica\/SOBRE) &#8211; SOBRE: Conectar o Brasil na d\u00e9cada da restaura\u00e7\u00e3o<\/p>\n<p>Ludmila Pugliese (Pacto pela Restaura\u00e7\u00e3o da Mata Atl\u00e2ntica) &#8211; Monitoramento como ferramenta de governan\u00e7a e engajamento no Pacto<\/p>\n<p>Rodrigo Junqueira (ISA) &#8211; A Governan\u00e7a da Cadeia da Restaura\u00e7\u00e3o. Exemplo da Rede de Sementes do Xingu<\/p>\n<p>Perguntas do p\u00fablico \/ fechamento pelo moderador<\/p>\n<p>V\u00eddeo do dia 05\/11\/2020<\/p>\n<\/div>\n<\/div>\n<p><iframe loading=\"lazy\" title=\"A GOVERNAN\u00c7A EM PAISAGENS FLORESTAIS \u2013 GOVERNAN\u00c7A DA RESTAURA\u00c7\u00c3O FLORESTAL: OPORTUNIDADES E DESAFIOS\" width=\"650\" height=\"366\" src=\"https:\/\/www.youtube.com\/embed\/KAXSMexafKs?start=4577&#038;feature=oembed\" frameborder=\"0\" allow=\"accelerometer; autoplay; clipboard-write; encrypted-media; gyroscope; picture-in-picture; web-share\" referrerpolicy=\"strict-origin-when-cross-origin\" allowfullscreen><\/iframe><\/p>\n<div>\n<div>\n<h4>\u00a0<\/h4>\n<h4 style=\"text-align: center;\"><strong>12\/11\/2020 &#8211; DIA 4: GOVERNAN\u00c7A E INOVA\u00c7\u00c3O NA RESTAURA\u00c7\u00c3O FLORESTAL<\/strong><\/h4>\n<p>9:00-9:15\u00a0\u00a0\u00a0\u00a0\u00a0\u00a0\u00a0\u00a0\u00a0\u00a0\u00a0\u00a0\u00a0\u00a0\u00a0\u00a0\u00a0\u00a0\u00a0\u00a0 Abertura &#8211; Cristina Adams (IEE-USP)<\/p>\n<p>9:15-10:00\u00a0\u00a0\u00a0\u00a0\u00a0\u00a0\u00a0\u00a0\u00a0\u00a0\u00a0\u00a0\u00a0\u00a0\u00a0\u00a0\u00a0\u00a0 Inova\u00e7\u00e3o social e restaura\u00e7\u00e3o florestal &#8211; Laura Secco (Universidade de Padova)<\/p>\n<p>10:00-12:30\u00a0\u00a0\u00a0\u00a0\u00a0\u00a0\u00a0\u00a0\u00a0\u00a0\u00a0\u00a0\u00a0\u00a0\u00a0\u00a0 Painel 4 \u2013 Governan\u00e7a e Inova\u00e7\u00e3o na Restaura\u00e7\u00e3o Florestal<\/p>\n<p>Moderador: Aur\u00e9lio Padovezi (Universidade de Padova)<\/p>\n<p>Marina Campos (TNC) &#8211; Arranjos institucionais municipais para o pagamento por servi\u00e7os ambientais para produtores locais-Conservadorda Mantiqueira.<\/p>\n<p>Lucas Antunes da Silva (MST-MG) &#8211; Governan\u00e7a local para a restaura\u00e7\u00e3o florestal<\/p>\n<p>Patrick Assump\u00e7\u00e3o (Fazenda Corucutuba) &#8211; Desenvolvimento de produtos florestais da Mata Atl\u00e2ntica<\/p>\n<p>Daniela Coura (Akarui) &#8211; Trajet\u00f3ria da organiza\u00e7\u00e3o e rela\u00e7\u00e3o com pequenos produtores<\/p>\n<p>Perguntas do p\u00fablico \/ fechamento pelo moderador<\/p>\n<\/div>\n<p>V\u00eddeo do dia 12\/11\/2020<\/p>\n<p><iframe loading=\"lazy\" title=\"GOVERNAN\u00c7A E INOVA\u00c7\u00c3O NA RESTAURA\u00c7\u00c3O FLORESTAL - 12\/11\/2020 - 4\u00ba Dia\" width=\"650\" height=\"366\" src=\"https:\/\/www.youtube.com\/embed\/KWp_fo1zWsQ?feature=oembed\" frameborder=\"0\" allow=\"accelerometer; autoplay; clipboard-write; encrypted-media; gyroscope; picture-in-picture; web-share\" referrerpolicy=\"strict-origin-when-cross-origin\" allowfullscreen><\/iframe><\/p>\n<p>&#8211;<\/p>\n<\/div>\n<\/div>\n<\/div>\n<\/div>\n<\/div>\n<\/div>\n<\/div>\n<p>Leia mais em: <a href=\"http:\/\/iee.usp.br\/?q=pt-br\/evento\/web-semin%C3%A1rio-internacional-construindo-di%C3%A1logos-sobre-governan%C3%A7a-florestal-conserva%C3%A7%C3%A3o\" target=\"_blank\" rel=\"noopener noreferrer\">http:\/\/iee.usp.br\/<\/a><\/p>\n\n\n<p><\/p>\n","protected":false},"excerpt":{"rendered":"<p>Web-Semin\u00e1rio Internacional Construindo Di\u00e1logos sobre Governan\u00e7a Florestal: Conserva\u00e7\u00e3o, Manejo Sustent\u00e1vel e Restaura\u00e7\u00e3o de Paisagens 22\/10, 29\/10, 05\/11 e 12\/11 de 2020 \u00a0 A governan\u00e7a ambiental constru\u00edda ao longo das \u00faltimas d\u00e9cadas no pa\u00eds vem sendo fragilizada atrav\u00e9s da desconstru\u00e7\u00e3o de importantes marcos institucionais, o que coloca novos desafios que se somam aos problemas hist\u00f3ricos para o manejo, conserva\u00e7\u00e3o e restaura\u00e7\u00e3o das florestas. Esta agenda \u00e9 potencializada, em alguns casos, no n\u00edvel estadual, e agravada pela dificuldade de mobiliza\u00e7\u00e3o da sociedade devido \u00e0 pandemia da covid-19. \u00c9 neste contexto que o\u00a0Semin\u00e1rio Internacional &#8211; Construindo Di\u00e1logos sobre Governan\u00e7a Florestal: Conserva\u00e7\u00e3o, Manejo Sustent\u00e1vel e Restaura\u00e7\u00e3o de Paisagens &#8211; se insere. Programado para ser realizado em mar\u00e7o de 2020, o evento foi adiado e adaptado para o formato web-semin\u00e1rio. O objetivo central do Semin\u00e1rio \u00e9 discutir as tend\u00eancias atuais sobre governan\u00e7a florestal, considerando perspectivas te\u00f3ricas e experi\u00eancias de pesquisa e de pr\u00e1ticas internacionais, nacionais, regionais e locais. Com isso, esperamos compartilhar conhecimentos, gerar reflex\u00f5es e despertar propostas capazes de superar os desafios de implementa\u00e7\u00e3o de programas e projetos de conserva\u00e7\u00e3o, manejo e restaura\u00e7\u00e3o de florestas em diferentes paisagens brasileiras. O semin\u00e1rio \u00e9 organizado pelo Grupo de Pesquisa em Governan\u00e7a Florestal da USP, com apoio [&#8230;]<\/p>\n","protected":false},"author":1,"featured_media":0,"parent":0,"menu_order":8,"comment_status":"closed","ping_status":"closed","template":"","meta":{"footnotes":"","_links_to":"","_links_to_target":""},"class_list":["post-64","page","type-page","status-publish","hentry"],"_links":{"self":[{"href":"https:\/\/sites.usp.br\/governancaflorestal\/wp-json\/wp\/v2\/pages\/64","targetHints":{"allow":["GET"]}}],"collection":[{"href":"https:\/\/sites.usp.br\/governancaflorestal\/wp-json\/wp\/v2\/pages"}],"about":[{"href":"https:\/\/sites.usp.br\/governancaflorestal\/wp-json\/wp\/v2\/types\/page"}],"author":[{"embeddable":true,"href":"https:\/\/sites.usp.br\/governancaflorestal\/wp-json\/wp\/v2\/users\/1"}],"replies":[{"embeddable":true,"href":"https:\/\/sites.usp.br\/governancaflorestal\/wp-json\/wp\/v2\/comments?post=64"}],"version-history":[{"count":3,"href":"https:\/\/sites.usp.br\/governancaflorestal\/wp-json\/wp\/v2\/pages\/64\/revisions"}],"predecessor-version":[{"id":498,"href":"https:\/\/sites.usp.br\/governancaflorestal\/wp-json\/wp\/v2\/pages\/64\/revisions\/498"}],"wp:attachment":[{"href":"https:\/\/sites.usp.br\/governancaflorestal\/wp-json\/wp\/v2\/media?parent=64"}],"curies":[{"name":"wp","href":"https:\/\/api.w.org\/{rel}","templated":true}]}}