{"id":1057,"date":"2020-08-10T15:07:44","date_gmt":"2020-08-10T18:07:44","guid":{"rendered":"https:\/\/sites.usp.br\/gpp\/?page_id=1057"},"modified":"2020-08-10T15:14:29","modified_gmt":"2020-08-10T18:14:29","slug":"iniciacao-cientifica","status":"publish","type":"page","link":"https:\/\/sites.usp.br\/gpp\/iniciacao-cientifica\/","title":{"rendered":"Inicia\u00e7\u00e3o Cient\u00edfica"},"content":{"rendered":"<p>A experi\u00eancia em Inicia\u00e7\u00e3o Cient\u00edfica possibilita ao aluno a especializa\u00e7\u00e3o em uma \u00e1rea de conhecimento de maior interesse, al\u00e9m de estabelecer o primeiro contato com a realidade da investiga\u00e7\u00e3o cient\u00edfica.<\/p>\n<p>A Universidade de S\u00e3o Paulo enfatiza a import\u00e2ncia de tal oportunidade de obter experi\u00eancia acad\u00eamica ao encorajar a obten\u00e7\u00e3o de bolsas de Inicia\u00e7\u00e3o Cient\u00edfica pelos alunos em entidades de financiamento \u00e0 pesquisa nacionais e internacionais, como o\u00a0<a href=\"http:\/\/www.cnpq.br\/web\/guest\/bolsas-e-auxilios\">Conselho Nacional de Desenvolvimento Cient\u00edfico e Tecnol\u00f3gico<\/a>\u00a0(CNPq) e a\u00a0<a href=\"http:\/\/www.fapesp.br\/248\">Funda\u00e7\u00e3o de Amparo \u00e0 Pesquisa do Estado de S\u00e3o Paulo<\/a>\u00a0(FAPESP). Docentes do Bacharelado em Gest\u00e3o de Pol\u00edticas P\u00fablicas est\u00e3o habilitados \u00e0\u00a0<a href=\"http:\/\/each.uspnet.usp.br\/gpp\/docentes.htm\">orienta\u00e7\u00e3o de projetos de inicia\u00e7\u00e3o cient\u00edfica<\/a>\u00a0para alunos de gradua\u00e7\u00e3o interessados na tem\u00e1tica.<\/p>\n<p>A realiza\u00e7\u00e3o anual do\u00a0<a href=\"http:\/\/www.usp.br\/siicusp\">Simp\u00f3sio Internacional de Inicia\u00e7\u00e3o Cient\u00edfica da Universidade de S\u00e3o Paulo<\/a>\u00a0(SIICUSP) permite compartilhar experi\u00eancias de pesquisa com alunos de diferentes cursos de gradua\u00e7\u00e3o e possibilita a familiariza\u00e7\u00e3o com o ambiente de eventos de divulga\u00e7\u00e3o acad\u00eamica.<\/p>\n","protected":false},"excerpt":{"rendered":"<p>A experi\u00eancia em Inicia\u00e7\u00e3o Cient\u00edfica possibilita ao aluno a especializa\u00e7\u00e3o em uma \u00e1rea de conhecimento de maior interesse, al\u00e9m de estabelecer o primeiro contato com a realidade da investiga\u00e7\u00e3o cient\u00edfica. A Universidade de S\u00e3o Paulo enfatiza a import\u00e2ncia de tal oportunidade de obter experi\u00eancia acad\u00eamica ao encorajar a obten\u00e7\u00e3o de bolsas de Inicia\u00e7\u00e3o Cient\u00edfica pelos alunos em entidades de financiamento \u00e0 pesquisa nacionais e internacionais, como o\u00a0Conselho Nacional de Desenvolvimento Cient\u00edfico e Tecnol\u00f3gico\u00a0(CNPq) e a\u00a0Funda\u00e7\u00e3o de Amparo \u00e0 Pesquisa do Estado de S\u00e3o Paulo\u00a0(FAPESP). Docentes do Bacharelado em Gest\u00e3o de Pol\u00edticas P\u00fablicas est\u00e3o habilitados \u00e0\u00a0orienta\u00e7\u00e3o de projetos de inicia\u00e7\u00e3o cient\u00edfica\u00a0para alunos de gradua\u00e7\u00e3o interessados na tem\u00e1tica. A realiza\u00e7\u00e3o anual do\u00a0Simp\u00f3sio Internacional de Inicia\u00e7\u00e3o Cient\u00edfica da Universidade de S\u00e3o Paulo\u00a0(SIICUSP) permite compartilhar experi\u00eancias de pesquisa com alunos de diferentes cursos de gradua\u00e7\u00e3o e possibilita a familiariza\u00e7\u00e3o com o ambiente de eventos de divulga\u00e7\u00e3o acad\u00eamica.<\/p>\n","protected":false},"author":22000,"featured_media":0,"parent":0,"menu_order":0,"comment_status":"closed","ping_status":"closed","template":"","meta":{"footnotes":"","_links_to":"","_links_to_target":""},"class_list":["post-1057","page","type-page","status-publish","hentry"],"_links":{"self":[{"href":"https:\/\/sites.usp.br\/gpp\/wp-json\/wp\/v2\/pages\/1057","targetHints":{"allow":["GET"]}}],"collection":[{"href":"https:\/\/sites.usp.br\/gpp\/wp-json\/wp\/v2\/pages"}],"about":[{"href":"https:\/\/sites.usp.br\/gpp\/wp-json\/wp\/v2\/types\/page"}],"author":[{"embeddable":true,"href":"https:\/\/sites.usp.br\/gpp\/wp-json\/wp\/v2\/users\/22000"}],"replies":[{"embeddable":true,"href":"https:\/\/sites.usp.br\/gpp\/wp-json\/wp\/v2\/comments?post=1057"}],"version-history":[{"count":3,"href":"https:\/\/sites.usp.br\/gpp\/wp-json\/wp\/v2\/pages\/1057\/revisions"}],"predecessor-version":[{"id":1065,"href":"https:\/\/sites.usp.br\/gpp\/wp-json\/wp\/v2\/pages\/1057\/revisions\/1065"}],"wp:attachment":[{"href":"https:\/\/sites.usp.br\/gpp\/wp-json\/wp\/v2\/media?parent=1057"}],"curies":[{"name":"wp","href":"https:\/\/api.w.org\/{rel}","templated":true}]}}