{"id":1261,"date":"2020-09-28T22:29:45","date_gmt":"2020-09-29T01:29:45","guid":{"rendered":"http:\/\/sites.usp.br\/gpp\/?page_id=1261"},"modified":"2020-09-28T22:29:45","modified_gmt":"2020-09-29T01:29:45","slug":"gpp-e-mercado-de-trabalho","status":"publish","type":"page","link":"https:\/\/sites.usp.br\/gpp\/gpp-e-mercado-de-trabalho\/","title":{"rendered":"GPP e Mercado de Trabalho"},"content":{"rendered":"<p>Acompanhem o v\u00eddeo da Verturno, Empresa Jr. do curso de Gest\u00e3o de Pol\u00edticas P\u00fablicas (GPP), sobre o curso de GPP e o mercado de trabalho no Campo de P\u00fablicas no Brasil. O v\u00eddeo pode ser acessado neste <a href=\"https:\/\/drive.google.com\/file\/d\/1uPgnbRSqWwqKvN44Gxg-wTK4dy_si7f8\/view?usp=sharing\">link.<\/a><\/p>\n","protected":false},"excerpt":{"rendered":"<p>Acompanhem o v\u00eddeo da Verturno, Empresa Jr. do curso de Gest\u00e3o de Pol\u00edticas P\u00fablicas (GPP), sobre o curso de GPP e o mercado de trabalho no Campo de P\u00fablicas no Brasil. O v\u00eddeo pode ser acessado neste link.<\/p>\n","protected":false},"author":22000,"featured_media":1262,"parent":0,"menu_order":0,"comment_status":"closed","ping_status":"closed","template":"","meta":{"footnotes":"","_links_to":"","_links_to_target":""},"class_list":["post-1261","page","type-page","status-publish","has-post-thumbnail","hentry"],"_links":{"self":[{"href":"https:\/\/sites.usp.br\/gpp\/wp-json\/wp\/v2\/pages\/1261","targetHints":{"allow":["GET"]}}],"collection":[{"href":"https:\/\/sites.usp.br\/gpp\/wp-json\/wp\/v2\/pages"}],"about":[{"href":"https:\/\/sites.usp.br\/gpp\/wp-json\/wp\/v2\/types\/page"}],"author":[{"embeddable":true,"href":"https:\/\/sites.usp.br\/gpp\/wp-json\/wp\/v2\/users\/22000"}],"replies":[{"embeddable":true,"href":"https:\/\/sites.usp.br\/gpp\/wp-json\/wp\/v2\/comments?post=1261"}],"version-history":[{"count":1,"href":"https:\/\/sites.usp.br\/gpp\/wp-json\/wp\/v2\/pages\/1261\/revisions"}],"predecessor-version":[{"id":1264,"href":"https:\/\/sites.usp.br\/gpp\/wp-json\/wp\/v2\/pages\/1261\/revisions\/1264"}],"wp:featuredmedia":[{"embeddable":true,"href":"https:\/\/sites.usp.br\/gpp\/wp-json\/wp\/v2\/media\/1262"}],"wp:attachment":[{"href":"https:\/\/sites.usp.br\/gpp\/wp-json\/wp\/v2\/media?parent=1261"}],"curies":[{"name":"wp","href":"https:\/\/api.w.org\/{rel}","templated":true}]}}