{"id":886,"date":"2020-08-09T19:02:50","date_gmt":"2020-08-09T22:02:50","guid":{"rendered":"https:\/\/sites.usp.br\/gpp\/?page_id=886"},"modified":"2024-11-18T00:21:57","modified_gmt":"2024-11-18T03:21:57","slug":"docente","status":"publish","type":"page","link":"https:\/\/sites.usp.br\/gpp\/docente\/","title":{"rendered":"Docentes"},"content":{"rendered":"<p><strong>CORPO DOCENTE<\/strong><\/p>\n<p>O corpo docente do curso de Gest\u00e3o de Pol\u00edticas P\u00fablicas da EACH\/USP \u00e9 formado pelos(as) seguintes professores(as):<\/p>\n<ol>\n<li><a href=\"http:\/\/lattes.cnpq.br\/2988108406304319\">Agnaldo Valentin<\/a><\/li>\n<li><a href=\"http:\/\/lattes.cnpq.br\/9897663428856539\">Alessandro Soares da Silva<\/a><\/li>\n<li><a href=\"http:\/\/buscatextual.cnpq.br\/buscatextual\/visualizacv.do?id=K4706072T1&amp;tokenCaptchar=03AGdBq26PHKIipvfQ7SLSIlxBIgbsGt_M_znB3W8KCru6N-PINKPo5GAlJH87Nvn2fclAiqfvzmQN55DJkHkEqquwMwjNVa_gtrhUkC3ZB9qypqWgORkZuNs3N-q4uoU5d7amL4pOM-nGfE9IE4WvXw8MuPdh69GFrdA1b3_Ro8DeA2SU-Hd58aKq0LHGH0_DJihAK2MdDCJmsgBClPh3etdZp9cL4ydMC8vE_wgT2EaO2GZuWtggAU9PwpCAMqmAtuUQUUtcsuUYinOrKB672Y6MHKeq6d6ExXI9CgPa3h8OTpAvpx0T7HWL3IUWf70ubRtXDIgzsvKY6TfOt0iE_3FTDl4hKpF0S_XyEfpcihPlmTqxxb6YTbf1tK594uxVM7jJ_V1qnCjPRT196uulw9Hhrl-UiC0Qyts-rrxJHXq6utbeuV0LJ_CEUx_LacXF2JVN2Fdmj1RD8Yjibgdh7hfhP1p7g_sZfA\">Alexandre Ribeiro Leichsenring<\/a><\/li>\n<li><a href=\"http:\/\/buscatextual.cnpq.br\/buscatextual\/visualizacv.do?id=K4750565P7&amp;tokenCaptchar=03AGdBq24UHPYGKUnLn8zXNVbKxmibKZHbVKogTxx3l-cu0sZYbA8PL1lSCiJDh8jz8Nxj7ZtpW6Hg89FkWrbymKymxvOlvAtG3cjC_yPjpGvc8mg4FiYqTj1RfCXv0fupR5gqP7NaLWxEtqTe_uDnAscYatoguFVR6vt5wMV9TScbugTmpw3197jIdN-Oygz59FlqtNvLGguGh7yR0XhvgG0c-cATf7IquRKW9KQSXsCA98oWfgOhMTVNsIbtk8MQigxWZzV13F35vCCAPeuGhjK5Af0460hqgy6_bMEUM0Xy2tA_lILTpf3RRJIKo3LVWuNPNWZU06jg9Z_9457fSZw-nEcocux1Lzb2X4CFZDqvpGLaGmRkpqB0Bzql9vWQwclbfy8OQFu1UtBRAGPjBEFJ8j5dlrmZ3bE4bcMDj0nwU2Sb8roOOr2fQJxVRp10SMvngsTSmjWFkKaVLHdXeN5O-69-GMizcg\">Ana Carla Bliacheriene<\/a><\/li>\n<li><a href=\"http:\/\/buscatextual.cnpq.br\/buscatextual\/visualizacv.do?id=K4258664Y2&amp;tokenCaptchar=03AGdBq26brsupsapRou6k8v7zEUV5ZvAoTI8BjOIyc8Zed1E3j7qzneFohYkyiZrkX_oPpRivYXTCpscwkRpRlpL2RMNC8j3lJ5zIuUhisj_zJvn_Zh17LuyoNCN-PTACs5S0bOdBlgtagFtslL1ttxI5-QR-7D6pCm1XXSjaxIXIKQEouIfgtU-uha3DDr-xO575nRcpCOxfvWOcDW-al-t6oXNJXoP0KBcMsQ_3Ouin27B1xWbp-lLptsyMXRvNS0e3HiryOhItrxBf0SWK-kx46Pj-gn6d9jxh1D2VJEK_9ceCAp6NoauyhvaAVv37IAGC_dsJZjccR2zbD1-_IjQ9e5fkoRPLcA6VRbMUvtxYdliHGdksLxhU4v84EF49WxGu-WUtT3lCJXV5PlP6RySYqEzIJwoGESpyrWaIbEzrbwJi0IQw_5CK2xYMKHlXPLDWMSoc9QuN7EYEqMnNhfcxOvP0qVy5lA\">Andr\u00e9 Gal Mountian<\/a><\/li>\n<li><a href=\"http:\/\/lattes.cnpq.br\/6693020858470448\">Cec\u00edlia Olivieri<\/a><\/li>\n<li><a href=\"http:\/\/lattes.cnpq.br\/1726323529785875\">Cristiane Kerches da Silva Leite<\/a><\/li>\n<li><a href=\"http:\/\/lattes.cnpq.br\/4154488950966498\" target=\"_blank\" rel=\"noopener\">David Diniz Dantas<\/a><\/li>\n<li><a href=\"http:\/\/lattes.cnpq.br\/8783485816203388\">Eduardo de Lima Caldas<\/a><\/li>\n<li><a href=\"http:\/\/buscatextual.cnpq.br\/buscatextual\/visualizacv.do?id=K4739298D5&amp;tokenCaptchar=03AGdBq26MLULMjutf3K9cjHqR81R5JYqsrzZMX_0tgG7bhDIuwlHwq4gV_NwIBRoOkzlAiXQCVopauAb0UjIkP95CEPQcVtV9oO6jSv2Z8ahjoN1TIp4kV_gmKj1p-nlswLT9fbA8yqEv8Jm1H9SWd1aMCw9tulbbQTqRj5OACnA_Td_8x8J3SHvNKNqtbR4fLCXtYzrxFT-w2ZCW08btP3fA4PMt_9EV-xGR6LovwCKVfgIOiBIFExdPruIG71cdWMoUvv8_PaCI0kbXAJaXR17OQr6LKeiGW0gDZgZsru6Z3ouv_hSMKm7BmIqqHlILUTBbOPgkLe5Jj1LkR-3TtQx5oJOjUoPa10JdtgOEtKCDuexrMvup_IOXlMSBdbTHzZmVsf2QUsak7PFsNqFxCF7aWHFEbcKhK3z0zHdYQZbdTv_aTOPgaUariGzqvP03rvHUjfXSWeCsd9SuNGiricOYCU6IeKZqoA\">Ester Gammardella Rizzi<\/a><\/li>\n<li><a href=\"http:\/\/lattes.cnpq.br\/2390988873671777\">Felipe Gon\u00e7alves Brasil<\/a><\/li>\n<li><a href=\"http:\/\/lattes.cnpq.br\/2038805993153668\">Fernando de Souza Coelho<\/a><\/li>\n<li><a href=\"http:\/\/lattes.cnpq.br\/4889413058276292\">Flavia Mori Sarti<\/a><a href=\"http:\/\/each.uspnet.usp.br\/flamori\">[site]<\/a><\/li>\n<li><a href=\"http:\/\/lattes.cnpq.br\/2429128741364993\">Gislene Aparecida dos Santos<\/a><\/li>\n<li><a href=\"http:\/\/lattes.cnpq.br\/1923964140789302\">Heber Silveira Rocha<\/a><\/li>\n<li><a href=\"http:\/\/lattes.cnpq.br\/6839916429676664\">Jaime Crozatti<\/a><\/li>\n<li><a href=\"http:\/\/lattes.cnpq.br\/5298715034259109\">Jorge Alberto Silva Machado<\/a><a href=\"http:\/\/each.uspnet.usp.br\/machado\">[site]<\/a><\/li>\n<li><a href=\"http:\/\/lattes.cnpq.br\/0053168971489438\">Jos\u00e9 Carlos Vaz<\/a><a href=\"http:\/\/www.vaz.blog.br\/\">[site]<\/a><\/li>\n<li><a href=\"http:\/\/lattes.cnpq.br\/7846707626703546\" target=\"_blank\" rel=\"noopener\">Marcel Ferreira de Oliveira<\/a><\/li>\n<li><a href=\"http:\/\/lattes.cnpq.br\/3348403031099339\">Marcelo Arno Nerling<\/a><\/li>\n<li><a href=\"http:\/\/lattes.cnpq.br\/9105014250584354\">Martin Jayo<\/a><\/li>\n<li><a href=\"http:\/\/lattes.cnpq.br\/5174979257533298\">Pablo Ortellado<\/a><\/li>\n<li><a href=\"http:\/\/lattes.cnpq.br\/0900224487589839\">Patricia Maria Emerenciano de Mendon\u00e7a<\/a><\/li>\n<li><a href=\"http:\/\/lattes.cnpq.br\/4618458977187100\">Renata Mirandola Bichir<\/a><\/li>\n<li><a href=\"http:\/\/lattes.cnpq.br\/6059048919993035\" target=\"_blank\" rel=\"noopener\">Sylmara Lopes Francelino Gon\u00e7alves Dias<\/a><\/li>\n<li><a href=\"http:\/\/lattes.cnpq.br\/5635693179849300\">Ursula Dias Peres<\/a><\/li>\n<li><a href=\"http:\/\/lattes.cnpq.br\/2948415801936949\">Vivian Grace Fern\u00e1ndez-D\u00e1vila Urquidi<\/a><\/li>\n<li><a href=\"http:\/\/lattes.cnpq.br\/1858978868165352\">Wagner Pralon Mancuso<\/a><\/li>\n<li><a href=\"http:\/\/lattes.cnpq.br\/7544044925864987\">Wagner Tadeu Iglecias<\/a><\/li>\n<\/ol>\n<p>&nbsp;<\/p>\n","protected":false},"excerpt":{"rendered":"<p>CORPO DOCENTE O corpo docente do curso de Gest\u00e3o de Pol\u00edticas P\u00fablicas da EACH\/USP \u00e9 formado pelos(as) seguintes professores(as): Agnaldo Valentin Alessandro Soares da Silva Alexandre Ribeiro Leichsenring Ana Carla Bliacheriene Andr\u00e9 Gal Mountian Cec\u00edlia Olivieri Cristiane Kerches da Silva Leite David Diniz Dantas Eduardo de Lima Caldas Ester Gammardella Rizzi Felipe Gon\u00e7alves Brasil Fernando de Souza Coelho Flavia Mori Sarti[site] Gislene Aparecida dos Santos Heber Silveira Rocha Jaime Crozatti Jorge Alberto Silva Machado[site] Jos\u00e9 Carlos Vaz[site] Marcel Ferreira de Oliveira Marcelo Arno Nerling Martin Jayo Pablo Ortellado Patricia Maria Emerenciano de Mendon\u00e7a Renata Mirandola Bichir Sylmara Lopes Francelino Gon\u00e7alves Dias Ursula Dias Peres Vivian Grace Fern\u00e1ndez-D\u00e1vila Urquidi Wagner Pralon Mancuso Wagner Tadeu Iglecias &nbsp;<\/p>\n","protected":false},"author":22000,"featured_media":0,"parent":0,"menu_order":0,"comment_status":"closed","ping_status":"closed","template":"","meta":{"footnotes":"","_links_to":"","_links_to_target":""},"class_list":["post-886","page","type-page","status-publish","hentry"],"_links":{"self":[{"href":"https:\/\/sites.usp.br\/gpp\/wp-json\/wp\/v2\/pages\/886","targetHints":{"allow":["GET"]}}],"collection":[{"href":"https:\/\/sites.usp.br\/gpp\/wp-json\/wp\/v2\/pages"}],"about":[{"href":"https:\/\/sites.usp.br\/gpp\/wp-json\/wp\/v2\/types\/page"}],"author":[{"embeddable":true,"href":"https:\/\/sites.usp.br\/gpp\/wp-json\/wp\/v2\/users\/22000"}],"replies":[{"embeddable":true,"href":"https:\/\/sites.usp.br\/gpp\/wp-json\/wp\/v2\/comments?post=886"}],"version-history":[{"count":5,"href":"https:\/\/sites.usp.br\/gpp\/wp-json\/wp\/v2\/pages\/886\/revisions"}],"predecessor-version":[{"id":1657,"href":"https:\/\/sites.usp.br\/gpp\/wp-json\/wp\/v2\/pages\/886\/revisions\/1657"}],"wp:attachment":[{"href":"https:\/\/sites.usp.br\/gpp\/wp-json\/wp\/v2\/media?parent=886"}],"curies":[{"name":"wp","href":"https:\/\/api.w.org\/{rel}","templated":true}]}}