{"id":936,"date":"2020-08-09T20:41:53","date_gmt":"2020-08-09T23:41:53","guid":{"rendered":"https:\/\/sites.usp.br\/gpp\/?page_id=936"},"modified":"2020-09-27T00:04:01","modified_gmt":"2020-09-27T03:04:01","slug":"representacao-discente","status":"publish","type":"page","link":"https:\/\/sites.usp.br\/gpp\/representacao-discente\/","title":{"rendered":"Empresa Jr."},"content":{"rendered":"<p style=\"text-align: justify;\">A Vertuno, Empresa J\u00fanior do curso de Gest\u00e3o de Pol\u00edticas P\u00fablicas da USP, foi fundada no ano de 2016, a partir tanto da necessidade sentida pelos estudantes de colocar em pr\u00e1tica os conhecimentos adquiridos na gradua\u00e7\u00e3o, quanto da vontade de gerar impacto social.<\/p>\n<p style=\"text-align: justify;\">Desde seu surgimento, na d\u00e9cada de 1960, as Empresas Juniores (EJs) se tornaram organiza\u00e7\u00f5es estudantis em grande parte das universidades do mundo, chegando ao Brasil em 1988. Classificadas como Organiza\u00e7\u00f5es Sem Fins Lucrativos, as EJs incluem em suas atividades o desenvolvimento de projetos relacionados com a \u00e1rea de estudo de seus integrantes, proporcionando a seus membros situa\u00e7\u00f5es reais de solu\u00e7\u00e3o de problemas demandados tanto por clientes como pela comunidade externa. Por conta disso, a participa\u00e7\u00e3o em EJs tende a contribuir para o desenvolvimento de habilidades como lideran\u00e7a, comunica\u00e7\u00e3o e trabalho em equipe de seus integrantes, antecipando a aquisi\u00e7\u00e3o de compet\u00eancias indispens\u00e1veis para o mercado de trabalho.<\/p>\n<p><img loading=\"lazy\" decoding=\"async\" class=\"aligncenter wp-image-1246\" src=\"https:\/\/sites.usp.br\/gpp\/wp-content\/uploads\/sites\/783\/2020\/09\/vertuno-e1601175106627-300x99.jpg\" alt=\"\" width=\"423\" height=\"140\" data-id=\"1246\" \/><\/p>\n<p>Durante os anos de atua\u00e7\u00e3o da Vertuno, foram realizados diversos projetos, dentre os quais se destacam: Avalia\u00e7\u00e3o de Programas Sociais por meio de entrevistas e visitas t\u00e9cnicas encomendadas pelo Instituto de Pesquisas Tecnol\u00f3gicas (IPT); capacita\u00e7\u00f5es para organiza\u00e7\u00f5es do terceiro setor; e mapeamento, em parceria com o LabGov EACH, dos segmentos de atua\u00e7\u00e3o dos profissional do mercado de trabalho do campo de p\u00fablicas \u2013 que resultou em diversos materiais sobre a empregabilidade de tais profissionais.<\/p>\n<p><strong>Site Vertuno<\/strong><br \/>\nVertuno.com.br<\/p>\n<p><strong>E-mail<\/strong><\/p>\n<p>vertunojr.usp@gmail.com<\/p>\n<p><strong>Blog Vertuno<\/strong><\/p>\n<p>https:\/\/blog.vertuno.com.br\/?fbclid=IwAR1kdbCXjugzA2_l7aowdIXhMZnnk_ru_UXioao-sv6yTeU1Uu3Zyo83Gv0<\/p>\n<p><strong>Redes Sociais<\/strong><br \/>\nFacebook<br \/>\n<a href=\"https:\/\/www.facebook.com\/VertunoGPP\">https:\/\/www.facebook.com\/VertunoGPP<\/a><\/p>\n<p>Instagram<br \/>\n<a href=\"https:\/\/www.instagram.com\/vertuno.usp\/\">https:\/\/www.instagram.com\/vertuno.usp\/<\/a><\/p>\n<p><strong>Projeto GPP em revista<\/strong><\/p>\n<p>(Mapeamento do campo de p\u00fablicas em parceria com o LabGov EACH)<\/p>\n<p>http:\/\/www.cartilha.vertuno.com.br\/?fbclid=IwAR0az2cNTykkeoxK7S56nGm8G9MYFg-0fx1b1-dytza_Z_7c15fjyC8Ot5A<\/p>\n<p>&nbsp;<\/p>\n","protected":false},"excerpt":{"rendered":"<p>A Vertuno, Empresa J\u00fanior do curso de Gest\u00e3o de Pol\u00edticas P\u00fablicas da USP, foi fundada no ano de 2016, a partir tanto da necessidade sentida pelos estudantes de colocar em pr\u00e1tica os conhecimentos adquiridos na gradua\u00e7\u00e3o, quanto da vontade de gerar impacto social. Desde seu surgimento, na d\u00e9cada de 1960, as Empresas Juniores (EJs) se tornaram organiza\u00e7\u00f5es estudantis em grande parte das universidades do mundo, chegando ao Brasil em 1988. Classificadas como Organiza\u00e7\u00f5es Sem Fins Lucrativos, as EJs incluem em suas atividades o desenvolvimento de projetos relacionados com a \u00e1rea de estudo de seus integrantes, proporcionando a seus membros situa\u00e7\u00f5es reais de solu\u00e7\u00e3o de problemas demandados tanto por clientes como pela comunidade externa. Por conta disso, a participa\u00e7\u00e3o em EJs tende a contribuir para o desenvolvimento de habilidades como lideran\u00e7a, comunica\u00e7\u00e3o e trabalho em equipe de seus integrantes, antecipando a aquisi\u00e7\u00e3o de compet\u00eancias indispens\u00e1veis para o mercado de trabalho. Durante os anos de atua\u00e7\u00e3o da Vertuno, foram realizados diversos projetos, dentre os quais se destacam: Avalia\u00e7\u00e3o de Programas Sociais por meio de entrevistas e visitas t\u00e9cnicas encomendadas pelo Instituto de Pesquisas Tecnol\u00f3gicas (IPT); capacita\u00e7\u00f5es para organiza\u00e7\u00f5es do terceiro setor; e mapeamento, em parceria com o LabGov EACH, dos segmentos de [&#8230;]<\/p>\n","protected":false},"author":22000,"featured_media":0,"parent":0,"menu_order":0,"comment_status":"closed","ping_status":"closed","template":"","meta":{"footnotes":"","_links_to":"","_links_to_target":""},"class_list":["post-936","page","type-page","status-publish","hentry"],"_links":{"self":[{"href":"https:\/\/sites.usp.br\/gpp\/wp-json\/wp\/v2\/pages\/936","targetHints":{"allow":["GET"]}}],"collection":[{"href":"https:\/\/sites.usp.br\/gpp\/wp-json\/wp\/v2\/pages"}],"about":[{"href":"https:\/\/sites.usp.br\/gpp\/wp-json\/wp\/v2\/types\/page"}],"author":[{"embeddable":true,"href":"https:\/\/sites.usp.br\/gpp\/wp-json\/wp\/v2\/users\/22000"}],"replies":[{"embeddable":true,"href":"https:\/\/sites.usp.br\/gpp\/wp-json\/wp\/v2\/comments?post=936"}],"version-history":[{"count":5,"href":"https:\/\/sites.usp.br\/gpp\/wp-json\/wp\/v2\/pages\/936\/revisions"}],"predecessor-version":[{"id":1252,"href":"https:\/\/sites.usp.br\/gpp\/wp-json\/wp\/v2\/pages\/936\/revisions\/1252"}],"wp:attachment":[{"href":"https:\/\/sites.usp.br\/gpp\/wp-json\/wp\/v2\/media?parent=936"}],"curies":[{"name":"wp","href":"https:\/\/api.w.org\/{rel}","templated":true}]}}