{"id":952,"date":"2020-08-09T20:58:10","date_gmt":"2020-08-09T23:58:10","guid":{"rendered":"https:\/\/sites.usp.br\/gpp\/?page_id=952"},"modified":"2021-04-19T20:55:48","modified_gmt":"2021-04-19T23:55:48","slug":"centro-academico-3","status":"publish","type":"page","link":"https:\/\/sites.usp.br\/gpp\/centro-academico-3\/","title":{"rendered":"Centro Acad\u00eamico"},"content":{"rendered":"<p><strong>Centro Acad\u00eamico Herbert de Sousa (CAHS)<\/strong><\/p>\n<p>O Centro Acad\u00eamico Herbert de Sousa \u00e9 a entidade representativa dos alunos da gradua\u00e7\u00e3o de Gest\u00e3o de Pol\u00edticas P\u00fablicas, nosso papel \u00e9 manter o contato com os alunos, atender as demandas e dificuldades que podem surgir durante o semestre letivo, propor debates e reuni\u00f5es, al\u00e9m de organizar eventos como a Semana de GPP, recep\u00e7\u00e3o dos calouros e muito mais.<\/p>\n<p><a href=\"https:\/\/sites.usp.br\/gpp\/wp-content\/uploads\/sites\/783\/2020\/08\/cahs.jpg\"><img loading=\"lazy\" decoding=\"async\" class=\"size-medium wp-image-1079 aligncenter\" src=\"https:\/\/sites.usp.br\/gpp\/wp-content\/uploads\/sites\/783\/2020\/08\/cahs-300x300.jpg\" alt=\"\" width=\"300\" height=\"300\" data-id=\"1079\" srcset=\"https:\/\/sites.usp.br\/gpp\/wp-content\/uploads\/sites\/783\/2020\/08\/cahs-300x300.jpg 300w, https:\/\/sites.usp.br\/gpp\/wp-content\/uploads\/sites\/783\/2020\/08\/cahs-150x150.jpg 150w, https:\/\/sites.usp.br\/gpp\/wp-content\/uploads\/sites\/783\/2020\/08\/cahs-45x45.jpg 45w, https:\/\/sites.usp.br\/gpp\/wp-content\/uploads\/sites\/783\/2020\/08\/cahs-200x200.jpg 200w, https:\/\/sites.usp.br\/gpp\/wp-content\/uploads\/sites\/783\/2020\/08\/cahs-400x400.jpg 400w, https:\/\/sites.usp.br\/gpp\/wp-content\/uploads\/sites\/783\/2020\/08\/cahs.jpg 748w\" sizes=\"auto, (max-width: 300px) 100vw, 300px\" \/><\/a><\/p>\n<p>Como qualquer centro acad\u00eamico funcionamos atrav\u00e9s de gest\u00e3o eleita democraticamente atrav\u00e9s do corpo discente, a nossa gest\u00e3o atual \u00e9 a Ubuntu, fomos eleitos em Junho de 2019 e estamos agora em mandato prolongado at\u00e9 Novembro de 2020 por conta da pandemia da Covid-19.<\/p>\n<p>O CAHS conta com 5 departamentos atualmente: Comunica\u00e7\u00e3o, Eventos, Gest\u00e3o de Pessoas, Politico pedag\u00f3gico e Sociocultural. E um departamento em constru\u00e7\u00e3o que \u00e9 o de Rela\u00e7\u00f5es Institucionais.<\/p>\n<p>O Centro Acad\u00eamico esta sempre aberto a cr\u00edticas e sugest\u00f5es, siga nossas redes sociais para mais informa\u00e7\u00f5es sobre n\u00f3s:<\/p>\n<p>Facebook: https:\/\/www.facebook.com\/cahsgpp\/<\/p>\n<p>Instagram: https:\/\/instagram.com\/cahsgpp?igshid=hrd9kktytevp<\/p>\n<p>Twitter: https:\/\/twitter.com\/cahsgpp?s=09<\/p>\n<p>E-mail:<br \/>\ncagppusp@gmail.com<\/p>\n","protected":false},"excerpt":{"rendered":"<p>Centro Acad\u00eamico Herbert de Sousa (CAHS) O Centro Acad\u00eamico Herbert de Sousa \u00e9 a entidade representativa dos alunos da gradua\u00e7\u00e3o de Gest\u00e3o de Pol\u00edticas P\u00fablicas, nosso papel \u00e9 manter o contato com os alunos, atender as demandas e dificuldades que podem surgir durante o semestre letivo, propor debates e reuni\u00f5es, al\u00e9m de organizar eventos como a Semana de GPP, recep\u00e7\u00e3o dos calouros e muito mais. Como qualquer centro acad\u00eamico funcionamos atrav\u00e9s de gest\u00e3o eleita democraticamente atrav\u00e9s do corpo discente, a nossa gest\u00e3o atual \u00e9 a Ubuntu, fomos eleitos em Junho de 2019 e estamos agora em mandato prolongado at\u00e9 Novembro de 2020 por conta da pandemia da Covid-19. O CAHS conta com 5 departamentos atualmente: Comunica\u00e7\u00e3o, Eventos, Gest\u00e3o de Pessoas, Politico pedag\u00f3gico e Sociocultural. E um departamento em constru\u00e7\u00e3o que \u00e9 o de Rela\u00e7\u00f5es Institucionais. O Centro Acad\u00eamico esta sempre aberto a cr\u00edticas e sugest\u00f5es, siga nossas redes sociais para mais informa\u00e7\u00f5es sobre n\u00f3s: Facebook: https:\/\/www.facebook.com\/cahsgpp\/ Instagram: https:\/\/instagram.com\/cahsgpp?igshid=hrd9kktytevp Twitter: https:\/\/twitter.com\/cahsgpp?s=09 E-mail: cagppusp@gmail.com<\/p>\n","protected":false},"author":22000,"featured_media":1079,"parent":0,"menu_order":0,"comment_status":"closed","ping_status":"closed","template":"","meta":{"footnotes":"","_links_to":"","_links_to_target":""},"class_list":["post-952","page","type-page","status-publish","has-post-thumbnail","hentry"],"_links":{"self":[{"href":"https:\/\/sites.usp.br\/gpp\/wp-json\/wp\/v2\/pages\/952","targetHints":{"allow":["GET"]}}],"collection":[{"href":"https:\/\/sites.usp.br\/gpp\/wp-json\/wp\/v2\/pages"}],"about":[{"href":"https:\/\/sites.usp.br\/gpp\/wp-json\/wp\/v2\/types\/page"}],"author":[{"embeddable":true,"href":"https:\/\/sites.usp.br\/gpp\/wp-json\/wp\/v2\/users\/22000"}],"replies":[{"embeddable":true,"href":"https:\/\/sites.usp.br\/gpp\/wp-json\/wp\/v2\/comments?post=952"}],"version-history":[{"count":4,"href":"https:\/\/sites.usp.br\/gpp\/wp-json\/wp\/v2\/pages\/952\/revisions"}],"predecessor-version":[{"id":1396,"href":"https:\/\/sites.usp.br\/gpp\/wp-json\/wp\/v2\/pages\/952\/revisions\/1396"}],"wp:featuredmedia":[{"embeddable":true,"href":"https:\/\/sites.usp.br\/gpp\/wp-json\/wp\/v2\/media\/1079"}],"wp:attachment":[{"href":"https:\/\/sites.usp.br\/gpp\/wp-json\/wp\/v2\/media?parent=952"}],"curies":[{"name":"wp","href":"https:\/\/api.w.org\/{rel}","templated":true}]}}