{"id":994,"date":"2020-08-09T22:12:44","date_gmt":"2020-08-10T01:12:44","guid":{"rendered":"https:\/\/sites.usp.br\/gpp\/?page_id=994"},"modified":"2023-04-25T11:19:51","modified_gmt":"2023-04-25T14:19:51","slug":"trabalho-de-conclusao-de-curso","status":"publish","type":"page","link":"https:\/\/sites.usp.br\/gpp\/trabalho-de-conclusao-de-curso\/","title":{"rendered":"Trabalho de Conclus\u00e3o de Curso"},"content":{"rendered":"<p>A estrutura curricular do Bacharelado em Gest\u00e3o de Pol\u00edticas P\u00fablicas prev\u00ea a realiza\u00e7\u00e3o de um Trabalho de Conclus\u00e3o de Curso ao longo do \u00faltimo ano, cujo desenvolvimento deve ocorrer sob orienta\u00e7\u00e3o de um docente.<\/p>\n<p>O Trabalho de Conclus\u00e3o de Curso (TCC) \u00e9 uma atividade acad\u00eamica obrigat\u00f3ria para obten\u00e7\u00e3o do t\u00edtulo de Bacharel em Gest\u00e3o de Pol\u00edticas P\u00fablicas na Escola de Artes, Ci\u00eancias e Humanidades da Universidade de S\u00e3o Paulo.<\/p>\n<p>Discentes que cursam, no m\u00ednimo, o s\u00e9timo semestre, e que tenham cumprido pelo menos 50% dos cr\u00e9ditos, poder\u00e3o se matricular na disciplina ACH 3538 \u2013 Trabalho de Conclus\u00e3o de Curso para desenvolver a elabora\u00e7\u00e3o do TCC.<\/p>\n<p>Para matricular-se na disciplina ACH 3538 \u2013 Trabalho de Conclus\u00e3o de Curso, o aluno dever\u00e1 ter cumprido, obrigatoriamente, a disciplina ACH 3537 \u2013 Projeto de Trabalho de Conclus\u00e3o de Curso.<\/p>\n<p>A designa\u00e7\u00e3o de um docente respons\u00e1vel para orienta\u00e7\u00e3o do aluno \u00e9 realizada com base em afinidade do projeto proposto pelo aluno em rela\u00e7\u00e3o \u00e0 linhas de orienta\u00e7\u00e3o e pesquisa definidas pelo docente. A organiza\u00e7\u00e3o das atividades ser\u00e1 conduzida pela Supervis\u00e3o de Trabalhos de Conclus\u00e3o de Curso, com base nas\u00a0<a href=\"https:\/\/drive.google.com\/file\/d\/17O73q3aEk_nd8l55alzx21rt4LicNMM8\/view?usp=sharing\">Normas Gerais para o TCC do Curso de Gest\u00e3o de Pol\u00edticas P\u00fablicas<\/a>\u00a0aprovadas pela Comiss\u00e3o de Curso de Gest\u00e3o de Pol\u00edticas P\u00fablicas.<\/p>\n<p>Recomendamos que os alunos matriculados em ACH3537 (Projeto TCC) e em ACH3538 (TCC) leiam atentamente as recomenda\u00e7\u00f5es contidas nas\u00a0<a href=\"https:\/\/docs.google.com\/document\/d\/e\/2PACX-1vSPq7gzbckFHd0YuTWZkKBUp-ThL2LaYRlOB0nf2B0WG10HsxlHHjPPzd8g1jFAbA\/pub\">Orienta\u00e7\u00f5es gerais a alunos matriculados e docentes orientadores em GPP<\/a>\u00a0e compreendam integralmente o fluxo das disciplinas.<\/p>\n<p>\u00c9 fundamental que os alunos tamb\u00e9m se inteirem das\u00a0<a href=\"http:\/\/www.livrosabertos.sibi.usp.br\/portaldelivrosUSP\/catalog\/book\/459\">Diretrizes para apresenta\u00e7\u00e3o de disserta\u00e7\u00f5es e teses da USP (Parte I ABNT)<\/a>.<\/p>\n","protected":false},"excerpt":{"rendered":"<p>A estrutura curricular do Bacharelado em Gest\u00e3o de Pol\u00edticas P\u00fablicas prev\u00ea a realiza\u00e7\u00e3o de um Trabalho de Conclus\u00e3o de Curso ao longo do \u00faltimo ano, cujo desenvolvimento deve ocorrer sob orienta\u00e7\u00e3o de um docente. O Trabalho de Conclus\u00e3o de Curso (TCC) \u00e9 uma atividade acad\u00eamica obrigat\u00f3ria para obten\u00e7\u00e3o do t\u00edtulo de Bacharel em Gest\u00e3o de Pol\u00edticas P\u00fablicas na Escola de Artes, Ci\u00eancias e Humanidades da Universidade de S\u00e3o Paulo. Discentes que cursam, no m\u00ednimo, o s\u00e9timo semestre, e que tenham cumprido pelo menos 50% dos cr\u00e9ditos, poder\u00e3o se matricular na disciplina ACH 3538 \u2013 Trabalho de Conclus\u00e3o de Curso para desenvolver a elabora\u00e7\u00e3o do TCC. Para matricular-se na disciplina ACH 3538 \u2013 Trabalho de Conclus\u00e3o de Curso, o aluno dever\u00e1 ter cumprido, obrigatoriamente, a disciplina ACH 3537 \u2013 Projeto de Trabalho de Conclus\u00e3o de Curso. A designa\u00e7\u00e3o de um docente respons\u00e1vel para orienta\u00e7\u00e3o do aluno \u00e9 realizada com base em afinidade do projeto proposto pelo aluno em rela\u00e7\u00e3o \u00e0 linhas de orienta\u00e7\u00e3o e pesquisa definidas pelo docente. A organiza\u00e7\u00e3o das atividades ser\u00e1 conduzida pela Supervis\u00e3o de Trabalhos de Conclus\u00e3o de Curso, com base nas\u00a0Normas Gerais para o TCC do Curso de Gest\u00e3o de Pol\u00edticas P\u00fablicas\u00a0aprovadas pela Comiss\u00e3o de Curso de [&#8230;]<\/p>\n","protected":false},"author":22000,"featured_media":0,"parent":0,"menu_order":0,"comment_status":"closed","ping_status":"closed","template":"","meta":{"footnotes":"","_links_to":"","_links_to_target":""},"class_list":["post-994","page","type-page","status-publish","hentry"],"_links":{"self":[{"href":"https:\/\/sites.usp.br\/gpp\/wp-json\/wp\/v2\/pages\/994","targetHints":{"allow":["GET"]}}],"collection":[{"href":"https:\/\/sites.usp.br\/gpp\/wp-json\/wp\/v2\/pages"}],"about":[{"href":"https:\/\/sites.usp.br\/gpp\/wp-json\/wp\/v2\/types\/page"}],"author":[{"embeddable":true,"href":"https:\/\/sites.usp.br\/gpp\/wp-json\/wp\/v2\/users\/22000"}],"replies":[{"embeddable":true,"href":"https:\/\/sites.usp.br\/gpp\/wp-json\/wp\/v2\/comments?post=994"}],"version-history":[{"count":4,"href":"https:\/\/sites.usp.br\/gpp\/wp-json\/wp\/v2\/pages\/994\/revisions"}],"predecessor-version":[{"id":1483,"href":"https:\/\/sites.usp.br\/gpp\/wp-json\/wp\/v2\/pages\/994\/revisions\/1483"}],"wp:attachment":[{"href":"https:\/\/sites.usp.br\/gpp\/wp-json\/wp\/v2\/media?parent=994"}],"curies":[{"name":"wp","href":"https:\/\/api.w.org\/{rel}","templated":true}]}}