{"id":220,"date":"2022-01-28T15:46:29","date_gmt":"2022-01-28T18:46:29","guid":{"rendered":"https:\/\/sites.usp.br\/greco\/?page_id=220"},"modified":"2022-02-27T16:54:20","modified_gmt":"2022-02-27T19:54:20","slug":"paulo-maron","status":"publish","type":"page","link":"https:\/\/sites.usp.br\/greco\/paulo-maron\/","title":{"rendered":"Paulo Maron"},"content":{"rendered":"<p><img fetchpriority=\"high\" decoding=\"async\" class=\"size-medium wp-image-221 alignleft\" src=\"https:\/\/sites.usp.br\/greco\/wp-content\/uploads\/sites\/964\/2022\/01\/Paulo-300x223.png\" alt=\"\" width=\"300\" height=\"223\" srcset=\"https:\/\/sites.usp.br\/greco\/wp-content\/uploads\/sites\/964\/2022\/01\/Paulo-300x223.png 300w, https:\/\/sites.usp.br\/greco\/wp-content\/uploads\/sites\/964\/2022\/01\/Paulo-80x60.png 80w, https:\/\/sites.usp.br\/greco\/wp-content\/uploads\/sites\/964\/2022\/01\/Paulo.png 750w\" sizes=\"(max-width: 300px) 100vw, 300px\" \/><\/p>\n<p>Maestro, compositor, encenador, cen\u00f3grafo e figurinista natural de S\u00e3o Paulo, Doutor em Artes pelo CMU da ECA-USP (2018) onde desenvolveu um estudo auto-etnogr\u00e1fico sobre a reg\u00eancia, a encena\u00e7\u00e3o e a produ\u00e7\u00e3o de \u00f3peras. Mestre em M\u00fasica pela pelo IA-UNESP (2004), onde desenvolveu estudos sobre as sinfonias compostas por Dimitri Shostakovich, analisadas em rela\u00e7\u00e3o aos contextos sociais e pol\u00edticos nas quais foram compostas e apresentadas. Fundador e diretor art\u00edstico do NUO-\u00d3pera Lab, grupo teatral independente que realiza experimentos c\u00eanicos com o conceito de trans-\u00f3pera.<\/p>\n<p><em>Conductor, composer, director, scenographer and costume designer, born in S\u00e3o Paulo, Doctor in Arts from CMU at ECA-USP (2018) where he developed an auto-ethnographic study on conducting, staging and opera production. Master in Music from IA-UNESP (2004), where he developed studies on the symphonies composed by Dimitri Shostakovich, analyzed in relation to the social and political contexts in which they were composed and performed. Founder and artistic director of NUO-\u00d3pera Lab, an independent theater group that carries out scenic experiments with the concept of trans-opera.<\/em><\/p>\n","protected":false},"excerpt":{"rendered":"<p>Maestro, compositor, encenador, cen\u00f3grafo e figurinista natural de S\u00e3o Paulo, Doutor em Artes pelo CMU da ECA-USP (2018) onde desenvolveu um estudo auto-etnogr\u00e1fico sobre a reg\u00eancia, a encena\u00e7\u00e3o e a produ\u00e7\u00e3o de \u00f3peras. Mestre em M\u00fasica pela pelo IA-UNESP (2004), onde desenvolveu estudos sobre as sinfonias compostas por Dimitri Shostakovich, analisadas em rela\u00e7\u00e3o aos contextos sociais e pol\u00edticos nas quais foram compostas e apresentadas. Fundador e diretor art\u00edstico do NUO-\u00d3pera Lab, grupo teatral independente que realiza experimentos c\u00eanicos com o conceito de trans-\u00f3pera. Conductor, composer, director, scenographer and costume designer, born in S\u00e3o Paulo, Doctor in Arts from CMU at ECA-USP (2018) where he developed an auto-ethnographic study on conducting, staging and opera production. Master in Music from IA-UNESP (2004), where he developed studies on the symphonies composed by Dimitri Shostakovich, analyzed in relation to the social and political contexts in which they were composed and performed. Founder and artistic director of NUO-\u00d3pera Lab, an independent theater group that carries out scenic experiments with the concept of trans-opera.<\/p>\n","protected":false},"author":22449,"featured_media":0,"parent":0,"menu_order":0,"comment_status":"closed","ping_status":"closed","template":"","meta":{"footnotes":"","_links_to":"","_links_to_target":""},"class_list":["post-220","page","type-page","status-publish","hentry"],"_links":{"self":[{"href":"https:\/\/sites.usp.br\/greco\/wp-json\/wp\/v2\/pages\/220","targetHints":{"allow":["GET"]}}],"collection":[{"href":"https:\/\/sites.usp.br\/greco\/wp-json\/wp\/v2\/pages"}],"about":[{"href":"https:\/\/sites.usp.br\/greco\/wp-json\/wp\/v2\/types\/page"}],"author":[{"embeddable":true,"href":"https:\/\/sites.usp.br\/greco\/wp-json\/wp\/v2\/users\/22449"}],"replies":[{"embeddable":true,"href":"https:\/\/sites.usp.br\/greco\/wp-json\/wp\/v2\/comments?post=220"}],"version-history":[{"count":3,"href":"https:\/\/sites.usp.br\/greco\/wp-json\/wp\/v2\/pages\/220\/revisions"}],"predecessor-version":[{"id":338,"href":"https:\/\/sites.usp.br\/greco\/wp-json\/wp\/v2\/pages\/220\/revisions\/338"}],"wp:attachment":[{"href":"https:\/\/sites.usp.br\/greco\/wp-json\/wp\/v2\/media?parent=220"}],"curies":[{"name":"wp","href":"https:\/\/api.w.org\/{rel}","templated":true}]}}