{"id":224,"date":"2022-01-28T16:15:41","date_gmt":"2022-01-28T19:15:41","guid":{"rendered":"https:\/\/sites.usp.br\/greco\/?page_id=224"},"modified":"2022-02-27T16:53:40","modified_gmt":"2022-02-27T19:53:40","slug":"fabio-cury","status":"publish","type":"page","link":"https:\/\/sites.usp.br\/greco\/fabio-cury\/","title":{"rendered":"F\u00e1bio Cury"},"content":{"rendered":"<p><img fetchpriority=\"high\" decoding=\"async\" class=\"size-medium wp-image-225 alignleft\" src=\"https:\/\/sites.usp.br\/greco\/wp-content\/uploads\/sites\/964\/2022\/01\/IMG_1825-300x225.jpg\" alt=\"\" width=\"300\" height=\"225\" srcset=\"https:\/\/sites.usp.br\/greco\/wp-content\/uploads\/sites\/964\/2022\/01\/IMG_1825-300x225.jpg 300w, https:\/\/sites.usp.br\/greco\/wp-content\/uploads\/sites\/964\/2022\/01\/IMG_1825-1024x768.jpg 1024w, https:\/\/sites.usp.br\/greco\/wp-content\/uploads\/sites\/964\/2022\/01\/IMG_1825-768x576.jpg 768w, https:\/\/sites.usp.br\/greco\/wp-content\/uploads\/sites\/964\/2022\/01\/IMG_1825-1536x1152.jpg 1536w, https:\/\/sites.usp.br\/greco\/wp-content\/uploads\/sites\/964\/2022\/01\/IMG_1825-2048x1536.jpg 2048w, https:\/\/sites.usp.br\/greco\/wp-content\/uploads\/sites\/964\/2022\/01\/IMG_1825-80x60.jpg 80w\" sizes=\"(max-width: 300px) 100vw, 300px\" \/><\/p>\n<p>Bacharel em fagote pela Universidade Estadual de Campinas (Unicamp), foi bolsista do Servi\u00e7o de Interc\u00e2mbio Acad\u00eamico Alem\u00e3o (DAAD), quando integrou at\u00e9 1994 a classe de solistas do Professor Klaus Thunemann, na Escola Superior de Teatro e M\u00fasica de Hannover. Recebeu o t\u00edtulo de Mestre em Artes pela Unicamp, e o t\u00edtulo de Doutorado em M\u00fasica na Universidade de S\u00e3o Paulo. Foi premiado em in\u00fameros concursos brasileiros, entre eles, o Concurso para Jovens Solistas da Orquestra Sinf\u00f4nica do Estado de S\u00e3o Paulo e o VIII Pr\u00eamio Eldorado de M\u00fasica, em 1995. Foi vencedor do Concurso para Fagotistas da Escola Superior de Teatro e M\u00fasica de Hannover, em 1993, e recebeu, em 2000, em virtude de sua 3\u00aa coloca\u00e7\u00e3o, uma men\u00e7\u00e3o honrosa no Concurso Fernand Gillet promovido pela International Double Reed Society. Como solista, camerista e professor tem se apresentado e lecionado constantemente em todos os mais importantes festivais brasileiros. No exterior, tem atuado de forma marcante na divulga\u00e7\u00e3o do repert\u00f3rio brasileiro, ministrando palestras, dando cursos e apresentando-se como solista e camerista em pa\u00edses como Argentina, Panam\u00e1, Canad\u00e1 e Inglaterra.<\/p>\n<p><em>Bachelor&#8217;s degree in bassoon from the State University of Campinas (Unicamp), he received a scholarship from the German Academic Exchange Service (DAAD), when until 1994 he joined Professor Klaus Thunemann&#8217;s class of soloists at the Higher School of Theater and Music in Hannover. He received the title of Master of Arts from Unicamp, and the title of Doctorate in Music from the University of S\u00e3o Paulo. He was awarded in numerous Brazilian competitions, including the Competition for Young Soloists of the S\u00e3o Paulo State Symphony Orchestra and the VIII Eldorado Music Award, in 1995. in 1993, and received, in 2000, by virtue of its 3rd place, an honorable mention in the Fernand Gillet Contest promoted by the International Double Reed Society. As a soloist, chamber musician and teacher he has been performing and teaching constantly at all the most important Brazilian festivals. Abroad, he has played an outstanding role in promoting the Brazilian repertoire, giving lectures, giving courses and performing as a soloist and chamber musician in countries such as Argentina, Panama, Canada and England.<\/em><\/p>\n","protected":false},"excerpt":{"rendered":"<p>Bacharel em fagote pela Universidade Estadual de Campinas (Unicamp), foi bolsista do Servi\u00e7o de Interc\u00e2mbio Acad\u00eamico Alem\u00e3o (DAAD), quando integrou at\u00e9 1994 a classe de solistas do Professor Klaus Thunemann, na Escola Superior de Teatro e M\u00fasica de Hannover. Recebeu o t\u00edtulo de Mestre em Artes pela Unicamp, e o t\u00edtulo de Doutorado em M\u00fasica na Universidade de S\u00e3o Paulo. Foi premiado em in\u00fameros concursos brasileiros, entre eles, o Concurso para Jovens Solistas da Orquestra Sinf\u00f4nica do Estado de S\u00e3o Paulo e o VIII Pr\u00eamio Eldorado de M\u00fasica, em 1995. Foi vencedor do Concurso para Fagotistas da Escola Superior de Teatro e M\u00fasica de Hannover, em 1993, e recebeu, em 2000, em virtude de sua 3\u00aa coloca\u00e7\u00e3o, uma men\u00e7\u00e3o honrosa no Concurso Fernand Gillet promovido pela International Double Reed Society. Como solista, camerista e professor tem se apresentado e lecionado constantemente em todos os mais importantes festivais brasileiros. No exterior, tem atuado de forma marcante na divulga\u00e7\u00e3o do repert\u00f3rio brasileiro, ministrando palestras, dando cursos e apresentando-se como solista e camerista em pa\u00edses como Argentina, Panam\u00e1, Canad\u00e1 e Inglaterra. Bachelor&#8217;s degree in bassoon from the State University of Campinas (Unicamp), he received a scholarship from the German Academic Exchange Service (DAAD), [&#8230;]<\/p>\n","protected":false},"author":22449,"featured_media":0,"parent":0,"menu_order":0,"comment_status":"closed","ping_status":"closed","template":"","meta":{"footnotes":"","_links_to":"","_links_to_target":""},"class_list":["post-224","page","type-page","status-publish","hentry"],"_links":{"self":[{"href":"https:\/\/sites.usp.br\/greco\/wp-json\/wp\/v2\/pages\/224","targetHints":{"allow":["GET"]}}],"collection":[{"href":"https:\/\/sites.usp.br\/greco\/wp-json\/wp\/v2\/pages"}],"about":[{"href":"https:\/\/sites.usp.br\/greco\/wp-json\/wp\/v2\/types\/page"}],"author":[{"embeddable":true,"href":"https:\/\/sites.usp.br\/greco\/wp-json\/wp\/v2\/users\/22449"}],"replies":[{"embeddable":true,"href":"https:\/\/sites.usp.br\/greco\/wp-json\/wp\/v2\/comments?post=224"}],"version-history":[{"count":4,"href":"https:\/\/sites.usp.br\/greco\/wp-json\/wp\/v2\/pages\/224\/revisions"}],"predecessor-version":[{"id":337,"href":"https:\/\/sites.usp.br\/greco\/wp-json\/wp\/v2\/pages\/224\/revisions\/337"}],"wp:attachment":[{"href":"https:\/\/sites.usp.br\/greco\/wp-json\/wp\/v2\/media?parent=224"}],"curies":[{"name":"wp","href":"https:\/\/api.w.org\/{rel}","templated":true}]}}