{"id":272,"date":"2022-01-29T11:11:18","date_gmt":"2022-01-29T14:11:18","guid":{"rendered":"https:\/\/sites.usp.br\/greco\/?page_id=272"},"modified":"2022-02-02T12:58:06","modified_gmt":"2022-02-02T15:58:06","slug":"regis-rossi-faria","status":"publish","type":"page","link":"https:\/\/sites.usp.br\/greco\/regis-rossi-faria\/","title":{"rendered":"Regis Rossi Faria"},"content":{"rendered":"<p>Possui gradua\u00e7\u00e3o em Engenharia El\u00e9trica (UFMG, 1990), mestrado (1997) e doutorado (2005) em Engenharia El\u00e9trica pela USP. P\u00f3s-doutorado na Link\u00f6pings Universitet (Su\u00e9cia, 2009) e na University of Sheffield (Inglaterra, 2010). Professor Doutor na Escola de Artes, Ci\u00eancias e Humanidades (EACH) da Universidade de S\u00e3o Paulo (USP). Coordena o Laborat\u00f3rio de \u00c1udio e Tecnologias Musicais (LATM) na EACH e o N\u00facleo de Engenharia de \u00c1udio e Codifica\u00e7\u00e3o Sonora (NEAC) junto ao Laborat\u00f3rio de Sistemas Integr\u00e1veis (LSI-EPUSP). Pesquisador associado ao Centro Interdisciplinar de Tecnologias Interativas (CITI-USP), no\u00a0N\u00facleo de Pesquisas em Sonologia (NuSom-USP), e no\u00a0LabArteMidia (ECA). Tem experi\u00eancia na \u00e1rea de engenharia e computa\u00e7\u00e3o, atuando principalmente em computa\u00e7\u00e3o musical, engenharia de \u00e1udio, \u00e1udio espacial, processamento de sinais e m\u00fasica digital. Participou no desenvolvimento das normas de \u00e1udio do Sistema Brasileiro de TV Digital (ISDB-Tb). \u00c9 membro da Audio Engineering Society (AES), da Comiss\u00e3o Especial em Computa\u00e7\u00e3o Musical da Sociedade Brasileira de Computa\u00e7\u00e3o (CECM-SBC), e da Comiss\u00e3o ABNT CE-021:000.029 Estudo de Codifica\u00e7\u00e3o de \u00c1udio, Imagem, Multim\u00eddia e Hiperm\u00eddia (MPEG).<\/p>\n<p><em>He holds a degree in Electrical Engineering (UFMG, 1990), a master&#8217;s degree (1997) and a doctorate (2005) in Electrical Engineering from USP. Postdoctoral fellow at Link\u00f6pings Universitet (Sweden, 2009) and at the University of Sheffield (England, 2010). Professor at the School of Arts, Sciences and Humanities (EACH) of the University of S\u00e3o Paulo (USP). He coordinates the Audio and Music Technologies Laboratory (LATM) at EACH and the Audio Engineering and Sound Coding Center (NEAC) at the Integrated Systems Laboratory (LSI-EPUSP). Associate Researcher at the Interdisciplinary Center for Interactive Technologies (CITI-USP), at the Center for Research in Sonology (NuSom-USP), and at LabArteMidia (ECA). He has experience in the field of engineering and computing, working mainly in music computing, audio engineering, spatial audio, signal processing and digital music. He participated in the development of the audio standards of the Brazilian Digital TV System (ISDB-Tb). He is a member of the Audio Engineering Society (AES), of the Special Committee on Music Computing of the Brazilian Computer Society (CECM-SBC), and of the ABNT Committee CE-021:000.029 Study of Audio, Image, Multimedia and Hypermedia Coding (MPEG) .<\/em><\/p>\n","protected":false},"excerpt":{"rendered":"<p>Possui gradua\u00e7\u00e3o em Engenharia El\u00e9trica (UFMG, 1990), mestrado (1997) e doutorado (2005) em Engenharia El\u00e9trica pela USP. P\u00f3s-doutorado na Link\u00f6pings Universitet (Su\u00e9cia, 2009) e na University of Sheffield (Inglaterra, 2010). Professor Doutor na Escola de Artes, Ci\u00eancias e Humanidades (EACH) da Universidade de S\u00e3o Paulo (USP). Coordena o Laborat\u00f3rio de \u00c1udio e Tecnologias Musicais (LATM) na EACH e o N\u00facleo de Engenharia de \u00c1udio e Codifica\u00e7\u00e3o Sonora (NEAC) junto ao Laborat\u00f3rio de Sistemas Integr\u00e1veis (LSI-EPUSP). Pesquisador associado ao Centro Interdisciplinar de Tecnologias Interativas (CITI-USP), no\u00a0N\u00facleo de Pesquisas em Sonologia (NuSom-USP), e no\u00a0LabArteMidia (ECA). Tem experi\u00eancia na \u00e1rea de engenharia e computa\u00e7\u00e3o, atuando principalmente em computa\u00e7\u00e3o musical, engenharia de \u00e1udio, \u00e1udio espacial, processamento de sinais e m\u00fasica digital. Participou no desenvolvimento das normas de \u00e1udio do Sistema Brasileiro de TV Digital (ISDB-Tb). \u00c9 membro da Audio Engineering Society (AES), da Comiss\u00e3o Especial em Computa\u00e7\u00e3o Musical da Sociedade Brasileira de Computa\u00e7\u00e3o (CECM-SBC), e da Comiss\u00e3o ABNT CE-021:000.029 Estudo de Codifica\u00e7\u00e3o de \u00c1udio, Imagem, Multim\u00eddia e Hiperm\u00eddia (MPEG). He holds a degree in Electrical Engineering (UFMG, 1990), a master&#8217;s degree (1997) and a doctorate (2005) in Electrical Engineering from USP. Postdoctoral fellow at Link\u00f6pings Universitet (Sweden, 2009) and at the University of Sheffield [&#8230;]<\/p>\n","protected":false},"author":22449,"featured_media":0,"parent":0,"menu_order":0,"comment_status":"closed","ping_status":"closed","template":"","meta":{"footnotes":"","_links_to":"","_links_to_target":""},"class_list":["post-272","page","type-page","status-publish","hentry"],"_links":{"self":[{"href":"https:\/\/sites.usp.br\/greco\/wp-json\/wp\/v2\/pages\/272","targetHints":{"allow":["GET"]}}],"collection":[{"href":"https:\/\/sites.usp.br\/greco\/wp-json\/wp\/v2\/pages"}],"about":[{"href":"https:\/\/sites.usp.br\/greco\/wp-json\/wp\/v2\/types\/page"}],"author":[{"embeddable":true,"href":"https:\/\/sites.usp.br\/greco\/wp-json\/wp\/v2\/users\/22449"}],"replies":[{"embeddable":true,"href":"https:\/\/sites.usp.br\/greco\/wp-json\/wp\/v2\/comments?post=272"}],"version-history":[{"count":2,"href":"https:\/\/sites.usp.br\/greco\/wp-json\/wp\/v2\/pages\/272\/revisions"}],"predecessor-version":[{"id":316,"href":"https:\/\/sites.usp.br\/greco\/wp-json\/wp\/v2\/pages\/272\/revisions\/316"}],"wp:attachment":[{"href":"https:\/\/sites.usp.br\/greco\/wp-json\/wp\/v2\/media?parent=272"}],"curies":[{"name":"wp","href":"https:\/\/api.w.org\/{rel}","templated":true}]}}