{"id":275,"date":"2022-01-29T11:28:26","date_gmt":"2022-01-29T14:28:26","guid":{"rendered":"https:\/\/sites.usp.br\/greco\/?page_id=275"},"modified":"2022-02-27T16:51:57","modified_gmt":"2022-02-27T19:51:57","slug":"paula-andrade-callegari","status":"publish","type":"page","link":"https:\/\/sites.usp.br\/greco\/paula-andrade-callegari\/","title":{"rendered":"Paula Andrade Callegari"},"content":{"rendered":"<p><img fetchpriority=\"high\" decoding=\"async\" class=\" wp-image-326 alignleft\" src=\"https:\/\/sites.usp.br\/greco\/wp-content\/uploads\/sites\/964\/2022\/02\/Foto1_Paula-Callegari-214x300.jpg\" alt=\"\" width=\"217\" height=\"304\" srcset=\"https:\/\/sites.usp.br\/greco\/wp-content\/uploads\/sites\/964\/2022\/02\/Foto1_Paula-Callegari-214x300.jpg 214w, https:\/\/sites.usp.br\/greco\/wp-content\/uploads\/sites\/964\/2022\/02\/Foto1_Paula-Callegari.jpg 500w\" sizes=\"(max-width: 217px) 100vw, 217px\" \/>Professora de flauta doce do Instituto de Artes da Universidade Federal de Uberl\u00e2ndia (UFU), \u00e9 doutora em M\u00fasica pela Universidade Estadual de Campinas (Unicamp) com tese intitulada \u201cAs virtudes ret\u00f3ricas em <i>Le istitutioni harmoniche\u00a0<\/i>(1558) de Gioseffo Zarlino\u201d, para a qual recebeu uma bolsa de estudos da CAPES para realiza\u00e7\u00e3o de est\u00e1gio de pesquisa na\u00a0<i>Universit\u00e0 di Bologna<\/i>\u00a0(It\u00e1lia). \u00c9 mestre em M\u00fasica pela Universidade de Bras\u00edlia (UnB), com pesquisa sobre a rela\u00e7\u00e3o indiv\u00edduo-m\u00fasica na educa\u00e7\u00e3o musical, e graduada em M\u00fasica (Flauta doce) pela UFU. Al\u00e9m das atividades acad\u00eamicas e de pesquisa, \u00e9 flautista doce com intensa atividade art\u00edstica, especialmente como membro d\u2019As Flautas de S\u00e3o Paulo (2012-2017), do\u00a0<i>Consort do GReCo<\/i>\u00a0e como coordenadora do Grupo de Flauta Doce da UFU.<\/p>\n<p><em>Professor of recorder at the Institute of Arts of the Federal University of Uberl\u00e2ndia (UFU), she holds a PhD in Music from the State University of Campinas (Unicamp) with a thesis entitled \u201cThe rhetorical virtues in Le istitutioni harmoniche (1558) by Gioseffo Zarlino\u201d , for which she received a CAPES scholarship to carry out a research internship at the Universit\u00e0 di Bologna (Italy). She holds a Master&#8217;s in Music from the University of Bras\u00edlia (UnB), with research on the individual-music relationship in music education, and a degree in Music (recorder) from UFU. In addition to academic and research activities, she is a recorder player with intense artistic activity, especially as a member of As Flautas de S\u00e3o Paulo (2012-2017), of the Consort of GReCo and as coordinator of the Recorder Group at UFU.<\/em><\/p>\n","protected":false},"excerpt":{"rendered":"<p>Professora de flauta doce do Instituto de Artes da Universidade Federal de Uberl\u00e2ndia (UFU), \u00e9 doutora em M\u00fasica pela Universidade Estadual de Campinas (Unicamp) com tese intitulada \u201cAs virtudes ret\u00f3ricas em Le istitutioni harmoniche\u00a0(1558) de Gioseffo Zarlino\u201d, para a qual recebeu uma bolsa de estudos da CAPES para realiza\u00e7\u00e3o de est\u00e1gio de pesquisa na\u00a0Universit\u00e0 di Bologna\u00a0(It\u00e1lia). \u00c9 mestre em M\u00fasica pela Universidade de Bras\u00edlia (UnB), com pesquisa sobre a rela\u00e7\u00e3o indiv\u00edduo-m\u00fasica na educa\u00e7\u00e3o musical, e graduada em M\u00fasica (Flauta doce) pela UFU. Al\u00e9m das atividades acad\u00eamicas e de pesquisa, \u00e9 flautista doce com intensa atividade art\u00edstica, especialmente como membro d\u2019As Flautas de S\u00e3o Paulo (2012-2017), do\u00a0Consort do GReCo\u00a0e como coordenadora do Grupo de Flauta Doce da UFU. Professor of recorder at the Institute of Arts of the Federal University of Uberl\u00e2ndia (UFU), she holds a PhD in Music from the State University of Campinas (Unicamp) with a thesis entitled \u201cThe rhetorical virtues in Le istitutioni harmoniche (1558) by Gioseffo Zarlino\u201d , for which she received a CAPES scholarship to carry out a research internship at the Universit\u00e0 di Bologna (Italy). She holds a Master&#8217;s in Music from the University of Bras\u00edlia (UnB), with research on the individual-music relationship in music [&#8230;]<\/p>\n","protected":false},"author":22449,"featured_media":0,"parent":0,"menu_order":0,"comment_status":"closed","ping_status":"closed","template":"","meta":{"footnotes":"","_links_to":"","_links_to_target":""},"class_list":["post-275","page","type-page","status-publish","hentry"],"_links":{"self":[{"href":"https:\/\/sites.usp.br\/greco\/wp-json\/wp\/v2\/pages\/275","targetHints":{"allow":["GET"]}}],"collection":[{"href":"https:\/\/sites.usp.br\/greco\/wp-json\/wp\/v2\/pages"}],"about":[{"href":"https:\/\/sites.usp.br\/greco\/wp-json\/wp\/v2\/types\/page"}],"author":[{"embeddable":true,"href":"https:\/\/sites.usp.br\/greco\/wp-json\/wp\/v2\/users\/22449"}],"replies":[{"embeddable":true,"href":"https:\/\/sites.usp.br\/greco\/wp-json\/wp\/v2\/comments?post=275"}],"version-history":[{"count":3,"href":"https:\/\/sites.usp.br\/greco\/wp-json\/wp\/v2\/pages\/275\/revisions"}],"predecessor-version":[{"id":334,"href":"https:\/\/sites.usp.br\/greco\/wp-json\/wp\/v2\/pages\/275\/revisions\/334"}],"wp:attachment":[{"href":"https:\/\/sites.usp.br\/greco\/wp-json\/wp\/v2\/media?parent=275"}],"curies":[{"name":"wp","href":"https:\/\/api.w.org\/{rel}","templated":true}]}}