{"id":5,"date":"2021-05-25T15:59:48","date_gmt":"2021-05-25T18:59:48","guid":{"rendered":"https:\/\/sites.usp.br\/greco\/?page_id=5"},"modified":"2022-01-22T08:46:25","modified_gmt":"2022-01-22T11:46:25","slug":"ogreco","status":"publish","type":"page","link":"https:\/\/sites.usp.br\/greco\/ogreco\/","title":{"rendered":"O GReCo"},"content":{"rendered":"<p style=\"text-align: left;\"><strong>Bem-vindo ao GReCo!<\/strong><\/p>\n<p style=\"text-align: left;\">O Grupo de Pesquisa em M\u00fasica da Renascen\u00e7a e M\u00fasica Contempor\u00e2nea se dedica \u00e0 pesquisa sobre os diversos estilos musicais do s\u00e9culo XVI e XVII e \u00e0 cria\u00e7\u00e3o de novo repert\u00f3rio para os instrumentos musicais do grupo. Enquanto a investiga\u00e7\u00e3o da m\u00fasica antiga se d\u00e1 por meio de uma abordagem multidisciplinar, que aglomera, al\u00e9m da teoria musical, a organologia (estudo dos instrumentos de \u00e9poca), a filologia, ret\u00f3rica e filosofia, a m\u00fasica contempor\u00e2nea \u00e9 produzida atrav\u00e9s de colabora\u00e7\u00e3o com compositores. O GReCo mant\u00e9m colabora\u00e7\u00e3o com pesquisadores da It\u00e1lia e da Schola Cantorum Basiliensis, na Su\u00ed\u00e7a.<\/p>\n<p style=\"text-align: left;\"><strong>Welcome to GReCo!<\/strong><\/p>\n<p>The Research Group on Renaissance and Contemporary Music is dedicated to researching the different musical styles of the 16th and 17th centuries and creating a new repertoire for the group&#8217;s musical instruments. While the investigation of early music takes place through a multidisciplinary approach, which brings together, in addition to music theory, organology (study of period instruments), philology, rhetoric and philosophy, contemporary music is produced through collaboration with composers. The GReCo research maintains collaborations with researchers in Italy and teachers from the Schola Cantorum Basiliensis, Switzerland.<\/p>\n","protected":false},"excerpt":{"rendered":"<p>Bem-vindo ao GReCo! O Grupo de Pesquisa em M\u00fasica da Renascen\u00e7a e M\u00fasica Contempor\u00e2nea se dedica \u00e0 pesquisa sobre os diversos estilos musicais do s\u00e9culo XVI e XVII e \u00e0 cria\u00e7\u00e3o de novo repert\u00f3rio para os instrumentos musicais do grupo. Enquanto a investiga\u00e7\u00e3o da m\u00fasica antiga se d\u00e1 por meio de uma abordagem multidisciplinar, que aglomera, al\u00e9m da teoria musical, a organologia (estudo dos instrumentos de \u00e9poca), a filologia, ret\u00f3rica e filosofia, a m\u00fasica contempor\u00e2nea \u00e9 produzida atrav\u00e9s de colabora\u00e7\u00e3o com compositores. O GReCo mant\u00e9m colabora\u00e7\u00e3o com pesquisadores da It\u00e1lia e da Schola Cantorum Basiliensis, na Su\u00ed\u00e7a. Welcome to GReCo! The Research Group on Renaissance and Contemporary Music is dedicated to researching the different musical styles of the 16th and 17th centuries and creating a new repertoire for the group&#8217;s musical instruments. While the investigation of early music takes place through a multidisciplinary approach, which brings together, in addition to music theory, organology (study of period instruments), philology, rhetoric and philosophy, contemporary music is produced through collaboration with composers. The GReCo research maintains collaborations with researchers in Italy and teachers from the Schola Cantorum Basiliensis, Switzerland.<\/p>\n","protected":false},"author":22449,"featured_media":0,"parent":0,"menu_order":0,"comment_status":"closed","ping_status":"closed","template":"","meta":{"footnotes":"","_links_to":"","_links_to_target":""},"class_list":["post-5","page","type-page","status-publish","hentry"],"_links":{"self":[{"href":"https:\/\/sites.usp.br\/greco\/wp-json\/wp\/v2\/pages\/5","targetHints":{"allow":["GET"]}}],"collection":[{"href":"https:\/\/sites.usp.br\/greco\/wp-json\/wp\/v2\/pages"}],"about":[{"href":"https:\/\/sites.usp.br\/greco\/wp-json\/wp\/v2\/types\/page"}],"author":[{"embeddable":true,"href":"https:\/\/sites.usp.br\/greco\/wp-json\/wp\/v2\/users\/22449"}],"replies":[{"embeddable":true,"href":"https:\/\/sites.usp.br\/greco\/wp-json\/wp\/v2\/comments?post=5"}],"version-history":[{"count":4,"href":"https:\/\/sites.usp.br\/greco\/wp-json\/wp\/v2\/pages\/5\/revisions"}],"predecessor-version":[{"id":106,"href":"https:\/\/sites.usp.br\/greco\/wp-json\/wp\/v2\/pages\/5\/revisions\/106"}],"wp:attachment":[{"href":"https:\/\/sites.usp.br\/greco\/wp-json\/wp\/v2\/media?parent=5"}],"curies":[{"name":"wp","href":"https:\/\/api.w.org\/{rel}","templated":true}]}}