{"id":70,"date":"2021-05-26T16:28:43","date_gmt":"2021-05-26T19:28:43","guid":{"rendered":"https:\/\/sites.usp.br\/greco\/?page_id=70"},"modified":"2022-01-26T08:28:28","modified_gmt":"2022-01-26T11:28:28","slug":"parcerias","status":"publish","type":"page","link":"https:\/\/sites.usp.br\/greco\/parcerias\/","title":{"rendered":"Parcerias\/Partnerships"},"content":{"rendered":"<p>&nbsp;<\/p>\n<p><img decoding=\"async\" class=\"size-medium wp-image-153 aligncenter\" src=\"https:\/\/sites.usp.br\/greco\/wp-content\/uploads\/sites\/964\/2022\/01\/Museomusicalogo-300x154.jpg\" alt=\"\" width=\"300\" height=\"154\" srcset=\"https:\/\/sites.usp.br\/greco\/wp-content\/uploads\/sites\/964\/2022\/01\/Museomusicalogo-300x154.jpg 300w, https:\/\/sites.usp.br\/greco\/wp-content\/uploads\/sites\/964\/2022\/01\/Museomusicalogo.jpg 350w\" sizes=\"(max-width: 300px) 100vw, 300px\" \/><\/p>\n<p>O GReCo iniciou em 2019 uma parceria com o Museo Internationale e Biblioteca della Musica di Bologna que concede ao nosso projeto acesso \u00e0 pesquisa de uma das maiores cole\u00e7\u00f5es de partituras e livros do Renascimento. Esta coopera\u00e7\u00e3o pretende tamb\u00e9m organizar simp\u00f3sios e concertos no museu de Bolonha.<\/p>\n<p>GReCo initiated in 2019 a partnership with the Museo Internationale e Biblioteca della Musica di Bologna which grants our project access to research one of the biggest collections of music scores and books from the Renaissance. This cooperation also intends to organize simposia and concerts at the museum in Bologna.<\/p>\n<p><img decoding=\"async\" class=\"alignnone size-medium wp-image-156 aligncenter\" src=\"https:\/\/sites.usp.br\/greco\/wp-content\/uploads\/sites\/964\/2022\/01\/logo-palma-300x68.png\" alt=\"\" width=\"300\" height=\"68\" srcset=\"https:\/\/sites.usp.br\/greco\/wp-content\/uploads\/sites\/964\/2022\/01\/logo-palma-300x68.png 300w, https:\/\/sites.usp.br\/greco\/wp-content\/uploads\/sites\/964\/2022\/01\/logo-palma.png 600w\" sizes=\"(max-width: 300px) 100vw, 300px\" \/><\/p>\n<p>A parceria com o Grupo de Pesquisa Palma Choralis da cidade de Brescia, It\u00e1lia, permite o interc\u00e2mbio de informa\u00e7\u00f5es advindas de nossas pesquisas em uma colabora\u00e7\u00e3o internacional que pretende organizar eventos pr\u00e1tico\/acad\u00eamicos de grande porte no futuro na It\u00e1lia e no Brasil.<\/p>\n<p>The partnership with the Palma Choralis Research Group from the city of Brescia, Italy, allows the exchange of information arising from our research in an international collaboration that intends to organize large-scale practical\/academic events in the future in Italy and Brazil.<\/p>\n","protected":false},"excerpt":{"rendered":"<p>&nbsp; O GReCo iniciou em 2019 uma parceria com o Museo Internationale e Biblioteca della Musica di Bologna que concede ao nosso projeto acesso \u00e0 pesquisa de uma das maiores cole\u00e7\u00f5es de partituras e livros do Renascimento. Esta coopera\u00e7\u00e3o pretende tamb\u00e9m organizar simp\u00f3sios e concertos no museu de Bolonha. GReCo initiated in 2019 a partnership with the Museo Internationale e Biblioteca della Musica di Bologna which grants our project access to research one of the biggest collections of music scores and books from the Renaissance. This cooperation also intends to organize simposia and concerts at the museum in Bologna. A parceria com o Grupo de Pesquisa Palma Choralis da cidade de Brescia, It\u00e1lia, permite o interc\u00e2mbio de informa\u00e7\u00f5es advindas de nossas pesquisas em uma colabora\u00e7\u00e3o internacional que pretende organizar eventos pr\u00e1tico\/acad\u00eamicos de grande porte no futuro na It\u00e1lia e no Brasil. The partnership with the Palma Choralis Research Group from the city of Brescia, Italy, allows the exchange of information arising from our research in an international collaboration that intends to organize large-scale practical\/academic events in the future in Italy and Brazil.<\/p>\n","protected":false},"author":22449,"featured_media":0,"parent":0,"menu_order":0,"comment_status":"closed","ping_status":"closed","template":"","meta":{"footnotes":"","_links_to":"","_links_to_target":""},"class_list":["post-70","page","type-page","status-publish","hentry"],"_links":{"self":[{"href":"https:\/\/sites.usp.br\/greco\/wp-json\/wp\/v2\/pages\/70","targetHints":{"allow":["GET"]}}],"collection":[{"href":"https:\/\/sites.usp.br\/greco\/wp-json\/wp\/v2\/pages"}],"about":[{"href":"https:\/\/sites.usp.br\/greco\/wp-json\/wp\/v2\/types\/page"}],"author":[{"embeddable":true,"href":"https:\/\/sites.usp.br\/greco\/wp-json\/wp\/v2\/users\/22449"}],"replies":[{"embeddable":true,"href":"https:\/\/sites.usp.br\/greco\/wp-json\/wp\/v2\/comments?post=70"}],"version-history":[{"count":5,"href":"https:\/\/sites.usp.br\/greco\/wp-json\/wp\/v2\/pages\/70\/revisions"}],"predecessor-version":[{"id":172,"href":"https:\/\/sites.usp.br\/greco\/wp-json\/wp\/v2\/pages\/70\/revisions\/172"}],"wp:attachment":[{"href":"https:\/\/sites.usp.br\/greco\/wp-json\/wp\/v2\/media?parent=70"}],"curies":[{"name":"wp","href":"https:\/\/api.w.org\/{rel}","templated":true}]}}