{"id":1064,"date":"2021-11-27T15:14:49","date_gmt":"2021-11-27T18:14:49","guid":{"rendered":"https:\/\/sites.usp.br\/grepel\/?page_id=1064"},"modified":"2021-11-28T14:20:43","modified_gmt":"2021-11-28T17:20:43","slug":"pesquisas","status":"publish","type":"page","link":"https:\/\/sites.usp.br\/grepel\/pesquisas\/","title":{"rendered":"Pesquisas"},"content":{"rendered":"\t\t<div data-elementor-type=\"wp-page\" data-elementor-id=\"1064\" class=\"elementor elementor-1064\" data-elementor-post-type=\"page\">\n\t\t\t\t\t\t<section class=\"elementor-section elementor-top-section elementor-element elementor-element-d186e92 elementor-section-boxed elementor-section-height-default elementor-section-height-default\" data-id=\"d186e92\" data-element_type=\"section\">\n\t\t\t\t\t\t<div class=\"elementor-container elementor-column-gap-default\">\n\t\t\t\t\t<div class=\"elementor-column elementor-col-100 elementor-top-column elementor-element elementor-element-4ee2b6c\" data-id=\"4ee2b6c\" data-element_type=\"column\">\n\t\t\t<div class=\"elementor-widget-wrap\">\n\t\t\t\t\t\t\t<\/div>\n\t\t<\/div>\n\t\t\t\t\t<\/div>\n\t\t<\/section>\n\t\t\t\t<section class=\"elementor-section elementor-top-section elementor-element elementor-element-39c1294 elementor-section-boxed elementor-section-height-default elementor-section-height-default\" data-id=\"39c1294\" data-element_type=\"section\">\n\t\t\t\t\t\t<div class=\"elementor-container elementor-column-gap-default\">\n\t\t\t\t\t<div class=\"elementor-column elementor-col-100 elementor-top-column elementor-element elementor-element-224308a\" data-id=\"224308a\" data-element_type=\"column\">\n\t\t\t<div class=\"elementor-widget-wrap\">\n\t\t\t\t\t\t\t<\/div>\n\t\t<\/div>\n\t\t\t\t\t<\/div>\n\t\t<\/section>\n\t\t\t\t<section class=\"elementor-section elementor-top-section elementor-element elementor-element-9ec5930 elementor-section-height-min-height elementor-section-boxed elementor-section-height-default elementor-section-items-middle\" data-id=\"9ec5930\" data-element_type=\"section\" data-settings=\"{&quot;background_background&quot;:&quot;classic&quot;}\">\n\t\t\t\t\t\t\t<div class=\"elementor-background-overlay\"><\/div>\n\t\t\t\t\t\t\t<div class=\"elementor-container elementor-column-gap-default\">\n\t\t\t\t\t<div class=\"elementor-column elementor-col-100 elementor-top-column elementor-element elementor-element-3588551\" data-id=\"3588551\" data-element_type=\"column\">\n\t\t\t<div class=\"elementor-widget-wrap elementor-element-populated\">\n\t\t\t\t\t\t<div class=\"elementor-element elementor-element-5764449 elementor-widget elementor-widget-heading\" data-id=\"5764449\" data-element_type=\"widget\" data-widget_type=\"heading.default\">\n\t\t\t\t<div class=\"elementor-widget-container\">\n\t\t\t<h2 class=\"elementor-heading-title elementor-size-default\">Conhe\u00e7a nossas pesquisas<\/h2>\t\t<\/div>\n\t\t\t\t<\/div>\n\t\t\t\t\t<\/div>\n\t\t<\/div>\n\t\t\t\t\t<\/div>\n\t\t<\/section>\n\t\t\t\t<section class=\"elementor-section elementor-top-section elementor-element elementor-element-e05fbdf elementor-section-height-min-height elementor-section-boxed elementor-section-height-default elementor-section-items-middle elementor-invisible\" data-id=\"e05fbdf\" data-element_type=\"section\" data-settings=\"{&quot;animation&quot;:&quot;fadeInLeft&quot;}\">\n\t\t\t\t\t\t<div class=\"elementor-container elementor-column-gap-default\">\n\t\t\t\t\t<div class=\"elementor-column elementor-col-100 elementor-top-column elementor-element elementor-element-60ced03\" data-id=\"60ced03\" data-element_type=\"column\">\n\t\t\t<div class=\"elementor-widget-wrap elementor-element-populated\">\n\t\t\t\t\t\t<div class=\"elementor-element elementor-element-1a00521 elementor-widget elementor-widget-heading\" data-id=\"1a00521\" data-element_type=\"widget\" data-widget_type=\"heading.default\">\n\t\t\t\t<div class=\"elementor-widget-container\">\n\t\t\t<h2 class=\"elementor-heading-title elementor-size-default\">A\u00e7\u00f5es da fonoaudiologia na escola: programa de estimula\u00e7\u00e3o da consci\u00eancia fonol\u00f3gica em escolares do 1\u00b0 ano do ensino fundamental<\/h2>\t\t<\/div>\n\t\t\t\t<\/div>\n\t\t\t\t<div class=\"elementor-element elementor-element-a7b8713 elementor-widget elementor-widget-heading\" data-id=\"a7b8713\" data-element_type=\"widget\" data-widget_type=\"heading.default\">\n\t\t\t\t<div class=\"elementor-widget-container\">\n\t\t\t<h2 class=\"elementor-heading-title elementor-size-default\">FREIRE, Thais; CRENITTE, Patr\u00edcia Abreu Pinheiro. A\u00e7\u00f5es da fonoaudiologia na escola: programa de estimula\u00e7\u00e3o da consci\u00eancia fonol\u00f3gica em escolares do 1\u00b0 ano do ensino fundamental. 2018.Universidade de S\u00e3o Paulo, Bauru, 2018. Dispon\u00edvel em: .<\/h2>\t\t<\/div>\n\t\t\t\t<\/div>\n\t\t\t\t<div class=\"elementor-element elementor-element-86382a7 elementor-widget elementor-widget-text-editor\" data-id=\"86382a7\" data-element_type=\"widget\" data-widget_type=\"text-editor.default\">\n\t\t\t\t<div class=\"elementor-widget-container\">\n\t\t\t\t\t\t\t<p>Resumo:<\/p><p><span style=\"color: var( --e-global-color-text ); font-size: 1.6rem;\">O sistema educacional brasileiro tem enfrentado grandes problemas, entre eles a dificuldade para se consolidar a alfabetiza\u00e7\u00e3o. Estudos apontam que as causas est\u00e3o relacionadas principalmente \u00e0 insuficiente estimula\u00e7\u00e3o das habilidades consideradas essenciais \u00e0 aquisi\u00e7\u00e3o da leitura e escrita. Embora dependa de um amplo conjunto de aptid\u00f5es, a consci\u00eancia fonol\u00f3gica \u00e9 relatada como uma das mais relevantes a esse processo. Por\u00e9m, h\u00e1 desconhecimento da maioria dos professores brasileiros sobre o tema e consequentemente poucos investimentos s\u00e3o realizados no ambiente escolar. Ainda que realizados, direcionam-se quase exclusivamente a atividades sil\u00e1bicas, menosprezando o fato de que em um sistema alfab\u00e9tico de escrita as letras representam fonemas e n\u00e3o s\u00edlabas. Sendo assim, o objetivo do estudo foi verificar a aplicabilidade de um programa de estimula\u00e7\u00e3o da consci\u00eancia fonol\u00f3gica, abrangendo habilidades fon\u00eamicas, para escolares no primeiro ano do ensino fundamen&#8230;&nbsp;<\/span><\/p>\t\t\t\t\t\t<\/div>\n\t\t\t\t<\/div>\n\t\t\t\t<div class=\"elementor-element elementor-element-54a3a01 elementor-widget elementor-widget-button\" data-id=\"54a3a01\" data-element_type=\"widget\" data-widget_type=\"button.default\">\n\t\t\t\t<div class=\"elementor-widget-container\">\n\t\t\t\t\t\t\t<div class=\"elementor-button-wrapper\">\n\t\t\t\t\t<a class=\"elementor-button elementor-button-link elementor-size-sm\" href=\"https:\/\/repositorio.usp.br\/item\/002905932\">\n\t\t\t\t\t\t<span class=\"elementor-button-content-wrapper\">\n\t\t\t\t\t\t\t\t\t<span class=\"elementor-button-text\">Leia mais<\/span>\n\t\t\t\t\t<\/span>\n\t\t\t\t\t<\/a>\n\t\t\t\t<\/div>\n\t\t\t\t\t\t<\/div>\n\t\t\t\t<\/div>\n\t\t\t\t\t<\/div>\n\t\t<\/div>\n\t\t\t\t\t<\/div>\n\t\t<\/section>\n\t\t\t\t<section class=\"elementor-section elementor-top-section elementor-element elementor-element-c34e087 elementor-section-height-min-height elementor-section-boxed elementor-section-height-default elementor-section-items-middle elementor-invisible\" data-id=\"c34e087\" data-element_type=\"section\" data-settings=\"{&quot;animation&quot;:&quot;fadeInLeft&quot;}\">\n\t\t\t\t\t\t<div class=\"elementor-container elementor-column-gap-default\">\n\t\t\t\t\t<div class=\"elementor-column elementor-col-100 elementor-top-column elementor-element elementor-element-f437d91\" data-id=\"f437d91\" data-element_type=\"column\">\n\t\t\t<div class=\"elementor-widget-wrap elementor-element-populated\">\n\t\t\t\t\t\t<div class=\"elementor-element elementor-element-eaca8db elementor-widget elementor-widget-heading\" data-id=\"eaca8db\" data-element_type=\"widget\" data-widget_type=\"heading.default\">\n\t\t\t\t<div class=\"elementor-widget-container\">\n\t\t\t<h2 class=\"elementor-heading-title elementor-size-default\">Prematuridade como fator de risco para o transtorno de aprendizagem: uma revis\u00e3o integrativa<\/h2>\t\t<\/div>\n\t\t\t\t<\/div>\n\t\t\t\t<div class=\"elementor-element elementor-element-2a9f746 elementor-widget elementor-widget-heading\" data-id=\"2a9f746\" data-element_type=\"widget\" data-widget_type=\"heading.default\">\n\t\t\t\t<div class=\"elementor-widget-container\">\n\t\t\t<h2 class=\"elementor-heading-title elementor-size-default\">SILVA, Luiz Claudio Daniel; DUARTE, Janaina Luciane; CRENITTE, Patr\u00edcia Abreu Pinheiro. Prematuridade como fator de risco para o transtorno de aprendizagem: uma revis\u00e3o integrativa. Anais.. Bauru: [s.n.], 2020.<\/h2>\t\t<\/div>\n\t\t\t\t<\/div>\n\t\t\t\t<div class=\"elementor-element elementor-element-6fd8635 elementor-widget elementor-widget-text-editor\" data-id=\"6fd8635\" data-element_type=\"widget\" data-widget_type=\"text-editor.default\">\n\t\t\t\t<div class=\"elementor-widget-container\">\n\t\t\t\t\t\t\t<p>Resumo:<\/p><p>Introdu\u00e7\u00e3o: A prematuridade \u00e9 um assunto de extrema import\u00e2ncia em todo o mundo, e prioridade de Sa\u00fade P\u00fablica por se tratar da causa mais recorrente de morte neonatal e a segunda causa principal de mortalidade em crian\u00e7as menores de 5 anos. E considerada prematura, ou pr\u00e9-termo, a crian\u00e7a nascida antes de 37 semanas gestacional, pode estar relacionada a diversos fatores: sociodemogr\u00e1fico, obst\u00e9tricos, psicol\u00f3gicos e gen\u00e9ticos. Observa-se que beb\u00eas prematuros est\u00e3o sob maior risco para d\u00e9ficits no desenvolvimento em rela\u00e7\u00e3o aos beb\u00eas a termo, tendo a crian\u00e7a prematura maiores chances de apresentar problemas no desenvolvimento cognitivo, atencional e dificuldades de autorregula\u00e7\u00e3o, que permanecem durante a inf\u00e2ncia, associando-se a dificuldades de aprendi&#8230;<\/p>\t\t\t\t\t\t<\/div>\n\t\t\t\t<\/div>\n\t\t\t\t<div class=\"elementor-element elementor-element-d1ed0f2 elementor-widget elementor-widget-button\" data-id=\"d1ed0f2\" data-element_type=\"widget\" data-widget_type=\"button.default\">\n\t\t\t\t<div class=\"elementor-widget-container\">\n\t\t\t\t\t\t\t<div class=\"elementor-button-wrapper\">\n\t\t\t\t\t<a class=\"elementor-button elementor-button-link elementor-size-sm\" href=\"https:\/\/repositorio.usp.br\/item\/003044671\">\n\t\t\t\t\t\t<span class=\"elementor-button-content-wrapper\">\n\t\t\t\t\t\t\t\t\t<span class=\"elementor-button-text\">Leia mais<\/span>\n\t\t\t\t\t<\/span>\n\t\t\t\t\t<\/a>\n\t\t\t\t<\/div>\n\t\t\t\t\t\t<\/div>\n\t\t\t\t<\/div>\n\t\t\t\t\t<\/div>\n\t\t<\/div>\n\t\t\t\t\t<\/div>\n\t\t<\/section>\n\t\t\t\t<section class=\"elementor-section elementor-top-section elementor-element elementor-element-1048b38 elementor-section-height-min-height elementor-section-boxed elementor-section-height-default elementor-section-items-middle elementor-invisible\" data-id=\"1048b38\" data-element_type=\"section\" data-settings=\"{&quot;animation&quot;:&quot;fadeInLeft&quot;}\">\n\t\t\t\t\t\t<div class=\"elementor-container elementor-column-gap-default\">\n\t\t\t\t\t<div class=\"elementor-column elementor-col-100 elementor-top-column elementor-element elementor-element-f37e017\" data-id=\"f37e017\" data-element_type=\"column\">\n\t\t\t<div class=\"elementor-widget-wrap elementor-element-populated\">\n\t\t\t\t\t\t<div class=\"elementor-element elementor-element-c0787c4 elementor-widget elementor-widget-heading\" data-id=\"c0787c4\" data-element_type=\"widget\" data-widget_type=\"heading.default\">\n\t\t\t\t<div class=\"elementor-widget-container\">\n\t\t\t<h2 class=\"elementor-heading-title elementor-size-default\">Dislexia e a forma\u00e7\u00e3o de docentes: elabora\u00e7\u00e3o de um curso \u00e0 dist\u00e2ncia para professores do ensino regular<\/h2>\t\t<\/div>\n\t\t\t\t<\/div>\n\t\t\t\t<div class=\"elementor-element elementor-element-9e2e9d5 elementor-widget elementor-widget-heading\" data-id=\"9e2e9d5\" data-element_type=\"widget\" data-widget_type=\"heading.default\">\n\t\t\t\t<div class=\"elementor-widget-container\">\n\t\t\t<h2 class=\"elementor-heading-title elementor-size-default\">PINI, Wanessa Cavaglieri Santos; CRENITTE, Patricia Abreu Pinheiro. Dislexia e a forma\u00e7\u00e3o de docentes: elabora\u00e7\u00e3o de um curso \u00e0 dist\u00e2ncia para professores do ensino regular. 2019.Universidade de S\u00e3o Paulo, Bauru, 2019. Dispon\u00edvel em: .<\/h2>\t\t<\/div>\n\t\t\t\t<\/div>\n\t\t\t\t<div class=\"elementor-element elementor-element-e6b6df7 elementor-widget elementor-widget-text-editor\" data-id=\"e6b6df7\" data-element_type=\"widget\" data-widget_type=\"text-editor.default\">\n\t\t\t\t<div class=\"elementor-widget-container\">\n\t\t\t\t\t\t\t<p>Resumo:<\/p><p><span style=\"color: var( --e-global-color-text ); font-size: 1.6rem;\">Em meio \u00e0s diversidades existentes nas salas de aula, destacam-se os alunos com Transtornos de Aprendizagem e Dislexia, uma popula\u00e7\u00e3o com necessidades espec\u00edficas de aprendizagem. O desenvolvimento integral destes estudantes possibilita o aprendizado e o estabelecimento de rela\u00e7\u00f5es de conviv\u00eancia em sociedade. Para isso, os professores devem ser capazes de reconhecer, identificar precocemente a presen\u00e7a destas altera\u00e7\u00f5es e, juntamente com uma equipe multidisciplinar, trabalhar em estrat\u00e9gias que contemplem um ensino adaptado e ajustado \u00e0s crian\u00e7as disl\u00e9xicas. Entretanto, a literatura revela que muitos professores possuem conhecimento superficial sobre a dislexia e os aspectos que envolvem a aprendizagem, devido ao pouco conhecimento ofertado nos cursos de forma\u00e7\u00e3o b\u00e1sica e dificuldade de acesso aos cursos de forma\u00e7\u00e3o continua&#8230;<\/span><\/p>\t\t\t\t\t\t<\/div>\n\t\t\t\t<\/div>\n\t\t\t\t<div class=\"elementor-element elementor-element-3a881a8 elementor-widget elementor-widget-button\" data-id=\"3a881a8\" data-element_type=\"widget\" data-widget_type=\"button.default\">\n\t\t\t\t<div class=\"elementor-widget-container\">\n\t\t\t\t\t\t\t<div class=\"elementor-button-wrapper\">\n\t\t\t\t\t<a class=\"elementor-button elementor-button-link elementor-size-sm\" href=\"https:\/\/repositorio.usp.br\/item\/002966393\">\n\t\t\t\t\t\t<span class=\"elementor-button-content-wrapper\">\n\t\t\t\t\t\t\t\t\t<span class=\"elementor-button-text\">Leia mais<\/span>\n\t\t\t\t\t<\/span>\n\t\t\t\t\t<\/a>\n\t\t\t\t<\/div>\n\t\t\t\t\t\t<\/div>\n\t\t\t\t<\/div>\n\t\t\t\t\t<\/div>\n\t\t<\/div>\n\t\t\t\t\t<\/div>\n\t\t<\/section>\n\t\t\t\t<\/div>\n\t\t","protected":false},"excerpt":{"rendered":"<p>Conhe\u00e7a nossas pesquisas A\u00e7\u00f5es da fonoaudiologia na escola: programa de estimula\u00e7\u00e3o da consci\u00eancia fonol\u00f3gica em escolares do 1\u00b0 ano do ensino fundamental FREIRE, Thais; CRENITTE, Patr\u00edcia Abreu Pinheiro. A\u00e7\u00f5es da fonoaudiologia na escola: programa de estimula\u00e7\u00e3o da consci\u00eancia fonol\u00f3gica em escolares do 1\u00b0 ano do ensino fundamental. 2018.Universidade de S\u00e3o Paulo, Bauru, 2018. Dispon\u00edvel em:<a href=\"https:\/\/sites.usp.br\/grepel\/pesquisas\/\">[&#8230;]<\/a><\/p>\n","protected":false},"author":1075,"featured_media":0,"parent":0,"menu_order":0,"comment_status":"closed","ping_status":"closed","template":"elementor_header_footer","meta":{"footnotes":"","_links_to":"","_links_to_target":""},"class_list":["post-1064","page","type-page","status-publish","hentry"],"_links":{"self":[{"href":"https:\/\/sites.usp.br\/grepel\/wp-json\/wp\/v2\/pages\/1064","targetHints":{"allow":["GET"]}}],"collection":[{"href":"https:\/\/sites.usp.br\/grepel\/wp-json\/wp\/v2\/pages"}],"about":[{"href":"https:\/\/sites.usp.br\/grepel\/wp-json\/wp\/v2\/types\/page"}],"author":[{"embeddable":true,"href":"https:\/\/sites.usp.br\/grepel\/wp-json\/wp\/v2\/users\/1075"}],"replies":[{"embeddable":true,"href":"https:\/\/sites.usp.br\/grepel\/wp-json\/wp\/v2\/comments?post=1064"}],"version-history":[{"count":4,"href":"https:\/\/sites.usp.br\/grepel\/wp-json\/wp\/v2\/pages\/1064\/revisions"}],"predecessor-version":[{"id":1235,"href":"https:\/\/sites.usp.br\/grepel\/wp-json\/wp\/v2\/pages\/1064\/revisions\/1235"}],"wp:attachment":[{"href":"https:\/\/sites.usp.br\/grepel\/wp-json\/wp\/v2\/media?parent=1064"}],"curies":[{"name":"wp","href":"https:\/\/api.w.org\/{rel}","templated":true}]}}