{"id":26,"date":"2021-09-07T11:57:20","date_gmt":"2021-09-07T14:57:20","guid":{"rendered":"https:\/\/sites.usp.br\/grepel\/?page_id=26"},"modified":"2021-11-28T14:03:30","modified_gmt":"2021-11-28T17:03:30","slug":"grepel","status":"publish","type":"page","link":"https:\/\/sites.usp.br\/grepel\/","title":{"rendered":"P\u00e1gina inicial"},"content":{"rendered":"\t\t<div data-elementor-type=\"wp-page\" data-elementor-id=\"26\" class=\"elementor elementor-26\" data-elementor-post-type=\"page\">\n\t\t\t\t\t\t<section class=\"elementor-section elementor-top-section elementor-element elementor-element-76ed81ab elementor-section-height-min-height elementor-section-boxed elementor-section-height-default elementor-section-items-middle elementor-invisible\" data-id=\"76ed81ab\" data-element_type=\"section\" data-settings=\"{&quot;background_background&quot;:&quot;classic&quot;,&quot;sticky&quot;:&quot;bottom&quot;,&quot;animation&quot;:&quot;fadeInLeft&quot;,&quot;sticky_on&quot;:[&quot;desktop&quot;,&quot;tablet&quot;,&quot;mobile&quot;],&quot;sticky_offset&quot;:0,&quot;sticky_effects_offset&quot;:0,&quot;sticky_anchor_link_offset&quot;:0}\">\n\t\t\t\t\t\t\t<div class=\"elementor-background-overlay\"><\/div>\n\t\t\t\t\t\t\t<div class=\"elementor-container elementor-column-gap-default\">\n\t\t\t\t\t<div class=\"elementor-column elementor-col-100 elementor-top-column elementor-element elementor-element-6cf2bce4\" data-id=\"6cf2bce4\" data-element_type=\"column\">\n\t\t\t<div class=\"elementor-widget-wrap elementor-element-populated\">\n\t\t\t\t\t\t<div class=\"elementor-element elementor-element-2b413f0a elementor-widget elementor-widget-heading\" data-id=\"2b413f0a\" data-element_type=\"widget\" data-widget_type=\"heading.default\">\n\t\t\t\t<div class=\"elementor-widget-container\">\n\t\t\t<h2 class=\"elementor-heading-title elementor-size-large\">BEM VINDO!<\/h2>\t\t<\/div>\n\t\t\t\t<\/div>\n\t\t\t\t<div class=\"elementor-element elementor-element-127b8684 elementor-widget-divider--view-line elementor-widget elementor-widget-divider\" data-id=\"127b8684\" data-element_type=\"widget\" data-widget_type=\"divider.default\">\n\t\t\t\t<div class=\"elementor-widget-container\">\n\t\t\t\t\t<div class=\"elementor-divider\">\n\t\t\t<span class=\"elementor-divider-separator\">\n\t\t\t\t\t\t<\/span>\n\t\t<\/div>\n\t\t\t\t<\/div>\n\t\t\t\t<\/div>\n\t\t\t\t<div class=\"elementor-element elementor-element-1bbc018d elementor-widget elementor-widget-heading\" data-id=\"1bbc018d\" data-element_type=\"widget\" data-widget_type=\"heading.default\">\n\t\t\t\t<div class=\"elementor-widget-container\">\n\t\t\t<p class=\"elementor-heading-title elementor-size-medium\">Neste site voc\u00ea ir\u00e1 encontrar informa\u00e7\u00f5es relacionadas ao Grupo de estudos e pesquisa em escrita e leitura (GREPEL) e sobre sua linha de pesquisa, o Transtorno espec\u00edfico da aprendizagem<\/p>\t\t<\/div>\n\t\t\t\t<\/div>\n\t\t\t\t\t<\/div>\n\t\t<\/div>\n\t\t\t\t\t<\/div>\n\t\t<\/section>\n\t\t\t\t<section class=\"elementor-section elementor-top-section elementor-element elementor-element-0696173 elementor-section-boxed elementor-section-height-default elementor-section-height-default\" data-id=\"0696173\" data-element_type=\"section\">\n\t\t\t\t\t\t<div class=\"elementor-container elementor-column-gap-default\">\n\t\t\t\t\t<div class=\"elementor-column elementor-col-100 elementor-top-column elementor-element elementor-element-2ffce1e\" data-id=\"2ffce1e\" data-element_type=\"column\">\n\t\t\t<div class=\"elementor-widget-wrap\">\n\t\t\t\t\t\t\t<\/div>\n\t\t<\/div>\n\t\t\t\t\t<\/div>\n\t\t<\/section>\n\t\t\t\t<section class=\"elementor-section elementor-top-section elementor-element elementor-element-16e5353 elementor-section-height-min-height elementor-section-boxed elementor-section-height-default elementor-section-items-middle\" data-id=\"16e5353\" data-element_type=\"section\" data-settings=\"{&quot;background_background&quot;:&quot;classic&quot;}\">\n\t\t\t\t\t\t\t<div class=\"elementor-background-overlay\"><\/div>\n\t\t\t\t\t\t\t<div class=\"elementor-container elementor-column-gap-default\">\n\t\t\t\t\t<div class=\"elementor-column elementor-col-100 elementor-top-column elementor-element elementor-element-3b0f0fe\" data-id=\"3b0f0fe\" data-element_type=\"column\">\n\t\t\t<div class=\"elementor-widget-wrap elementor-element-populated\">\n\t\t\t\t\t\t<div class=\"elementor-element elementor-element-0b2b3c4 elementor-widget elementor-widget-heading\" data-id=\"0b2b3c4\" data-element_type=\"widget\" data-widget_type=\"heading.default\">\n\t\t\t\t<div class=\"elementor-widget-container\">\n\t\t\t<h2 class=\"elementor-heading-title elementor-size-large\">Sobre n\u00f3s<\/h2>\t\t<\/div>\n\t\t\t\t<\/div>\n\t\t\t\t<div class=\"elementor-element elementor-element-a63f0d2 elementor-widget-divider--view-line elementor-widget elementor-widget-divider\" data-id=\"a63f0d2\" data-element_type=\"widget\" data-widget_type=\"divider.default\">\n\t\t\t\t<div class=\"elementor-widget-container\">\n\t\t\t\t\t<div class=\"elementor-divider\">\n\t\t\t<span class=\"elementor-divider-separator\">\n\t\t\t\t\t\t<\/span>\n\t\t<\/div>\n\t\t\t\t<\/div>\n\t\t\t\t<\/div>\n\t\t\t\t<div class=\"elementor-element elementor-element-a76f801 elementor-widget elementor-widget-heading\" data-id=\"a76f801\" data-element_type=\"widget\" data-widget_type=\"heading.default\">\n\t\t\t\t<div class=\"elementor-widget-container\">\n\t\t\t<p class=\"elementor-heading-title elementor-size-medium\">O <span style=\"font-family: Montserrat, sans-serif;font-style: normal;font-weight: 400\"> Grupo de estudos e pesquisa em escrita e leitura (GREPEL) dedica-se a realizar discuss\u00f5es e pesquisas referentes ao Transtorno espec\u00edfico da aprendizagem, deseja saber mais sobre n\u00f3s? <\/span><\/p>\t\t<\/div>\n\t\t\t\t<\/div>\n\t\t\t\t<div class=\"elementor-element elementor-element-1873a07 elementor-widget elementor-widget-button\" data-id=\"1873a07\" data-element_type=\"widget\" data-widget_type=\"button.default\">\n\t\t\t\t<div class=\"elementor-widget-container\">\n\t\t\t\t\t\t\t<div class=\"elementor-button-wrapper\">\n\t\t\t\t\t<a class=\"elementor-button elementor-button-link elementor-size-sm\" href=\"https:\/\/sites.usp.br\/grepel\/sobre-nos\/\" id=\" https:\/\/sites.usp.br\/grepel\/sobre-nos\/\">\n\t\t\t\t\t\t<span class=\"elementor-button-content-wrapper\">\n\t\t\t\t\t\t\t\t\t<span class=\"elementor-button-text\">Clique aqui<\/span>\n\t\t\t\t\t<\/span>\n\t\t\t\t\t<\/a>\n\t\t\t\t<\/div>\n\t\t\t\t\t\t<\/div>\n\t\t\t\t<\/div>\n\t\t\t\t\t<\/div>\n\t\t<\/div>\n\t\t\t\t\t<\/div>\n\t\t<\/section>\n\t\t\t\t<section class=\"elementor-section elementor-top-section elementor-element elementor-element-dbf0bdc elementor-section-height-min-height elementor-section-boxed elementor-section-height-default elementor-section-items-middle elementor-invisible\" data-id=\"dbf0bdc\" data-element_type=\"section\" data-settings=\"{&quot;background_background&quot;:&quot;classic&quot;,&quot;animation&quot;:&quot;fadeInUp&quot;}\">\n\t\t\t\t\t\t\t<div class=\"elementor-background-overlay\"><\/div>\n\t\t\t\t\t\t\t<div class=\"elementor-container elementor-column-gap-default\">\n\t\t\t\t\t<div class=\"elementor-column elementor-col-66 elementor-top-column elementor-element elementor-element-bb92cbc\" data-id=\"bb92cbc\" data-element_type=\"column\">\n\t\t\t<div class=\"elementor-widget-wrap elementor-element-populated\">\n\t\t\t\t\t\t<div class=\"elementor-element elementor-element-a4dce72 elementor-widget elementor-widget-heading\" data-id=\"a4dce72\" data-element_type=\"widget\" data-widget_type=\"heading.default\">\n\t\t\t\t<div class=\"elementor-widget-container\">\n\t\t\t<h2 class=\"elementor-heading-title elementor-size-default\">Sobre o Transtorno Espec\u00edfico da Aprendizagem<\/h2>\t\t<\/div>\n\t\t\t\t<\/div>\n\t\t\t\t<div class=\"elementor-element elementor-element-9f5defa elementor-widget__width-initial elementor-absolute elementor-widget elementor-widget-text-editor\" data-id=\"9f5defa\" data-element_type=\"widget\" data-settings=\"{&quot;_position&quot;:&quot;absolute&quot;}\" data-widget_type=\"text-editor.default\">\n\t\t\t\t<div class=\"elementor-widget-container\">\n\t\t\t\t\t\t\t<p>O Transtorno Espec\u00edfico da Aprendizagem, refere-se a Dificuldades na aprendizagem e no uso de habilidades acad\u00eamicas, os quais interferem nas habilidades de leitura (dislexia), escrita (disortografia) e c\u00e1lculos matem\u00e1ticos (discalculia), levando o indiv\u00edduo a ter um desempenho abaixo do esperado para sua idade.\u00a0<\/p>\t\t\t\t\t\t<\/div>\n\t\t\t\t<\/div>\n\t\t\t\t\t<\/div>\n\t\t<\/div>\n\t\t\t\t<div class=\"elementor-column elementor-col-33 elementor-top-column elementor-element elementor-element-ea1d7b1\" data-id=\"ea1d7b1\" data-element_type=\"column\">\n\t\t\t<div class=\"elementor-widget-wrap elementor-element-populated\">\n\t\t\t\t\t\t<div class=\"elementor-element elementor-element-263b92e elementor-widget elementor-widget-image\" data-id=\"263b92e\" data-element_type=\"widget\" data-widget_type=\"image.default\">\n\t\t\t\t<div class=\"elementor-widget-container\">\n\t\t\t\t\t\t\t\t\t\t\t\t\t<img fetchpriority=\"high\" decoding=\"async\" width=\"640\" height=\"640\" src=\"https:\/\/sites.usp.br\/grepel\/wp-content\/uploads\/sites\/940\/2021\/09\/Imagem-canva.com-14-1024x1024.png\" class=\"attachment-large size-large wp-image-734\" alt=\"\" srcset=\"https:\/\/sites.usp.br\/grepel\/wp-content\/uploads\/sites\/940\/2021\/09\/Imagem-canva.com-14-1024x1024.png 1024w, https:\/\/sites.usp.br\/grepel\/wp-content\/uploads\/sites\/940\/2021\/09\/Imagem-canva.com-14-300x300.png 300w, https:\/\/sites.usp.br\/grepel\/wp-content\/uploads\/sites\/940\/2021\/09\/Imagem-canva.com-14-150x150.png 150w, https:\/\/sites.usp.br\/grepel\/wp-content\/uploads\/sites\/940\/2021\/09\/Imagem-canva.com-14-768x768.png 768w, https:\/\/sites.usp.br\/grepel\/wp-content\/uploads\/sites\/940\/2021\/09\/Imagem-canva.com-14-250x250.png 250w, https:\/\/sites.usp.br\/grepel\/wp-content\/uploads\/sites\/940\/2021\/09\/Imagem-canva.com-14-174x174.png 174w, https:\/\/sites.usp.br\/grepel\/wp-content\/uploads\/sites\/940\/2021\/09\/Imagem-canva.com-14-45x45.png 45w, https:\/\/sites.usp.br\/grepel\/wp-content\/uploads\/sites\/940\/2021\/09\/Imagem-canva.com-14.png 1080w\" sizes=\"(max-width: 640px) 100vw, 640px\" \/>\t\t\t\t\t\t\t\t\t\t\t\t\t<\/div>\n\t\t\t\t<\/div>\n\t\t\t\t\t<\/div>\n\t\t<\/div>\n\t\t\t\t\t<\/div>\n\t\t<\/section>\n\t\t\t\t<section class=\"elementor-section elementor-top-section elementor-element elementor-element-3389de2e elementor-section-height-min-height elementor-section-boxed elementor-section-height-default elementor-section-items-middle\" data-id=\"3389de2e\" data-element_type=\"section\" data-settings=\"{&quot;background_background&quot;:&quot;classic&quot;}\">\n\t\t\t\t\t\t<div class=\"elementor-container elementor-column-gap-default\">\n\t\t\t\t\t<div class=\"elementor-column elementor-col-100 elementor-top-column elementor-element elementor-element-a045d2a\" data-id=\"a045d2a\" data-element_type=\"column\">\n\t\t\t<div class=\"elementor-widget-wrap elementor-element-populated\">\n\t\t\t\t\t\t<div class=\"elementor-element elementor-element-4eeecafe elementor-widget elementor-widget-heading\" data-id=\"4eeecafe\" data-element_type=\"widget\" data-widget_type=\"heading.default\">\n\t\t\t\t<div class=\"elementor-widget-container\">\n\t\t\t<h3 class=\"elementor-heading-title elementor-size-small\">Conhe\u00e7a nossas Pesquisas<\/h3>\t\t<\/div>\n\t\t\t\t<\/div>\n\t\t\t\t<section class=\"elementor-section elementor-inner-section elementor-element elementor-element-f7084d6 elementor-section-full_width elementor-section-height-default elementor-section-height-default elementor-invisible\" data-id=\"f7084d6\" data-element_type=\"section\" data-settings=\"{&quot;animation&quot;:&quot;fadeInUp&quot;}\">\n\t\t\t\t\t\t<div class=\"elementor-container elementor-column-gap-wider\">\n\t\t\t\t\t<div class=\"elementor-column elementor-col-100 elementor-inner-column elementor-element elementor-element-2ab4ed1\" data-id=\"2ab4ed1\" data-element_type=\"column\">\n\t\t\t<div class=\"elementor-widget-wrap elementor-element-populated\">\n\t\t\t\t\t\t<div class=\"elementor-element elementor-element-2d3a8559 elementor-position-left elementor-vertical-align-middle elementor-widget elementor-widget-image-box\" data-id=\"2d3a8559\" data-element_type=\"widget\" data-widget_type=\"image-box.default\">\n\t\t\t\t<div class=\"elementor-widget-container\">\n\t\t\t<div class=\"elementor-image-box-wrapper\"><figure class=\"elementor-image-box-img\"><img decoding=\"async\" width=\"128\" height=\"128\" src=\"https:\/\/sites.usp.br\/grepel\/wp-content\/uploads\/sites\/940\/2021\/09\/1470399662_Marketing-1.png\" class=\"attachment-full size-full wp-image-642\" alt=\"\" srcset=\"https:\/\/sites.usp.br\/grepel\/wp-content\/uploads\/sites\/940\/2021\/09\/1470399662_Marketing-1.png 128w, https:\/\/sites.usp.br\/grepel\/wp-content\/uploads\/sites\/940\/2021\/09\/1470399662_Marketing-1-45x45.png 45w\" sizes=\"(max-width: 128px) 100vw, 128px\" \/><\/figure><div class=\"elementor-image-box-content\"><h3 class=\"elementor-image-box-title\">Pesquisas<\/h3><p class=\"elementor-image-box-description\">Nossos integrantes desenvolvem constantemente pesquisas e discuss\u00f5es relacionadas ao Transtorno Espec\u00edfico da Aprendizagem, clique para conhecer algum de nossos trabalhos<\/p><\/div><\/div>\t\t<\/div>\n\t\t\t\t<\/div>\n\t\t\t\t<div class=\"elementor-element elementor-element-fc486b8 elementor-widget elementor-widget-button\" data-id=\"fc486b8\" data-element_type=\"widget\" data-widget_type=\"button.default\">\n\t\t\t\t<div class=\"elementor-widget-container\">\n\t\t\t\t\t\t\t<div class=\"elementor-button-wrapper\">\n\t\t\t\t\t<a class=\"elementor-button elementor-button-link elementor-size-sm\" href=\"https:\/\/sites.usp.br\/grepel\/pesquisas\/\">\n\t\t\t\t\t\t<span class=\"elementor-button-content-wrapper\">\n\t\t\t\t\t\t\t\t\t<span class=\"elementor-button-text\">Saiba mais<\/span>\n\t\t\t\t\t<\/span>\n\t\t\t\t\t<\/a>\n\t\t\t\t<\/div>\n\t\t\t\t\t\t<\/div>\n\t\t\t\t<\/div>\n\t\t\t\t\t<\/div>\n\t\t<\/div>\n\t\t\t\t\t<\/div>\n\t\t<\/section>\n\t\t\t\t\t<\/div>\n\t\t<\/div>\n\t\t\t\t\t<\/div>\n\t\t<\/section>\n\t\t\t\t<section class=\"elementor-section elementor-top-section elementor-element elementor-element-206e4eb elementor-section-boxed elementor-section-height-default elementor-section-height-default\" data-id=\"206e4eb\" data-element_type=\"section\">\n\t\t\t\t\t\t<div class=\"elementor-container elementor-column-gap-default\">\n\t\t\t\t\t<div class=\"elementor-column elementor-col-100 elementor-top-column elementor-element elementor-element-7515770\" data-id=\"7515770\" data-element_type=\"column\">\n\t\t\t<div class=\"elementor-widget-wrap elementor-element-populated\">\n\t\t\t\t\t\t<div class=\"elementor-element elementor-element-7cc7947 elementor-widget elementor-widget-heading\" data-id=\"7cc7947\" data-element_type=\"widget\" data-widget_type=\"heading.default\">\n\t\t\t\t<div class=\"elementor-widget-container\">\n\t\t\t<h2 class=\"elementor-heading-title elementor-size-default\">Parcerias<\/h2>\t\t<\/div>\n\t\t\t\t<\/div>\n\t\t\t\t\t<\/div>\n\t\t<\/div>\n\t\t\t\t\t<\/div>\n\t\t<\/section>\n\t\t\t\t<section class=\"elementor-section elementor-top-section elementor-element elementor-element-0df5d48 elementor-section-height-min-height elementor-section-boxed elementor-section-height-default elementor-section-items-middle\" data-id=\"0df5d48\" data-element_type=\"section\">\n\t\t\t\t\t\t<div class=\"elementor-container elementor-column-gap-default\">\n\t\t\t\t\t<div class=\"elementor-column elementor-col-100 elementor-top-column elementor-element elementor-element-c1273f6\" data-id=\"c1273f6\" data-element_type=\"column\">\n\t\t\t<div class=\"elementor-widget-wrap elementor-element-populated\">\n\t\t\t\t\t\t<div class=\"elementor-element elementor-element-c03f37e elementor-widget elementor-widget-gallery\" data-id=\"c03f37e\" data-element_type=\"widget\" data-settings=\"{&quot;columns&quot;:3,&quot;gap&quot;:{&quot;unit&quot;:&quot;px&quot;,&quot;size&quot;:0,&quot;sizes&quot;:[]},&quot;lazyload&quot;:&quot;yes&quot;,&quot;gallery_layout&quot;:&quot;grid&quot;,&quot;columns_tablet&quot;:2,&quot;columns_mobile&quot;:1,&quot;gap_tablet&quot;:{&quot;unit&quot;:&quot;px&quot;,&quot;size&quot;:10,&quot;sizes&quot;:[]},&quot;gap_mobile&quot;:{&quot;unit&quot;:&quot;px&quot;,&quot;size&quot;:10,&quot;sizes&quot;:[]},&quot;link_to&quot;:&quot;file&quot;,&quot;aspect_ratio&quot;:&quot;3:2&quot;,&quot;overlay_background&quot;:&quot;yes&quot;,&quot;content_hover_animation&quot;:&quot;fade-in&quot;}\" data-widget_type=\"gallery.default\">\n\t\t\t\t<div class=\"elementor-widget-container\">\n\t\t\t\t\t<div class=\"elementor-gallery__container\">\n\t\t\t\t\t\t\t<a class=\"e-gallery-item elementor-gallery-item elementor-animated-content\" href=\"https:\/\/sites.usp.br\/grepel\/wp-content\/uploads\/sites\/940\/2021\/08\/84e9b9a0-c373-4ae6-8fdc-50f74eadeb4d.png\" data-elementor-open-lightbox=\"yes\" data-elementor-lightbox-slideshow=\"c03f37e\" data-elementor-lightbox-title=\"84e9b9a0-c373-4ae6-8fdc-50f74eadeb4d\" data-e-action-hash=\"#elementor-action%3Aaction%3Dlightbox%26settings%3DeyJpZCI6Mzk2LCJ1cmwiOiJodHRwczpcL1wvc2l0ZXMudXNwLmJyXC9ncmVwZWxcL3dwLWNvbnRlbnRcL3VwbG9hZHNcL3NpdGVzXC85NDBcLzIwMjFcLzA4XC84NGU5YjlhMC1jMzczLTRhZTYtOGZkYy01MGY3NGVhZGViNGQucG5nIiwic2xpZGVzaG93IjoiYzAzZjM3ZSJ9\">\n\t\t\t\t\t<div class=\"e-gallery-image elementor-gallery-item__image\" data-thumbnail=\"https:\/\/sites.usp.br\/grepel\/wp-content\/uploads\/sites\/940\/2021\/08\/84e9b9a0-c373-4ae6-8fdc-50f74eadeb4d.png\" data-width=\"768\" data-height=\"506\" aria-label=\"\" role=\"img\" ><\/div>\n\t\t\t\t\t\t\t\t\t\t\t<div class=\"elementor-gallery-item__overlay\"><\/div>\n\t\t\t\t\t\t\t\t\t\t\t\t\t\t<\/a>\n\t\t\t\t\t\t\t<a class=\"e-gallery-item elementor-gallery-item elementor-animated-content\" href=\"https:\/\/sites.usp.br\/grepel\/wp-content\/uploads\/sites\/940\/2021\/11\/Logo_Unicamp__0.jpg\" data-elementor-open-lightbox=\"yes\" data-elementor-lightbox-slideshow=\"c03f37e\" data-elementor-lightbox-title=\"Logo_Unicamp__0\" data-e-action-hash=\"#elementor-action%3Aaction%3Dlightbox%26settings%3DeyJpZCI6MTEzNSwidXJsIjoiaHR0cHM6XC9cL3NpdGVzLnVzcC5iclwvZ3JlcGVsXC93cC1jb250ZW50XC91cGxvYWRzXC9zaXRlc1wvOTQwXC8yMDIxXC8xMVwvTG9nb19VbmljYW1wX18wLmpwZyIsInNsaWRlc2hvdyI6ImMwM2YzN2UifQ%3D%3D\">\n\t\t\t\t\t<div class=\"e-gallery-image elementor-gallery-item__image\" data-thumbnail=\"https:\/\/sites.usp.br\/grepel\/wp-content\/uploads\/sites\/940\/2021\/11\/Logo_Unicamp__0.jpg\" data-width=\"480\" data-height=\"260\" aria-label=\"\" role=\"img\" ><\/div>\n\t\t\t\t\t\t\t\t\t\t\t<div class=\"elementor-gallery-item__overlay\"><\/div>\n\t\t\t\t\t\t\t\t\t\t\t\t\t\t<\/a>\n\t\t\t\t\t\t\t<a class=\"e-gallery-item elementor-gallery-item elementor-animated-content\" href=\"https:\/\/sites.usp.br\/grepel\/wp-content\/uploads\/sites\/940\/2021\/11\/download.png\" data-elementor-open-lightbox=\"yes\" data-elementor-lightbox-slideshow=\"c03f37e\" data-elementor-lightbox-title=\"download\" data-e-action-hash=\"#elementor-action%3Aaction%3Dlightbox%26settings%3DeyJpZCI6MTEzNiwidXJsIjoiaHR0cHM6XC9cL3NpdGVzLnVzcC5iclwvZ3JlcGVsXC93cC1jb250ZW50XC91cGxvYWRzXC9zaXRlc1wvOTQwXC8yMDIxXC8xMVwvZG93bmxvYWQucG5nIiwic2xpZGVzaG93IjoiYzAzZjM3ZSJ9\">\n\t\t\t\t\t<div class=\"e-gallery-image elementor-gallery-item__image\" data-thumbnail=\"https:\/\/sites.usp.br\/grepel\/wp-content\/uploads\/sites\/940\/2021\/11\/download.png\" data-width=\"225\" data-height=\"225\" aria-label=\"\" role=\"img\" ><\/div>\n\t\t\t\t\t\t\t\t\t\t\t<div class=\"elementor-gallery-item__overlay\"><\/div>\n\t\t\t\t\t\t\t\t\t\t\t\t\t\t<\/a>\n\t\t\t\t\t<\/div>\n\t\t\t<\/div>\n\t\t\t\t<\/div>\n\t\t\t\t\t<\/div>\n\t\t<\/div>\n\t\t\t\t\t<\/div>\n\t\t<\/section>\n\t\t\t\t<section class=\"elementor-section elementor-top-section elementor-element elementor-element-6d97e4cc elementor-section-boxed elementor-section-height-default elementor-section-height-default\" data-id=\"6d97e4cc\" data-element_type=\"section\">\n\t\t\t\t\t\t<div class=\"elementor-container elementor-column-gap-default\">\n\t\t\t\t\t<div class=\"elementor-column elementor-col-100 elementor-top-column elementor-element elementor-element-606e6e65\" data-id=\"606e6e65\" data-element_type=\"column\">\n\t\t\t<div class=\"elementor-widget-wrap elementor-element-populated\">\n\t\t\t\t\t\t<div class=\"elementor-element elementor-element-719c5d73 elementor-widget elementor-widget-text-editor\" data-id=\"719c5d73\" data-element_type=\"widget\" data-widget_type=\"text-editor.default\">\n\t\t\t\t<div class=\"elementor-widget-container\">\n\t\t\t\t\t\t\t<p>Imagens: <a href=\"https:\/\/www.canva.com\/pt_br\/q\/pro\/?v=2&amp;utm_source=google_sem&amp;utm_medium=cpc&amp;utm_campaign=REV_BR_PT_CanvaPro_Branded_EM&amp;utm_term=REV_BR_PT_CanvaPro_Branded_Canva_EM&amp;gclid=Cj0KCQjwm9yJBhDTARIsABKIcGYTSLToaWp3w8OCel2N8RceBC2N2bsse02rrh-rffOHQxy_XaeFJM0aAlHiEALw_wcB&amp;gclsrc=aw.ds\">Canva.com<\/a><\/p>\t\t\t\t\t\t<\/div>\n\t\t\t\t<\/div>\n\t\t\t\t\t<\/div>\n\t\t<\/div>\n\t\t\t\t\t<\/div>\n\t\t<\/section>\n\t\t\t\t<\/div>\n\t\t","protected":false},"excerpt":{"rendered":"<p>BEM VINDO! Neste site voc\u00ea ir\u00e1 encontrar informa\u00e7\u00f5es relacionadas ao Grupo de estudos e pesquisa em escrita e leitura (GREPEL) e sobre sua linha de pesquisa, o Transtorno espec\u00edfico da aprendizagem Sobre n\u00f3s O Grupo de estudos e pesquisa em escrita e leitura (GREPEL) dedica-se a realizar discuss\u00f5es e pesquisas referentes ao Transtorno espec\u00edfico da<a href=\"https:\/\/sites.usp.br\/grepel\/\">[&#8230;]<\/a><\/p>\n","protected":false},"author":1075,"featured_media":0,"parent":0,"menu_order":0,"comment_status":"closed","ping_status":"closed","template":"elementor_header_footer","meta":{"footnotes":"","_links_to":"","_links_to_target":""},"class_list":["post-26","page","type-page","status-publish","hentry"],"_links":{"self":[{"href":"https:\/\/sites.usp.br\/grepel\/wp-json\/wp\/v2\/pages\/26","targetHints":{"allow":["GET"]}}],"collection":[{"href":"https:\/\/sites.usp.br\/grepel\/wp-json\/wp\/v2\/pages"}],"about":[{"href":"https:\/\/sites.usp.br\/grepel\/wp-json\/wp\/v2\/types\/page"}],"author":[{"embeddable":true,"href":"https:\/\/sites.usp.br\/grepel\/wp-json\/wp\/v2\/users\/1075"}],"replies":[{"embeddable":true,"href":"https:\/\/sites.usp.br\/grepel\/wp-json\/wp\/v2\/comments?post=26"}],"version-history":[{"count":4,"href":"https:\/\/sites.usp.br\/grepel\/wp-json\/wp\/v2\/pages\/26\/revisions"}],"predecessor-version":[{"id":1211,"href":"https:\/\/sites.usp.br\/grepel\/wp-json\/wp\/v2\/pages\/26\/revisions\/1211"}],"wp:attachment":[{"href":"https:\/\/sites.usp.br\/grepel\/wp-json\/wp\/v2\/media?parent=26"}],"curies":[{"name":"wp","href":"https:\/\/api.w.org\/{rel}","templated":true}]}}