{"id":72,"date":"2021-07-18T12:19:54","date_gmt":"2021-07-18T15:19:54","guid":{"rendered":"https:\/\/sites.usp.br\/grepel\/?page_id=72"},"modified":"2021-11-28T14:32:11","modified_gmt":"2021-11-28T17:32:11","slug":"dislexia","status":"publish","type":"page","link":"https:\/\/sites.usp.br\/grepel\/dislexia\/","title":{"rendered":"Transtornos Espec\u00edficos de Aprendizagem"},"content":{"rendered":"\t\t<div data-elementor-type=\"wp-page\" data-elementor-id=\"72\" class=\"elementor elementor-72\" data-elementor-post-type=\"page\">\n\t\t\t\t\t\t<section class=\"elementor-section elementor-top-section elementor-element elementor-element-3027872f elementor-section-content-middle elementor-section-boxed elementor-section-height-default elementor-section-height-default\" data-id=\"3027872f\" data-element_type=\"section\" data-settings=\"{&quot;background_background&quot;:&quot;classic&quot;}\">\n\t\t\t\t\t\t<div class=\"elementor-container elementor-column-gap-no\">\n\t\t\t\t\t<div class=\"elementor-column elementor-col-100 elementor-top-column elementor-element elementor-element-57f23846\" data-id=\"57f23846\" data-element_type=\"column\">\n\t\t\t<div class=\"elementor-widget-wrap elementor-element-populated\">\n\t\t\t\t\t\t<div class=\"elementor-element elementor-element-4ec2987a elementor-widget elementor-widget-heading\" data-id=\"4ec2987a\" data-element_type=\"widget\" data-widget_type=\"heading.default\">\n\t\t\t\t<div class=\"elementor-widget-container\">\n\t\t\t<h4 class=\"elementor-heading-title elementor-size-default\">O Transtorno espec\u00edfico da aprendizagem<\/h4>\t\t<\/div>\n\t\t\t\t<\/div>\n\t\t\t\t<div class=\"elementor-element elementor-element-723768cc elementor-widget elementor-widget-text-editor\" data-id=\"723768cc\" data-element_type=\"widget\" data-widget_type=\"text-editor.default\">\n\t\t\t\t<div class=\"elementor-widget-container\">\n\t\t\t\t\t\t\t<p>Segundo o DMS-5, est\u00e1 relacionado a dificuldade de aprendizagem ou de outras habilidades que podem ser desenvolvidas no meio acad\u00eamico. As dificuldades podem aparecer em um ou mais campos. Como na leitura, escrita e c\u00e1lculos matem\u00e1ticos.<\/p>\t\t\t\t\t\t<\/div>\n\t\t\t\t<\/div>\n\t\t\t\t\t<\/div>\n\t\t<\/div>\n\t\t\t\t\t<\/div>\n\t\t<\/section>\n\t\t\t\t<section class=\"elementor-section elementor-top-section elementor-element elementor-element-6acfa142 elementor-section-height-min-height elementor-section-boxed elementor-section-height-default elementor-section-items-middle\" data-id=\"6acfa142\" data-element_type=\"section\" data-settings=\"{&quot;background_background&quot;:&quot;classic&quot;}\">\n\t\t\t\t\t\t\t<div class=\"elementor-background-overlay\"><\/div>\n\t\t\t\t\t\t\t<div class=\"elementor-container elementor-column-gap-default\">\n\t\t\t\t\t<div class=\"elementor-column elementor-col-50 elementor-top-column elementor-element elementor-element-38a68bce\" data-id=\"38a68bce\" data-element_type=\"column\" data-settings=\"{&quot;background_background&quot;:&quot;classic&quot;}\">\n\t\t\t<div class=\"elementor-widget-wrap\">\n\t\t\t\t\t<div class=\"elementor-background-overlay\"><\/div>\n\t\t\t\t\t\t\t<\/div>\n\t\t<\/div>\n\t\t\t\t<div class=\"elementor-column elementor-col-50 elementor-top-column elementor-element elementor-element-6cba1d47\" data-id=\"6cba1d47\" data-element_type=\"column\">\n\t\t\t<div class=\"elementor-widget-wrap elementor-element-populated\">\n\t\t\t\t\t\t<div class=\"elementor-element elementor-element-70f0310 elementor-widget elementor-widget-heading\" data-id=\"70f0310\" data-element_type=\"widget\" data-widget_type=\"heading.default\">\n\t\t\t\t<div class=\"elementor-widget-container\">\n\t\t\t<h3 class=\"elementor-heading-title elementor-size-large\">Caracter\u00edsticas<\/h3>\t\t<\/div>\n\t\t\t\t<\/div>\n\t\t\t\t<div class=\"elementor-element elementor-element-d7c32e0 elementor-absolute elementor-widget elementor-widget-heading\" data-id=\"d7c32e0\" data-element_type=\"widget\" data-settings=\"{&quot;_position&quot;:&quot;absolute&quot;}\" data-widget_type=\"heading.default\">\n\t\t\t\t<div class=\"elementor-widget-container\">\n\t\t\t<h2 class=\"elementor-heading-title elementor-size-default\">DSM-5<\/h2>\t\t<\/div>\n\t\t\t\t<\/div>\n\t\t\t\t<section class=\"elementor-section elementor-inner-section elementor-element elementor-element-7405d654 elementor-section-boxed elementor-section-height-default elementor-section-height-default\" data-id=\"7405d654\" data-element_type=\"section\">\n\t\t\t\t\t\t<div class=\"elementor-container elementor-column-gap-wider\">\n\t\t\t\t\t<div class=\"elementor-column elementor-col-50 elementor-inner-column elementor-element elementor-element-53e74e7c\" data-id=\"53e74e7c\" data-element_type=\"column\" data-settings=\"{&quot;background_background&quot;:&quot;classic&quot;}\">\n\t\t\t<div class=\"elementor-widget-wrap elementor-element-populated\">\n\t\t\t\t\t\t<div class=\"elementor-element elementor-element-3475582 elementor-widget elementor-widget-text-editor\" data-id=\"3475582\" data-element_type=\"widget\" data-widget_type=\"text-editor.default\">\n\t\t\t\t<div class=\"elementor-widget-container\">\n\t\t\t\t\t\t\t<p>&nbsp; Podem ser identificadas dificuldades de aprendizagem e limita\u00e7\u00e3o no&nbsp; desenvolvimento de habilidades acad\u00eamicas.<\/p>\t\t\t\t\t\t<\/div>\n\t\t\t\t<\/div>\n\t\t\t\t<div class=\"elementor-element elementor-element-16d83a2 elementor-widget-divider--view-line elementor-widget elementor-widget-divider\" data-id=\"16d83a2\" data-element_type=\"widget\" data-widget_type=\"divider.default\">\n\t\t\t\t<div class=\"elementor-widget-container\">\n\t\t\t\t\t<div class=\"elementor-divider\">\n\t\t\t<span class=\"elementor-divider-separator\">\n\t\t\t\t\t\t<\/span>\n\t\t<\/div>\n\t\t\t\t<\/div>\n\t\t\t\t<\/div>\n\t\t\t\t<div class=\"elementor-element elementor-element-6dfcba6 elementor-widget elementor-widget-text-editor\" data-id=\"6dfcba6\" data-element_type=\"widget\" data-widget_type=\"text-editor.default\">\n\t\t\t\t<div class=\"elementor-widget-container\">\n\t\t\t\t\t\t\t<p>\u00a0 Essas dificuldades de aprendizagem apresentam-se no anos escolares, por\u00e9m,\u00a0 podem n\u00e3o se manifestar completamente at\u00e9 que as exig\u00eancias pelas habilidades acad\u00eamicas\u00a0<\/p>\t\t\t\t\t\t<\/div>\n\t\t\t\t<\/div>\n\t\t\t\t\t<\/div>\n\t\t<\/div>\n\t\t\t\t<div class=\"elementor-column elementor-col-50 elementor-inner-column elementor-element elementor-element-53fcd522\" data-id=\"53fcd522\" data-element_type=\"column\">\n\t\t\t<div class=\"elementor-widget-wrap elementor-element-populated\">\n\t\t\t\t\t\t<div class=\"elementor-element elementor-element-c1ccdd4 elementor-widget elementor-widget-text-editor\" data-id=\"c1ccdd4\" data-element_type=\"widget\" data-widget_type=\"text-editor.default\">\n\t\t\t\t<div class=\"elementor-widget-container\">\n\t\t\t\t\t\t\t<p>&nbsp; As habilidades acad\u00eamicas comprometidas est\u00e3o abaixo do esperado para sua idade, afetando seu desempenho cotidiano e profissional.<\/p>\t\t\t\t\t\t<\/div>\n\t\t\t\t<\/div>\n\t\t\t\t<div class=\"elementor-element elementor-element-742a076 elementor-widget-divider--view-line elementor-widget elementor-widget-divider\" data-id=\"742a076\" data-element_type=\"widget\" data-widget_type=\"divider.default\">\n\t\t\t\t<div class=\"elementor-widget-container\">\n\t\t\t\t\t<div class=\"elementor-divider\">\n\t\t\t<span class=\"elementor-divider-separator\">\n\t\t\t\t\t\t<\/span>\n\t\t<\/div>\n\t\t\t\t<\/div>\n\t\t\t\t<\/div>\n\t\t\t\t<div class=\"elementor-element elementor-element-71b6eba elementor-widget elementor-widget-text-editor\" data-id=\"71b6eba\" data-element_type=\"widget\" data-widget_type=\"text-editor.default\">\n\t\t\t\t<div class=\"elementor-widget-container\">\n\t\t\t\t\t\t\t<p>&nbsp; Essas dificuldades de aprendizagem n\u00e3o podem ser explicadas por outros comprometimentos como, dificuldade intelectual, acuidade visual, entre outros<\/p>\t\t\t\t\t\t<\/div>\n\t\t\t\t<\/div>\n\t\t\t\t\t<\/div>\n\t\t<\/div>\n\t\t\t\t\t<\/div>\n\t\t<\/section>\n\t\t\t\t\t<\/div>\n\t\t<\/div>\n\t\t\t\t\t<\/div>\n\t\t<\/section>\n\t\t\t\t<section class=\"elementor-section elementor-top-section elementor-element elementor-element-b436bfc elementor-section-height-min-height elementor-section-boxed elementor-section-height-default elementor-section-items-middle\" data-id=\"b436bfc\" data-element_type=\"section\" data-settings=\"{&quot;background_background&quot;:&quot;classic&quot;}\">\n\t\t\t\t\t\t<div class=\"elementor-container elementor-column-gap-default\">\n\t\t\t\t\t<div class=\"elementor-column elementor-col-100 elementor-top-column elementor-element elementor-element-002040b animated-fast elementor-invisible\" data-id=\"002040b\" data-element_type=\"column\" data-settings=\"{&quot;background_background&quot;:&quot;classic&quot;,&quot;animation&quot;:&quot;fadeInUp&quot;}\">\n\t\t\t<div class=\"elementor-widget-wrap elementor-element-populated\">\n\t\t\t\t\t\t<div class=\"elementor-element elementor-element-7ef32d9 elementor-widget elementor-widget-heading\" data-id=\"7ef32d9\" data-element_type=\"widget\" data-widget_type=\"heading.default\">\n\t\t\t\t<div class=\"elementor-widget-container\">\n\t\t\t<h2 class=\"elementor-heading-title elementor-size-default\">Etiologia<\/h2>\t\t<\/div>\n\t\t\t\t<\/div>\n\t\t\t\t<div class=\"elementor-element elementor-element-51d47e5 elementor-widget elementor-widget-text-editor\" data-id=\"51d47e5\" data-element_type=\"widget\" data-widget_type=\"text-editor.default\">\n\t\t\t\t<div class=\"elementor-widget-container\">\n\t\t\t\t\t\t\t<p>Sua etiologia ainda \u00e9 discut\u00edvel, levanta-se a possibilidade de sua causa estar relacionada a origem gen\u00e9tica, por\u00e9m, mesmo com maior tend\u00eancia heredit\u00e1ria, podem ser levantados outros fatores que podem interferir no desenvolvimento e desempenho dessas habilidades, como fatores ambientais, sendo eles, ocorr\u00eancia durante o parto por exemplo, ou disfun\u00e7\u00f5es neurol\u00f3gicas.<\/p>\t\t\t\t\t\t<\/div>\n\t\t\t\t<\/div>\n\t\t\t\t\t<\/div>\n\t\t<\/div>\n\t\t\t\t\t<\/div>\n\t\t<\/section>\n\t\t\t\t<section class=\"elementor-section elementor-top-section elementor-element elementor-element-9cb226f elementor-section-height-min-height elementor-section-boxed elementor-section-height-default elementor-section-items-middle\" data-id=\"9cb226f\" data-element_type=\"section\">\n\t\t\t\t\t\t<div class=\"elementor-container elementor-column-gap-default\">\n\t\t\t\t\t<div class=\"elementor-column elementor-col-100 elementor-top-column elementor-element elementor-element-95e217c\" data-id=\"95e217c\" data-element_type=\"column\">\n\t\t\t<div class=\"elementor-widget-wrap elementor-element-populated\">\n\t\t\t\t\t\t<div class=\"elementor-element elementor-element-529ee3b elementor-widget elementor-widget-heading\" data-id=\"529ee3b\" data-element_type=\"widget\" data-widget_type=\"heading.default\">\n\t\t\t\t<div class=\"elementor-widget-container\">\n\t\t\t<h2 class=\"elementor-heading-title elementor-size-default\">Dificuldade de Aprendizagem ou Transtorno Espec\u00edfico da Aprendizagem?<\/h2>\t\t<\/div>\n\t\t\t\t<\/div>\n\t\t\t\t<div class=\"elementor-element elementor-element-c8a7d63 elementor-widget elementor-widget-text-editor\" data-id=\"c8a7d63\" data-element_type=\"widget\" data-widget_type=\"text-editor.default\">\n\t\t\t\t<div class=\"elementor-widget-container\">\n\t\t\t\t\t\t\t<p class=\"MsoNormal\">&nbsp; &nbsp; &nbsp;O desempenho escolar depende e se correlaciona com diferentes quest\u00f5es, como aspectos emocionais, f\u00edsicos, e tamb\u00e9m de rela\u00e7\u00f5es. Quando s\u00e3o observados comprometimentos ambientais, como metodologias de ensino, din\u00e2mica familiar ou ambientes pouco estimuladores, podem ser observadas as dificuldade escolares, que independem de quest\u00f5es neurobiol\u00f3gicas do indiv\u00edduo, mas sim de fatores externos. O Transtorno espec\u00edfico da aprendizagem \u00e9 caracterizado pela interfer\u00eancia direta de aspectos intr\u00ednsecos ao indiv\u00edduos, ou seja, depende de altera\u00e7\u00f5es neurobiol\u00f3gicas, que podem estar relacionadas a hereditariedade ou disfun\u00e7\u00f5es neuronais.&nbsp;&nbsp;<\/p>\t\t\t\t\t\t<\/div>\n\t\t\t\t<\/div>\n\t\t\t\t\t<\/div>\n\t\t<\/div>\n\t\t\t\t\t<\/div>\n\t\t<\/section>\n\t\t\t\t<section class=\"elementor-section elementor-top-section elementor-element elementor-element-56678b41 elementor-section-full_width elementor-section-height-default elementor-section-height-default elementor-invisible\" data-id=\"56678b41\" data-element_type=\"section\" data-settings=\"{&quot;background_background&quot;:&quot;classic&quot;,&quot;animation&quot;:&quot;fadeInUp&quot;}\">\n\t\t\t\t\t\t<div class=\"elementor-container elementor-column-gap-default\">\n\t\t\t\t\t<div class=\"elementor-column elementor-col-100 elementor-top-column elementor-element elementor-element-1cb4b1aa\" data-id=\"1cb4b1aa\" data-element_type=\"column\">\n\t\t\t<div class=\"elementor-widget-wrap elementor-element-populated\">\n\t\t\t\t\t\t<div class=\"elementor-element elementor-element-2f901f5f elementor-widget elementor-widget-heading\" data-id=\"2f901f5f\" data-element_type=\"widget\" data-widget_type=\"heading.default\">\n\t\t\t\t<div class=\"elementor-widget-container\">\n\t\t\t<h3 class=\"elementor-heading-title elementor-size-large\">Habilidades acad\u00eamicas alteradas<\/h3>\t\t<\/div>\n\t\t\t\t<\/div>\n\t\t\t\t<section class=\"elementor-section elementor-inner-section elementor-element elementor-element-c0c4efc elementor-section-boxed elementor-section-height-default elementor-section-height-default\" data-id=\"c0c4efc\" data-element_type=\"section\">\n\t\t\t\t\t\t<div class=\"elementor-container elementor-column-gap-default\">\n\t\t\t\t\t<div class=\"elementor-column elementor-col-33 elementor-inner-column elementor-element elementor-element-37d4a714\" data-id=\"37d4a714\" data-element_type=\"column\" data-settings=\"{&quot;background_background&quot;:&quot;classic&quot;}\">\n\t\t\t<div class=\"elementor-widget-wrap elementor-element-populated\">\n\t\t\t\t\t\t<div class=\"elementor-element elementor-element-869dfb4 elementor-widget elementor-widget-image\" data-id=\"869dfb4\" data-element_type=\"widget\" data-widget_type=\"image.default\">\n\t\t\t\t<div class=\"elementor-widget-container\">\n\t\t\t\t\t\t\t\t\t\t\t\t\t<img fetchpriority=\"high\" decoding=\"async\" width=\"512\" height=\"300\" src=\"https:\/\/sites.usp.br\/grepel\/wp-content\/uploads\/sites\/940\/2021\/09\/1470399614_Social_Media-1-512x300.png\" class=\"attachment-post-thumbnail-large-table size-post-thumbnail-large-table wp-image-638\" alt=\"\" \/>\t\t\t\t\t\t\t\t\t\t\t\t\t<\/div>\n\t\t\t\t<\/div>\n\t\t\t\t<div class=\"elementor-element elementor-element-20c7b73d elementor-widget elementor-widget-text-editor\" data-id=\"20c7b73d\" data-element_type=\"widget\" data-widget_type=\"text-editor.default\">\n\t\t\t\t<div class=\"elementor-widget-container\">\n\t\t\t\t\t\t\t<p>Nesse caso, tem-se a o preju\u00edzo na precis\u00e3o na leitura de palavras, velocidade ou flu\u00eancia da leitura e compreens\u00e3o da leitura. Sendo que para cada caso esse quadro pode ser modificado<\/p>\t\t\t\t\t\t<\/div>\n\t\t\t\t<\/div>\n\t\t\t\t<div class=\"elementor-element elementor-element-4aa39d63 elementor-widget elementor-widget-heading\" data-id=\"4aa39d63\" data-element_type=\"widget\" data-widget_type=\"heading.default\">\n\t\t\t\t<div class=\"elementor-widget-container\">\n\t\t\t<h3 class=\"elementor-heading-title elementor-size-large\">Dislexia<\/h3>\t\t<\/div>\n\t\t\t\t<\/div>\n\t\t\t\t<div class=\"elementor-element elementor-element-2d458f5 elementor-widget elementor-widget-button\" data-id=\"2d458f5\" data-element_type=\"widget\" data-widget_type=\"button.default\">\n\t\t\t\t<div class=\"elementor-widget-container\">\n\t\t\t\t\t\t\t<div class=\"elementor-button-wrapper\">\n\t\t\t\t\t<a class=\"elementor-button elementor-button-link elementor-size-sm\" href=\"https:\/\/sites.usp.br\/grepel\/dislexia-2\/\">\n\t\t\t\t\t\t<span class=\"elementor-button-content-wrapper\">\n\t\t\t\t\t\t\t\t\t<span class=\"elementor-button-text\">Saiba Mais<\/span>\n\t\t\t\t\t<\/span>\n\t\t\t\t\t<\/a>\n\t\t\t\t<\/div>\n\t\t\t\t\t\t<\/div>\n\t\t\t\t<\/div>\n\t\t\t\t\t<\/div>\n\t\t<\/div>\n\t\t\t\t<div class=\"elementor-column elementor-col-33 elementor-inner-column elementor-element elementor-element-6660983d\" data-id=\"6660983d\" data-element_type=\"column\" data-settings=\"{&quot;background_background&quot;:&quot;classic&quot;}\">\n\t\t\t<div class=\"elementor-widget-wrap elementor-element-populated\">\n\t\t\t\t\t\t<div class=\"elementor-element elementor-element-12040f3b elementor-widget elementor-widget-image\" data-id=\"12040f3b\" data-element_type=\"widget\" data-widget_type=\"image.default\">\n\t\t\t\t<div class=\"elementor-widget-container\">\n\t\t\t\t\t\t\t\t\t\t\t\t\t<img decoding=\"async\" width=\"128\" height=\"128\" src=\"https:\/\/sites.usp.br\/grepel\/wp-content\/uploads\/sites\/940\/2021\/09\/1470399656_Branding.png\" class=\"attachment-full size-full wp-image-651\" alt=\"\" srcset=\"https:\/\/sites.usp.br\/grepel\/wp-content\/uploads\/sites\/940\/2021\/09\/1470399656_Branding.png 128w, https:\/\/sites.usp.br\/grepel\/wp-content\/uploads\/sites\/940\/2021\/09\/1470399656_Branding-45x45.png 45w\" sizes=\"(max-width: 128px) 100vw, 128px\" \/>\t\t\t\t\t\t\t\t\t\t\t\t\t<\/div>\n\t\t\t\t<\/div>\n\t\t\t\t<div class=\"elementor-element elementor-element-6cc36e32 elementor-widget elementor-widget-text-editor\" data-id=\"6cc36e32\" data-element_type=\"widget\" data-widget_type=\"text-editor.default\">\n\t\t\t\t<div class=\"elementor-widget-container\">\n\t\t\t\t\t\t\t<p>Podem ser observadas dificuldades em rela\u00e7\u00e3o a\u00a0 precis\u00e3o na ortografia,<br \/>precis\u00e3o na gram\u00e1tica e na pontua\u00e7\u00e3o,<br \/>clareza ou organiza\u00e7\u00e3o da express\u00e3o escrita, variando de caso a caso<\/p>\t\t\t\t\t\t<\/div>\n\t\t\t\t<\/div>\n\t\t\t\t<div class=\"elementor-element elementor-element-2fa0ff87 elementor-widget elementor-widget-heading\" data-id=\"2fa0ff87\" data-element_type=\"widget\" data-widget_type=\"heading.default\">\n\t\t\t\t<div class=\"elementor-widget-container\">\n\t\t\t<h3 class=\"elementor-heading-title elementor-size-large\">Disortografia<\/h3>\t\t<\/div>\n\t\t\t\t<\/div>\n\t\t\t\t<div class=\"elementor-element elementor-element-3530845 elementor-widget elementor-widget-button\" data-id=\"3530845\" data-element_type=\"widget\" data-widget_type=\"button.default\">\n\t\t\t\t<div class=\"elementor-widget-container\">\n\t\t\t\t\t\t\t<div class=\"elementor-button-wrapper\">\n\t\t\t\t\t<a class=\"elementor-button elementor-button-link elementor-size-sm\" href=\"https:\/\/sites.usp.br\/grepel\/disortografia\/\">\n\t\t\t\t\t\t<span class=\"elementor-button-content-wrapper\">\n\t\t\t\t\t\t\t\t\t<span class=\"elementor-button-text\">Saiba Mais<\/span>\n\t\t\t\t\t<\/span>\n\t\t\t\t\t<\/a>\n\t\t\t\t<\/div>\n\t\t\t\t\t\t<\/div>\n\t\t\t\t<\/div>\n\t\t\t\t\t<\/div>\n\t\t<\/div>\n\t\t\t\t<div class=\"elementor-column elementor-col-33 elementor-inner-column elementor-element elementor-element-30dd8f34\" data-id=\"30dd8f34\" data-element_type=\"column\" data-settings=\"{&quot;background_background&quot;:&quot;classic&quot;}\">\n\t\t\t<div class=\"elementor-widget-wrap elementor-element-populated\">\n\t\t\t\t\t\t<div class=\"elementor-element elementor-element-1dc996a5 elementor-widget elementor-widget-image\" data-id=\"1dc996a5\" data-element_type=\"widget\" data-widget_type=\"image.default\">\n\t\t\t\t<div class=\"elementor-widget-container\">\n\t\t\t\t\t\t\t\t\t\t\t\t\t<img decoding=\"async\" width=\"128\" height=\"128\" src=\"https:\/\/sites.usp.br\/grepel\/wp-content\/uploads\/sites\/940\/2021\/09\/1470399662_Marketing-1.png\" class=\"attachment-full size-full wp-image-642\" alt=\"\" srcset=\"https:\/\/sites.usp.br\/grepel\/wp-content\/uploads\/sites\/940\/2021\/09\/1470399662_Marketing-1.png 128w, https:\/\/sites.usp.br\/grepel\/wp-content\/uploads\/sites\/940\/2021\/09\/1470399662_Marketing-1-45x45.png 45w\" sizes=\"(max-width: 128px) 100vw, 128px\" \/>\t\t\t\t\t\t\t\t\t\t\t\t\t<\/div>\n\t\t\t\t<\/div>\n\t\t\t\t<div class=\"elementor-element elementor-element-14ad5a27 elementor-widget elementor-widget-text-editor\" data-id=\"14ad5a27\" data-element_type=\"widget\" data-widget_type=\"text-editor.default\">\n\t\t\t\t<div class=\"elementor-widget-container\">\n\t\t\t\t\t\t\t<p>Referente a preju\u00edzos na matem\u00e1tica, como comprometimento do senso num\u00e9rico,<br \/>memoriza\u00e7\u00e3o de fatos aritm\u00e9ticos,<br \/>precis\u00e3o ou flu\u00eancia de c\u00e1lculo e<br \/>Precis\u00e3o no racioc\u00ednio matem\u00e1tico. Para cada caso esse quadro pode ser modificado<\/p>\t\t\t\t\t\t<\/div>\n\t\t\t\t<\/div>\n\t\t\t\t<div class=\"elementor-element elementor-element-250df788 elementor-widget elementor-widget-heading\" data-id=\"250df788\" data-element_type=\"widget\" data-widget_type=\"heading.default\">\n\t\t\t\t<div class=\"elementor-widget-container\">\n\t\t\t<h3 class=\"elementor-heading-title elementor-size-large\">DISCALCULIA<\/h3>\t\t<\/div>\n\t\t\t\t<\/div>\n\t\t\t\t<div class=\"elementor-element elementor-element-de90c13 elementor-widget elementor-widget-button\" data-id=\"de90c13\" data-element_type=\"widget\" data-widget_type=\"button.default\">\n\t\t\t\t<div class=\"elementor-widget-container\">\n\t\t\t\t\t\t\t<div class=\"elementor-button-wrapper\">\n\t\t\t\t\t<a class=\"elementor-button elementor-button-link elementor-size-sm\" href=\"https:\/\/sites.usp.br\/grepel\/discalculia\/\">\n\t\t\t\t\t\t<span class=\"elementor-button-content-wrapper\">\n\t\t\t\t\t\t\t\t\t<span class=\"elementor-button-text\">Saiba Mais<\/span>\n\t\t\t\t\t<\/span>\n\t\t\t\t\t<\/a>\n\t\t\t\t<\/div>\n\t\t\t\t\t\t<\/div>\n\t\t\t\t<\/div>\n\t\t\t\t\t<\/div>\n\t\t<\/div>\n\t\t\t\t\t<\/div>\n\t\t<\/section>\n\t\t\t\t\t<\/div>\n\t\t<\/div>\n\t\t\t\t\t<\/div>\n\t\t<\/section>\n\t\t\t\t<section class=\"elementor-section elementor-top-section elementor-element elementor-element-44bb8c5 elementor-section-height-min-height elementor-section-boxed elementor-section-height-default elementor-section-items-middle\" data-id=\"44bb8c5\" data-element_type=\"section\" data-settings=\"{&quot;background_background&quot;:&quot;classic&quot;}\">\n\t\t\t\t\t\t<div class=\"elementor-container elementor-column-gap-default\">\n\t\t\t\t\t<div class=\"elementor-column elementor-col-100 elementor-top-column elementor-element elementor-element-946c8f0 animated-fast elementor-invisible\" data-id=\"946c8f0\" data-element_type=\"column\" data-settings=\"{&quot;background_background&quot;:&quot;classic&quot;,&quot;animation&quot;:&quot;fadeInUp&quot;}\">\n\t\t\t<div class=\"elementor-widget-wrap elementor-element-populated\">\n\t\t\t\t\t\t<div class=\"elementor-element elementor-element-8d5930b elementor-widget elementor-widget-heading\" data-id=\"8d5930b\" data-element_type=\"widget\" data-widget_type=\"heading.default\">\n\t\t\t\t<div class=\"elementor-widget-container\">\n\t\t\t<h2 class=\"elementor-heading-title elementor-size-default\">Preval\u00eancia<\/h2>\t\t<\/div>\n\t\t\t\t<\/div>\n\t\t\t\t<div class=\"elementor-element elementor-element-2512dc7 elementor-widget elementor-widget-text-editor\" data-id=\"2512dc7\" data-element_type=\"widget\" data-widget_type=\"text-editor.default\">\n\t\t\t\t<div class=\"elementor-widget-container\">\n\t\t\t\t\t\t\t<p>A ocorr\u00eancia do transtorno espec\u00edfico da aprendizagem varia entre&nbsp; adultos e crian\u00e7as , mas permanece entre 4 a 15%, estando prevalentemente presente entre crian\u00e7as em idade escolar. O preju\u00edzo pode ser observado nos dom\u00ednios acad\u00eamicos da leitura, escrita e matem\u00e1tica.&nbsp;<\/p>\t\t\t\t\t\t<\/div>\n\t\t\t\t<\/div>\n\t\t\t\t\t<\/div>\n\t\t<\/div>\n\t\t\t\t\t<\/div>\n\t\t<\/section>\n\t\t\t\t<section class=\"elementor-section elementor-top-section elementor-element elementor-element-3ec988f elementor-section-boxed elementor-section-height-default elementor-section-height-default\" data-id=\"3ec988f\" data-element_type=\"section\">\n\t\t\t\t\t\t<div class=\"elementor-container elementor-column-gap-default\">\n\t\t\t\t\t<div class=\"elementor-column elementor-col-100 elementor-top-column elementor-element elementor-element-17f7fd1\" data-id=\"17f7fd1\" data-element_type=\"column\">\n\t\t\t<div class=\"elementor-widget-wrap elementor-element-populated\">\n\t\t\t\t\t\t<div class=\"elementor-element elementor-element-b51b033 elementor-widget elementor-widget-text-editor\" data-id=\"b51b033\" data-element_type=\"widget\" data-widget_type=\"text-editor.default\">\n\t\t\t\t<div class=\"elementor-widget-container\">\n\t\t\t\t\t\t\t<p>Refer\u00eancia<\/p>\n<p>AMERICAN PSYCHIATRIC ASSOCIATION &#8211; APA. Manual diagn\u00f3stico e estat\u00edstico de transtornos mentais:&nbsp;<b>DSM<\/b>&#8211;<b>5<\/b>. Porto Alegre: Artmed, 2014.<\/p>\n<p><br><\/p>\t\t\t\t\t\t<\/div>\n\t\t\t\t<\/div>\n\t\t\t\t\t<\/div>\n\t\t<\/div>\n\t\t\t\t\t<\/div>\n\t\t<\/section>\n\t\t\t\t<\/div>\n\t\t","protected":false},"excerpt":{"rendered":"<p>O Transtorno espec\u00edfico da aprendizagem Segundo o DMS-5, est\u00e1 relacionado a dificuldade de aprendizagem ou de outras habilidades que podem ser desenvolvidas no meio acad\u00eamico. As dificuldades podem aparecer em um ou mais campos. Como na leitura, escrita e c\u00e1lculos matem\u00e1ticos. Caracter\u00edsticas DSM-5 &nbsp; Podem ser identificadas dificuldades de aprendizagem e limita\u00e7\u00e3o no&nbsp; desenvolvimento de<a href=\"https:\/\/sites.usp.br\/grepel\/dislexia\/\">[&#8230;]<\/a><\/p>\n","protected":false},"author":1075,"featured_media":0,"parent":0,"menu_order":0,"comment_status":"closed","ping_status":"closed","template":"elementor_header_footer","meta":{"footnotes":"","_links_to":"","_links_to_target":""},"class_list":["post-72","page","type-page","status-publish","hentry"],"_links":{"self":[{"href":"https:\/\/sites.usp.br\/grepel\/wp-json\/wp\/v2\/pages\/72","targetHints":{"allow":["GET"]}}],"collection":[{"href":"https:\/\/sites.usp.br\/grepel\/wp-json\/wp\/v2\/pages"}],"about":[{"href":"https:\/\/sites.usp.br\/grepel\/wp-json\/wp\/v2\/types\/page"}],"author":[{"embeddable":true,"href":"https:\/\/sites.usp.br\/grepel\/wp-json\/wp\/v2\/users\/1075"}],"replies":[{"embeddable":true,"href":"https:\/\/sites.usp.br\/grepel\/wp-json\/wp\/v2\/comments?post=72"}],"version-history":[{"count":4,"href":"https:\/\/sites.usp.br\/grepel\/wp-json\/wp\/v2\/pages\/72\/revisions"}],"predecessor-version":[{"id":1247,"href":"https:\/\/sites.usp.br\/grepel\/wp-json\/wp\/v2\/pages\/72\/revisions\/1247"}],"wp:attachment":[{"href":"https:\/\/sites.usp.br\/grepel\/wp-json\/wp\/v2\/media?parent=72"}],"curies":[{"name":"wp","href":"https:\/\/api.w.org\/{rel}","templated":true}]}}