{"id":1232,"date":"2021-03-10T19:05:51","date_gmt":"2021-03-10T21:05:51","guid":{"rendered":"http:\/\/sites.usp.br\/grupoeaps\/?page_id=1232"},"modified":"2021-03-10T19:05:51","modified_gmt":"2021-03-10T21:05:51","slug":"causas-e-corpos-reais-moda-e-aparencias","status":"publish","type":"page","link":"https:\/\/sites.usp.br\/grupoeaps\/causas-e-corpos-reais-moda-e-aparencias\/","title":{"rendered":"Causas e corpos reais, moda e apar\u00eancias"},"content":{"rendered":"<p>&nbsp;<\/p>\n<p><a href=\"https:\/\/sites.usp.br\/grupoeaps\/wp-content\/uploads\/sites\/604\/2021\/03\/cheia.jpg\"><img loading=\"lazy\" decoding=\"async\" class=\"aligncenter wp-image-1233 size-full\" src=\"https:\/\/sites.usp.br\/grupoeaps\/wp-content\/uploads\/sites\/604\/2021\/03\/cheia.jpg\" alt=\"\" width=\"964\" height=\"300\" srcset=\"https:\/\/sites.usp.br\/grupoeaps\/wp-content\/uploads\/sites\/604\/2021\/03\/cheia.jpg 964w, https:\/\/sites.usp.br\/grupoeaps\/wp-content\/uploads\/sites\/604\/2021\/03\/cheia-300x93.jpg 300w, https:\/\/sites.usp.br\/grupoeaps\/wp-content\/uploads\/sites\/604\/2021\/03\/cheia-768x239.jpg 768w, https:\/\/sites.usp.br\/grupoeaps\/wp-content\/uploads\/sites\/604\/2021\/03\/cheia-400x124.jpg 400w\" sizes=\"auto, (max-width: 964px) 100vw, 964px\" \/><\/a><\/p>\n<p>Participa\u00e7\u00e3o da Profa. Dra. Andrea Lopes na mesa de abertura do Semin\u00e1rio Reflex\u00f5es e Pr\u00e1ticas sobre Moda, Roupas e Corpos Dissidentes\u00a0a convite do Centro de Pesquisa e Forma\u00e7\u00e3o do SESC S\u00e3o Paulo e da Profa. Dra. Maria Claudia Bonadio, do Programa de P\u00f3s-Gradua\u00e7\u00e3o em Artes, Cultura e Linguagens da Universidade Federal de Juiz de Fora.<\/p>\n<p>A mesa intitulou-se <strong>Causas e corpos reais, moda e apar\u00eancias.<\/strong><\/p>\n<p>Para saber mais sobre o Programa do evento <a href=\"https:\/\/centrodepesquisaeformacao.sescsp.org.br\/atividade\/seminario-reflexoes-e-praticas-sobre-moda-roupas-e-corpos-dissidentes\" target=\"_blank\" rel=\"noopener noreferrer\">clique aqui<\/a>.<\/p>\n","protected":false},"excerpt":{"rendered":"<p>&nbsp; Participa\u00e7\u00e3o da Profa. Dra. Andrea Lopes na mesa de abertura do Semin\u00e1rio Reflex\u00f5es e Pr\u00e1ticas sobre Moda, Roupas e Corpos Dissidentes\u00a0a convite do Centro de Pesquisa e Forma\u00e7\u00e3o do SESC S\u00e3o Paulo e da Profa. Dra. Maria Claudia Bonadio, do Programa de P\u00f3s-Gradua\u00e7\u00e3o em Artes, Cultura e Linguagens da Universidade Federal de Juiz de<a href=\"https:\/\/sites.usp.br\/grupoeaps\/causas-e-corpos-reais-moda-e-aparencias\/\">[&#8230;]<\/a><\/p>\n","protected":false},"author":1157,"featured_media":0,"parent":0,"menu_order":0,"comment_status":"closed","ping_status":"closed","template":"","meta":{"_monsterinsights_skip_tracking":false,"_monsterinsights_sitenote_active":false,"_monsterinsights_sitenote_note":"","_monsterinsights_sitenote_category":0,"footnotes":"","_links_to":"","_links_to_target":""},"class_list":["post-1232","page","type-page","status-publish","hentry"],"_links":{"self":[{"href":"https:\/\/sites.usp.br\/grupoeaps\/wp-json\/wp\/v2\/pages\/1232","targetHints":{"allow":["GET"]}}],"collection":[{"href":"https:\/\/sites.usp.br\/grupoeaps\/wp-json\/wp\/v2\/pages"}],"about":[{"href":"https:\/\/sites.usp.br\/grupoeaps\/wp-json\/wp\/v2\/types\/page"}],"author":[{"embeddable":true,"href":"https:\/\/sites.usp.br\/grupoeaps\/wp-json\/wp\/v2\/users\/1157"}],"replies":[{"embeddable":true,"href":"https:\/\/sites.usp.br\/grupoeaps\/wp-json\/wp\/v2\/comments?post=1232"}],"version-history":[{"count":1,"href":"https:\/\/sites.usp.br\/grupoeaps\/wp-json\/wp\/v2\/pages\/1232\/revisions"}],"predecessor-version":[{"id":1234,"href":"https:\/\/sites.usp.br\/grupoeaps\/wp-json\/wp\/v2\/pages\/1232\/revisions\/1234"}],"wp:attachment":[{"href":"https:\/\/sites.usp.br\/grupoeaps\/wp-json\/wp\/v2\/media?parent=1232"}],"curies":[{"name":"wp","href":"https:\/\/api.w.org\/{rel}","templated":true}]}}