{"id":1357,"date":"2022-10-14T17:58:22","date_gmt":"2022-10-14T19:58:22","guid":{"rendered":"https:\/\/sites.usp.br\/grupoeaps\/?page_id=1357"},"modified":"2024-07-02T15:11:12","modified_gmt":"2024-07-02T17:11:12","slug":"envelhecimento-e-aparencia","status":"publish","type":"page","link":"https:\/\/sites.usp.br\/grupoeaps\/envelhecimento-e-aparencia\/","title":{"rendered":"Envelhecimento e Apar\u00eancia"},"content":{"rendered":"<p>&nbsp;<\/p>\n<p><img loading=\"lazy\" decoding=\"async\" class=\"aligncenter wp-image-1797 size-full\" src=\"https:\/\/sites.usp.br\/grupoeaps\/wp-content\/uploads\/sites\/604\/2024\/07\/unnamed-scaled.jpg\" alt=\"\" width=\"1920\" height=\"2560\" srcset=\"https:\/\/sites.usp.br\/grupoeaps\/wp-content\/uploads\/sites\/604\/2024\/07\/unnamed-scaled.jpg 1920w, https:\/\/sites.usp.br\/grupoeaps\/wp-content\/uploads\/sites\/604\/2024\/07\/unnamed-225x300.jpg 225w, https:\/\/sites.usp.br\/grupoeaps\/wp-content\/uploads\/sites\/604\/2024\/07\/unnamed-768x1024.jpg 768w, https:\/\/sites.usp.br\/grupoeaps\/wp-content\/uploads\/sites\/604\/2024\/07\/unnamed-1152x1536.jpg 1152w, https:\/\/sites.usp.br\/grupoeaps\/wp-content\/uploads\/sites\/604\/2024\/07\/unnamed-1536x2048.jpg 1536w, https:\/\/sites.usp.br\/grupoeaps\/wp-content\/uploads\/sites\/604\/2024\/07\/unnamed-400x533.jpg 400w\" sizes=\"auto, (max-width: 1920px) 100vw, 1920px\" \/><\/p>\n<p style=\"text-align: right;\">Modelo: Ant\u00f3nio da Silva Salgueiro<\/p>\n<p style=\"text-align: right;\">Foto: B\u00e1rbara Aires<\/p>\n<p>&nbsp;<\/p>\n<p style=\"text-align: left;\">Participa\u00e7\u00e3o de B\u00e1rbara Aires, integrante do EAPS, como palestrante no V Simp\u00f3sio M\u00faltiplos Olhares: Reflex\u00f5es sobre a Pluralidade do Envelhecer, a convite da Faculdade da Terceira Idade da Universidade do Vale do Para\u00edba, S\u00e3o Jos\u00e9 dos Campos &#8211; S\u00e3o Paulo.<\/p>\n<p>&nbsp;<\/p>\n<p><a href=\"https:\/\/sites.usp.br\/grupoeaps\/wp-content\/uploads\/sites\/604\/2022\/10\/V-Simposio-Multiplos-Olhares-Barbara.jpg\"><img loading=\"lazy\" decoding=\"async\" class=\"aligncenter wp-image-1358 size-full\" src=\"https:\/\/sites.usp.br\/grupoeaps\/wp-content\/uploads\/sites\/604\/2022\/10\/V-Simposio-Multiplos-Olhares-Barbara.jpg\" alt=\"\" width=\"1080\" height=\"1080\" srcset=\"https:\/\/sites.usp.br\/grupoeaps\/wp-content\/uploads\/sites\/604\/2022\/10\/V-Simposio-Multiplos-Olhares-Barbara.jpg 1080w, https:\/\/sites.usp.br\/grupoeaps\/wp-content\/uploads\/sites\/604\/2022\/10\/V-Simposio-Multiplos-Olhares-Barbara-300x300.jpg 300w, https:\/\/sites.usp.br\/grupoeaps\/wp-content\/uploads\/sites\/604\/2022\/10\/V-Simposio-Multiplos-Olhares-Barbara-1024x1024.jpg 1024w, https:\/\/sites.usp.br\/grupoeaps\/wp-content\/uploads\/sites\/604\/2022\/10\/V-Simposio-Multiplos-Olhares-Barbara-150x150.jpg 150w, https:\/\/sites.usp.br\/grupoeaps\/wp-content\/uploads\/sites\/604\/2022\/10\/V-Simposio-Multiplos-Olhares-Barbara-768x768.jpg 768w, https:\/\/sites.usp.br\/grupoeaps\/wp-content\/uploads\/sites\/604\/2022\/10\/V-Simposio-Multiplos-Olhares-Barbara-250x250.jpg 250w, https:\/\/sites.usp.br\/grupoeaps\/wp-content\/uploads\/sites\/604\/2022\/10\/V-Simposio-Multiplos-Olhares-Barbara-174x174.jpg 174w, https:\/\/sites.usp.br\/grupoeaps\/wp-content\/uploads\/sites\/604\/2022\/10\/V-Simposio-Multiplos-Olhares-Barbara-45x45.jpg 45w, https:\/\/sites.usp.br\/grupoeaps\/wp-content\/uploads\/sites\/604\/2022\/10\/V-Simposio-Multiplos-Olhares-Barbara-200x200.jpg 200w, https:\/\/sites.usp.br\/grupoeaps\/wp-content\/uploads\/sites\/604\/2022\/10\/V-Simposio-Multiplos-Olhares-Barbara-400x400.jpg 400w\" sizes=\"auto, (max-width: 1080px) 100vw, 1080px\" \/><\/a><\/p>\n<p>&nbsp;<\/p>\n<p>&nbsp;<\/p>\n<p><a href=\"https:\/\/sites.usp.br\/grupoeaps\/wp-content\/uploads\/sites\/604\/2022\/10\/divulgacao.jpg\"><img loading=\"lazy\" decoding=\"async\" class=\"wp-image-1361 size-full aligncenter\" src=\"https:\/\/sites.usp.br\/grupoeaps\/wp-content\/uploads\/sites\/604\/2022\/10\/divulgacao.jpg\" alt=\"\" width=\"750\" height=\"1081\" srcset=\"https:\/\/sites.usp.br\/grupoeaps\/wp-content\/uploads\/sites\/604\/2022\/10\/divulgacao.jpg 750w, https:\/\/sites.usp.br\/grupoeaps\/wp-content\/uploads\/sites\/604\/2022\/10\/divulgacao-208x300.jpg 208w, https:\/\/sites.usp.br\/grupoeaps\/wp-content\/uploads\/sites\/604\/2022\/10\/divulgacao-710x1024.jpg 710w, https:\/\/sites.usp.br\/grupoeaps\/wp-content\/uploads\/sites\/604\/2022\/10\/divulgacao-400x577.jpg 400w\" sizes=\"auto, (max-width: 750px) 100vw, 750px\" \/><\/a><\/p>\n<p>&nbsp;<\/p>\n<p>&nbsp;<\/p>\n<p>&nbsp;<\/p>\n","protected":false},"excerpt":{"rendered":"<p>&nbsp; Modelo: Ant\u00f3nio da Silva Salgueiro Foto: B\u00e1rbara Aires &nbsp; Participa\u00e7\u00e3o de B\u00e1rbara Aires, integrante do EAPS, como palestrante no V Simp\u00f3sio M\u00faltiplos Olhares: Reflex\u00f5es sobre a Pluralidade do Envelhecer, a convite da Faculdade da Terceira Idade da Universidade do Vale do Para\u00edba, S\u00e3o Jos\u00e9 dos Campos &#8211; S\u00e3o Paulo. &nbsp; &nbsp; &nbsp; &nbsp; &nbsp;<a href=\"https:\/\/sites.usp.br\/grupoeaps\/envelhecimento-e-aparencia\/\">[&#8230;]<\/a><\/p>\n","protected":false},"author":1157,"featured_media":0,"parent":0,"menu_order":0,"comment_status":"closed","ping_status":"closed","template":"","meta":{"_monsterinsights_skip_tracking":false,"_monsterinsights_sitenote_active":false,"_monsterinsights_sitenote_note":"","_monsterinsights_sitenote_category":0,"footnotes":"","_links_to":"","_links_to_target":""},"class_list":["post-1357","page","type-page","status-publish","hentry"],"_links":{"self":[{"href":"https:\/\/sites.usp.br\/grupoeaps\/wp-json\/wp\/v2\/pages\/1357","targetHints":{"allow":["GET"]}}],"collection":[{"href":"https:\/\/sites.usp.br\/grupoeaps\/wp-json\/wp\/v2\/pages"}],"about":[{"href":"https:\/\/sites.usp.br\/grupoeaps\/wp-json\/wp\/v2\/types\/page"}],"author":[{"embeddable":true,"href":"https:\/\/sites.usp.br\/grupoeaps\/wp-json\/wp\/v2\/users\/1157"}],"replies":[{"embeddable":true,"href":"https:\/\/sites.usp.br\/grupoeaps\/wp-json\/wp\/v2\/comments?post=1357"}],"version-history":[{"count":4,"href":"https:\/\/sites.usp.br\/grupoeaps\/wp-json\/wp\/v2\/pages\/1357\/revisions"}],"predecessor-version":[{"id":1798,"href":"https:\/\/sites.usp.br\/grupoeaps\/wp-json\/wp\/v2\/pages\/1357\/revisions\/1798"}],"wp:attachment":[{"href":"https:\/\/sites.usp.br\/grupoeaps\/wp-json\/wp\/v2\/media?parent=1357"}],"curies":[{"name":"wp","href":"https:\/\/api.w.org\/{rel}","templated":true}]}}