{"id":1548,"date":"2023-10-14T10:11:16","date_gmt":"2023-10-14T12:11:16","guid":{"rendered":"https:\/\/sites.usp.br\/grupoeaps\/?page_id=1548"},"modified":"2023-10-16T12:35:46","modified_gmt":"2023-10-16T14:35:46","slug":"workshop-de-cabelos-grisalhos","status":"publish","type":"page","link":"https:\/\/sites.usp.br\/grupoeaps\/workshop-de-cabelos-grisalhos\/","title":{"rendered":"Workshop de cabelos grisalhos"},"content":{"rendered":"<p>&nbsp;<\/p>\n<p style=\"text-align: center;\"><img loading=\"lazy\" decoding=\"async\" class=\"aligncenter wp-image-1549 size-full\" src=\"https:\/\/sites.usp.br\/grupoeaps\/wp-content\/uploads\/sites\/604\/2023\/10\/Anuncio-ofina-coloracao-pessoal-Barbara-revista-SESC-1.jpg\" alt=\"\" width=\"724\" height=\"1024\" srcset=\"https:\/\/sites.usp.br\/grupoeaps\/wp-content\/uploads\/sites\/604\/2023\/10\/Anuncio-ofina-coloracao-pessoal-Barbara-revista-SESC-1.jpg 724w, https:\/\/sites.usp.br\/grupoeaps\/wp-content\/uploads\/sites\/604\/2023\/10\/Anuncio-ofina-coloracao-pessoal-Barbara-revista-SESC-1-212x300.jpg 212w, https:\/\/sites.usp.br\/grupoeaps\/wp-content\/uploads\/sites\/604\/2023\/10\/Anuncio-ofina-coloracao-pessoal-Barbara-revista-SESC-1-400x566.jpg 400w\" sizes=\"auto, (max-width: 724px) 100vw, 724px\" \/> Em Cartaz, Guia de destaques da programa\u00e7\u00e3o SESC S\u00e3o Paulo, Setembro 2023, p. 30.<\/p>\n<p>&nbsp;<\/p>\n<p>Workshop liderado por B\u00e1rbara Santos Aires, com a colabora\u00e7\u00e3o de Brenda Carvalho de Andrade, \u00a0ambas integrantes do grupo EAPS. O encontro aconteceu no dia 16 de setembro de 2023 no SESC Belenzinho, cidade de S\u00e3o Paulo, a convite do t\u00e9cnico de programa\u00e7\u00e3o da unidade, Cristiano de Assis, igualmente integrante do EAPS. Contou com a participa\u00e7\u00e3o de 14 mulheres.<\/p>\n<p>Abaixo, algumas imagens e relatos das participantes sobre a experi\u00eancia:<\/p>\n<p>&nbsp;<\/p>\n<h4 style=\"text-align: center;\">\u00a0 \u00a0 \u00a0 \u00a0 \u00a0 \u00a0 \u00a0 \u00a0 \u00a0 \u00a0 \u00a0 \u00a0 \u00a0 \u00a0 \u00a0 \u00a0 \u00a0 \u00a0 \u00a0 \u00a0 \u00a0 \u00a0 \u00a0 \u00a0 \u00a0 \u00a0 \u00a0 \u00a0 \u00a0 \u00a0 \u00a0 \u00a0 \u00a0 \u00a0 \u00a0 \u00a0 \u00a0 \u00a0 \u00a0 \u00a0 \u00a0 \u00a0 \u00a0 \u00a0 \u00a0 \u00a0 \u00a0 \u00a0&#8220;Autoestima das mulheres grisalhas\u2665\ufe0f&#8221;.<\/h4>\n<p><img loading=\"lazy\" decoding=\"async\" class=\"alignleft wp-image-1551 \" src=\"https:\/\/sites.usp.br\/grupoeaps\/wp-content\/uploads\/sites\/604\/2023\/10\/unnamed-13-167x300.jpg\" alt=\"\" width=\"180\" height=\"323\" srcset=\"https:\/\/sites.usp.br\/grupoeaps\/wp-content\/uploads\/sites\/604\/2023\/10\/unnamed-13-167x300.jpg 167w, https:\/\/sites.usp.br\/grupoeaps\/wp-content\/uploads\/sites\/604\/2023\/10\/unnamed-13-570x1024.jpg 570w, https:\/\/sites.usp.br\/grupoeaps\/wp-content\/uploads\/sites\/604\/2023\/10\/unnamed-13-768x1379.jpg 768w, https:\/\/sites.usp.br\/grupoeaps\/wp-content\/uploads\/sites\/604\/2023\/10\/unnamed-13-855x1536.jpg 855w, https:\/\/sites.usp.br\/grupoeaps\/wp-content\/uploads\/sites\/604\/2023\/10\/unnamed-13-334x600.jpg 334w, https:\/\/sites.usp.br\/grupoeaps\/wp-content\/uploads\/sites\/604\/2023\/10\/unnamed-13.jpg 887w\" sizes=\"auto, (max-width: 180px) 100vw, 180px\" \/><img loading=\"lazy\" decoding=\"async\" class=\"wp-image-1552 size-large alignright\" src=\"https:\/\/sites.usp.br\/grupoeaps\/wp-content\/uploads\/sites\/604\/2023\/10\/SIm-2-768x1024.jpg\" alt=\"\" width=\"640\" height=\"853\" srcset=\"https:\/\/sites.usp.br\/grupoeaps\/wp-content\/uploads\/sites\/604\/2023\/10\/SIm-2-768x1024.jpg 768w, https:\/\/sites.usp.br\/grupoeaps\/wp-content\/uploads\/sites\/604\/2023\/10\/SIm-2-225x300.jpg 225w, https:\/\/sites.usp.br\/grupoeaps\/wp-content\/uploads\/sites\/604\/2023\/10\/SIm-2-1152x1536.jpg 1152w, https:\/\/sites.usp.br\/grupoeaps\/wp-content\/uploads\/sites\/604\/2023\/10\/SIm-2-400x533.jpg 400w, https:\/\/sites.usp.br\/grupoeaps\/wp-content\/uploads\/sites\/604\/2023\/10\/SIm-2.jpg 1200w\" sizes=\"auto, (max-width: 640px) 100vw, 640px\" \/><\/p>\n<p>&nbsp;<\/p>\n<p>&nbsp;<\/p>\n<p>&nbsp;<\/p>\n<p>&nbsp;<\/p>\n<p>&nbsp;<\/p>\n<p>&nbsp;<\/p>\n<p>&nbsp;<\/p>\n<p>&nbsp;<\/p>\n<h5><\/h5>\n<h5><\/h5>\n<h5><\/h5>\n<h5><\/h5>\n<h5><\/h5>\n<h5><\/h5>\n<h5><\/h5>\n<h5><\/h5>\n<h5><\/h5>\n<h5><\/h5>\n<h5><\/h5>\n<h5><\/h5>\n<h5><\/h5>\n<h5><\/h5>\n<h5 style=\"text-align: right;\">B\u00e1rbara Santos Aires e as participantes do evento<\/h5>\n<h5 style=\"text-align: right;\">Foto: Brenda Carvalho de Andrade<\/h5>\n<p>&nbsp;<\/p>\n<p>&#8220;J\u00e1 estou utilizando (os ensinamentos) e incentivando as outras pessoas a fazer a (oficina de) colorimetria. Mudou tudo pra mim e pra melhor&#8221;.<\/p>\n<p>&#8220;Foi tudo maravilhoso. Saber o que usar e da maneira certa &#8230; cor certa \u00e9 empoderamento. Fiz uma resignifica\u00e7\u00e3o em minha vida pra melhor. Agrade\u00e7o muito&#8221;.<\/p>\n<p>&#8220;Gostei muito. Me senti segura, encorajada e feliz com meus cabelos grisalhos. Parab\u00e9ns! Obrigada&#8221;.<\/p>\n<p>&#8220;Foi um excelente trabalho da B\u00e1rbara sobre este Workshop. Agora estou mais confiante na minha decis\u00e3o de assumir o cabelo branco. Parab\u00e9ns \ud83d\udc4f&#8221;.<\/p>\n<p>&#8220;Adorei as professoras e a aten\u00e7\u00e3o que elas deram as alunas&#8221;.<\/p>\n<p>&#8220;Dicas importantes. Valoriza\u00e7\u00e3o da mulher, independente da idade. Querer usar o cabelo da forma que ela (a mulher) quiser, sem se importar com o que dizem&#8221;.<\/p>\n<p>&#8220;Foi maravilhoso e muito importante. A B\u00e1rbara transformou minha vida com seu aprendizado, conhecimento e sabedoria. Espero que esse projeto seja feito em todos os SESCs&#8221;.<\/p>\n<p>&nbsp;<\/p>\n<p><img loading=\"lazy\" decoding=\"async\" class=\"aligncenter wp-image-1553 size-full\" src=\"https:\/\/sites.usp.br\/grupoeaps\/wp-content\/uploads\/sites\/604\/2023\/10\/SIm-3-1.jpg\" alt=\"\" width=\"1600\" height=\"1200\" srcset=\"https:\/\/sites.usp.br\/grupoeaps\/wp-content\/uploads\/sites\/604\/2023\/10\/SIm-3-1.jpg 1600w, https:\/\/sites.usp.br\/grupoeaps\/wp-content\/uploads\/sites\/604\/2023\/10\/SIm-3-1-300x225.jpg 300w, https:\/\/sites.usp.br\/grupoeaps\/wp-content\/uploads\/sites\/604\/2023\/10\/SIm-3-1-1024x768.jpg 1024w, https:\/\/sites.usp.br\/grupoeaps\/wp-content\/uploads\/sites\/604\/2023\/10\/SIm-3-1-768x576.jpg 768w, https:\/\/sites.usp.br\/grupoeaps\/wp-content\/uploads\/sites\/604\/2023\/10\/SIm-3-1-1536x1152.jpg 1536w, https:\/\/sites.usp.br\/grupoeaps\/wp-content\/uploads\/sites\/604\/2023\/10\/SIm-3-1-285x214.jpg 285w, https:\/\/sites.usp.br\/grupoeaps\/wp-content\/uploads\/sites\/604\/2023\/10\/SIm-3-1-80x60.jpg 80w, https:\/\/sites.usp.br\/grupoeaps\/wp-content\/uploads\/sites\/604\/2023\/10\/SIm-3-1-400x300.jpg 400w\" sizes=\"auto, (max-width: 1600px) 100vw, 1600px\" \/><\/p>\n<p style=\"text-align: right;\">B\u00e1rbara Santos Aires (ao centro) e Brenda Carvalho de Andrade (primeira a esquerda),<\/p>\n<p style=\"text-align: right;\">juntamente com as participantes da oficina<\/p>\n<p style=\"text-align: right;\">Foto: Let\u00edcia Sato<\/p>\n<h1><\/h1>\n<h1 style=\"text-align: left;\"><strong>&#8220;Amei tudo!&#8221;<\/strong><\/h1>\n<p>&nbsp;<\/p>\n<p><img loading=\"lazy\" decoding=\"async\" class=\"wp-image-1554 size-large alignright\" src=\"https:\/\/sites.usp.br\/grupoeaps\/wp-content\/uploads\/sites\/604\/2023\/10\/Sim-1-1-768x1024.jpg\" alt=\"\" width=\"640\" height=\"853\" srcset=\"https:\/\/sites.usp.br\/grupoeaps\/wp-content\/uploads\/sites\/604\/2023\/10\/Sim-1-1-768x1024.jpg 768w, https:\/\/sites.usp.br\/grupoeaps\/wp-content\/uploads\/sites\/604\/2023\/10\/Sim-1-1-225x300.jpg 225w, https:\/\/sites.usp.br\/grupoeaps\/wp-content\/uploads\/sites\/604\/2023\/10\/Sim-1-1-1152x1536.jpg 1152w, https:\/\/sites.usp.br\/grupoeaps\/wp-content\/uploads\/sites\/604\/2023\/10\/Sim-1-1-1536x2048.jpg 1536w, https:\/\/sites.usp.br\/grupoeaps\/wp-content\/uploads\/sites\/604\/2023\/10\/Sim-1-1-400x533.jpg 400w, https:\/\/sites.usp.br\/grupoeaps\/wp-content\/uploads\/sites\/604\/2023\/10\/Sim-1-1-scaled.jpg 1920w\" sizes=\"auto, (max-width: 640px) 100vw, 640px\" \/><\/p>\n<p>&nbsp;<\/p>\n<p>&nbsp;<\/p>\n<p>&nbsp;<\/p>\n<p>&nbsp;<\/p>\n<p>&nbsp;<\/p>\n<p>&nbsp;<\/p>\n<p>&nbsp;<\/p>\n<p>&nbsp;<\/p>\n<p>&nbsp;<\/p>\n<p>&nbsp;<\/p>\n<p>&nbsp;<\/p>\n<p>&nbsp;<\/p>\n<p>&nbsp;<\/p>\n<p>&nbsp;<\/p>\n<p>&nbsp;<\/p>\n<p>&nbsp;<\/p>\n<p>&nbsp;<\/p>\n<p>&nbsp;<\/p>\n<p style=\"text-align: right;\">B\u00e1rbara Santos Aires (a esquerda) e Brenda Carvalho de Andrade (a direita)<\/p>\n<p style=\"text-align: right;\">Foto: B\u00e1rbara Santos Aires<\/p>\n<p style=\"text-align: left;\">\n","protected":false},"excerpt":{"rendered":"<p>&nbsp; Em Cartaz, Guia de destaques da programa\u00e7\u00e3o SESC S\u00e3o Paulo, Setembro 2023, p. 30. &nbsp; Workshop liderado por B\u00e1rbara Santos Aires, com a colabora\u00e7\u00e3o de Brenda Carvalho de Andrade, \u00a0ambas integrantes do grupo EAPS. O encontro aconteceu no dia 16 de setembro de 2023 no SESC Belenzinho, cidade de S\u00e3o Paulo, a convite do<a href=\"https:\/\/sites.usp.br\/grupoeaps\/workshop-de-cabelos-grisalhos\/\">[&#8230;]<\/a><\/p>\n","protected":false},"author":1157,"featured_media":0,"parent":0,"menu_order":0,"comment_status":"closed","ping_status":"closed","template":"","meta":{"_monsterinsights_skip_tracking":false,"_monsterinsights_sitenote_active":false,"_monsterinsights_sitenote_note":"","_monsterinsights_sitenote_category":0,"footnotes":"","_links_to":"","_links_to_target":""},"class_list":["post-1548","page","type-page","status-publish","hentry"],"_links":{"self":[{"href":"https:\/\/sites.usp.br\/grupoeaps\/wp-json\/wp\/v2\/pages\/1548","targetHints":{"allow":["GET"]}}],"collection":[{"href":"https:\/\/sites.usp.br\/grupoeaps\/wp-json\/wp\/v2\/pages"}],"about":[{"href":"https:\/\/sites.usp.br\/grupoeaps\/wp-json\/wp\/v2\/types\/page"}],"author":[{"embeddable":true,"href":"https:\/\/sites.usp.br\/grupoeaps\/wp-json\/wp\/v2\/users\/1157"}],"replies":[{"embeddable":true,"href":"https:\/\/sites.usp.br\/grupoeaps\/wp-json\/wp\/v2\/comments?post=1548"}],"version-history":[{"count":4,"href":"https:\/\/sites.usp.br\/grupoeaps\/wp-json\/wp\/v2\/pages\/1548\/revisions"}],"predecessor-version":[{"id":1585,"href":"https:\/\/sites.usp.br\/grupoeaps\/wp-json\/wp\/v2\/pages\/1548\/revisions\/1585"}],"wp:attachment":[{"href":"https:\/\/sites.usp.br\/grupoeaps\/wp-json\/wp\/v2\/media?parent=1548"}],"curies":[{"name":"wp","href":"https:\/\/api.w.org\/{rel}","templated":true}]}}