{"id":1587,"date":"2023-10-20T10:41:15","date_gmt":"2023-10-20T12:41:15","guid":{"rendered":"https:\/\/sites.usp.br\/grupoeaps\/?page_id=1587"},"modified":"2023-10-25T19:35:25","modified_gmt":"2023-10-25T21:35:25","slug":"acervo","status":"publish","type":"page","link":"https:\/\/sites.usp.br\/grupoeaps\/acervo\/","title":{"rendered":"Acervo"},"content":{"rendered":"<p>&nbsp;<\/p>\n<p><img loading=\"lazy\" decoding=\"async\" class=\"aligncenter wp-image-1597 size-full\" src=\"https:\/\/sites.usp.br\/grupoeaps\/wp-content\/uploads\/sites\/604\/2023\/10\/IMG_0129-scaled.jpeg\" alt=\"\" width=\"2560\" height=\"1920\" srcset=\"https:\/\/sites.usp.br\/grupoeaps\/wp-content\/uploads\/sites\/604\/2023\/10\/IMG_0129-scaled.jpeg 2560w, https:\/\/sites.usp.br\/grupoeaps\/wp-content\/uploads\/sites\/604\/2023\/10\/IMG_0129-300x225.jpeg 300w, https:\/\/sites.usp.br\/grupoeaps\/wp-content\/uploads\/sites\/604\/2023\/10\/IMG_0129-1024x768.jpeg 1024w, https:\/\/sites.usp.br\/grupoeaps\/wp-content\/uploads\/sites\/604\/2023\/10\/IMG_0129-768x576.jpeg 768w, https:\/\/sites.usp.br\/grupoeaps\/wp-content\/uploads\/sites\/604\/2023\/10\/IMG_0129-1536x1152.jpeg 1536w, https:\/\/sites.usp.br\/grupoeaps\/wp-content\/uploads\/sites\/604\/2023\/10\/IMG_0129-2048x1536.jpeg 2048w, https:\/\/sites.usp.br\/grupoeaps\/wp-content\/uploads\/sites\/604\/2023\/10\/IMG_0129-285x214.jpeg 285w, https:\/\/sites.usp.br\/grupoeaps\/wp-content\/uploads\/sites\/604\/2023\/10\/IMG_0129-80x60.jpeg 80w, https:\/\/sites.usp.br\/grupoeaps\/wp-content\/uploads\/sites\/604\/2023\/10\/IMG_0129-400x300.jpeg 400w\" sizes=\"auto, (max-width: 2560px) 100vw, 2560px\" \/><\/p>\n<p style=\"text-align: right;\">Modelo desconhecida<\/p>\n<p style=\"text-align: right;\">Foto: Andrea Lopes<\/p>\n<p>&nbsp;<\/p>\n<p>No perfil do EAPS \u00a0na plataforma Internet Archive o grupo disponibiliza gratuitamente todos os materiais de acesso p\u00fablico que possui no seu acervo aos interessados em conhecer mais sobre o debate e a produ\u00e7\u00e3o nacional e internacional a respeito do tema Apar\u00eancia e correlatos.<\/p>\n<p>A organiza\u00e7\u00e3o do material e a cria\u00e7\u00e3o do perfil foram resultado dos esfor\u00e7os da bolsista PUB USP Brenda Carvalho de Andrade, com a colabora\u00e7\u00e3o volunt\u00e1ria dos igualmente Eapianos Gabriella Silva Dias e Cristiano de Assis, sob supervis\u00e3o da Profa. Dra. Andrea Lopes.<\/p>\n<p>Para ter acesso, <a href=\"https:\/\/archive.org\/details\/@acervo_eaps\" target=\"_blank\" rel=\"noopener\">clique aqui<\/a>.<\/p>\n","protected":false},"excerpt":{"rendered":"<p>&nbsp; Modelo desconhecida Foto: Andrea Lopes &nbsp; No perfil do EAPS \u00a0na plataforma Internet Archive o grupo disponibiliza gratuitamente todos os materiais de acesso p\u00fablico que possui no seu acervo aos interessados em conhecer mais sobre o debate e a produ\u00e7\u00e3o nacional e internacional a respeito do tema Apar\u00eancia e correlatos. A organiza\u00e7\u00e3o do material<a href=\"https:\/\/sites.usp.br\/grupoeaps\/acervo\/\">[&#8230;]<\/a><\/p>\n","protected":false},"author":1157,"featured_media":0,"parent":0,"menu_order":0,"comment_status":"closed","ping_status":"closed","template":"","meta":{"_monsterinsights_skip_tracking":false,"_monsterinsights_sitenote_active":false,"_monsterinsights_sitenote_note":"","_monsterinsights_sitenote_category":0,"footnotes":"","_links_to":"","_links_to_target":""},"class_list":["post-1587","page","type-page","status-publish","hentry"],"_links":{"self":[{"href":"https:\/\/sites.usp.br\/grupoeaps\/wp-json\/wp\/v2\/pages\/1587","targetHints":{"allow":["GET"]}}],"collection":[{"href":"https:\/\/sites.usp.br\/grupoeaps\/wp-json\/wp\/v2\/pages"}],"about":[{"href":"https:\/\/sites.usp.br\/grupoeaps\/wp-json\/wp\/v2\/types\/page"}],"author":[{"embeddable":true,"href":"https:\/\/sites.usp.br\/grupoeaps\/wp-json\/wp\/v2\/users\/1157"}],"replies":[{"embeddable":true,"href":"https:\/\/sites.usp.br\/grupoeaps\/wp-json\/wp\/v2\/comments?post=1587"}],"version-history":[{"count":5,"href":"https:\/\/sites.usp.br\/grupoeaps\/wp-json\/wp\/v2\/pages\/1587\/revisions"}],"predecessor-version":[{"id":1604,"href":"https:\/\/sites.usp.br\/grupoeaps\/wp-json\/wp\/v2\/pages\/1587\/revisions\/1604"}],"wp:attachment":[{"href":"https:\/\/sites.usp.br\/grupoeaps\/wp-json\/wp\/v2\/media?parent=1587"}],"curies":[{"name":"wp","href":"https:\/\/api.w.org\/{rel}","templated":true}]}}