{"id":1642,"date":"2023-12-14T11:55:26","date_gmt":"2023-12-14T13:55:26","guid":{"rendered":"https:\/\/sites.usp.br\/grupoeaps\/?page_id=1642"},"modified":"2023-12-21T06:07:55","modified_gmt":"2023-12-21T08:07:55","slug":"etarismo-na-midia","status":"publish","type":"page","link":"https:\/\/sites.usp.br\/grupoeaps\/etarismo-na-midia\/","title":{"rendered":"Etarismo na m\u00eddia"},"content":{"rendered":"<p>&nbsp;<\/p>\n<p><img loading=\"lazy\" decoding=\"async\" class=\"aligncenter wp-image-1643 size-full\" src=\"https:\/\/sites.usp.br\/grupoeaps\/wp-content\/uploads\/sites\/604\/2023\/12\/Evento-Karina.jpg\" alt=\"\" width=\"1024\" height=\"1024\" srcset=\"https:\/\/sites.usp.br\/grupoeaps\/wp-content\/uploads\/sites\/604\/2023\/12\/Evento-Karina.jpg 1024w, https:\/\/sites.usp.br\/grupoeaps\/wp-content\/uploads\/sites\/604\/2023\/12\/Evento-Karina-300x300.jpg 300w, https:\/\/sites.usp.br\/grupoeaps\/wp-content\/uploads\/sites\/604\/2023\/12\/Evento-Karina-150x150.jpg 150w, https:\/\/sites.usp.br\/grupoeaps\/wp-content\/uploads\/sites\/604\/2023\/12\/Evento-Karina-768x768.jpg 768w, https:\/\/sites.usp.br\/grupoeaps\/wp-content\/uploads\/sites\/604\/2023\/12\/Evento-Karina-250x250.jpg 250w, https:\/\/sites.usp.br\/grupoeaps\/wp-content\/uploads\/sites\/604\/2023\/12\/Evento-Karina-174x174.jpg 174w, https:\/\/sites.usp.br\/grupoeaps\/wp-content\/uploads\/sites\/604\/2023\/12\/Evento-Karina-45x45.jpg 45w, https:\/\/sites.usp.br\/grupoeaps\/wp-content\/uploads\/sites\/604\/2023\/12\/Evento-Karina-200x200.jpg 200w, https:\/\/sites.usp.br\/grupoeaps\/wp-content\/uploads\/sites\/604\/2023\/12\/Evento-Karina-400x400.jpg 400w\" sizes=\"auto, (max-width: 1024px) 100vw, 1024px\" \/><\/p>\n<p>&nbsp;<\/p>\n<p>Palestra sobre a tem\u00e1tica etarismo na m\u00eddia apresentada pela colaboradora do EAPS Karina Almeida no webin\u00e1rio organizado pela parceria entre a Unipesp e o IEAC.<\/p>\n<p>Para acompanhar a discuss\u00e3o, <a href=\"https:\/\/www.youtube.com\/watch?v=YtF1lMt22OU\" target=\"_blank\" rel=\"noopener\">clique aqui<\/a>.<\/p>\n","protected":false},"excerpt":{"rendered":"<p>&nbsp; &nbsp; Palestra sobre a tem\u00e1tica etarismo na m\u00eddia apresentada pela colaboradora do EAPS Karina Almeida no webin\u00e1rio organizado pela parceria entre a Unipesp e o IEAC. Para acompanhar a discuss\u00e3o, clique aqui.<\/p>\n","protected":false},"author":1157,"featured_media":0,"parent":0,"menu_order":0,"comment_status":"closed","ping_status":"closed","template":"","meta":{"_monsterinsights_skip_tracking":false,"_monsterinsights_sitenote_active":false,"_monsterinsights_sitenote_note":"","_monsterinsights_sitenote_category":0,"footnotes":"","_links_to":"","_links_to_target":""},"class_list":["post-1642","page","type-page","status-publish","hentry"],"_links":{"self":[{"href":"https:\/\/sites.usp.br\/grupoeaps\/wp-json\/wp\/v2\/pages\/1642","targetHints":{"allow":["GET"]}}],"collection":[{"href":"https:\/\/sites.usp.br\/grupoeaps\/wp-json\/wp\/v2\/pages"}],"about":[{"href":"https:\/\/sites.usp.br\/grupoeaps\/wp-json\/wp\/v2\/types\/page"}],"author":[{"embeddable":true,"href":"https:\/\/sites.usp.br\/grupoeaps\/wp-json\/wp\/v2\/users\/1157"}],"replies":[{"embeddable":true,"href":"https:\/\/sites.usp.br\/grupoeaps\/wp-json\/wp\/v2\/comments?post=1642"}],"version-history":[{"count":2,"href":"https:\/\/sites.usp.br\/grupoeaps\/wp-json\/wp\/v2\/pages\/1642\/revisions"}],"predecessor-version":[{"id":1647,"href":"https:\/\/sites.usp.br\/grupoeaps\/wp-json\/wp\/v2\/pages\/1642\/revisions\/1647"}],"wp:attachment":[{"href":"https:\/\/sites.usp.br\/grupoeaps\/wp-json\/wp\/v2\/media?parent=1642"}],"curies":[{"name":"wp","href":"https:\/\/api.w.org\/{rel}","templated":true}]}}