{"id":1709,"date":"2024-04-15T12:58:04","date_gmt":"2024-04-15T14:58:04","guid":{"rendered":"https:\/\/sites.usp.br\/grupoeaps\/?page_id=1709"},"modified":"2024-04-15T12:59:13","modified_gmt":"2024-04-15T14:59:13","slug":"envelhecimento-e-aparencia-2","status":"publish","type":"page","link":"https:\/\/sites.usp.br\/grupoeaps\/envelhecimento-e-aparencia-2\/","title":{"rendered":"Envelhecimento e Apar\u00eancia"},"content":{"rendered":"<div>\n<p align=\"right\"><img loading=\"lazy\" decoding=\"async\" class=\"aligncenter wp-image-1711 size-full\" src=\"https:\/\/sites.usp.br\/grupoeaps\/wp-content\/uploads\/sites\/604\/2024\/04\/2019.-Palestra-_-Envelhecimento-e-Aparencia-_II-COINCIEN-Sao-Judas-2-rotated.jpeg\" alt=\"\" width=\"2016\" height=\"1512\" srcset=\"https:\/\/sites.usp.br\/grupoeaps\/wp-content\/uploads\/sites\/604\/2024\/04\/2019.-Palestra-_-Envelhecimento-e-Aparencia-_II-COINCIEN-Sao-Judas-2-rotated.jpeg 2016w, https:\/\/sites.usp.br\/grupoeaps\/wp-content\/uploads\/sites\/604\/2024\/04\/2019.-Palestra-_-Envelhecimento-e-Aparencia-_II-COINCIEN-Sao-Judas-2-300x225.jpeg 300w, https:\/\/sites.usp.br\/grupoeaps\/wp-content\/uploads\/sites\/604\/2024\/04\/2019.-Palestra-_-Envelhecimento-e-Aparencia-_II-COINCIEN-Sao-Judas-2-1024x768.jpeg 1024w, https:\/\/sites.usp.br\/grupoeaps\/wp-content\/uploads\/sites\/604\/2024\/04\/2019.-Palestra-_-Envelhecimento-e-Aparencia-_II-COINCIEN-Sao-Judas-2-768x576.jpeg 768w, https:\/\/sites.usp.br\/grupoeaps\/wp-content\/uploads\/sites\/604\/2024\/04\/2019.-Palestra-_-Envelhecimento-e-Aparencia-_II-COINCIEN-Sao-Judas-2-1536x1152.jpeg 1536w, https:\/\/sites.usp.br\/grupoeaps\/wp-content\/uploads\/sites\/604\/2024\/04\/2019.-Palestra-_-Envelhecimento-e-Aparencia-_II-COINCIEN-Sao-Judas-2-285x214.jpeg 285w, https:\/\/sites.usp.br\/grupoeaps\/wp-content\/uploads\/sites\/604\/2024\/04\/2019.-Palestra-_-Envelhecimento-e-Aparencia-_II-COINCIEN-Sao-Judas-2-80x60.jpeg 80w, https:\/\/sites.usp.br\/grupoeaps\/wp-content\/uploads\/sites\/604\/2024\/04\/2019.-Palestra-_-Envelhecimento-e-Aparencia-_II-COINCIEN-Sao-Judas-2-400x300.jpeg 400w\" sizes=\"auto, (max-width: 2016px) 100vw, 2016px\" \/><\/p>\n<p style=\"text-align: right;\" align=\"right\">Profa. Dra. Andrea Lopes<\/p>\n<\/div>\n<div>\n<p style=\"text-align: right;\" align=\"right\">Foto: Profa. Dra. Marta Bastos<\/p>\n<\/div>\n<div>\n<p>&nbsp;<\/p>\n<\/div>\n<div>\n<p>Participa\u00e7\u00e3o da Profa. Dra. Andrea Lopes como palestrante no II Congresso Nacional em Ci\u00eancias do Envelhecimento, no dia 13 de abril de 2024, na Universidade S\u00e3o Judas Tadeu, S\u00e3o Paulo. A palestra tratou sobre o tema Envelhecimento e Apar\u00eancia. O evento foi organizado pelo Programa de P\u00f3s-Gradua\u00e7\u00e3o em Ci\u00eancias do Envelhecimento.<\/p>\n<\/div>\n<p style=\"text-align: right;\">\n","protected":false},"excerpt":{"rendered":"<p>Profa. Dra. Andrea Lopes Foto: Profa. Dra. Marta Bastos &nbsp; Participa\u00e7\u00e3o da Profa. Dra. Andrea Lopes como palestrante no II Congresso Nacional em Ci\u00eancias do Envelhecimento, no dia 13 de abril de 2024, na Universidade S\u00e3o Judas Tadeu, S\u00e3o Paulo. A palestra tratou sobre o tema Envelhecimento e Apar\u00eancia. O evento foi organizado pelo Programa<a href=\"https:\/\/sites.usp.br\/grupoeaps\/envelhecimento-e-aparencia-2\/\">[&#8230;]<\/a><\/p>\n","protected":false},"author":1157,"featured_media":0,"parent":0,"menu_order":0,"comment_status":"closed","ping_status":"closed","template":"","meta":{"_monsterinsights_skip_tracking":false,"_monsterinsights_sitenote_active":false,"_monsterinsights_sitenote_note":"","_monsterinsights_sitenote_category":0,"footnotes":"","_links_to":"","_links_to_target":""},"class_list":["post-1709","page","type-page","status-publish","hentry"],"_links":{"self":[{"href":"https:\/\/sites.usp.br\/grupoeaps\/wp-json\/wp\/v2\/pages\/1709","targetHints":{"allow":["GET"]}}],"collection":[{"href":"https:\/\/sites.usp.br\/grupoeaps\/wp-json\/wp\/v2\/pages"}],"about":[{"href":"https:\/\/sites.usp.br\/grupoeaps\/wp-json\/wp\/v2\/types\/page"}],"author":[{"embeddable":true,"href":"https:\/\/sites.usp.br\/grupoeaps\/wp-json\/wp\/v2\/users\/1157"}],"replies":[{"embeddable":true,"href":"https:\/\/sites.usp.br\/grupoeaps\/wp-json\/wp\/v2\/comments?post=1709"}],"version-history":[{"count":2,"href":"https:\/\/sites.usp.br\/grupoeaps\/wp-json\/wp\/v2\/pages\/1709\/revisions"}],"predecessor-version":[{"id":1714,"href":"https:\/\/sites.usp.br\/grupoeaps\/wp-json\/wp\/v2\/pages\/1709\/revisions\/1714"}],"wp:attachment":[{"href":"https:\/\/sites.usp.br\/grupoeaps\/wp-json\/wp\/v2\/media?parent=1709"}],"curies":[{"name":"wp","href":"https:\/\/api.w.org\/{rel}","templated":true}]}}