{"id":1924,"date":"2024-09-22T08:06:07","date_gmt":"2024-09-22T10:06:07","guid":{"rendered":"https:\/\/sites.usp.br\/grupoeaps\/?page_id=1924"},"modified":"2024-09-22T08:07:29","modified_gmt":"2024-09-22T10:07:29","slug":"moda-velhice-e-aparencia","status":"publish","type":"page","link":"https:\/\/sites.usp.br\/grupoeaps\/moda-velhice-e-aparencia\/","title":{"rendered":"Moda, velhice e apar\u00eancia"},"content":{"rendered":"<p>&nbsp;<\/p>\n<p><img loading=\"lazy\" decoding=\"async\" class=\"aligncenter wp-image-1925 size-full\" src=\"https:\/\/sites.usp.br\/grupoeaps\/wp-content\/uploads\/sites\/604\/2024\/09\/WhatsApp-Image-2024-03-09-at-16.27.31.jpeg\" alt=\"\" width=\"540\" height=\"540\" srcset=\"https:\/\/sites.usp.br\/grupoeaps\/wp-content\/uploads\/sites\/604\/2024\/09\/WhatsApp-Image-2024-03-09-at-16.27.31.jpeg 540w, https:\/\/sites.usp.br\/grupoeaps\/wp-content\/uploads\/sites\/604\/2024\/09\/WhatsApp-Image-2024-03-09-at-16.27.31-300x300.jpeg 300w, https:\/\/sites.usp.br\/grupoeaps\/wp-content\/uploads\/sites\/604\/2024\/09\/WhatsApp-Image-2024-03-09-at-16.27.31-150x150.jpeg 150w, https:\/\/sites.usp.br\/grupoeaps\/wp-content\/uploads\/sites\/604\/2024\/09\/WhatsApp-Image-2024-03-09-at-16.27.31-250x250.jpeg 250w, https:\/\/sites.usp.br\/grupoeaps\/wp-content\/uploads\/sites\/604\/2024\/09\/WhatsApp-Image-2024-03-09-at-16.27.31-174x174.jpeg 174w, https:\/\/sites.usp.br\/grupoeaps\/wp-content\/uploads\/sites\/604\/2024\/09\/WhatsApp-Image-2024-03-09-at-16.27.31-45x45.jpeg 45w, https:\/\/sites.usp.br\/grupoeaps\/wp-content\/uploads\/sites\/604\/2024\/09\/WhatsApp-Image-2024-03-09-at-16.27.31-200x200.jpeg 200w, https:\/\/sites.usp.br\/grupoeaps\/wp-content\/uploads\/sites\/604\/2024\/09\/WhatsApp-Image-2024-03-09-at-16.27.31-400x400.jpeg 400w\" sizes=\"auto, (max-width: 540px) 100vw, 540px\" \/><\/p>\n<p>&nbsp;<\/p>\n<p>Participa\u00e7\u00e3o do grupo EAPS no <a href=\"https:\/\/coloquiomoda.com.br\" target=\"_blank\" rel=\"noopener\">19o. Col\u00f3quio de Moda<\/a>, promovido pela Associa\u00e7\u00e3o Brasileira dos Estudos e Pesquisas em Moda (<a href=\"https:\/\/www.abepem.org\" target=\"_blank\" rel=\"noopener\">Abepem<\/a>), apresentando o projeto de pesquisa <a href=\"https:\/\/sites.usp.br\/grupoeaps\/pesquisa\/\" target=\"_blank\" rel=\"noopener\">Moda, velhice e apar\u00eancia: uma revis\u00e3o integrativa<\/a>.<\/p>\n","protected":false},"excerpt":{"rendered":"<p>&nbsp; &nbsp; Participa\u00e7\u00e3o do grupo EAPS no 19o. Col\u00f3quio de Moda, promovido pela Associa\u00e7\u00e3o Brasileira dos Estudos e Pesquisas em Moda (Abepem), apresentando o projeto de pesquisa Moda, velhice e apar\u00eancia: uma revis\u00e3o integrativa.<\/p>\n","protected":false},"author":1157,"featured_media":0,"parent":0,"menu_order":0,"comment_status":"closed","ping_status":"closed","template":"","meta":{"_monsterinsights_skip_tracking":false,"_monsterinsights_sitenote_active":false,"_monsterinsights_sitenote_note":"","_monsterinsights_sitenote_category":0,"footnotes":"","_links_to":"","_links_to_target":""},"class_list":["post-1924","page","type-page","status-publish","hentry"],"_links":{"self":[{"href":"https:\/\/sites.usp.br\/grupoeaps\/wp-json\/wp\/v2\/pages\/1924","targetHints":{"allow":["GET"]}}],"collection":[{"href":"https:\/\/sites.usp.br\/grupoeaps\/wp-json\/wp\/v2\/pages"}],"about":[{"href":"https:\/\/sites.usp.br\/grupoeaps\/wp-json\/wp\/v2\/types\/page"}],"author":[{"embeddable":true,"href":"https:\/\/sites.usp.br\/grupoeaps\/wp-json\/wp\/v2\/users\/1157"}],"replies":[{"embeddable":true,"href":"https:\/\/sites.usp.br\/grupoeaps\/wp-json\/wp\/v2\/comments?post=1924"}],"version-history":[{"count":2,"href":"https:\/\/sites.usp.br\/grupoeaps\/wp-json\/wp\/v2\/pages\/1924\/revisions"}],"predecessor-version":[{"id":1927,"href":"https:\/\/sites.usp.br\/grupoeaps\/wp-json\/wp\/v2\/pages\/1924\/revisions\/1927"}],"wp:attachment":[{"href":"https:\/\/sites.usp.br\/grupoeaps\/wp-json\/wp\/v2\/media?parent=1924"}],"curies":[{"name":"wp","href":"https:\/\/api.w.org\/{rel}","templated":true}]}}