{"id":1941,"date":"2025-02-17T16:00:48","date_gmt":"2025-02-17T18:00:48","guid":{"rendered":"https:\/\/sites.usp.br\/grupoeaps\/?page_id=1941"},"modified":"2025-02-17T16:09:37","modified_gmt":"2025-02-17T18:09:37","slug":"cabelos-brancos-e-grisalhos-sem-tabu","status":"publish","type":"page","link":"https:\/\/sites.usp.br\/grupoeaps\/cabelos-brancos-e-grisalhos-sem-tabu\/","title":{"rendered":"Cabelos brancos e grisalhos sem tabu"},"content":{"rendered":"<p>&nbsp;<\/p>\n<p><img loading=\"lazy\" decoding=\"async\" class=\"aligncenter wp-image-1942 size-full\" src=\"https:\/\/sites.usp.br\/grupoeaps\/wp-content\/uploads\/sites\/604\/2025\/02\/Modelos-esquerda-para-direita-fileira-superior-Brenda-Carvalho-de-Andrade-e-Barbara-Aires-com-as-participantes-do-evento-Foto-Autor-desconhecido.jpeg\" alt=\"\" width=\"1280\" height=\"960\" srcset=\"https:\/\/sites.usp.br\/grupoeaps\/wp-content\/uploads\/sites\/604\/2025\/02\/Modelos-esquerda-para-direita-fileira-superior-Brenda-Carvalho-de-Andrade-e-Barbara-Aires-com-as-participantes-do-evento-Foto-Autor-desconhecido.jpeg 1280w, https:\/\/sites.usp.br\/grupoeaps\/wp-content\/uploads\/sites\/604\/2025\/02\/Modelos-esquerda-para-direita-fileira-superior-Brenda-Carvalho-de-Andrade-e-Barbara-Aires-com-as-participantes-do-evento-Foto-Autor-desconhecido-300x225.jpeg 300w, https:\/\/sites.usp.br\/grupoeaps\/wp-content\/uploads\/sites\/604\/2025\/02\/Modelos-esquerda-para-direita-fileira-superior-Brenda-Carvalho-de-Andrade-e-Barbara-Aires-com-as-participantes-do-evento-Foto-Autor-desconhecido-1024x768.jpeg 1024w, https:\/\/sites.usp.br\/grupoeaps\/wp-content\/uploads\/sites\/604\/2025\/02\/Modelos-esquerda-para-direita-fileira-superior-Brenda-Carvalho-de-Andrade-e-Barbara-Aires-com-as-participantes-do-evento-Foto-Autor-desconhecido-768x576.jpeg 768w, https:\/\/sites.usp.br\/grupoeaps\/wp-content\/uploads\/sites\/604\/2025\/02\/Modelos-esquerda-para-direita-fileira-superior-Brenda-Carvalho-de-Andrade-e-Barbara-Aires-com-as-participantes-do-evento-Foto-Autor-desconhecido-285x214.jpeg 285w, https:\/\/sites.usp.br\/grupoeaps\/wp-content\/uploads\/sites\/604\/2025\/02\/Modelos-esquerda-para-direita-fileira-superior-Brenda-Carvalho-de-Andrade-e-Barbara-Aires-com-as-participantes-do-evento-Foto-Autor-desconhecido-80x60.jpeg 80w, https:\/\/sites.usp.br\/grupoeaps\/wp-content\/uploads\/sites\/604\/2025\/02\/Modelos-esquerda-para-direita-fileira-superior-Brenda-Carvalho-de-Andrade-e-Barbara-Aires-com-as-participantes-do-evento-Foto-Autor-desconhecido-400x300.jpeg 400w\" sizes=\"auto, (max-width: 1280px) 100vw, 1280px\" \/><\/p>\n<p>Modelos: (esquerda para direita, fileira superior) Brenda Carvalho de Andrade e B\u00e1rbara Aires com as participantes do evento. Foto: Autor desconhecido<\/p>\n<p>&nbsp;<\/p>\n<p>Workshop conduzido pela mestre B\u00e1rbara Aires, em colabora\u00e7\u00e3o com a estudante da gradua\u00e7\u00e3o em Gerontologia Brenda Carvalho, ambas integrantes do grupo EAPS.<\/p>\n<p>O evento ocorreu no dia 10 de setembro de 2024 no SESC S\u00e3o Caetano. Trouxe \u00e0 tona temas importantes como liberdade feminina, autenticidade e os cuidados essenciais para quem escolhe adotar os cabelos brancos e grisalhos com confian\u00e7a e estilo.<\/p>\n<p>&nbsp;<\/p>\n<p><img loading=\"lazy\" decoding=\"async\" class=\"aligncenter wp-image-1945 size-full\" src=\"https:\/\/sites.usp.br\/grupoeaps\/wp-content\/uploads\/sites\/604\/2025\/02\/Modelo_-Barbara-Aires-Foto_-Brenda-Carvalho.jpeg\" alt=\"\" width=\"1200\" height=\"1600\" srcset=\"https:\/\/sites.usp.br\/grupoeaps\/wp-content\/uploads\/sites\/604\/2025\/02\/Modelo_-Barbara-Aires-Foto_-Brenda-Carvalho.jpeg 1200w, https:\/\/sites.usp.br\/grupoeaps\/wp-content\/uploads\/sites\/604\/2025\/02\/Modelo_-Barbara-Aires-Foto_-Brenda-Carvalho-225x300.jpeg 225w, https:\/\/sites.usp.br\/grupoeaps\/wp-content\/uploads\/sites\/604\/2025\/02\/Modelo_-Barbara-Aires-Foto_-Brenda-Carvalho-768x1024.jpeg 768w, https:\/\/sites.usp.br\/grupoeaps\/wp-content\/uploads\/sites\/604\/2025\/02\/Modelo_-Barbara-Aires-Foto_-Brenda-Carvalho-1152x1536.jpeg 1152w, https:\/\/sites.usp.br\/grupoeaps\/wp-content\/uploads\/sites\/604\/2025\/02\/Modelo_-Barbara-Aires-Foto_-Brenda-Carvalho-400x533.jpeg 400w\" sizes=\"auto, (max-width: 1200px) 100vw, 1200px\" \/><\/p>\n<p style=\"text-align: right;\">Modelo: B\u00e1rbara Aires<\/p>\n<p style=\"text-align: right;\">Foto: Brenda Carvalho de Andrade<\/p>\n<p>&nbsp;<\/p>\n<p><img loading=\"lazy\" decoding=\"async\" class=\"aligncenter wp-image-1944 size-full\" src=\"https:\/\/sites.usp.br\/grupoeaps\/wp-content\/uploads\/sites\/604\/2025\/02\/Modelos_-Barbara-Aires-e-participantes-do-workshop-Foto_-Brenda-Carvalho.jpeg\" alt=\"\" width=\"1200\" height=\"1600\" srcset=\"https:\/\/sites.usp.br\/grupoeaps\/wp-content\/uploads\/sites\/604\/2025\/02\/Modelos_-Barbara-Aires-e-participantes-do-workshop-Foto_-Brenda-Carvalho.jpeg 1200w, https:\/\/sites.usp.br\/grupoeaps\/wp-content\/uploads\/sites\/604\/2025\/02\/Modelos_-Barbara-Aires-e-participantes-do-workshop-Foto_-Brenda-Carvalho-225x300.jpeg 225w, https:\/\/sites.usp.br\/grupoeaps\/wp-content\/uploads\/sites\/604\/2025\/02\/Modelos_-Barbara-Aires-e-participantes-do-workshop-Foto_-Brenda-Carvalho-768x1024.jpeg 768w, https:\/\/sites.usp.br\/grupoeaps\/wp-content\/uploads\/sites\/604\/2025\/02\/Modelos_-Barbara-Aires-e-participantes-do-workshop-Foto_-Brenda-Carvalho-1152x1536.jpeg 1152w, https:\/\/sites.usp.br\/grupoeaps\/wp-content\/uploads\/sites\/604\/2025\/02\/Modelos_-Barbara-Aires-e-participantes-do-workshop-Foto_-Brenda-Carvalho-400x533.jpeg 400w\" sizes=\"auto, (max-width: 1200px) 100vw, 1200px\" \/><\/p>\n<p>Modelos: B\u00e1rbara Aires e participantes do workshop<\/p>\n<p>Foto: Brenda Carvalho de Andrade<\/p>\n<p>&nbsp;<\/p>\n<p>&nbsp;<\/p>\n<p>&nbsp;<\/p>\n","protected":false},"excerpt":{"rendered":"<p>&nbsp; Modelos: (esquerda para direita, fileira superior) Brenda Carvalho de Andrade e B\u00e1rbara Aires com as participantes do evento. Foto: Autor desconhecido &nbsp; Workshop conduzido pela mestre B\u00e1rbara Aires, em colabora\u00e7\u00e3o com a estudante da gradua\u00e7\u00e3o em Gerontologia Brenda Carvalho, ambas integrantes do grupo EAPS. O evento ocorreu no dia 10 de setembro de 2024<a href=\"https:\/\/sites.usp.br\/grupoeaps\/cabelos-brancos-e-grisalhos-sem-tabu\/\">[&#8230;]<\/a><\/p>\n","protected":false},"author":1157,"featured_media":0,"parent":0,"menu_order":0,"comment_status":"closed","ping_status":"closed","template":"","meta":{"_monsterinsights_skip_tracking":false,"_monsterinsights_sitenote_active":false,"_monsterinsights_sitenote_note":"","_monsterinsights_sitenote_category":0,"footnotes":"","_links_to":"","_links_to_target":""},"class_list":["post-1941","page","type-page","status-publish","hentry"],"_links":{"self":[{"href":"https:\/\/sites.usp.br\/grupoeaps\/wp-json\/wp\/v2\/pages\/1941","targetHints":{"allow":["GET"]}}],"collection":[{"href":"https:\/\/sites.usp.br\/grupoeaps\/wp-json\/wp\/v2\/pages"}],"about":[{"href":"https:\/\/sites.usp.br\/grupoeaps\/wp-json\/wp\/v2\/types\/page"}],"author":[{"embeddable":true,"href":"https:\/\/sites.usp.br\/grupoeaps\/wp-json\/wp\/v2\/users\/1157"}],"replies":[{"embeddable":true,"href":"https:\/\/sites.usp.br\/grupoeaps\/wp-json\/wp\/v2\/comments?post=1941"}],"version-history":[{"count":3,"href":"https:\/\/sites.usp.br\/grupoeaps\/wp-json\/wp\/v2\/pages\/1941\/revisions"}],"predecessor-version":[{"id":1947,"href":"https:\/\/sites.usp.br\/grupoeaps\/wp-json\/wp\/v2\/pages\/1941\/revisions\/1947"}],"wp:attachment":[{"href":"https:\/\/sites.usp.br\/grupoeaps\/wp-json\/wp\/v2\/media?parent=1941"}],"curies":[{"name":"wp","href":"https:\/\/api.w.org\/{rel}","templated":true}]}}