{"id":261,"date":"2019-11-01T18:47:41","date_gmt":"2019-11-01T20:47:41","guid":{"rendered":"https:\/\/sites.usp.br\/grupoeaps\/?page_id=261"},"modified":"2025-07-07T14:29:50","modified_gmt":"2025-07-07T16:29:50","slug":"extensao","status":"publish","type":"page","link":"https:\/\/sites.usp.br\/grupoeaps\/extensao\/","title":{"rendered":"Extens\u00e3o"},"content":{"rendered":"<p>&nbsp;<\/p>\n<p><a href=\"https:\/\/sites.usp.br\/grupoeaps\/wp-content\/uploads\/sites\/604\/2019\/11\/foto-extens\u00e3o.jpg\"><img loading=\"lazy\" decoding=\"async\" class=\"alignnone wp-image-434 size-full\" src=\"https:\/\/sites.usp.br\/grupoeaps\/wp-content\/uploads\/sites\/604\/2019\/11\/foto-extens\u00e3o.jpg\" alt=\"\" width=\"960\" height=\"639\" srcset=\"https:\/\/sites.usp.br\/grupoeaps\/wp-content\/uploads\/sites\/604\/2019\/11\/foto-extens\u00e3o.jpg 960w, https:\/\/sites.usp.br\/grupoeaps\/wp-content\/uploads\/sites\/604\/2019\/11\/foto-extens\u00e3o-300x200.jpg 300w, https:\/\/sites.usp.br\/grupoeaps\/wp-content\/uploads\/sites\/604\/2019\/11\/foto-extens\u00e3o-768x511.jpg 768w, https:\/\/sites.usp.br\/grupoeaps\/wp-content\/uploads\/sites\/604\/2019\/11\/foto-extens\u00e3o-750x500.jpg 750w, https:\/\/sites.usp.br\/grupoeaps\/wp-content\/uploads\/sites\/604\/2019\/11\/foto-extens\u00e3o-272x182.jpg 272w, https:\/\/sites.usp.br\/grupoeaps\/wp-content\/uploads\/sites\/604\/2019\/11\/foto-extens\u00e3o-400x266.jpg 400w\" sizes=\"auto, (max-width: 960px) 100vw, 960px\" \/><\/a><\/p>\n<p style=\"text-align: right;\">Abertura da exposi\u00e7\u00e3o Tem velho na capa!<\/p>\n<p style=\"text-align: right;\">Foto: Cristiano de Assis<\/p>\n<p>O Grupo EAPS realiza e participa uma s\u00e9rie de a\u00e7\u00f5es de extens\u00e3o, incluindo palestras, oficinas, v\u00eddeos, entrevistas, eventos cient\u00edficos e exposi\u00e7\u00f5es.<\/p>\n<p>Na Universidade Aberta a Terceira Idade da EACH USP oferece a oficina semestral intitulada <a href=\"https:\/\/revistas.pucsp.br\/kairos\/article\/view\/2176-901X.2019v22iEspecial26p199-233\/30594\" target=\"_blank\" rel=\"noopener noreferrer\">Com que roupa eu vou?<\/a>, envolvendo pessoas acima de 60 anos, conjuntamente com alunos de gradua\u00e7\u00e3o e p\u00f3s-gradua\u00e7\u00e3o.<\/p>\n<p>Conhe\u00e7a as atividades j\u00e1 realizadas abaixo:<\/p>\n<p>&nbsp;<\/p>\n<p style=\"text-align: center;\"><strong>2017<\/strong><\/p>\n<p style=\"text-align: center;\"><a href=\"https:\/\/sites.usp.br\/grupoeaps\/a-diferenca-entre-velhice-versus-envelhecimento\/\" target=\"_blank\" rel=\"noopener noreferrer\">A diferen\u00e7a entre velhice versus envelhecimento<\/a><\/p>\n<p style=\"text-align: center;\"><a href=\"https:\/\/sites.usp.br\/grupoeaps\/o-mito-da-eterna-juventude\/\" target=\"_blank\" rel=\"noopener noreferrer\">O mito da eterna juventude<\/a><\/p>\n<p style=\"text-align: center;\"><span lang=\"en\"><a href=\"https:\/\/sites.usp.br\/grupoeaps\/trajetorias-de-vida-e-aparencia-2\/\" target=\"_blank\" rel=\"noopener noreferrer\">Trajet\u00f3rias de Vida e Apar\u00eancia<\/a>\u00a0<\/span><\/p>\n<p style=\"text-align: center;\"><a href=\"https:\/\/sites.usp.br\/grupoeaps\/envelhecimento-e-aparencia-no-contexto-das-ilpis\/\" target=\"_blank\" rel=\"noopener noreferrer\">Envelhecimento e Apar\u00eancia no contexto da ILPI&#8217;s<\/a><\/p>\n<p>&nbsp;<\/p>\n<p style=\"text-align: center;\"><strong>2018<\/strong><\/p>\n<p style=\"text-align: center;\"><a href=\"https:\/\/sites.usp.br\/grupoeaps\/tem-velho-na-capa\/\" target=\"_blank\" rel=\"noopener noreferrer\">Tem velho na capa!<\/a><\/p>\n<p style=\"text-align: center;\"><a href=\"https:\/\/sites.usp.br\/grupoeaps\/com-que-roupa-eu-vou\/\" target=\"_blank\" rel=\"noopener noreferrer\">Com que roupa eu vou?<\/a><\/p>\n<p style=\"text-align: center;\"><a href=\"https:\/\/sites.usp.br\/grupoeaps\/aparencia-e-preconceito-etario\/\" target=\"_blank\" rel=\"noopener noreferrer\">Apar\u00eancia e preconceito et\u00e1rio<\/a><\/p>\n<p style=\"text-align: center;\"><a href=\"https:\/\/sites.usp.br\/grupoeaps\/as-aparencias-nao-enganam\/\" target=\"_blank\" rel=\"noopener noreferrer\">As apar\u00eancias n\u00e3o enganam<\/a><\/p>\n<p style=\"text-align: center;\"><a href=\"https:\/\/sites.usp.br\/grupoeaps\/construcao-da-aparencia-e-significados\/\" target=\"_blank\" rel=\"noopener noreferrer\">Constru\u00e7\u00e3o da apar\u00eancia e significados<\/a><\/p>\n<p>&nbsp;<\/p>\n<p style=\"text-align: center;\"><strong>2019<\/strong><\/p>\n<p style=\"text-align: center;\"><a href=\"https:\/\/sites.usp.br\/grupoeaps\/i-seminario-de-pesquisa-do-eaps-usp\/\" target=\"_blank\" rel=\"noopener noreferrer\">I Semin\u00e1rio de Pesquisa do EAPS EACH USP<\/a><\/p>\n<p style=\"text-align: center;\"><a href=\"http:\/\/sites.usp.br\/grupoeaps\/galeria\/\" target=\"_blank\" rel=\"noopener noreferrer\">Poesia Fotogr\u00e1fica: Apar\u00eancia, Envelhecimento e Significado\u00a0<\/a><\/p>\n<p style=\"text-align: center;\"><a href=\"https:\/\/sites.usp.br\/grupoeaps\/divulga-each-usp\/\" target=\"_blank\" rel=\"noopener noreferrer\">Divulga EACH USP<\/a><\/p>\n<p style=\"text-align: center;\"><a href=\"https:\/\/sites.usp.br\/grupoeaps\/aparencia-comunicacao-e-expressao-social\/\" target=\"_blank\" rel=\"noopener noreferrer\">Apar\u00eancia: Comunica\u00e7\u00e3o e express\u00e3o social<\/a><\/p>\n<p style=\"text-align: center;\"><a href=\"https:\/\/sites.usp.br\/grupoeaps\/significados-e-construcao-da-aparencia-entre-vencedores-do-mister-ipgg-2017\/\" target=\"_blank\" rel=\"noopener noreferrer\">Significados e constru\u00e7\u00e3o da apar\u00eancia entre vencedores do Mister IPGG 2017<\/a><\/p>\n<p style=\"text-align: center;\"><a href=\"https:\/\/sites.usp.br\/grupoeaps\/envelhecimento-e-aparencia-a-experiencia-de-idosas-brasileiras-e-espanholas\/\" target=\"_blank\" rel=\"noopener noreferrer\">Envelhecimento e Apar\u00eancia: a experi\u00eancia de idosas brasileiras e espanholas<\/a><\/p>\n<p>&nbsp;<\/p>\n<p style=\"text-align: center;\"><strong>2020 <\/strong><\/p>\n<p style=\"text-align: center;\"><a href=\"https:\/\/sites.usp.br\/grupoeaps\/revolucao-grisalha-tente-ser-voce-mesmo\/\" target=\"_blank\" rel=\"noopener noreferrer\">Revolu\u00e7\u00e3o Grisalha: tente ser voc\u00ea mesmo!\u00a0<\/a><\/p>\n<p style=\"text-align: center;\"><a href=\"https:\/\/sites.usp.br\/grupoeaps\/isolamento-tras-mudanca-de-habito-para-quem-tingia-os-cabelos-brancos\/\" target=\"_blank\" rel=\"noopener noreferrer\">COVID-19, isolamento social e cabelos brancos<\/a><\/p>\n<p style=\"text-align: center;\"><a href=\"https:\/\/sites.usp.br\/grupoeaps\/travessia-each-usp-2020\/\" target=\"_blank\" rel=\"noopener noreferrer\">Travessia EACH USP 2020\u00a0<\/a><\/p>\n<p style=\"text-align: center;\"><a href=\"https:\/\/sites.usp.br\/grupoeaps\/reflexoes-sobre-os-estereotipos-do-envelhecimento-por-meio-da-arte\/\" target=\"_blank\" rel=\"noopener noreferrer\">Envelhecimento, estere\u00f3tipos e arte<\/a><\/p>\n<p style=\"text-align: center;\"><a href=\"https:\/\/sites.usp.br\/grupoeaps\/como-se-manter-em-equilibrio-envelhecimento-e-aparencia\/\" target=\"_blank\" rel=\"noopener noreferrer\">Como se manter em equil\u00edbrio: Envelhecimento e Apar\u00eancia\u00a0<\/a><\/p>\n<p>&nbsp;<\/p>\n<p style=\"text-align: center;\"><strong>2021<\/strong><\/p>\n<p style=\"text-align: center;\"><a href=\"https:\/\/sites.usp.br\/grupoeaps\/envelhecimento-e-velhice-reflexoes-sobre-aparencia-e-moda\/\" target=\"_blank\" rel=\"noopener noreferrer\">Envelhecimento e velhice: reflex\u00f5es sobre apar\u00eancia e moda<\/a><\/p>\n<p style=\"text-align: center;\"><a href=\"https:\/\/sites.usp.br\/grupoeaps\/causas-e-corpos-reais-moda-e-aparencias\/\" target=\"_blank\" rel=\"noopener noreferrer\">Causas e corpos reais, moda e apar\u00eancia<\/a><\/p>\n<p style=\"text-align: center;\"><a href=\"https:\/\/sites.usp.br\/grupoeaps\/wp-admin\/post.php?post=1266&amp;action=edit\" target=\"_blank\" rel=\"noopener\">Viol\u00eancia estrutural, apar\u00eancia e idadismo<\/a><\/p>\n<p style=\"text-align: center;\"><a href=\"https:\/\/sites.usp.br\/grupoeaps\/mitos-e-estereotipos-sobre-a-velhice-e-o-envelhecimento\/\" target=\"_blank\" rel=\"noopener noreferrer\">Mitos e estere\u00f3tipos sobre a velhice e o envelhecimento<\/a><\/p>\n<p>&nbsp;<\/p>\n<p style=\"text-align: center;\"><strong>2022<\/strong><\/p>\n<p style=\"text-align: center;\"><a href=\"https:\/\/sites.usp.br\/grupoeaps\/envelhecimento-e-aparencia\/\" target=\"_blank\" rel=\"noopener\">Envelhecimento e Apar\u00eancia<\/a><\/p>\n<p style=\"text-align: center;\"><a href=\"https:\/\/sites.usp.br\/grupoeaps\/envelhecimento-e-aparencia-a-potencia-da-diferenca\/\" target=\"_blank\" rel=\"noopener\">Envelhecimento e Apar\u00eancia: Manifesto em 10 atos<\/a>!<\/p>\n<p style=\"text-align: center;\"><a href=\"https:\/\/sites.usp.br\/grupoeaps\/aparencia-e-revolucao-grisalha\/\" target=\"_blank\" rel=\"noopener\">Apar\u00eancia e Revolu\u00e7\u00e3o Grisalha<\/a><\/p>\n<p>&nbsp;<\/p>\n<p style=\"text-align: center;\"><strong>2023<\/strong><\/p>\n<p style=\"text-align: center;\"><a href=\"https:\/\/sites.usp.br\/grupoeaps\/mulheres-se-apoiando-para-grisalhar\/\" target=\"_blank\" rel=\"noopener\">Mulheres se apoiando para grisalhar!<\/a><\/p>\n<p style=\"text-align: center;\"><a href=\"https:\/\/sites.usp.br\/grupoeaps\/mulheres-na-idade-media-2\/\" target=\"_blank\" rel=\"noopener\">Mulheres na idade m\u00e9dia<\/a><\/p>\n<p style=\"text-align: center;\"><a href=\"https:\/\/sites.usp.br\/grupoeaps\/representacoes-femininas-no-cinema-atual\/\" target=\"_blank\" rel=\"noopener\">Representa\u00e7\u00f5es femininas no cinema atual<\/a><\/p>\n<p style=\"text-align: center;\"><a href=\"https:\/\/sites.usp.br\/grupoeaps\/etarismo-na-midia\/\" target=\"_blank\" rel=\"noopener\">Etarismo na m\u00eddia<\/a><\/p>\n<p style=\"text-align: center;\"><a href=\"https:\/\/sites.usp.br\/grupoeaps\/envelhecimento-e-aparencia-no-campo-da-moda\/\" target=\"_blank\" rel=\"noopener\">Envelhecimento, apar\u00eancia e moda<\/a><\/p>\n<p style=\"text-align: center;\"><a href=\"https:\/\/sites.usp.br\/grupoeaps\/envelhecimento-aparencia-e-combate-ao-idadismo\/\" target=\"_blank\" rel=\"noopener\">Envelhecimento, apar\u00eancia e idadismo<\/a><\/p>\n<p style=\"text-align: center;\"><a href=\"https:\/\/sites.usp.br\/grupoeaps\/moda-aparencia-envelhecimento-e-velhice\/\" target=\"_blank\" rel=\"noopener\">Moda, apar\u00eancia, envelhecimento e velhice<\/a><\/p>\n<p style=\"text-align: center;\"><a href=\"https:\/\/sites.usp.br\/grupoeaps\/aparencia-e-revolucao-grisalha-2\/\" target=\"_blank\" rel=\"noopener\">Apar\u00eancia e revolu\u00e7\u00e3o grisalha<\/a><\/p>\n<p style=\"text-align: center;\"><a href=\"https:\/\/sites.usp.br\/grupoeaps\/mulheres-grisalhas-liberdade-ou-novo-aprisionamento-de-padroes-esteticos\/\" target=\"_blank\" rel=\"noopener\">Mulheres grisalhas: liberdade ou novo aprisionamento de padr\u00f5es est\u00e9ticos?<\/a><\/p>\n<p style=\"text-align: center;\"><a href=\"https:\/\/sites.usp.br\/grupoeaps\/coloracao-pessoal-para-mulheres-de-cabelo-branco-e-grisalho\/\" target=\"_blank\" rel=\"noopener\">Colora\u00e7\u00e3o pessoal para mulheres de cabelo branco e grisalho<\/a><\/p>\n<p style=\"text-align: center;\"><a href=\"https:\/\/sites.usp.br\/grupoeaps\/workshop-de-cabelos-grisalhos\/\" target=\"_blank\" rel=\"noopener\">Workshop de cabelos grisalhos<\/a><\/p>\n<p style=\"text-align: center;\"><a href=\"https:\/\/sites.usp.br\/grupoeaps\/aparencia-e-envelhecimento\/\" target=\"_blank\" rel=\"noopener\">Apar\u00eancia e envelhecimento<\/a><\/p>\n<p class=\"elementor-heading-title elementor-size-default\" style=\"text-align: center;\"><a href=\"https:\/\/sites.usp.br\/grupoeaps\/seminario-mulheres-60-no-audiovisual-2\/\" target=\"_blank\" rel=\"noopener\">Semin\u00e1rio mulheres 60+ no audiovisual<\/a><\/p>\n<p style=\"text-align: center;\"><a href=\"https:\/\/sites.usp.br\/grupoeaps\/velhice-aparencia-e-identidade\/\" target=\"_blank\" rel=\"noopener\">Envelhecimento, apar\u00eancia e identidade<\/a><\/p>\n<p style=\"text-align: center;\"><a href=\"https:\/\/sites.usp.br\/grupoeaps\/aparencia-moda-e-revolucao-grisalha\/\" target=\"_blank\" rel=\"noopener\">Moda, Apar\u00eancia e Revolu\u00e7\u00e3o Grisalha<\/a><\/p>\n<p>&nbsp;<\/p>\n<p style=\"text-align: center;\"><strong>2024<\/strong><\/p>\n<p style=\"text-align: center;\"><a href=\"https:\/\/sites.usp.br\/grupoeaps\/por-que-os-jovens-de-antigamente-pareciam-mais-velhos-2\/\" target=\"_blank\" rel=\"noopener\">Por que os jovens de antigamente pareciam mais velhos?<\/a><\/p>\n<p style=\"text-align: center;\"><a href=\"https:\/\/sites.usp.br\/grupoeaps\/envelhecimento-e-aparencia-2\/\" target=\"_blank\" rel=\"noopener\">Envelhecimento e apar\u00eancia<\/a><\/p>\n<p style=\"text-align: center;\"><a href=\"https:\/\/sites.usp.br\/grupoeaps\/moda-e-aparencia-a-fotografia-como-linguagem\/\" target=\"_blank\" rel=\"noopener\">Moda e apar\u00eancia: a fotografia como linguagem<\/a><\/p>\n<p style=\"text-align: center;\"><a href=\"https:\/\/sites.usp.br\/grupoeaps\/mulheres-em-cena\/\" target=\"_blank\" rel=\"noopener\">Mulheres em cena<\/a><\/p>\n<p style=\"text-align: center;\"><a href=\"https:\/\/sites.usp.br\/grupoeaps\/envelhecimento-e-aparencia-2024-com-que-roupa-eu-vou-2\/\" target=\"_blank\" rel=\"noopener\">Envelhecimento e apar\u00eancia 2024: com que roupa eu vou?<\/a><\/p>\n<p style=\"text-align: center;\"><a href=\"https:\/\/sites.usp.br\/grupoeaps\/ii-seminario-do-grupo-eaps-each-usp-ii-encontro-das-grisalhas-assumidas-e-em-transicao\/\" target=\"_blank\" rel=\"noopener\">II Semin\u00e1rio do grupo EAPS EACH USP \/ II Encontro das Grisalhas Assumidas e em Transic\u0327a\u0303o<\/a><\/p>\n<p style=\"text-align: center;\"><a href=\"https:\/\/sites.usp.br\/grupoeaps\/moda-velhice-e-aparencia\/\" target=\"_blank\" rel=\"noopener\">Moda, velhice e apar\u00eancia<\/a><\/p>\n<p style=\"text-align: center;\"><a href=\"https:\/\/sites.usp.br\/grupoeaps\/cabelos-brancos-e-grisalhos-sem-tabu\/\" target=\"_blank\" rel=\"noopener\">Cabelos brancos e grisalhos sem tabu<\/a><\/p>\n<p style=\"text-align: center;\"><a href=\"https:\/\/sites.usp.br\/grupoeaps\/cuidado-estilo-e-transicao-para-cabelos-brancos-e-grisalhos\/\" target=\"_blank\" rel=\"noopener\">Cuidado, estilo e transi\u00e7\u00e3o para cabelos brancos e grisalhos<\/a><\/p>\n<p>&nbsp;<\/p>\n<p style=\"text-align: center;\"><strong>2025<\/strong><\/p>\n<p style=\"text-align: center;\"><a href=\"https:\/\/sites.usp.br\/grupoeaps\/estilo-pessoal-aparencia-e-velhice\/\" target=\"_blank\" rel=\"noopener\">Estilo pessoal: apar\u00eancia e velhice<\/a><\/p>\n<p style=\"text-align: center;\"><a href=\"https:\/\/sites.usp.br\/grupoeaps\/mulheres-e-revolucao-grisalha\/\" target=\"_blank\" rel=\"noopener\">Mulheres e revolu\u00e7\u00e3o grisalha<\/a><\/p>\n<p style=\"text-align: center;\"><a href=\"https:\/\/sites.usp.br\/grupoeaps\/aparencia-e-mito-da-velhice-assexual\/\" target=\"_blank\" rel=\"noopener\">Apar\u00eancia e mito da velhice assexual<\/a><\/p>\n","protected":false},"excerpt":{"rendered":"<p>&nbsp; Abertura da exposi\u00e7\u00e3o Tem velho na capa! Foto: Cristiano de Assis O Grupo EAPS realiza e participa uma s\u00e9rie de a\u00e7\u00f5es de extens\u00e3o, incluindo palestras, oficinas, v\u00eddeos, entrevistas, eventos cient\u00edficos e exposi\u00e7\u00f5es. Na Universidade Aberta a Terceira Idade da EACH USP oferece a oficina semestral intitulada Com que roupa eu vou?, envolvendo pessoas acima<a href=\"https:\/\/sites.usp.br\/grupoeaps\/extensao\/\">[&#8230;]<\/a><\/p>\n","protected":false},"author":1157,"featured_media":0,"parent":0,"menu_order":0,"comment_status":"closed","ping_status":"closed","template":"","meta":{"_monsterinsights_skip_tracking":false,"_monsterinsights_sitenote_active":false,"_monsterinsights_sitenote_note":"","_monsterinsights_sitenote_category":0,"footnotes":"","_links_to":"","_links_to_target":""},"class_list":["post-261","page","type-page","status-publish","hentry"],"_links":{"self":[{"href":"https:\/\/sites.usp.br\/grupoeaps\/wp-json\/wp\/v2\/pages\/261","targetHints":{"allow":["GET"]}}],"collection":[{"href":"https:\/\/sites.usp.br\/grupoeaps\/wp-json\/wp\/v2\/pages"}],"about":[{"href":"https:\/\/sites.usp.br\/grupoeaps\/wp-json\/wp\/v2\/types\/page"}],"author":[{"embeddable":true,"href":"https:\/\/sites.usp.br\/grupoeaps\/wp-json\/wp\/v2\/users\/1157"}],"replies":[{"embeddable":true,"href":"https:\/\/sites.usp.br\/grupoeaps\/wp-json\/wp\/v2\/comments?post=261"}],"version-history":[{"count":5,"href":"https:\/\/sites.usp.br\/grupoeaps\/wp-json\/wp\/v2\/pages\/261\/revisions"}],"predecessor-version":[{"id":1996,"href":"https:\/\/sites.usp.br\/grupoeaps\/wp-json\/wp\/v2\/pages\/261\/revisions\/1996"}],"wp:attachment":[{"href":"https:\/\/sites.usp.br\/grupoeaps\/wp-json\/wp\/v2\/media?parent=261"}],"curies":[{"name":"wp","href":"https:\/\/api.w.org\/{rel}","templated":true}]}}