{"id":395,"date":"2019-11-24T16:22:48","date_gmt":"2019-11-24T18:22:48","guid":{"rendered":"https:\/\/sites.usp.br\/grupoeaps\/?page_id=395"},"modified":"2024-09-22T07:22:37","modified_gmt":"2024-09-22T09:22:37","slug":"missao","status":"publish","type":"page","link":"https:\/\/sites.usp.br\/grupoeaps\/missao\/","title":{"rendered":"Miss\u00e3o"},"content":{"rendered":"<p>&nbsp;<\/p>\n<p><a href=\"https:\/\/sites.usp.br\/grupoeaps\/wp-content\/uploads\/sites\/604\/2019\/11\/Analucia-miss\u00e3o.jpg\"><img loading=\"lazy\" decoding=\"async\" class=\"aligncenter wp-image-437 size-full\" src=\"https:\/\/sites.usp.br\/grupoeaps\/wp-content\/uploads\/sites\/604\/2019\/11\/Analucia-miss\u00e3o.jpg\" alt=\"\" width=\"5735\" height=\"3823\" srcset=\"https:\/\/sites.usp.br\/grupoeaps\/wp-content\/uploads\/sites\/604\/2019\/11\/Analucia-miss\u00e3o.jpg 5735w, https:\/\/sites.usp.br\/grupoeaps\/wp-content\/uploads\/sites\/604\/2019\/11\/Analucia-miss\u00e3o-300x200.jpg 300w, https:\/\/sites.usp.br\/grupoeaps\/wp-content\/uploads\/sites\/604\/2019\/11\/Analucia-miss\u00e3o-768x512.jpg 768w, https:\/\/sites.usp.br\/grupoeaps\/wp-content\/uploads\/sites\/604\/2019\/11\/Analucia-miss\u00e3o-1024x683.jpg 1024w, https:\/\/sites.usp.br\/grupoeaps\/wp-content\/uploads\/sites\/604\/2019\/11\/Analucia-miss\u00e3o-750x500.jpg 750w, https:\/\/sites.usp.br\/grupoeaps\/wp-content\/uploads\/sites\/604\/2019\/11\/Analucia-miss\u00e3o-272x182.jpg 272w, https:\/\/sites.usp.br\/grupoeaps\/wp-content\/uploads\/sites\/604\/2019\/11\/Analucia-miss\u00e3o-400x267.jpg 400w\" sizes=\"auto, (max-width: 5735px) 100vw, 5735px\" \/><\/a><\/p>\n<p style=\"text-align: right;\">Modelo: Analucia Recine<\/p>\n<p style=\"text-align: right;\">Foto: Cristiano de Assis<\/p>\n<p>O objetivo do grupo EAPS \u00e9 investigar, sensibilizar, visibilizar e fomentar o debate e a produ\u00e7\u00e3o cient\u00edfica em torno da constru\u00e7\u00e3o sociocultural da apar\u00eancia e seus significados ao longo do curso da vida, como modo de fortalecer e legitimar as identidades e o engajamento social, ao promover a heterogeneidade e a interdepend\u00eancia das formas de envelhecer. Assim, procura questionar mitos, estere\u00f3tipos e preconceitos, combatendo discrimina\u00e7\u00f5es.<\/p>\n<p>Atua a partir da interse\u00e7\u00e3o dos campos da Antropologia, Gerontologia e Moda.<\/p>\n<p>Utiliza a arte como estrat\u00e9gia pedag\u00f3gica e de divulga\u00e7\u00e3o cient\u00edfica.<\/p>\n","protected":false},"excerpt":{"rendered":"<p>&nbsp; Modelo: Analucia Recine Foto: Cristiano de Assis O objetivo do grupo EAPS \u00e9 investigar, sensibilizar, visibilizar e fomentar o debate e a produ\u00e7\u00e3o cient\u00edfica em torno da constru\u00e7\u00e3o sociocultural da apar\u00eancia e seus significados ao longo do curso da vida, como modo de fortalecer e legitimar as identidades e o engajamento social, ao promover<a href=\"https:\/\/sites.usp.br\/grupoeaps\/missao\/\">[&#8230;]<\/a><\/p>\n","protected":false},"author":1157,"featured_media":0,"parent":0,"menu_order":0,"comment_status":"closed","ping_status":"closed","template":"","meta":{"_monsterinsights_skip_tracking":false,"_monsterinsights_sitenote_active":false,"_monsterinsights_sitenote_note":"","_monsterinsights_sitenote_category":0,"footnotes":"","_links_to":"","_links_to_target":""},"class_list":["post-395","page","type-page","status-publish","hentry"],"_links":{"self":[{"href":"https:\/\/sites.usp.br\/grupoeaps\/wp-json\/wp\/v2\/pages\/395","targetHints":{"allow":["GET"]}}],"collection":[{"href":"https:\/\/sites.usp.br\/grupoeaps\/wp-json\/wp\/v2\/pages"}],"about":[{"href":"https:\/\/sites.usp.br\/grupoeaps\/wp-json\/wp\/v2\/types\/page"}],"author":[{"embeddable":true,"href":"https:\/\/sites.usp.br\/grupoeaps\/wp-json\/wp\/v2\/users\/1157"}],"replies":[{"embeddable":true,"href":"https:\/\/sites.usp.br\/grupoeaps\/wp-json\/wp\/v2\/comments?post=395"}],"version-history":[{"count":5,"href":"https:\/\/sites.usp.br\/grupoeaps\/wp-json\/wp\/v2\/pages\/395\/revisions"}],"predecessor-version":[{"id":1918,"href":"https:\/\/sites.usp.br\/grupoeaps\/wp-json\/wp\/v2\/pages\/395\/revisions\/1918"}],"wp:attachment":[{"href":"https:\/\/sites.usp.br\/grupoeaps\/wp-json\/wp\/v2\/media?parent=395"}],"curies":[{"name":"wp","href":"https:\/\/api.w.org\/{rel}","templated":true}]}}