{"id":397,"date":"2019-11-24T16:30:40","date_gmt":"2019-11-24T18:30:40","guid":{"rendered":"https:\/\/sites.usp.br\/grupoeaps\/?page_id=397"},"modified":"2024-11-11T12:06:51","modified_gmt":"2024-11-11T14:06:51","slug":"publicacoes","status":"publish","type":"page","link":"https:\/\/sites.usp.br\/grupoeaps\/publicacoes\/","title":{"rendered":"Publica\u00e7\u00f5es"},"content":{"rendered":"<p style=\"text-align: left;\" align=\"left\"><a href=\"https:\/\/sites.usp.br\/grupoeaps\/wp-content\/uploads\/sites\/604\/2019\/11\/capa-final.jpg\"><img loading=\"lazy\" decoding=\"async\" class=\"wp-image-338 alignleft\" src=\"https:\/\/sites.usp.br\/grupoeaps\/wp-content\/uploads\/sites\/604\/2019\/11\/capa-final-208x300.jpg\" alt=\"\" width=\"258\" height=\"373\" srcset=\"https:\/\/sites.usp.br\/grupoeaps\/wp-content\/uploads\/sites\/604\/2019\/11\/capa-final-208x300.jpg 208w, https:\/\/sites.usp.br\/grupoeaps\/wp-content\/uploads\/sites\/604\/2019\/11\/capa-final-768x1110.jpg 768w, https:\/\/sites.usp.br\/grupoeaps\/wp-content\/uploads\/sites\/604\/2019\/11\/capa-final-709x1024.jpg 709w, https:\/\/sites.usp.br\/grupoeaps\/wp-content\/uploads\/sites\/604\/2019\/11\/capa-final-400x578.jpg 400w, https:\/\/sites.usp.br\/grupoeaps\/wp-content\/uploads\/sites\/604\/2019\/11\/capa-final.jpg 1716w\" sizes=\"auto, (max-width: 258px) 100vw, 258px\" \/><\/a><\/p>\n<p style=\"text-align: left;\" align=\"left\">As publica\u00e7\u00f5es do grupo podem ser acessadas abaixo:<\/p>\n<p align=\"left\">Neves, G.; Dias, G. S.; Assis, C.; Andrade, B. C.; Lopes, A. (2024). <a href=\"https:\/\/www.rbsh.org.br\/revista_sbrash\/article\/view\/1171\" target=\"_blank\" rel=\"noopener\">Apar\u00eancia e mito da velhice assexual: uma revis\u00e3o de escopo<\/a>. Revista Brasileira de Sexualidade Humana, v. 35, e1171, p. 1-9. DOI:<a href=\"https:\/\/doi.org\/10.35919\/rbsh.v35.1171\" target=\"_blank\" rel=\"noopener\">https:\/\/doi.org\/10.35919\/rbsh.v35.1171<\/a><\/p>\n<p align=\"left\">Santos, S. T.; Lopes, M. B. de A.; Marcucci, R. M. B.; Melo, R. C.; Lopes, A. (2024). <a href=\"https:\/\/seer.uftm.edu.br\/revistaeletronica\/index.php\/refacs\/article\/view\/7500\/7695\" target=\"_blank\" rel=\"noopener\">Elderly Caregiver Program: a scoping review<\/a>.Rev. Fam., Ciclos Vida Sa\u00fade Contexto Soc., v. 12, n. 3, e7500, p. 1-19. DOI: <a href=\"https:\/\/doi.org\/10.18554\/refacs.v12i3.7500\" target=\"_blank\" rel=\"noopener\">https:\/\/doi.org\/10.18554\/refacs.v12i3.7500<\/a><\/p>\n<p style=\"text-align: left;\" align=\"left\">Aires, B. S.; Lopes, A. (2024). <a href=\"https:\/\/revistas.udesc.br\/index.php\/modapalavra\/article\/view\/25028\/16686\" target=\"_blank\" rel=\"noopener\">Revolu\u00e7\u00e3o grisalha: identidade e apar\u00eancia feminina a partir da experi\u00eancia de Daniela De Bonis Coutinho<\/a>. Revista ModaPalavra, Florian\u00f3polis, v. 17, n. 42, p. 1-9. DOI: https:\/\/doi.org\/10.5965\/1982615x17422024e0005<\/p>\n<p style=\"text-align: left;\" align=\"left\">Assis, C. P.; Santos, S. T.; Yokomizo, P. &amp; Lopes, A. (2023). <a href=\"https:\/\/www.livrosabertos.sibi.usp.br\/portaldelivrosUSP\/catalog\/book\/1143\" target=\"_blank\" rel=\"noopener\">No place for chance: myths and stereotypes about old age and aging<\/a>. Universidade de S\u00e3o Paulo. Escola de Artes, Ci\u00eancias e Humanidades, 2023. DOI: <a href=\"https:\/\/doi.org\/10.11606\/9786588503348\">https:\/\/doi.org\/10.11606\/9786588503348<\/a><\/p>\n<p style=\"text-align: left;\" align=\"left\">Assis, C. P.; Santos, S. T.; Yokomizo, P. &amp; Lopes, A. (2023).\u00a0<a href=\"https:\/\/www.livrosabertos.sibi.usp.br\/portaldelivrosUSP\/catalog\/book\/1142\" target=\"_blank\" rel=\"noopener\">Donde la casualidad no tiene lugar: mitos y estere\u00f3tipos sobre la vejez y el envejecimiento<\/a>. Universidade de S\u00e3o Paulo. Escola de Artes, Ci\u00eancias e Humanidades.<\/p>\n<p align=\"left\">Assis, C. P.; Santos, S. T.; Yokomizo, P. &amp; Lopes, A. (2023). <a href=\"https:\/\/www.livrosabertos.sibi.usp.br\/portaldelivrosUSP\/catalog\/book\/1144\" target=\"_blank\" rel=\"noopener\">Onde o acaso n\u00e3o tem vez: mitos e estere\u00f3tipos sobre a velhice e o envelhecimento<\/a>. \u00a0Universidade de S\u00e3o Paulo. Escola de Artes, Ci\u00eancias e Humanidades. DOI: <a href=\"https:\/\/doi.org\/10.11606\/9786588503287\">https:\/\/doi.org\/10.11606\/9786588503287<\/a><\/p>\n<p align=\"left\">Assis, C. P. de; Santos, S.T. dos; Melo, R. C. de &amp; Lopes, A. (2023). <a href=\"https:\/\/seer.ufrgs.br\/index.php\/RevEnvelhecer\/article\/view\/128255\/88884\" target=\"_blank\" rel=\"noopener\">Mitos e estere\u00f3tipos em peri\u00f3dicos brasileiros de Gerontologia: uma revis\u00e3o de escopo<\/a>. <em>Estudos Interdisciplinares do Envelhecimento<\/em>, 28, 1-24.<\/p>\n<p align=\"left\">Assis, C.; Neves, G. da S.; Melo,R. C. de &amp; Lopes, A. (2023). <a href=\"https:\/\/revistaccs.escs.edu.br\/index.php\/comunicacaoemcienciasdasaude\/article\/view\/1349\" target=\"_blank\" rel=\"noopener\">Mitos e estere\u00f3tipos sobre velhice e envelhecimento: protocolo de revis\u00e3o de escopo<\/a>. <em>Comunica\u00e7\u00e3o em Ci\u00eancias da Sa\u00fade<\/em>, 34(1), 28, 1-10.<\/p>\n<p align=\"left\">Aires, B. S., &amp; Lopes, A. (2023). <a href=\"https:\/\/periodicos.uff.br\/midiaecotidiano\/article\/view\/53714\/33386\" target=\"_blank\" rel=\"noopener\">Revolu\u00e7\u00e3o grisalha: liberta\u00e7\u00e3o e midiatiza\u00e7\u00e3o<\/a>. <em>M\u00eddia e Cotidiano<\/em>, 17(1), 135-159.<\/p>\n<p align=\"left\">Santos, S. T. dos, &amp; Lopes, A. (2022-2023). <a href=\"https:\/\/issuu.com\/dinamoeditora\/docs\/aptare45_sem_anuncios\" target=\"_blank\" rel=\"noopener\">A apar\u00eancia importa para as pessoas idosas<\/a>. <em>Revista Aptare<\/em>, edi\u00e7\u00e3o 45, ano X, novembro-dezembro-janeiro, 24-28.<\/p>\n<p align=\"left\">Kobayashi, G.T.S., &amp; Lopes, A. (2022). Velhice, apar\u00eancia e cosplay: estudo de caso explorat\u00f3rio sobre o alcance da cosplayer brasileira Tia Sol na internet. In S. Reim\u00e3o &amp; S. Y. M. Miyasaki (orgs.), <a href=\"https:\/\/www.livrosabertos.sibi.usp.br\/portaldelivrosUSP\/catalog\/book\/909\" target=\"_blank\" rel=\"noopener\">T\u00f3picos de marketing no s\u00e9culo XXI: Volume 2<\/a>. S\u00e3o Paulo: Edi\u00e7\u00f5es EACH, 37-55.<\/p>\n<p>Santos, S. T. dos, &amp; Lopes, A. (2021).<a href=\"https:\/\/www.revistas.usp.br\/ej\/article\/view\/200742\/185002\" target=\"_blank\" rel=\"noopener\"> Apar\u00eancia, Familismo e Ryosai Kenbo: relato de interven\u00e7\u00e3o junto a mulheres nipo-brasileiras durante pandemia de COVID-19<\/a>. <em>Revista Estudos Japoneses<\/em>, 46, 87-105.<\/p>\n<p style=\"text-align: left;\">Lopes, A., &amp; Assis, C.P. (2021). Cotidiano e isolamento social no contexto da pandemia de Covid-19: desafios entre lamentos e descobertas In\u00a0 Denise Nacif Pimenta, Juniele Rab\u00ealo de Almeida &amp; L\u00edvia Morais Garcia Lima (Orgs.), <a href=\"https:\/\/www.ufrgs.br\/redecovid19humanidades\/index.php\/br\/im-permane-ncias-histo-ria-oral-mulheres-e-envelhecimento-na-pandemia\" target=\"_blank\" rel=\"noopener\">(Im)perman\u00eancias: Hist\u00f3ria oral, mulheres e envelhecimento na pandemia &#8211;\u00a0 Volume 2<\/a>. S\u00e3o Paulo, SP: Letras e Voz, 329-361.<\/p>\n<p>Yokomizo, P., &amp; Lopes, A. (2019). <a href=\"https:\/\/doi.org\/10.26563\/dobras.v12i26.922\" target=\"_blank\" rel=\"noopener noreferrer\">Apar\u00eancia: uma revis\u00e3o bibliogr\u00e1fica e proposta conceitual<\/a>. <em>dObra[s]<\/em>, <em>12<\/em>(26), 228-244.<\/p>\n<p>Lopes, A., &amp; Yokomizo, P. (2019). <a href=\"https:\/\/revistas.pucsp.br\/index.php\/kairos\/issue\/view\/2311\" target=\"_blank\" rel=\"noopener noreferrer\">Apresenta\u00e7\u00e3o do volume tem\u00e1tico Envelhecimento e Apar\u00eancia<\/a>. <em>Revista Kair\u00f3s Gerontologia<\/em>, <em>22<\/em>(26). Tem\u00e1tico Envelhecimento e Apar\u00eancia, 1-6.<\/p>\n<p>Lopes, A., &amp; Yokomizo, P. (2019). <a href=\"https:\/\/revistas.pucsp.br\/index.php\/kairos\/issue\/view\/2311\" target=\"_blank\" rel=\"noopener noreferrer\">Hist\u00f3rico do grupo EAPS, conceito de Apar\u00eancia e s\u00edntese dos resultados: dez anos de pesquisa, ensino e extens\u00e3o sobre a tem\u00e1tica Envelhecimento e Apar\u00eancia<\/a>. <em>Revista Kair\u00f3s Gerontologia<\/em>, <em>22<\/em>(26). Tem\u00e1tico Envelhecimento e Apar\u00eancia, 07-29.<\/p>\n<p>Gomes, P.M., Yokomizo, P., &amp; Lopes, A. (2019). <a href=\"https:\/\/revistas.pucsp.br\/index.php\/kairos\/issue\/view\/2311\" target=\"_blank\" rel=\"noopener noreferrer\">Engajamento social, apar\u00eancia e velhice homossexual masculina: caracteriza\u00e7\u00e3o de aplicativos de relacionamento<\/a>. <em>Revista Kair\u00f3s Gerontologia<\/em>, <em>22<\/em>(26). Tem\u00e1tico Envelhecimento e Apar\u00eancia,\u00a0 31-57.<\/p>\n<p>Yoshioka, T. F. L., Lopes, A., &amp; Almeida, H. B. (2019). <a href=\"https:\/\/revistas.pucsp.br\/index.php\/kairos\/issue\/view\/2311\" target=\"_blank\" rel=\"noopener noreferrer\">Envelhecimento e apar\u00eancia: percep\u00e7\u00f5es de uma mulher transexual heterossexual<\/a>. <em>Revista Kair\u00f3s Gerontologia<\/em>, <em>22<\/em>(26). Tem\u00e1tico Envelhecimento e Apar\u00eancia, 59-100.<\/p>\n<p>Caio, B.C, Yokomizo, P., &amp; Lopes, A. (2019). <a href=\"https:\/\/revistas.pucsp.br\/index.php\/kairos\/issue\/view\/2311\" target=\"_blank\" rel=\"noopener noreferrer\">Envelhecimento e apar\u00eancia: a experi\u00eancia de indianos imigrantes da cidade de S\u00e3o Paulo, Brasil<\/a>. <em>Revista Kair\u00f3s Gerontologia<\/em>, <em>22<\/em>(26). Tem\u00e1tico Envelhecimento e Apar\u00eancia, 101-125.<\/p>\n<p>Silva, A. C., Yokomizo, P., &amp; Lopes, A. (2019). <a href=\"https:\/\/revistas.pucsp.br\/index.php\/kairos\/issue\/view\/2311\" target=\"_blank\" rel=\"noopener noreferrer\">Significados de apar\u00eancia e o perfil socioecon\u00f4mico de idosos aposentados associados ao SINDNAPI<\/a>. <em>Revista Kair\u00f3s Gerontologia<\/em>, <em>22<\/em>(26). Tem\u00e1tico Envelhecimento e Apar\u00eancia, 127-144.<\/p>\n<p>Oliveira, M., Yokomizo, P., &amp; Lopes, A. (2019). <a href=\"https:\/\/revistas.pucsp.br\/index.php\/kairos\/issue\/view\/2311\" target=\"_blank\" rel=\"noopener noreferrer\">Apar\u00eancia, vestu\u00e1rio e modo de vestir: pistas para a investiga\u00e7\u00e3o da velhice<\/a>. <em>Revista Kair\u00f3s Gerontologia<\/em>, <em>22<\/em>(26). Tem\u00e1tico Envelhecimento e Apar\u00eancia,145-165.<\/p>\n<p>Ramos, L. S., Yokomizo, P., &amp; Lopes, A. (2019). <a href=\"https:\/\/revistas.pucsp.br\/index.php\/kairos\/issue\/view\/2311\" target=\"_blank\" rel=\"noopener noreferrer\">Velhice masculina: constru\u00e7\u00e3o e significados da apar\u00eancia entre idosos da UATI EACH\/USP<\/a>. <em>Revista Kair\u00f3s Gerontologia<\/em>, <em>22<\/em>(26). Tem\u00e1tico Envelhecimento e Apar\u00eancia, 167-198.<\/p>\n<p>Almeida, R. R., Oliveira, M., Yokomizo, P., &amp; Lopes, A. (2019). <a href=\"https:\/\/revistas.pucsp.br\/index.php\/kairos\/issue\/view\/2311\" target=\"_blank\" rel=\"noopener noreferrer\">Relato de experi\u00eancia de extens\u00e3o: Com que roupa eu vou?<\/a> <em>Revista Kair\u00f3s Gerontologia<\/em>, <em>22<\/em>(26). Tem\u00e1tico Envelhecimento e Apar\u00eancia, 199-233.<\/p>\n<p>Ramos, S.B., &amp; Lopes, A. (2019). <a href=\"https:\/\/revistas.pucsp.br\/index.php\/kairos\/issue\/view\/2311\" target=\"_blank\" rel=\"noopener noreferrer\">Constru\u00e7\u00e3o da apar\u00eancia e seus significados para os vencedores do Mister IPGG 2017, Brasil<\/a>. <em>Revista Kair\u00f3s Gerontologia<\/em>, <em>22<\/em>(26). Tem\u00e1tico Envelhecimento e Apar\u00eancia, 235-259.<\/p>\n<p>Ramos, S.B., &amp; Lopes, A. (2019). <a href=\"https:\/\/revistas.pucsp.br\/index.php\/kairos\/issue\/view\/2311\" target=\"_blank\" rel=\"noopener noreferrer\">Envelhecimento masculino: a relev\u00e2ncia da participa\u00e7\u00e3o no concurso Mister IPGG 2017 na percep\u00e7\u00e3o dos vencedores.<\/a> <em>Revista Kair\u00f3s Gerontologia<\/em>, <em>22<\/em>(26). Tem\u00e1tico Envelhecimento e Apar\u00eancia, 261-283.<\/p>\n<p>Yokomizo, P., &amp; Lopes, A. (2019). <a href=\"https:\/\/revistas.pucsp.br\/index.php\/kairos\/issue\/view\/2311\" target=\"_blank\" rel=\"noopener noreferrer\">Aspectos socioculturais da constru\u00e7\u00e3o da apar\u00eancia no envelhecimento feminino: uma revis\u00e3o narrativa<\/a>. <em>Revista Kair\u00f3s Gerontologia<\/em>, <em>22<\/em>(26). Tem\u00e1tico Envelhecimento e Apar\u00eancia, 285-317.<\/p>\n<p>Yokomizo, P. &amp; Lopes, A. (2019). <a href=\"https:\/\/revistas.pucsp.br\/index.php\/kairos\/issue\/view\/2311\" target=\"_blank\" rel=\"noopener noreferrer\">Engajamento, apar\u00eancia e significados: a performance de idosas brasileiras e espanholas.<\/a> <em>Revista Kair\u00f3s Gerontologia<\/em>, <em>22<\/em>(26). Tem\u00e1tico Envelhecimento e Apar\u00eancia, 319-349.<\/p>\n<p>Yokomizo, P., &amp; Lopes, A. (2019). <a href=\"https:\/\/revistas.pucsp.br\/index.php\/kairos\/issue\/view\/2311\" target=\"_blank\" rel=\"noopener noreferrer\">Significados da constru\u00e7\u00e3o da apar\u00eancia e processo de envelhecimento entre idosas brasileiras e espanholas<\/a>. <em>Revista Kair\u00f3s Gerontologia<\/em>, <em>22<\/em>(26). Tem\u00e1tico Envelhecimento e Apar\u00eancia, 351-385.<\/p>\n<div>\n<p>Yokomizo, P., Soloaga, P. D., &amp; Lopes, A. (2019). <a href=\"https:\/\/revistas.pucsp.br\/index.php\/kairos\/issue\/view\/2311\" target=\"_blank\" rel=\"noopener noreferrer\">Envelhecimento, apar\u00eancia e significados: o consumo de idosas do Brasil e Espanha<\/a>. <em>Revista Kair\u00f3s Gerontologia<\/em>, <em>22<\/em>(26). Tem\u00e1tico Envelhecimento e Apar\u00eancia, 387-416.<\/p>\n<\/div>\n<div>\n<p>Assis, C., Reis, M.L., Yokomizo, P., &amp; Lopes, A. (2019). <a href=\"https:\/\/revistas.pucsp.br\/index.php\/kairos\/issue\/view\/2311\" target=\"_blank\" rel=\"noopener noreferrer\">Ensaio fotogr\u00e1fico e po\u00e9tico em homenagem aos apoiadores do grupo EAPS EACH\/USP<\/a>. <em>Revista Kair\u00f3s Gerontologia<\/em>, <em>22<\/em>(26). Tem\u00e1tico Envelhecimento e Apar\u00eancia, 417-429.<\/p>\n<\/div>\n<div>\n<p>Yokomizo, P., &amp;\u00a0Lopes, A. (2018). <a href=\"https:\/\/doi.org\/10.22409\/ppgmc.v12i3.13342\" target=\"_blank\" rel=\"noopener noreferrer\">As m\u00eddias como agentes de educa\u00e7\u00e3o informal no envelhecimento: pistas para investiga\u00e7\u00e3o<\/a>. <em>M\u00eddia e Cotidiano<\/em>, <em>12<\/em>(3), 293-311.<\/p>\n<p>Yokomizo, P. (2018). <a href=\"http:\/\/www1.sp.senac.br\/hotsites\/blogs\/revistaiara\/wp-content\/uploads\/2018\/12\/IARA-5.pdf\" target=\"_blank\" rel=\"noopener\">Globaliza\u00e7\u00e3o das apar\u00eancias? Uma an\u00e1lise a partir da <em>carta de visite<\/em> e do projeto &#8220;Photo notes&#8221;de Hans Eijkelboom<\/a>. <em>IARA &#8211; Revista de Moda, Cultura e Arte<\/em>, 10(1), 60-70.<\/p>\n<\/div>\n<p>Silva, N.P., Cachioni, M. &amp; Lopes, A. (2012). <a href=\"https:\/\/revistas.pucsp.br\/index.php\/kairos\/article\/view\/15251\" target=\"_blank\" rel=\"noopener noreferrer\">Velhice, imagem e apar\u00eancia: a experi\u00eancia de idosos da UnATI EACH-USP<\/a>. <em>Revista Kair\u00f3s<\/em>, <em>15<\/em>, 1516-2567.<\/p>\n<p>Plens, J., Domingues, M. A., Batistoni, S., &amp; Lopes, A. (2012). <a href=\"https:\/\/revistas.pucsp.br\/index.php\/kairos\/article\/view\/17307\" target=\"_blank\" rel=\"noopener noreferrer\">Envelhecimento, engajamento e apar\u00eancia: percep\u00e7\u00f5es de idosas participantes<\/a> de um N\u00facleo de Conviv\u00eancia de Idosos. <em>Revista Kair\u00f3s Gerontologia<\/em>, <em>15<\/em>(13). N\u00famero especial Vulnerabilidade, envelhecimento e velhice: aspectos biopsicossociais, 79-95.<\/p>\n<p>Piccolli, M., Lopes, A., Ara\u00fajo, J. R. C., &amp; Graeff, B. (2012). <a href=\"https:\/\/revistas.pucsp.br\/index.php\/kairos\/article\/view\/17308\" target=\"_blank\" rel=\"noopener noreferrer\">Idosos \u201croqueiros\u201d e juventude eterna: pistas para reflex\u00e3o<\/a>.\u00a0 <em>Revista Kair\u00f3s Gerontologia<\/em>, <em>15<\/em>(13). N\u00famero especial Vulnerabilidade, envelhecimento e velhice: aspectos biopsicossociais, 291-312.<\/p>\n<p>Lopes, A., Bernardo, C. M., Silva, L. H., Melo, P., Yokomizo, P., &amp; Yoshioka, T.\u00a0 (2011). Envelhecimento e velhice: pistas e reflex\u00f5es para o campo da moda. In C. Mesquita &amp; K. Castilho (Orgs.), <a href=\"https:\/\/www.estacaoletras.com.br\/product-page\/corpo-moda-e-%C3%A9tica-pistas-para-uma-reflex%C3%A3o-de-valores-2%C2%AA-edi%C3%A7%C3%A3o\" target=\"_blank\" rel=\"noopener noreferrer\"><em>Corpo, Moda e \u00c9tica: pistas para uma reflex\u00e3o de valores<\/em><\/a>. S\u00e3o Paulo: Esta\u00e7\u00e3o Letras e Cores, 45-53.<\/p>\n<p align=\"left\">\n","protected":false},"excerpt":{"rendered":"<p>As publica\u00e7\u00f5es do grupo podem ser acessadas abaixo: Neves, G.; Dias, G. S.; Assis, C.; Andrade, B. C.; Lopes, A. (2024). Apar\u00eancia e mito da velhice assexual: uma revis\u00e3o de escopo. Revista Brasileira de Sexualidade Humana, v. 35, e1171, p. 1-9. DOI:https:\/\/doi.org\/10.35919\/rbsh.v35.1171 Santos, S. T.; Lopes, M. B. de A.; Marcucci, R. M. B.; Melo,<a href=\"https:\/\/sites.usp.br\/grupoeaps\/publicacoes\/\">[&#8230;]<\/a><\/p>\n","protected":false},"author":1157,"featured_media":0,"parent":0,"menu_order":0,"comment_status":"closed","ping_status":"closed","template":"","meta":{"_monsterinsights_skip_tracking":false,"_monsterinsights_sitenote_active":false,"_monsterinsights_sitenote_note":"","_monsterinsights_sitenote_category":0,"footnotes":"","_links_to":"","_links_to_target":""},"class_list":["post-397","page","type-page","status-publish","hentry"],"_links":{"self":[{"href":"https:\/\/sites.usp.br\/grupoeaps\/wp-json\/wp\/v2\/pages\/397","targetHints":{"allow":["GET"]}}],"collection":[{"href":"https:\/\/sites.usp.br\/grupoeaps\/wp-json\/wp\/v2\/pages"}],"about":[{"href":"https:\/\/sites.usp.br\/grupoeaps\/wp-json\/wp\/v2\/types\/page"}],"author":[{"embeddable":true,"href":"https:\/\/sites.usp.br\/grupoeaps\/wp-json\/wp\/v2\/users\/1157"}],"replies":[{"embeddable":true,"href":"https:\/\/sites.usp.br\/grupoeaps\/wp-json\/wp\/v2\/comments?post=397"}],"version-history":[{"count":4,"href":"https:\/\/sites.usp.br\/grupoeaps\/wp-json\/wp\/v2\/pages\/397\/revisions"}],"predecessor-version":[{"id":1938,"href":"https:\/\/sites.usp.br\/grupoeaps\/wp-json\/wp\/v2\/pages\/397\/revisions\/1938"}],"wp:attachment":[{"href":"https:\/\/sites.usp.br\/grupoeaps\/wp-json\/wp\/v2\/media?parent=397"}],"curies":[{"name":"wp","href":"https:\/\/api.w.org\/{rel}","templated":true}]}}