{"id":418,"date":"2019-11-24T17:04:09","date_gmt":"2019-11-24T19:04:09","guid":{"rendered":"https:\/\/sites.usp.br\/grupoeaps\/?page_id=418"},"modified":"2020-12-18T17:44:34","modified_gmt":"2020-12-18T19:44:34","slug":"contato","status":"publish","type":"page","link":"https:\/\/sites.usp.br\/grupoeaps\/contato\/","title":{"rendered":"Contato"},"content":{"rendered":"<p>&nbsp;<\/p>\n<p><a href=\"https:\/\/sites.usp.br\/grupoeaps\/wp-content\/uploads\/sites\/604\/2019\/11\/Edima-14.jpg\"><img loading=\"lazy\" decoding=\"async\" class=\"alignnone wp-image-465 size-full\" src=\"https:\/\/sites.usp.br\/grupoeaps\/wp-content\/uploads\/sites\/604\/2019\/11\/Edima-14.jpg\" alt=\"\" width=\"6000\" height=\"4000\" srcset=\"https:\/\/sites.usp.br\/grupoeaps\/wp-content\/uploads\/sites\/604\/2019\/11\/Edima-14.jpg 6000w, https:\/\/sites.usp.br\/grupoeaps\/wp-content\/uploads\/sites\/604\/2019\/11\/Edima-14-300x200.jpg 300w, https:\/\/sites.usp.br\/grupoeaps\/wp-content\/uploads\/sites\/604\/2019\/11\/Edima-14-768x512.jpg 768w, https:\/\/sites.usp.br\/grupoeaps\/wp-content\/uploads\/sites\/604\/2019\/11\/Edima-14-1024x683.jpg 1024w, https:\/\/sites.usp.br\/grupoeaps\/wp-content\/uploads\/sites\/604\/2019\/11\/Edima-14-750x500.jpg 750w, https:\/\/sites.usp.br\/grupoeaps\/wp-content\/uploads\/sites\/604\/2019\/11\/Edima-14-272x182.jpg 272w, https:\/\/sites.usp.br\/grupoeaps\/wp-content\/uploads\/sites\/604\/2019\/11\/Edima-14-400x267.jpg 400w\" sizes=\"auto, (max-width: 6000px) 100vw, 6000px\" \/><\/a><\/p>\n<p style=\"text-align: right;\">Modelo: Edima Donnabela<\/p>\n<p style=\"text-align: right;\">Foto: Cristiano de Assis<\/p>\n<p style=\"text-align: left;\">Universidade de S\u00e3o Paulo<\/p>\n<p>Escola de Artes, Ci\u00eancias e Humanidades<\/p>\n<p>Avenida Arlindo B\u00e9ttio, 1000<\/p>\n<p>Ermelino Matarazzo, S\u00e3o Paulo, SP, Brasil<\/p>\n<p>Cep: 03828-000<\/p>\n<p>Telefone: (11) 3091- 1027<\/p>\n<p>Email: eaps@usp.br<\/p>\n","protected":false},"excerpt":{"rendered":"<p>&nbsp; Modelo: Edima Donnabela Foto: Cristiano de Assis Universidade de S\u00e3o Paulo Escola de Artes, Ci\u00eancias e Humanidades Avenida Arlindo B\u00e9ttio, 1000 Ermelino Matarazzo, S\u00e3o Paulo, SP, Brasil Cep: 03828-000 Telefone: (11) 3091- 1027 Email: eaps@usp.br<\/p>\n","protected":false},"author":1157,"featured_media":0,"parent":0,"menu_order":0,"comment_status":"closed","ping_status":"closed","template":"","meta":{"_monsterinsights_skip_tracking":false,"_monsterinsights_sitenote_active":false,"_monsterinsights_sitenote_note":"","_monsterinsights_sitenote_category":0,"footnotes":"","_links_to":"","_links_to_target":""},"class_list":["post-418","page","type-page","status-publish","hentry"],"_links":{"self":[{"href":"https:\/\/sites.usp.br\/grupoeaps\/wp-json\/wp\/v2\/pages\/418","targetHints":{"allow":["GET"]}}],"collection":[{"href":"https:\/\/sites.usp.br\/grupoeaps\/wp-json\/wp\/v2\/pages"}],"about":[{"href":"https:\/\/sites.usp.br\/grupoeaps\/wp-json\/wp\/v2\/types\/page"}],"author":[{"embeddable":true,"href":"https:\/\/sites.usp.br\/grupoeaps\/wp-json\/wp\/v2\/users\/1157"}],"replies":[{"embeddable":true,"href":"https:\/\/sites.usp.br\/grupoeaps\/wp-json\/wp\/v2\/comments?post=418"}],"version-history":[{"count":5,"href":"https:\/\/sites.usp.br\/grupoeaps\/wp-json\/wp\/v2\/pages\/418\/revisions"}],"predecessor-version":[{"id":1197,"href":"https:\/\/sites.usp.br\/grupoeaps\/wp-json\/wp\/v2\/pages\/418\/revisions\/1197"}],"wp:attachment":[{"href":"https:\/\/sites.usp.br\/grupoeaps\/wp-json\/wp\/v2\/media?parent=418"}],"curies":[{"name":"wp","href":"https:\/\/api.w.org\/{rel}","templated":true}]}}