{"id":419,"date":"2019-11-24T17:04:09","date_gmt":"2019-11-24T19:04:09","guid":{"rendered":"https:\/\/sites.usp.br\/grupoeaps\/?page_id=419"},"modified":"2020-11-25T15:20:06","modified_gmt":"2020-11-25T17:20:06","slug":"quem-somos","status":"publish","type":"page","link":"https:\/\/sites.usp.br\/grupoeaps\/quem-somos\/","title":{"rendered":"Quem somos"},"content":{"rendered":"<p>&nbsp;<\/p>\n<p><a href=\"https:\/\/sites.usp.br\/grupoeaps\/wp-content\/uploads\/sites\/604\/2019\/11\/Eliana-1.jpg\"><img loading=\"lazy\" decoding=\"async\" class=\"alignnone wp-image-426 size-full\" src=\"https:\/\/sites.usp.br\/grupoeaps\/wp-content\/uploads\/sites\/604\/2019\/11\/Eliana-1.jpg\" alt=\"\" width=\"6000\" height=\"4000\" srcset=\"https:\/\/sites.usp.br\/grupoeaps\/wp-content\/uploads\/sites\/604\/2019\/11\/Eliana-1.jpg 6000w, https:\/\/sites.usp.br\/grupoeaps\/wp-content\/uploads\/sites\/604\/2019\/11\/Eliana-1-300x200.jpg 300w, https:\/\/sites.usp.br\/grupoeaps\/wp-content\/uploads\/sites\/604\/2019\/11\/Eliana-1-768x512.jpg 768w, https:\/\/sites.usp.br\/grupoeaps\/wp-content\/uploads\/sites\/604\/2019\/11\/Eliana-1-1024x683.jpg 1024w, https:\/\/sites.usp.br\/grupoeaps\/wp-content\/uploads\/sites\/604\/2019\/11\/Eliana-1-750x500.jpg 750w, https:\/\/sites.usp.br\/grupoeaps\/wp-content\/uploads\/sites\/604\/2019\/11\/Eliana-1-272x182.jpg 272w, https:\/\/sites.usp.br\/grupoeaps\/wp-content\/uploads\/sites\/604\/2019\/11\/Eliana-1-400x267.jpg 400w\" sizes=\"auto, (max-width: 6000px) 100vw, 6000px\" \/><\/a><\/p>\n<p style=\"text-align: right;\">Modelo: Eliana Low<\/p>\n<p style=\"text-align: right;\">Foto: Cristiano de Assis<\/p>\n<p>O grupo de pesquisa, ensino e extens\u00e3o <strong>Envelhecimento, Apar\u00eancia e Significado<\/strong> (EAPS) nasceu em 2009 na Escola de Artes, Ci\u00eancias e Humanidades (EACH) da Universidade de S\u00e3o Paulo (USP).<\/p>\n<p>Para saber mais sobre o hist\u00f3rico do grupo <a href=\"https:\/\/revistas.pucsp.br\/kairos\/issue\/view\/2311\/showToc\" target=\"_blank\" rel=\"noopener noreferrer\">clique aqui<\/a><\/p>\n","protected":false},"excerpt":{"rendered":"<p>&nbsp; Modelo: Eliana Low Foto: Cristiano de Assis O grupo de pesquisa, ensino e extens\u00e3o Envelhecimento, Apar\u00eancia e Significado (EAPS) nasceu em 2009 na Escola de Artes, Ci\u00eancias e Humanidades (EACH) da Universidade de S\u00e3o Paulo (USP). Para saber mais sobre o hist\u00f3rico do grupo clique aqui<\/p>\n","protected":false},"author":1157,"featured_media":0,"parent":0,"menu_order":0,"comment_status":"closed","ping_status":"closed","template":"","meta":{"_monsterinsights_skip_tracking":false,"_monsterinsights_sitenote_active":false,"_monsterinsights_sitenote_note":"","_monsterinsights_sitenote_category":0,"footnotes":"","_links_to":"","_links_to_target":""},"class_list":["post-419","page","type-page","status-publish","hentry"],"_links":{"self":[{"href":"https:\/\/sites.usp.br\/grupoeaps\/wp-json\/wp\/v2\/pages\/419","targetHints":{"allow":["GET"]}}],"collection":[{"href":"https:\/\/sites.usp.br\/grupoeaps\/wp-json\/wp\/v2\/pages"}],"about":[{"href":"https:\/\/sites.usp.br\/grupoeaps\/wp-json\/wp\/v2\/types\/page"}],"author":[{"embeddable":true,"href":"https:\/\/sites.usp.br\/grupoeaps\/wp-json\/wp\/v2\/users\/1157"}],"replies":[{"embeddable":true,"href":"https:\/\/sites.usp.br\/grupoeaps\/wp-json\/wp\/v2\/comments?post=419"}],"version-history":[{"count":5,"href":"https:\/\/sites.usp.br\/grupoeaps\/wp-json\/wp\/v2\/pages\/419\/revisions"}],"predecessor-version":[{"id":770,"href":"https:\/\/sites.usp.br\/grupoeaps\/wp-json\/wp\/v2\/pages\/419\/revisions\/770"}],"wp:attachment":[{"href":"https:\/\/sites.usp.br\/grupoeaps\/wp-json\/wp\/v2\/media?parent=419"}],"curies":[{"name":"wp","href":"https:\/\/api.w.org\/{rel}","templated":true}]}}