{"id":449,"date":"2019-11-24T17:50:56","date_gmt":"2019-11-24T19:50:56","guid":{"rendered":"https:\/\/sites.usp.br\/grupoeaps\/?page_id=449"},"modified":"2024-09-22T07:48:59","modified_gmt":"2024-09-22T09:48:59","slug":"pesquisa","status":"publish","type":"page","link":"https:\/\/sites.usp.br\/grupoeaps\/pesquisa\/","title":{"rendered":"Pesquisa"},"content":{"rendered":"<h3><\/h3>\n<h3><a href=\"https:\/\/sites.usp.br\/grupoeaps\/wp-content\/uploads\/sites\/604\/2020\/11\/52574075_811941639157498_214903404529451008_o.jpg\"><img loading=\"lazy\" decoding=\"async\" class=\"alignnone wp-image-579 size-full\" src=\"https:\/\/sites.usp.br\/grupoeaps\/wp-content\/uploads\/sites\/604\/2020\/11\/52574075_811941639157498_214903404529451008_o.jpg\" alt=\"\" width=\"2048\" height=\"1536\" srcset=\"https:\/\/sites.usp.br\/grupoeaps\/wp-content\/uploads\/sites\/604\/2020\/11\/52574075_811941639157498_214903404529451008_o.jpg 2048w, https:\/\/sites.usp.br\/grupoeaps\/wp-content\/uploads\/sites\/604\/2020\/11\/52574075_811941639157498_214903404529451008_o-300x225.jpg 300w, https:\/\/sites.usp.br\/grupoeaps\/wp-content\/uploads\/sites\/604\/2020\/11\/52574075_811941639157498_214903404529451008_o-1024x768.jpg 1024w, https:\/\/sites.usp.br\/grupoeaps\/wp-content\/uploads\/sites\/604\/2020\/11\/52574075_811941639157498_214903404529451008_o-768x576.jpg 768w, https:\/\/sites.usp.br\/grupoeaps\/wp-content\/uploads\/sites\/604\/2020\/11\/52574075_811941639157498_214903404529451008_o-1536x1152.jpg 1536w, https:\/\/sites.usp.br\/grupoeaps\/wp-content\/uploads\/sites\/604\/2020\/11\/52574075_811941639157498_214903404529451008_o-285x214.jpg 285w, https:\/\/sites.usp.br\/grupoeaps\/wp-content\/uploads\/sites\/604\/2020\/11\/52574075_811941639157498_214903404529451008_o-80x60.jpg 80w, https:\/\/sites.usp.br\/grupoeaps\/wp-content\/uploads\/sites\/604\/2020\/11\/52574075_811941639157498_214903404529451008_o-400x300.jpg 400w\" sizes=\"auto, (max-width: 2048px) 100vw, 2048px\" \/><\/a><\/h3>\n<p style=\"text-align: right;\">Modelos: Projeto Samuel Rangel<\/p>\n<p style=\"text-align: right;\">Foto: Cristiano de Assis<\/p>\n<h3 style=\"text-align: center;\"><strong>Projetos em andamento<\/strong><\/h3>\n<p>&nbsp;<\/p>\n<p>Titulo: <strong>Apar\u00eancia humana: revis\u00e3o de narrativa e atualiza\u00e7\u00e3o conceitual<\/strong><\/p>\n<p>Pesquisadoras: Andrea Lopes, Suzanne Tanoue e Brenda Carvalho de Andrade<\/p>\n<p><strong>Resumo<\/strong>: O termo apar\u00eancia tem sido compreendido de diversas maneiras, por diferentes campos de pesquisa, envolvendo m\u00faltiplos objetivos. No \u00e2mbito da pesquisa com humanos, destaca-se sua import\u00e2ncia na compreens\u00e3o dos modos de vida, organiza\u00e7\u00e3o social, constitui\u00e7\u00e3o identit\u00e1ria e corporal. No entanto, uma revis\u00e3o de literatura realizada nas Ci\u00eancias Humanas pelo grupo <em>Envelhecimento, Apar\u00eancia e Significado<\/em> \u2013 financiada pela FAPESP \u2013 apontou a aus\u00eancia de uma defini\u00e7\u00e3o clara, abrangente e integrada do seu significado nos diversos usos do termo, pulverizado em termos correlatos. A revis\u00e3o culminou na <a href=\"https:\/\/dobras.emnuvens.com.br\/dobras\/article\/view\/922\/566\" target=\"_blank\" rel=\"noopener\">publica\u00e7\u00e3o<\/a> de uma proposta conceitual de apar\u00eancia, de natureza biopsicosociocultural. A aplica\u00e7\u00e3o do conceito na an\u00e1lise de estudos emp\u00edricos realizados pelo grupo ocasionou a edifica\u00e7\u00e3o de tr\u00eas dom\u00ednios e respectivos atributos, que se retroalimentam. Com o intuito de atualizar a proposta conceitual, objetiva-se identificar, correlacionar e sintetizar significados, usos e resultados envolvendo o termo apar\u00eancia presentes na literatura nacional e internacional, proveniente de diferentes campos de pesquisa que estudam humanos. A t\u00e9cnica de revis\u00e3o narrativa ser\u00e1 aplicada nas bases de dados do acervo digital da Universidade de S\u00e3o Paulo com o descritor \u201capar\u00eancia\u201d, no ingl\u00eas, espanhol e portugu\u00eas, presente simultaneamente no t\u00edtulo, resumo e palavras-chave. O per\u00edodo ser\u00e1 de 2018 a 2022. Incluir\u00e1 artigos revisados por pares, fruto de pesquisas com humanos interessadas nos diferentes aspectos envolvidos na constru\u00e7\u00e3o pessoal e coletiva da apar\u00eancia. A pesquisa est\u00e1 prevista para acontecer em dois anos. Espera-se apresentar um construto conceitual multidimensional da no\u00e7\u00e3o de apar\u00eancia humana, de natureza biopsicosociocultural, relevante para compreender a heterogeneidade e os significados constru\u00eddos no contexto do processo de envelhecimento.<\/p>\n<p><strong>Palavras-chave<\/strong>: \u00a0Apar\u00eancia; Aspectos Biopsicossocioculturais; Envelhecimento.<\/p>\n<p>&nbsp;<\/p>\n<p>____________________________________________________<\/p>\n<p>T\u00edtulo: <strong>Moda, apar\u00eancia e velhice: uma revis\u00e3o integrativa<\/strong><\/p>\n<p>Pesquisadoras: Gabriela Neves, Brenda Carvalho de Andrade e Andrea Lopes<\/p>\n<p><strong>Resumo<\/strong>: A moda est\u00e1 relacionada a um conjunto de valores, hierarquias, percep\u00e7\u00f5es, conceitos e sentimentos que se relacionam com a din\u00e2mica social. Assim, contribui para a constru\u00e7\u00e3o das apar\u00eancias e, consequentemente, para a cria\u00e7\u00e3o de diferentes significados identit\u00e1rios. Neste contexto, entende-se que o curso da vida \u00e9 composto por etapas et\u00e1rias socioculturalmente constru\u00eddas. Dentre elas, pode-se dizer que as percep\u00e7\u00f5es de velhice tamb\u00e9m s\u00e3o fruto da moda do seu tempo. Pouca tem sido a produ\u00e7\u00e3o cient\u00edfica a respeito do tema moda e apar\u00eancia na velhice, apesar das diversas iniciativas e espa\u00e7os que esse segmento vem ocupando neste campo na contemporaneidade. Este projeto tem como objetivo investigar e sintetizar a produ\u00e7\u00e3o nacional e internacional a respeito da rela\u00e7\u00e3o entre moda, apar\u00eancia e velhice. Para tanto, ser\u00e1 realizada uma revis\u00e3o integrativa na literatura em l\u00edngua portuguesa, inglesa e espanhola, em um total de 16 bases multidisciplinares e da \u00e1rea das humanidades, al\u00e9m de quatro peri\u00f3dicos brasileiros de moda n\u00e3o indexados. Os crit\u00e9rios de inclus\u00e3o s\u00e3o: artigos originais em PDF, revisados por pares, publicados at\u00e9 abril de 2024 e com acesso gratuito atrav\u00e9s das bases USP. Descritores utilizados s\u00e3o moda, apar\u00eancia, velhice e deriva\u00e7\u00f5es. Espera-se incentivar a produ\u00e7\u00e3o sobre o tema.<\/p>\n<p style=\"font-weight: 400;\"><strong>Palavras-chave: <\/strong>Moda; Apar\u00eancia; Velhice.<\/p>\n<p>&nbsp;<\/p>\n<p>___________________________________________________<\/p>\n<p>T\u00edtulo: <strong>Moda, constru\u00e7\u00e3o da apar\u00eancia e educa\u00e7\u00e3o no contexto do isolamento social por Covid-19: uma etnografia digital no <em>Instagram<\/em> da Revista Vogue Brasil<\/strong><\/p>\n<p>Pesquisadoras: Luana Nascimento Ferrari dos Santos Cantelli e Andrea Lopes<\/p>\n<p><strong>Resumo<\/strong>: Nos \u00faltimos anos, o mundo experimentou importantes transforma\u00e7\u00f5es em decorr\u00eancia da pandemia de Covid-19, considerada por estudiosos um dos marcos do encerramento do s\u00e9culo XX.\u00a0 O s\u00e9culo XXI, por sua vez, surge como a era digital, estando a tecnologia e a comunica\u00e7\u00e3o no centro das atividades econ\u00f4micas e culturais. Nesse cen\u00e1rio, grande parte das intera\u00e7\u00f5es sociais acontecem on-line. O isolamento social, como recurso de conten\u00e7\u00e3o do avan\u00e7o da Covid-19, estabeleceu o trabalho e o ensino remotos como pr\u00e1ticas sociais. Para o jornalismo de moda, tais mudan\u00e7as aproximaram as revistas de moda e seus consumidores, em especial atrav\u00e9s das redes sociais. Considerando esse contexto prop\u00f5e-se um estudo de caso explorat\u00f3rio. Os objetivos s\u00e3o caracterizar e analisar a poss\u00edvel rela\u00e7\u00e3o educativa que os conte\u00fados das postagens textuais do <em>Instagram <\/em>da revista Vogue Brasil estabeleceram entre isolamento social e constru\u00e7\u00e3o da apar\u00eancia no contexto da pandemia por Covid-19. No que tange ao m\u00e9todo, optou-se pela realiza\u00e7\u00e3o de uma revis\u00e3o narrativa e etnografia digital. Na revis\u00e3o ser\u00e3o feitas buscas em livros, artigos cient\u00edficos, anais de congressos, revistas cient\u00edficas, artigos de m\u00eddia e em materiais jornal\u00edsticos dentro da tem\u00e1tica pelos descritores \u201ceduca\u00e7\u00e3o informal\u201d, \u201cmoda\u201d, \u201crede social\u201d e \u201capar\u00eancia\u201d. A etnografia digital ser\u00e1 realizada atrav\u00e9s da an\u00e1lise do conte\u00fado textual publicado no <em>Instagram<\/em> da Revista Vogue Brasil. Ser\u00e3o inclu\u00eddas as postagens feitas de mar\u00e7o de 2020 a mar\u00e7o de 2022, considerado pelas autoridades como per\u00edodo pand\u00eamico. As buscas ser\u00e3o mediadas por dois grupos de descritores: 1) Covid-19, isolamento social e pandemia; e 2) apar\u00eancia, beleza e moda. Pretende-se executar o cronograma de atividades entre abril de 2024 e mar\u00e7o de 2025.<\/p>\n<p style=\"font-weight: 400;\"><strong>Palavras-chave<\/strong>: Moda; Apar\u00eancia; Educa\u00e7\u00e3o; M\u00eddias de moda.<\/p>\n<p>&nbsp;<\/p>\n<p>____________________________________________________<\/p>\n<p>T\u00edtulo: <strong>Mito e estere\u00f3tipos sobre a velhice e o envelhecimento: <\/strong><strong>uma revis\u00e3o de escopo<\/strong><\/p>\n<p>Pesquisadores: Cristiano de Assis, Suzanne Tanoue, Gabriela Neves, Brenda Carvalho de Andrade e Andrea Lopes<\/p>\n<p><strong>Resumo<\/strong>: A Gerontologia entende que a heterogeneidade da condi\u00e7\u00e3o humana nem sempre \u00e9 considerada nas representa\u00e7\u00f5es da velhice, especialmente em raz\u00e3o de mitos e estere\u00f3tipos. O estudo trata-se de revis\u00e3o de escopo sobre a produ\u00e7\u00e3o nacional e internacional envolvendo mitos e estere\u00f3tipos acerca da velhice e do envelhecimento.<\/p>\n<p><strong>Palavras-chave<\/strong>: Mitos; Estere\u00f3tipos; Velhice; Envelhecimento.<\/p>\n<p>&nbsp;<\/p>\n<p>____________________________________________________<\/p>\n<p>T\u00edtulo: <strong>Programa Acompanhante de Idoso: uma revis\u00e3o narrativa<\/strong><\/p>\n<p>Pesquisadores: Suzanne Tanoue, Mateus Barbosa, Ruth Melo e Andrea Lopes<\/p>\n<p><strong>Resumo<\/strong>: O atendimento a\u0300 pessoa idosa pode requerer atenc\u0327a\u0303o integral e especializada, frente ao contexto da heterogeneidade das experie\u0302ncias do envelhecer. Compreender os avanc\u0327os e lacunas dos servic\u0327os disponi\u0301veis no Brasil, especialmente mediante o cena\u0301rio da pandemia por COVID-19 e posteriores desfechos a essa populac\u0327a\u0303o, pode colaborar no direcionamento das ac\u0327o\u0303es e utilizac\u0327a\u0303o dos recursos. O presente projeto tem como objetivo realizar uma revisa\u0303o narrativa envolvendo aspectos que constituam a gesta\u0303o gerontolo\u0301gica no a\u0302mbito da execuc\u0327a\u0303o do Programa Acompanhante de Idoso (PAI), parte da Atenc\u0327a\u0303o Prima\u0301ria em Sau\u0301de do munici\u0301pio de Sa\u0303o Paulo. Foco nas ac\u0327o\u0303es envolvendo a construc\u0327a\u0303o da apare\u0302ncia, em especial, o autocuidado, previsto nas normativas legais.<\/p>\n<p><strong>Palavras-chave<\/strong>: Programa Acompanhante de Idoso; Envelhecimento; Apar\u00eancia.<\/p>\n<p>&nbsp;<\/p>\n<p>_______________________________________________________<\/p>\n<p>T\u00edtulo: <strong>Moda, apare\u0302ncia e revoluc\u0327a\u0303o grisalha: revisa\u0303o narrativa e etnografia na revista Elle Brasil<\/strong><\/p>\n<p>Pesquisadores: B\u00e1rbara Santos Aires e Andrea Lopes<\/p>\n<p><strong>Resumo<\/strong>: A moda, por meio da construc\u0327a\u0303o da apare\u0302ncia e seus significados ao longo do processo de envelhecimento, relaciona-se com as diversas modalidades de organizac\u0327a\u0303o e funcionamento social. Reflete a cultura e as relac\u0327o\u0303es que constituem a sociedade de um povo, bem como a pro\u0301pria identidade dos sujeitos que a integram, de forma interdependente. Ao longo do curso da vida cultural e individual, igualmente dina\u0302micos, a apare\u0302ncia experimenta diversas transformac\u0327o\u0303es, sejam orga\u0302nicas, este\u0301ticas ou simbo\u0301licas, muitas vezes concomitantes. Na contemporaneidade, o movimento social denominado Revoluc\u0327a\u0303o Grisalha vem debatendo, nos a\u0302mbitos nacional e internacional, as percepc\u0327o\u0303es e os significados tradicionalmente atribui\u0301dos aos cabelos brancos e grisalhos, em especial, para as mulheres. Objetivo do estudo \u00e9 investigar o movimento Revoluc\u0327a\u0303o Grisalha e o seu possi\u0301vel alcance no a\u0302mbito da moda brasileira por meio da revista Elle Brasil.<\/p>\n<p><strong>Palavras-chave<\/strong>: Revolu\u00e7\u00e3o Grisalha; Apar\u00eancia; Cabelo Branco e Grisalho.<\/p>\n<p>&nbsp;<\/p>\n<p>___________________________________________________________<\/p>\n<p style=\"text-align: right;\">\n","protected":false},"excerpt":{"rendered":"<p>Modelos: Projeto Samuel Rangel Foto: Cristiano de Assis Projetos em andamento &nbsp; Titulo: Apar\u00eancia humana: revis\u00e3o de narrativa e atualiza\u00e7\u00e3o conceitual Pesquisadoras: Andrea Lopes, Suzanne Tanoue e Brenda Carvalho de Andrade Resumo: O termo apar\u00eancia tem sido compreendido de diversas maneiras, por diferentes campos de pesquisa, envolvendo m\u00faltiplos objetivos. No \u00e2mbito da pesquisa com humanos,<a href=\"https:\/\/sites.usp.br\/grupoeaps\/pesquisa\/\">[&#8230;]<\/a><\/p>\n","protected":false},"author":1157,"featured_media":0,"parent":0,"menu_order":0,"comment_status":"closed","ping_status":"closed","template":"","meta":{"_monsterinsights_skip_tracking":false,"_monsterinsights_sitenote_active":false,"_monsterinsights_sitenote_note":"","_monsterinsights_sitenote_category":0,"footnotes":"","_links_to":"","_links_to_target":""},"class_list":["post-449","page","type-page","status-publish","hentry"],"_links":{"self":[{"href":"https:\/\/sites.usp.br\/grupoeaps\/wp-json\/wp\/v2\/pages\/449","targetHints":{"allow":["GET"]}}],"collection":[{"href":"https:\/\/sites.usp.br\/grupoeaps\/wp-json\/wp\/v2\/pages"}],"about":[{"href":"https:\/\/sites.usp.br\/grupoeaps\/wp-json\/wp\/v2\/types\/page"}],"author":[{"embeddable":true,"href":"https:\/\/sites.usp.br\/grupoeaps\/wp-json\/wp\/v2\/users\/1157"}],"replies":[{"embeddable":true,"href":"https:\/\/sites.usp.br\/grupoeaps\/wp-json\/wp\/v2\/comments?post=449"}],"version-history":[{"count":4,"href":"https:\/\/sites.usp.br\/grupoeaps\/wp-json\/wp\/v2\/pages\/449\/revisions"}],"predecessor-version":[{"id":1920,"href":"https:\/\/sites.usp.br\/grupoeaps\/wp-json\/wp\/v2\/pages\/449\/revisions\/1920"}],"wp:attachment":[{"href":"https:\/\/sites.usp.br\/grupoeaps\/wp-json\/wp\/v2\/media?parent=449"}],"curies":[{"name":"wp","href":"https:\/\/api.w.org\/{rel}","templated":true}]}}