{"id":674,"date":"2020-11-24T22:17:15","date_gmt":"2020-11-25T00:17:15","guid":{"rendered":"http:\/\/sites.usp.br\/grupoeaps\/?page_id=674"},"modified":"2020-12-14T19:09:26","modified_gmt":"2020-12-14T21:09:26","slug":"divulga-each-usp","status":"publish","type":"page","link":"https:\/\/sites.usp.br\/grupoeaps\/divulga-each-usp\/","title":{"rendered":"Divulga EACH USP"},"content":{"rendered":"<p>&nbsp;<\/p>\n<p><a href=\"https:\/\/sites.usp.br\/grupoeaps\/wp-content\/uploads\/sites\/604\/2020\/11\/44747971_740902279594768_1835170084549558272_o.jpg\"><img loading=\"lazy\" decoding=\"async\" class=\"alignnone wp-image-848 size-full\" src=\"https:\/\/sites.usp.br\/grupoeaps\/wp-content\/uploads\/sites\/604\/2020\/11\/44747971_740902279594768_1835170084549558272_o.jpg\" alt=\"\" width=\"1852\" height=\"1439\" srcset=\"https:\/\/sites.usp.br\/grupoeaps\/wp-content\/uploads\/sites\/604\/2020\/11\/44747971_740902279594768_1835170084549558272_o.jpg 1852w, https:\/\/sites.usp.br\/grupoeaps\/wp-content\/uploads\/sites\/604\/2020\/11\/44747971_740902279594768_1835170084549558272_o-300x233.jpg 300w, https:\/\/sites.usp.br\/grupoeaps\/wp-content\/uploads\/sites\/604\/2020\/11\/44747971_740902279594768_1835170084549558272_o-1024x796.jpg 1024w, https:\/\/sites.usp.br\/grupoeaps\/wp-content\/uploads\/sites\/604\/2020\/11\/44747971_740902279594768_1835170084549558272_o-768x597.jpg 768w, https:\/\/sites.usp.br\/grupoeaps\/wp-content\/uploads\/sites\/604\/2020\/11\/44747971_740902279594768_1835170084549558272_o-1536x1193.jpg 1536w, https:\/\/sites.usp.br\/grupoeaps\/wp-content\/uploads\/sites\/604\/2020\/11\/44747971_740902279594768_1835170084549558272_o-400x311.jpg 400w\" sizes=\"auto, (max-width: 1852px) 100vw, 1852px\" \/><\/a><\/p>\n<p style=\"text-align: right;\">Modelo: Moacir Santos<\/p>\n<p style=\"text-align: right;\">Foto:\u00a0Marliete Rodrigues\u00a0<a href=\"https:\/\/imginn.com\/fotomarisp\/?lang=pt\" target=\"_blank\" rel=\"noopener noreferrer\">@fotomarisp<\/a><\/p>\n<p>O Projeto Divulga EACH, coordenado pela Profa. Andrea Lopes, procura informar a popula\u00e7\u00e3o sobre os cursos e atividades oferecidas pela USP.<\/p>\n<p>Realizado em 2019, o v\u00eddeo abaixo apresenta as atividades do Grupo EAPS. O roteiro \u00e9 da referida professora. A produ\u00e7\u00e3o, dire\u00e7\u00e3o, filmagem e edi\u00e7\u00e3o da equipe formada por Cristiano de Assis, Larissa Laine e Giovanna Fornagiere.<\/p>\n<p>&nbsp;<\/p>\n<div style=\"width: 640px;\" class=\"wp-video\"><video class=\"wp-video-shortcode\" id=\"video-674-1\" width=\"640\" height=\"360\" preload=\"metadata\" controls=\"controls\"><source type=\"video\/mp4\" src=\"https:\/\/sites.usp.br\/grupoeaps\/wp-content\/uploads\/sites\/604\/2020\/11\/Piloto-Andrea-Lopes-video-Divulga-EACH-2019-Cristiano-e-eu.mp4?_=1\" \/><a href=\"https:\/\/sites.usp.br\/grupoeaps\/wp-content\/uploads\/sites\/604\/2020\/11\/Piloto-Andrea-Lopes-video-Divulga-EACH-2019-Cristiano-e-eu.mp4\">https:\/\/sites.usp.br\/grupoeaps\/wp-content\/uploads\/sites\/604\/2020\/11\/Piloto-Andrea-Lopes-video-Divulga-EACH-2019-Cristiano-e-eu.mp4<\/a><\/video><\/div>\n<p>&nbsp;<\/p>\n<p>Para saber mais sobre o curso de Gradua\u00e7\u00e3o em Gerontologia da EACH USP, veja a participa\u00e7\u00e3o da Profa. Andrea Lopes no Programa da TV PUC-SP intitulado Desafio Profiss\u00e3o, em 2015:<\/p>\n<p>&nbsp;<\/p>\n<div style=\"width: 640px;\" class=\"wp-video\"><video class=\"wp-video-shortcode\" id=\"video-674-2\" width=\"640\" height=\"360\" preload=\"metadata\" controls=\"controls\"><source type=\"video\/mp4\" src=\"https:\/\/sites.usp.br\/grupoeaps\/wp-content\/uploads\/sites\/604\/2020\/12\/Desafio-Profissa\u0303o-Gerontologia.mp4?_=2\" \/><a href=\"https:\/\/sites.usp.br\/grupoeaps\/wp-content\/uploads\/sites\/604\/2020\/12\/Desafio-Profissa\u0303o-Gerontologia.mp4\">https:\/\/sites.usp.br\/grupoeaps\/wp-content\/uploads\/sites\/604\/2020\/12\/Desafio-Profissa\u0303o-Gerontologia.mp4<\/a><\/video><\/div>\n<p>&nbsp;<\/p>\n<p>&nbsp;<\/p>\n","protected":false},"excerpt":{"rendered":"<p>&nbsp; Modelo: Moacir Santos Foto:\u00a0Marliete Rodrigues\u00a0@fotomarisp O Projeto Divulga EACH, coordenado pela Profa. Andrea Lopes, procura informar a popula\u00e7\u00e3o sobre os cursos e atividades oferecidas pela USP. Realizado em 2019, o v\u00eddeo abaixo apresenta as atividades do Grupo EAPS. O roteiro \u00e9 da referida professora. A produ\u00e7\u00e3o, dire\u00e7\u00e3o, filmagem e edi\u00e7\u00e3o da equipe formada por<a href=\"https:\/\/sites.usp.br\/grupoeaps\/divulga-each-usp\/\">[&#8230;]<\/a><\/p>\n","protected":false},"author":1157,"featured_media":0,"parent":0,"menu_order":0,"comment_status":"closed","ping_status":"closed","template":"","meta":{"_monsterinsights_skip_tracking":false,"_monsterinsights_sitenote_active":false,"_monsterinsights_sitenote_note":"","_monsterinsights_sitenote_category":0,"footnotes":"","_links_to":"","_links_to_target":""},"class_list":["post-674","page","type-page","status-publish","hentry"],"_links":{"self":[{"href":"https:\/\/sites.usp.br\/grupoeaps\/wp-json\/wp\/v2\/pages\/674","targetHints":{"allow":["GET"]}}],"collection":[{"href":"https:\/\/sites.usp.br\/grupoeaps\/wp-json\/wp\/v2\/pages"}],"about":[{"href":"https:\/\/sites.usp.br\/grupoeaps\/wp-json\/wp\/v2\/types\/page"}],"author":[{"embeddable":true,"href":"https:\/\/sites.usp.br\/grupoeaps\/wp-json\/wp\/v2\/users\/1157"}],"replies":[{"embeddable":true,"href":"https:\/\/sites.usp.br\/grupoeaps\/wp-json\/wp\/v2\/comments?post=674"}],"version-history":[{"count":4,"href":"https:\/\/sites.usp.br\/grupoeaps\/wp-json\/wp\/v2\/pages\/674\/revisions"}],"predecessor-version":[{"id":1174,"href":"https:\/\/sites.usp.br\/grupoeaps\/wp-json\/wp\/v2\/pages\/674\/revisions\/1174"}],"wp:attachment":[{"href":"https:\/\/sites.usp.br\/grupoeaps\/wp-json\/wp\/v2\/media?parent=674"}],"curies":[{"name":"wp","href":"https:\/\/api.w.org\/{rel}","templated":true}]}}