{"id":683,"date":"2020-11-24T22:53:18","date_gmt":"2020-11-25T00:53:18","guid":{"rendered":"http:\/\/sites.usp.br\/grupoeaps\/?page_id=683"},"modified":"2020-12-04T13:03:25","modified_gmt":"2020-12-04T15:03:25","slug":"o-mito-da-eterna-juventude","status":"publish","type":"page","link":"https:\/\/sites.usp.br\/grupoeaps\/o-mito-da-eterna-juventude\/","title":{"rendered":"O mito da eterna juventude"},"content":{"rendered":"<p>&nbsp;<\/p>\n<p><a href=\"https:\/\/sites.usp.br\/grupoeaps\/wp-content\/uploads\/sites\/604\/2020\/12\/vicentina-foto-Marliete-scaled.jpg\"><img loading=\"lazy\" decoding=\"async\" class=\"aligncenter wp-image-1019 size-full\" src=\"https:\/\/sites.usp.br\/grupoeaps\/wp-content\/uploads\/sites\/604\/2020\/12\/vicentina-foto-Marliete-scaled.jpg\" alt=\"\" width=\"2560\" height=\"2037\" srcset=\"https:\/\/sites.usp.br\/grupoeaps\/wp-content\/uploads\/sites\/604\/2020\/12\/vicentina-foto-Marliete-scaled.jpg 2560w, https:\/\/sites.usp.br\/grupoeaps\/wp-content\/uploads\/sites\/604\/2020\/12\/vicentina-foto-Marliete-300x239.jpg 300w, https:\/\/sites.usp.br\/grupoeaps\/wp-content\/uploads\/sites\/604\/2020\/12\/vicentina-foto-Marliete-1024x815.jpg 1024w, https:\/\/sites.usp.br\/grupoeaps\/wp-content\/uploads\/sites\/604\/2020\/12\/vicentina-foto-Marliete-768x611.jpg 768w, https:\/\/sites.usp.br\/grupoeaps\/wp-content\/uploads\/sites\/604\/2020\/12\/vicentina-foto-Marliete-1536x1222.jpg 1536w, https:\/\/sites.usp.br\/grupoeaps\/wp-content\/uploads\/sites\/604\/2020\/12\/vicentina-foto-Marliete-2048x1630.jpg 2048w, https:\/\/sites.usp.br\/grupoeaps\/wp-content\/uploads\/sites\/604\/2020\/12\/vicentina-foto-Marliete-400x318.jpg 400w\" sizes=\"auto, (max-width: 2560px) 100vw, 2560px\" \/><\/a><\/p>\n<p style=\"text-align: right;\">Modelo: Vicentina Francisca da Silva Lima<\/p>\n<p style=\"text-align: right;\">Foto: Marliete Rodrigues <a href=\"https:\/\/imginn.com\/fotomarisp\/?lang=pt\" target=\"_blank\" rel=\"noopener noreferrer\">@fotomarisp<\/a><\/p>\n<p>&nbsp;<\/p>\n<p>Entrevista da Profa. Andrea Lopes ao Portal do Aposentado Centrape em 2017 sobre os efeitos negativos e riscos do exerc\u00edcio do <a href=\"https:\/\/www.youtube.com\/watch?v=ORlFzsxqOy8\" target=\"_blank\" rel=\"noopener noreferrer\">mito da eterna juventude<\/a> por parte dos idosos, especialmente presente na constru\u00e7\u00e3o da apresenta\u00e7\u00e3o pessoal.<\/p>\n","protected":false},"excerpt":{"rendered":"<p>&nbsp; Modelo: Vicentina Francisca da Silva Lima Foto: Marliete Rodrigues @fotomarisp &nbsp; Entrevista da Profa. Andrea Lopes ao Portal do Aposentado Centrape em 2017 sobre os efeitos negativos e riscos do exerc\u00edcio do mito da eterna juventude por parte dos idosos, especialmente presente na constru\u00e7\u00e3o da apresenta\u00e7\u00e3o pessoal.<\/p>\n","protected":false},"author":1157,"featured_media":0,"parent":0,"menu_order":0,"comment_status":"closed","ping_status":"closed","template":"","meta":{"_monsterinsights_skip_tracking":false,"_monsterinsights_sitenote_active":false,"_monsterinsights_sitenote_note":"","_monsterinsights_sitenote_category":0,"footnotes":"","_links_to":"","_links_to_target":""},"class_list":["post-683","page","type-page","status-publish","hentry"],"_links":{"self":[{"href":"https:\/\/sites.usp.br\/grupoeaps\/wp-json\/wp\/v2\/pages\/683","targetHints":{"allow":["GET"]}}],"collection":[{"href":"https:\/\/sites.usp.br\/grupoeaps\/wp-json\/wp\/v2\/pages"}],"about":[{"href":"https:\/\/sites.usp.br\/grupoeaps\/wp-json\/wp\/v2\/types\/page"}],"author":[{"embeddable":true,"href":"https:\/\/sites.usp.br\/grupoeaps\/wp-json\/wp\/v2\/users\/1157"}],"replies":[{"embeddable":true,"href":"https:\/\/sites.usp.br\/grupoeaps\/wp-json\/wp\/v2\/comments?post=683"}],"version-history":[{"count":4,"href":"https:\/\/sites.usp.br\/grupoeaps\/wp-json\/wp\/v2\/pages\/683\/revisions"}],"predecessor-version":[{"id":1039,"href":"https:\/\/sites.usp.br\/grupoeaps\/wp-json\/wp\/v2\/pages\/683\/revisions\/1039"}],"wp:attachment":[{"href":"https:\/\/sites.usp.br\/grupoeaps\/wp-json\/wp\/v2\/media?parent=683"}],"curies":[{"name":"wp","href":"https:\/\/api.w.org\/{rel}","templated":true}]}}