{"id":707,"date":"2020-11-25T11:37:59","date_gmt":"2020-11-25T13:37:59","guid":{"rendered":"http:\/\/sites.usp.br\/grupoeaps\/?page_id=707"},"modified":"2024-02-26T12:39:54","modified_gmt":"2024-02-26T14:39:54","slug":"i-seminario-de-pesquisa-do-eaps-usp","status":"publish","type":"page","link":"https:\/\/sites.usp.br\/grupoeaps\/i-seminario-de-pesquisa-do-eaps-usp\/","title":{"rendered":"I Semin\u00e1rio de Pesquisa do EAPS USP"},"content":{"rendered":"<p>&nbsp;<\/p>\n<p style=\"text-align: right;\"><a href=\"https:\/\/sites.usp.br\/grupoeaps\/wp-content\/uploads\/sites\/604\/2019\/11\/convite-bartira.jpg\"><br \/>\n<img loading=\"lazy\" decoding=\"async\" class=\"aligncenter wp-image-369 size-full\" src=\"https:\/\/sites.usp.br\/grupoeaps\/wp-content\/uploads\/sites\/604\/2019\/11\/convite-bartira.jpg\" alt=\"\" width=\"940\" height=\"788\" srcset=\"https:\/\/sites.usp.br\/grupoeaps\/wp-content\/uploads\/sites\/604\/2019\/11\/convite-bartira.jpg 940w, https:\/\/sites.usp.br\/grupoeaps\/wp-content\/uploads\/sites\/604\/2019\/11\/convite-bartira-300x251.jpg 300w, https:\/\/sites.usp.br\/grupoeaps\/wp-content\/uploads\/sites\/604\/2019\/11\/convite-bartira-768x644.jpg 768w, https:\/\/sites.usp.br\/grupoeaps\/wp-content\/uploads\/sites\/604\/2019\/11\/convite-bartira-400x335.jpg 400w\" sizes=\"auto, (max-width: 940px) 100vw, 940px\" \/><\/a><\/p>\n<p style=\"text-align: right;\">Modelo: Bartira Nunes Martins<\/p>\n<p>&nbsp;<\/p>\n<p>Para comemorar os 10 anos de trajet\u00f3ria e divulgar os resultados de pesquisa, o grupo organizou o I Semin\u00e1rio de Pesquisa do EAPS, em 29 de novembro de 2019.<\/p>\n<p>Veja <a href=\"https:\/\/www.youtube.com\/watch?v=BoHq9t8Gc-o\" target=\"_blank\" rel=\"noopener noreferrer\">trechos e os bastidores do encontro no v\u00eddeo<\/a> preparado por Cristiano de Assis.<\/p>\n<p>Para ver o v\u00eddeo oficial, <a href=\"https:\/\/www.youtube.com\/watch?v=f_CLwKQmdrA\" target=\"_blank\" rel=\"noopener noreferrer\">clique aqui<\/a><\/p>\n<p style=\"text-align: left;\">Equipe organizadora formada por membros do EAPS e da Liga de Gerontologia EACH USP:<\/p>\n<p><a href=\"https:\/\/sites.usp.br\/grupoeaps\/wp-content\/uploads\/sites\/604\/2020\/11\/equipe-organizadora-I-Semina\u0301rio-scaled.jpg\"><img loading=\"lazy\" decoding=\"async\" class=\"aligncenter wp-image-885 size-full\" src=\"https:\/\/sites.usp.br\/grupoeaps\/wp-content\/uploads\/sites\/604\/2020\/11\/equipe-organizadora-I-Semina\u0301rio-scaled.jpg\" alt=\"\" width=\"2560\" height=\"1707\" srcset=\"https:\/\/sites.usp.br\/grupoeaps\/wp-content\/uploads\/sites\/604\/2020\/11\/equipe-organizadora-I-Semina\u0301rio-scaled.jpg 2560w, https:\/\/sites.usp.br\/grupoeaps\/wp-content\/uploads\/sites\/604\/2020\/11\/equipe-organizadora-I-Semina\u0301rio-300x200.jpg 300w, https:\/\/sites.usp.br\/grupoeaps\/wp-content\/uploads\/sites\/604\/2020\/11\/equipe-organizadora-I-Semina\u0301rio-1024x683.jpg 1024w, https:\/\/sites.usp.br\/grupoeaps\/wp-content\/uploads\/sites\/604\/2020\/11\/equipe-organizadora-I-Semina\u0301rio-768x512.jpg 768w, https:\/\/sites.usp.br\/grupoeaps\/wp-content\/uploads\/sites\/604\/2020\/11\/equipe-organizadora-I-Semina\u0301rio-1536x1024.jpg 1536w, https:\/\/sites.usp.br\/grupoeaps\/wp-content\/uploads\/sites\/604\/2020\/11\/equipe-organizadora-I-Semina\u0301rio-2048x1365.jpg 2048w, https:\/\/sites.usp.br\/grupoeaps\/wp-content\/uploads\/sites\/604\/2020\/11\/equipe-organizadora-I-Semina\u0301rio-750x500.jpg 750w, https:\/\/sites.usp.br\/grupoeaps\/wp-content\/uploads\/sites\/604\/2020\/11\/equipe-organizadora-I-Semina\u0301rio-272x182.jpg 272w, https:\/\/sites.usp.br\/grupoeaps\/wp-content\/uploads\/sites\/604\/2020\/11\/equipe-organizadora-I-Semina\u0301rio-400x267.jpg 400w\" sizes=\"auto, (max-width: 2560px) 100vw, 2560px\" \/><\/a><\/p>\n","protected":false},"excerpt":{"rendered":"<p>&nbsp; Modelo: Bartira Nunes Martins &nbsp; Para comemorar os 10 anos de trajet\u00f3ria e divulgar os resultados de pesquisa, o grupo organizou o I Semin\u00e1rio de Pesquisa do EAPS, em 29 de novembro de 2019. Veja trechos e os bastidores do encontro no v\u00eddeo preparado por Cristiano de Assis. Para ver o v\u00eddeo oficial, clique<a href=\"https:\/\/sites.usp.br\/grupoeaps\/i-seminario-de-pesquisa-do-eaps-usp\/\">[&#8230;]<\/a><\/p>\n","protected":false},"author":1157,"featured_media":0,"parent":0,"menu_order":0,"comment_status":"closed","ping_status":"closed","template":"","meta":{"_monsterinsights_skip_tracking":false,"_monsterinsights_sitenote_active":false,"_monsterinsights_sitenote_note":"","_monsterinsights_sitenote_category":0,"footnotes":"","_links_to":"","_links_to_target":""},"class_list":["post-707","page","type-page","status-publish","hentry"],"_links":{"self":[{"href":"https:\/\/sites.usp.br\/grupoeaps\/wp-json\/wp\/v2\/pages\/707","targetHints":{"allow":["GET"]}}],"collection":[{"href":"https:\/\/sites.usp.br\/grupoeaps\/wp-json\/wp\/v2\/pages"}],"about":[{"href":"https:\/\/sites.usp.br\/grupoeaps\/wp-json\/wp\/v2\/types\/page"}],"author":[{"embeddable":true,"href":"https:\/\/sites.usp.br\/grupoeaps\/wp-json\/wp\/v2\/users\/1157"}],"replies":[{"embeddable":true,"href":"https:\/\/sites.usp.br\/grupoeaps\/wp-json\/wp\/v2\/comments?post=707"}],"version-history":[{"count":4,"href":"https:\/\/sites.usp.br\/grupoeaps\/wp-json\/wp\/v2\/pages\/707\/revisions"}],"predecessor-version":[{"id":1667,"href":"https:\/\/sites.usp.br\/grupoeaps\/wp-json\/wp\/v2\/pages\/707\/revisions\/1667"}],"wp:attachment":[{"href":"https:\/\/sites.usp.br\/grupoeaps\/wp-json\/wp\/v2\/media?parent=707"}],"curies":[{"name":"wp","href":"https:\/\/api.w.org\/{rel}","templated":true}]}}