{"id":761,"date":"2020-11-25T15:09:36","date_gmt":"2020-11-25T17:09:36","guid":{"rendered":"http:\/\/sites.usp.br\/grupoeaps\/?page_id=761"},"modified":"2024-09-22T08:10:56","modified_gmt":"2024-09-22T10:10:56","slug":"premios","status":"publish","type":"page","link":"https:\/\/sites.usp.br\/grupoeaps\/premios\/","title":{"rendered":"Pr\u00eamios"},"content":{"rendered":"<div class=\"page\" title=\"Page 1\">\n<div class=\"layoutArea\">\n<div class=\"column\">\n<p>&nbsp;<\/p>\n<p><a href=\"https:\/\/sites.usp.br\/grupoeaps\/wp-content\/uploads\/sites\/604\/2020\/11\/MG_6585-scaled.jpg\"><img loading=\"lazy\" decoding=\"async\" class=\"aligncenter wp-image-604 size-full\" src=\"https:\/\/sites.usp.br\/grupoeaps\/wp-content\/uploads\/sites\/604\/2020\/11\/MG_6585-scaled.jpg\" alt=\"\" width=\"1707\" height=\"2560\" srcset=\"https:\/\/sites.usp.br\/grupoeaps\/wp-content\/uploads\/sites\/604\/2020\/11\/MG_6585-scaled.jpg 1707w, https:\/\/sites.usp.br\/grupoeaps\/wp-content\/uploads\/sites\/604\/2020\/11\/MG_6585-200x300.jpg 200w, https:\/\/sites.usp.br\/grupoeaps\/wp-content\/uploads\/sites\/604\/2020\/11\/MG_6585-683x1024.jpg 683w, https:\/\/sites.usp.br\/grupoeaps\/wp-content\/uploads\/sites\/604\/2020\/11\/MG_6585-768x1152.jpg 768w, https:\/\/sites.usp.br\/grupoeaps\/wp-content\/uploads\/sites\/604\/2020\/11\/MG_6585-1024x1536.jpg 1024w, https:\/\/sites.usp.br\/grupoeaps\/wp-content\/uploads\/sites\/604\/2020\/11\/MG_6585-1365x2048.jpg 1365w, https:\/\/sites.usp.br\/grupoeaps\/wp-content\/uploads\/sites\/604\/2020\/11\/MG_6585-400x600.jpg 400w\" sizes=\"auto, (max-width: 1707px) 100vw, 1707px\" \/><\/a><\/p>\n<p style=\"text-align: right;\">Modelo: Eliana Doris Miranda<\/p>\n<p style=\"text-align: right;\">Foto: Caroline Miranda Bernardo<\/p>\n<p style=\"text-align: center;\"><strong>2013 \u2013 30 de Novembro<\/strong><\/p>\n<\/div>\n<\/div>\n<div class=\"layoutArea\">\n<div class=\"column\">\n<p>II Congresso Municipal sobre Envelhecimento Ativo \u2013 Cidade Amiga do Idoso.<\/p>\n<p>Realizac\u0327a\u0303o: Prefeitura de Sa\u0303o Paulo, Grande Conselho Municipal do Idoso e Hospital Premier.<\/p>\n<p>\u2022 1o. lugar po\u0302ster: <a href=\"https:\/\/revistas.pucsp.br\/index.php\/kairos\/article\/view\/17307\" target=\"_blank\" rel=\"noopener noreferrer\">Envelhecimento, engajamento e apare\u0302ncia: significados e percepc\u0327o\u0303es de idosas participantes de um nu\u0301cleo de convive\u0302ncia de idosos de Sa\u0303o Paulo<\/a>.<br \/>\nAutoras: Joyce Plens, Marisa A. Domingues, Samila Batistoni e Andrea Lopes.<\/p>\n<\/div>\n<\/div>\n<div class=\"layoutArea\">\n<div class=\"column\">\n<p>&nbsp;<\/p>\n<\/div>\n<\/div>\n<\/div>\n<div class=\"page\" title=\"Page 2\">\n<div class=\"layoutArea\">\n<div class=\"column\">\n<p style=\"text-align: center;\"><strong>2013 \u2013 18 e 19 de outubro<\/strong><\/p>\n<p>IV Colo\u0301quio Internacional de Gerontologia.<\/p>\n<p>Organizac\u0327a\u0303o: Institutos de Estudos Avanc\u0327ados e Faculdade de Medicina, USP Ribeira\u0303o Preto.<\/p>\n<p>\u2022 Menc\u0327a\u0303o honrosa ao po\u0302ster: <a href=\"https:\/\/revistas.pucsp.br\/kairos\/article\/view\/2176-901X.2019v22iEspecial26p101-125\" target=\"_blank\" rel=\"noopener noreferrer\">Envelhecimento e apare\u0302ncia: a experie\u0302ncia de indianos imigrantes da cidade de Sa\u0303o Paulo, Brasil<\/a>. Autores: Carolina Caio, Bibiana Graeff, Jose\u0301 Renato Arau\u0301jo e Andrea Lopes.<\/p>\n<p>&nbsp;<\/p>\n<p style=\"text-align: center;\"><strong>2012 \u2013 26 de outubro<\/strong><\/p>\n<p>V Jornada de Gerontologia da EACH, USP.<\/p>\n<p>Organizador: Graduac\u0327a\u0303o em Gerontologia EACH, USP.<\/p>\n<ul>\n<li>2o. lugar ao po\u0302ster: <a href=\"https:\/\/revistas.pucsp.br\/kairos\/article\/view\/2176-901X.2019v22iEspecial26p101-125\" target=\"_blank\" rel=\"noopener noreferrer\">Envelhecimento e Apare\u0302ncia: a experie\u0302ncia de indianos imigrantes da cidade de Sa\u0303o Paulo<\/a>, Brasil. Autoras: Carolina Barreto Caio e Andrea Lopes.<\/li>\n<li>3o. lugar ao po\u0302ster: <a href=\"https:\/\/revistas.pucsp.br\/index.php\/kairos\/article\/view\/17307\" target=\"_blank\" rel=\"noopener noreferrer\">Envelhecimento, Engajamento e Apare\u0302ncia: percepc\u0327o\u0303es de idosas participantes do Nu\u0301cleo de Convive\u0302ncia de Idosos Idade Dourada de Pinheiros<\/a>. Autoras: Joyce Plens, Marisa A. Domingues, Samila Batistoni e Andrea Lopes.<\/li>\n<\/ul>\n<\/div>\n<\/div>\n<\/div>\n<p>&nbsp;<\/p>\n<p style=\"text-align: center;\"><strong>2019 \u2013 novembro<\/strong><\/p>\n<p>9a. Edi\u00e7\u00e3o do Pr\u00eamios Longevidade<\/p>\n<p>Organizador: Bradesco Seguros \/ Pr\u00eamios Longevidade<\/p>\n<p>2o. Colocado Hist\u00f3rias de Vidas: <a href=\"https:\/\/www.vivaalongevidade.com.br\/vencedores-premios-longevidade\" target=\"_blank\" rel=\"noopener\">Categoria Fotografia<\/a><\/p>\n<p>T\u00edtulo: O sonho de estar aqui<\/p>\n<p>Apresenta\u00e7\u00e3o do autor: &#8220;Foi na velhice que a corajosa e engajada Elice realizou o sonho de uma vida: entrar na USP. Ela faz o curso de Gerontologia, numa sala em que a maioria dos estudantes tem, em m\u00e9dia, 20 anos. As rela\u00e7\u00f5es ali estabelecidas s\u00e3o diversas e enriquecedoras. Elice traz consigo uma bagagem e perspectiva de vida \u00fanicas para a constru\u00e7\u00e3o do conhecimento coletivo da sala, orquestrando a an\u00e1lise cient\u00edfica de pesquisadora com o relato em primeira pessoa sobre os diversos aspectos da velhice. E esse \u00e9 um processo de aprendizado m\u00fatuo&#8221;.<\/p>\n<p>Autor: <a href=\"http:\/\/www5.each.usp.br\/...\/premio-longevidade-bradesco...\/\" target=\"_blank\" rel=\"noopener\">Cristiano de Assis<\/a><\/p>\n<p>Modelo: Elice Dias Oliveira, estudante da Gradua\u00e7\u00e3o em Gerontologia EACH USP, colega de turma do autor e diretora de escola p\u00fablica aposentada.<\/p>\n<p>&nbsp;<\/p>\n<p><a href=\"https:\/\/sites.usp.br\/grupoeaps\/wp-content\/uploads\/sites\/604\/2021\/06\/77391098_1006301529721507_7612541649092083712_n.jpg\"><img loading=\"lazy\" decoding=\"async\" class=\"aligncenter wp-image-1282 \" src=\"https:\/\/sites.usp.br\/grupoeaps\/wp-content\/uploads\/sites\/604\/2021\/06\/77391098_1006301529721507_7612541649092083712_n.jpg\" alt=\"\" width=\"628\" height=\"471\" srcset=\"https:\/\/sites.usp.br\/grupoeaps\/wp-content\/uploads\/sites\/604\/2021\/06\/77391098_1006301529721507_7612541649092083712_n.jpg 600w, https:\/\/sites.usp.br\/grupoeaps\/wp-content\/uploads\/sites\/604\/2021\/06\/77391098_1006301529721507_7612541649092083712_n-300x225.jpg 300w, https:\/\/sites.usp.br\/grupoeaps\/wp-content\/uploads\/sites\/604\/2021\/06\/77391098_1006301529721507_7612541649092083712_n-285x214.jpg 285w, https:\/\/sites.usp.br\/grupoeaps\/wp-content\/uploads\/sites\/604\/2021\/06\/77391098_1006301529721507_7612541649092083712_n-80x60.jpg 80w, https:\/\/sites.usp.br\/grupoeaps\/wp-content\/uploads\/sites\/604\/2021\/06\/77391098_1006301529721507_7612541649092083712_n-400x300.jpg 400w\" sizes=\"auto, (max-width: 628px) 100vw, 628px\" \/><\/a><\/p>\n<p>&nbsp;<\/p>\n<div class=\"page\" title=\"Page 2\">\n<div class=\"layoutArea\">\n<p style=\"text-align: center;\"><strong>2021 \u2013 4 de mar\u00e7o<\/strong><\/p>\n<p style=\"text-align: left;\">Primeira pesquisa fora do \u00e2mbito da produ\u00e7\u00e3o do EAPS que o grupo toma conhecimento que utilizou como forma de an\u00e1lise <a href=\"https:\/\/dobras.emnuvens.com.br\/dobras\/article\/view\/922\" target=\"_blank\" rel=\"noopener noreferrer\">o conceito de apar\u00eancia<\/a> proposto pelo grupo:<\/p>\n<p>Pr\u00eamio de Reconhecimento Acad\u00eamico em Direitos Humanos Unicamp \/ Instituto Vladimir Herzog<\/p>\n<p>Categoria Ci\u00eancias da Comunica\u00e7\u00e3o e Linguagem \/ Pesquisa de Gradu\u00e7\u00e3o \/ Monografia de Trabalho de Conclus\u00e3o de Curso<\/p>\n<p>Estudo &#8211; Envelhecimento feminino, idadismo e apar\u00eancia: uma discuss\u00e3o sobre adapta\u00e7\u00f5es f\u00edlmicas do conto da Branca de Neve<\/p>\n<p>Autoras: Maria Luiza Ara\u00fajo Santos e Profa. Dra. Bibiana Graeff Chagas Pinto Fabre Gradua\u00e7\u00e3o em Gerontologia, Escola de Artes, Ci\u00eancias e Humanidades da Universidade de S\u00e3o Paulo<\/p>\n<\/div>\n<p>Banca: Profa. Dra. Andrea Lopes e Profa. Dra. Maria Luisa Trindade Bestetti<\/p>\n<p>Para saber mais <a href=\"http:\/\/www5.each.usp.br\/destaques\/aluna-da-each-e-premiada-no-premio-de-reconhecimento-academico-em-direitos-humanos-unicamp-vladimir-herzog\/\" target=\"_blank\" rel=\"noopener noreferrer\">clique aqui<\/a>.<\/p>\n<p>Assista parte do v\u00eddeo da cerim\u00f4nia de premia\u00e7\u00e3o:<\/p>\n<p>&nbsp;<\/p>\n<\/div>\n<div style=\"width: 640px;\" class=\"wp-video\"><video class=\"wp-video-shortcode\" id=\"video-761-1\" width=\"640\" height=\"360\" preload=\"metadata\" controls=\"controls\"><source type=\"video\/mp4\" src=\"https:\/\/sites.usp.br\/grupoeaps\/wp-content\/uploads\/sites\/604\/2021\/03\/2021-Cerimo\u0302nia-de-premiac\u0327a\u0303o-Maria-Luiza-pesquisa-Branca-de-Neve-editado.mp4?_=1\" \/><a href=\"https:\/\/sites.usp.br\/grupoeaps\/wp-content\/uploads\/sites\/604\/2021\/03\/2021-Cerimo\u0302nia-de-premiac\u0327a\u0303o-Maria-Luiza-pesquisa-Branca-de-Neve-editado.mp4\">https:\/\/sites.usp.br\/grupoeaps\/wp-content\/uploads\/sites\/604\/2021\/03\/2021-Cerimo\u0302nia-de-premiac\u0327a\u0303o-Maria-Luiza-pesquisa-Branca-de-Neve-editado.mp4<\/a><\/video><\/div>\n<p>&nbsp;<\/p>\n<p>&nbsp;<\/p>\n<p style=\"text-align: center;\"><strong>2021 \u2013 maio<\/strong><\/p>\n<h3 style=\"text-align: center;\"><a href=\"https:\/\/sites.usp.br\/grupoeaps\/equipe\/\" target=\"_blank\" rel=\"noopener\"><strong>Patr\u00edcia Yokomizo<\/strong><\/a><\/h3>\n<div><\/div>\n<div><\/div>\n<div><strong>Egressa Destaque<\/strong> do Programa de P\u00f3s-Gradua\u00e7\u00e3o em Gerontologia (PPGer)<\/div>\n<div><\/div>\n<div><\/div>\n<div>Institui\u00e7\u00e3o: Escola de Artes, Ci\u00eancias e Humanidades\/USP<\/div>\n<div><\/div>\n<div><\/div>\n<div>Per\u00edodo avaliado: 2017 &#8211; 2020<\/div>\n<div><\/div>\n<div><\/div>\n<div>Perfil acad\u00eamico avaliado, conforme os crit\u00e9rios destino, atua\u00e7\u00e3o e impactos acad\u00eamicos e sociais dos egressos:<\/div>\n<div><\/div>\n<div><\/div>\n<div>Egressa da primeira turma de titulados do PPGer. Desenvolveu parte de sua disserta\u00e7\u00e3o na Espanha, em parceria com pesquisadora da Universidad Complutense de Madrid, Profa. Dra. Paloma Diaz Soloaga. Recebeu apoio da FAPESP (2015\/12100-5 e 2016\/05161-0). No quadri\u00eanio, publicou com seu grupo <a href=\"https:\/\/sites.usp.br\/grupoeaps\/publicacoes\/\" target=\"_blank\" rel=\"noopener\">15 artigos cient\u00edficos<\/a> em revistas arbitradas (Qualis 2013-2016: B1, B2 e B3). Atualmente, continua participando ativamente na lideran\u00e7a do grupo de pesquisa, ensino e extens\u00e3o em Envelhecimento, Apar\u00eancia e Significado (EAPS), fundado em conjunto com sua ex-orientadora, Profa. Dra. Andrea Lopes. Com outros membros EAPS, produziu <a href=\"https:\/\/sites.usp.br\/grupoeaps\/travessia-each-usp-2020\/\" target=\"_blank\" rel=\"noopener\">cat\u00e1logo art\u00edstico<\/a> que re\u00fane parte dos trabalhos finais da disciplina de gradua\u00e7\u00e3o que o Grupo EAPS \u00e9 respons\u00e1vel.<\/div>\n<div><\/div>\n<div><\/div>\n<div style=\"text-align: center;\"><strong>2021 &#8211; maio<\/strong><\/div>\n<div><\/div>\n<div><strong>Grupo EAPS<\/strong> &#8211; destaque na sociedade na categoria Produto de Comunica\u00e7\u00e3o<\/div>\n<div><\/div>\n<div>Institui\u00e7\u00e3o: Escola de Artes, Ci\u00eancias e Humanidades\/USP<\/div>\n<div><\/div>\n<div>Per\u00edodo avaliado: 2017 &#8211; 2020<\/div>\n<div><\/div>\n<div>Grupo de pesquisa, ensino e extens\u00e3o de destaque na produ\u00e7\u00e3o do Programa de P\u00f3s-Gradua\u00e7\u00e3o em Gerontologia no per\u00edodo, que atendeu a miss\u00e3o e os objetivos do Programa, al\u00e9m\u00a0 da inser\u00e7\u00e3o, relev\u00e2ncia e impactos positivos para o desenvolvimento social e comunit\u00e1rio em \u00e2mbitos local, regional, nacional e internacional.<\/div>\n","protected":false},"excerpt":{"rendered":"<p>&nbsp; Modelo: Eliana Doris Miranda Foto: Caroline Miranda Bernardo 2013 \u2013 30 de Novembro II Congresso Municipal sobre Envelhecimento Ativo \u2013 Cidade Amiga do Idoso. Realizac\u0327a\u0303o: Prefeitura de Sa\u0303o Paulo, Grande Conselho Municipal do Idoso e Hospital Premier. \u2022 1o. lugar po\u0302ster: Envelhecimento, engajamento e apare\u0302ncia: significados e percepc\u0327o\u0303es de idosas participantes de um nu\u0301cleo<a href=\"https:\/\/sites.usp.br\/grupoeaps\/premios\/\">[&#8230;]<\/a><\/p>\n","protected":false},"author":1157,"featured_media":0,"parent":0,"menu_order":0,"comment_status":"closed","ping_status":"closed","template":"","meta":{"_monsterinsights_skip_tracking":false,"_monsterinsights_sitenote_active":false,"_monsterinsights_sitenote_note":"","_monsterinsights_sitenote_category":0,"footnotes":"","_links_to":"","_links_to_target":""},"class_list":["post-761","page","type-page","status-publish","hentry"],"_links":{"self":[{"href":"https:\/\/sites.usp.br\/grupoeaps\/wp-json\/wp\/v2\/pages\/761","targetHints":{"allow":["GET"]}}],"collection":[{"href":"https:\/\/sites.usp.br\/grupoeaps\/wp-json\/wp\/v2\/pages"}],"about":[{"href":"https:\/\/sites.usp.br\/grupoeaps\/wp-json\/wp\/v2\/types\/page"}],"author":[{"embeddable":true,"href":"https:\/\/sites.usp.br\/grupoeaps\/wp-json\/wp\/v2\/users\/1157"}],"replies":[{"embeddable":true,"href":"https:\/\/sites.usp.br\/grupoeaps\/wp-json\/wp\/v2\/comments?post=761"}],"version-history":[{"count":5,"href":"https:\/\/sites.usp.br\/grupoeaps\/wp-json\/wp\/v2\/pages\/761\/revisions"}],"predecessor-version":[{"id":1930,"href":"https:\/\/sites.usp.br\/grupoeaps\/wp-json\/wp\/v2\/pages\/761\/revisions\/1930"}],"wp:attachment":[{"href":"https:\/\/sites.usp.br\/grupoeaps\/wp-json\/wp\/v2\/media?parent=761"}],"curies":[{"name":"wp","href":"https:\/\/api.w.org\/{rel}","templated":true}]}}